{"id":10194,"date":"2025-11-26T11:09:51","date_gmt":"2025-11-26T15:09:51","guid":{"rendered":"https:\/\/whatsuprincon.com\/?page_id=10194"},"modified":"2025-12-01T00:00:38","modified_gmt":"2025-12-01T04:00:38","slug":"the-best-of-the-west-readers-choice-2025-winners","status":"publish","type":"page","link":"https:\/\/whatsuprincon.com\/es\/the-best-of-the-west-readers-choice-2025-winners\/","title":{"rendered":"Readers\u2019 Choice 2025 Winners-The Best of the West"},"content":{"rendered":"<div class=\"wp-block-columns is-layout-flex wp-container-core-columns-is-layout-9d6595d7 wp-block-columns-is-layout-flex\">\n<div class=\"wp-block-column is-layout-flow wp-block-column-is-layout-flow\">\n<p class=\"has-text-align-center has-custom-lineheight\" style=\"line-height:1.65\"><\/p>\n\n\n\n<div style=\"height:15px\" aria-hidden=\"true\" class=\"wp-block-spacer\"><\/div>\n\n\n\n<div class=\"wp-block-columns is-layout-flex wp-container-core-columns-is-layout-9d6595d7 wp-block-columns-is-layout-flex\">\n<div class=\"wp-block-column is-layout-flow wp-block-column-is-layout-flow\">\n<p class=\"has-text-align-center has-custom-lineheight\" style=\"line-height:1.65\">Bienvenidos a la p\u00e1gina oficial de los ganadores de Readers\u2019 Choice 2025. Luego de semanas de nominaciones, votaci\u00f3n y una participaci\u00f3n comunitaria incre\u00edble, nos enorgullece presentarles los negocios, organizaciones, lugares e individuos que ustedes escogieron como sus favoritos de este a\u00f1o.<\/p>\n\n\n\n<p class=\"has-text-align-center\">Estos premios existen para reconocer a las personas y proyectos que aportan a la fortaleza, el car\u00e1cter y la vida diaria del Oeste. Cada ganador refleja dedicaci\u00f3n, pasi\u00f3n y un compromiso real con servir a nuestra comunidad, ya sea a trav\u00e9s de un servicio excepcional, trabajo creativo o aportaciones significativas que marcan la diferencia.<\/p>\n\n\n\n<p class=\"has-text-align-center\">Mientras exploran la lista de ganadores, los invitamos a apoyarlos, celebrar su trabajo y continuar elevando las voces locales que dan forma a nuestra regi\u00f3n. Y aunque estos ganadores ocuparon los primeros lugares este a\u00f1o, exhortamos a todos a seguir respaldando a todos los negocios locales que ayudan a que el Oeste siga creciendo.<\/p>\n\n\n\n<p class=\"has-text-align-center has-custom-lineheight\" style=\"line-height:1.65\">Gracias por ayudarnos a resaltar lo mejor del Oeste de Puerto Rico.<br>Sigamos construyendo algo especial, juntos.<\/p>\n\n\n\n<p class=\"has-text-align-center has-black-color has-text-color has-link-color wp-elements-0e4a90ab3ddaebed3d2a933bebd53b2e\" style=\"text-transform:none\"><\/p>\n\n\n\n<div style=\"height:60px\" aria-hidden=\"true\" class=\"wp-block-spacer\"><\/div>\n\n\n\n<h3 class=\"wp-block-heading has-text-align-center has-black-color has-text-color has-link-color wp-elements-be3a5207079551c77b6a41584013235c\"><a href=\"https:\/\/whatsuprincon.com\/es\/the-best-of-the-west-readers-choice-2025-winners\/readers-choice-2025-outdoors-activities-winners\/\">Actividades y Aire Libre<\/a><\/h3>\n\n\n<div class=\"wp-block-image is-style-default\">\n<figure class=\"aligncenter size-medium has-lightbox\" id=\"wp-block-themeisle-blocks-image-14c35cca\"><a href=\"https:\/\/whatsuprincon.com\/es\/the-best-of-the-west-readers-choice-2025-winners\/readers-choice-2025-outdoors-activities-winners\/\"><img loading=\"lazy\" decoding=\"async\" width=\"300\" height=\"251\" src=\"https:\/\/whatsuprincon.com\/wp-content\/uploads\/2025\/09\/Copy-of-Copy-of-Copy-of-Copy-of-Soecs-for-horizontal-post-Facebook-Post-6-300x251.jpg\" alt=\"Actividades y Aire Libre\" class=\"wp-image-9420\" srcset=\"https:\/\/whatsuprincon.com\/wp-content\/uploads\/2025\/09\/Copy-of-Copy-of-Copy-of-Copy-of-Soecs-for-horizontal-post-Facebook-Post-6-300x251.jpg 300w, https:\/\/whatsuprincon.com\/wp-content\/uploads\/2025\/09\/Copy-of-Copy-of-Copy-of-Copy-of-Soecs-for-horizontal-post-Facebook-Post-6-768x644.jpg 768w, https:\/\/whatsuprincon.com\/wp-content\/uploads\/2025\/09\/Copy-of-Copy-of-Copy-of-Copy-of-Soecs-for-horizontal-post-Facebook-Post-6-14x12.jpg 14w, https:\/\/whatsuprincon.com\/wp-content\/uploads\/2025\/09\/Copy-of-Copy-of-Copy-of-Copy-of-Soecs-for-horizontal-post-Facebook-Post-6.jpg 940w\" sizes=\"auto, (max-width: 300px) 100vw, 300px\" \/><\/a><\/figure>\n<\/div>\n\n\n<div style=\"height:30px\" aria-hidden=\"true\" class=\"wp-block-spacer\"><\/div>\n\n\n\n<h3 class=\"wp-block-heading has-text-align-center has-black-color has-text-color has-link-color wp-elements-5bd3e0babd191d3c4a96089d9fe95fa5\"><a href=\"https:\/\/whatsuprincon.com\/es\/the-best-of-the-west-readers-choice-2025-winners\/readers-choice-2025-comnunity-favorites-winners\/\">Favoritos de la Comunidad<\/a><\/h3>\n\n\n<div class=\"wp-block-image is-style-default\">\n<figure class=\"aligncenter size-medium has-lightbox\" id=\"wp-block-themeisle-blocks-image-b9128d6f\"><a href=\"https:\/\/whatsuprincon.com\/es\/the-best-of-the-west-readers-choice-2025-winners\/readers-choice-2025-comnunity-favorites-winners\/\"><img loading=\"lazy\" decoding=\"async\" width=\"300\" height=\"251\" src=\"https:\/\/whatsuprincon.com\/wp-content\/uploads\/2025\/09\/Copy-of-Copy-of-Copy-of-Copy-of-Soecs-for-horizontal-post-Facebook-Post-8-300x251.jpg\" alt=\"Readers' choice 2025-Community Favorites-Vote\" class=\"wp-image-9425\" srcset=\"https:\/\/whatsuprincon.com\/wp-content\/uploads\/2025\/09\/Copy-of-Copy-of-Copy-of-Copy-of-Soecs-for-horizontal-post-Facebook-Post-8-300x251.jpg 300w, https:\/\/whatsuprincon.com\/wp-content\/uploads\/2025\/09\/Copy-of-Copy-of-Copy-of-Copy-of-Soecs-for-horizontal-post-Facebook-Post-8-768x644.jpg 768w, https:\/\/whatsuprincon.com\/wp-content\/uploads\/2025\/09\/Copy-of-Copy-of-Copy-of-Copy-of-Soecs-for-horizontal-post-Facebook-Post-8-14x12.jpg 14w, https:\/\/whatsuprincon.com\/wp-content\/uploads\/2025\/09\/Copy-of-Copy-of-Copy-of-Copy-of-Soecs-for-horizontal-post-Facebook-Post-8.jpg 940w\" sizes=\"auto, (max-width: 300px) 100vw, 300px\" \/><\/a><\/figure>\n<\/div>\n\n\n<div style=\"height:30px\" aria-hidden=\"true\" class=\"wp-block-spacer\"><\/div>\n\n\n\n<h3 class=\"wp-block-heading has-text-align-center has-black-color has-text-color has-link-color wp-elements-534d92419914e3f203b6d7102afd39e3\"><a href=\"https:\/\/whatsuprincon.com\/es\/the-best-of-the-west-readers-choice-2025-winners\/readers-choice-2025-shopping-winners\/\">Compras<\/a><\/h3>\n\n\n<div class=\"wp-block-image is-style-default\">\n<figure class=\"aligncenter size-medium has-lightbox\" id=\"wp-block-themeisle-blocks-image-c588d369\"><a href=\"https:\/\/whatsuprincon.com\/es\/the-best-of-the-west-readers-choice-2025-winners\/readers-choice-2025-shopping-winners\/\"><img loading=\"lazy\" decoding=\"async\" width=\"300\" height=\"251\" src=\"https:\/\/whatsuprincon.com\/wp-content\/uploads\/2025\/09\/Copy-of-Copy-of-Copy-of-Copy-of-Soecs-for-horizontal-post-Facebook-Post-3-300x251.jpg\" alt=\"Readers' Choice 2025 Shopping\" class=\"wp-image-9396\" srcset=\"https:\/\/whatsuprincon.com\/wp-content\/uploads\/2025\/09\/Copy-of-Copy-of-Copy-of-Copy-of-Soecs-for-horizontal-post-Facebook-Post-3-300x251.jpg 300w, https:\/\/whatsuprincon.com\/wp-content\/uploads\/2025\/09\/Copy-of-Copy-of-Copy-of-Copy-of-Soecs-for-horizontal-post-Facebook-Post-3-768x644.jpg 768w, https:\/\/whatsuprincon.com\/wp-content\/uploads\/2025\/09\/Copy-of-Copy-of-Copy-of-Copy-of-Soecs-for-horizontal-post-Facebook-Post-3-14x12.jpg 14w, https:\/\/whatsuprincon.com\/wp-content\/uploads\/2025\/09\/Copy-of-Copy-of-Copy-of-Copy-of-Soecs-for-horizontal-post-Facebook-Post-3.jpg 940w\" sizes=\"auto, (max-width: 300px) 100vw, 300px\" \/><\/a><\/figure>\n<\/div>\n\n\n<div style=\"height:30px\" aria-hidden=\"true\" class=\"wp-block-spacer\"><\/div>\n\n\n\n<h3 class=\"wp-block-heading has-text-align-center has-black-color has-text-color has-link-color wp-elements-812fcddbebbafe4fce0d2578d6634446\"><a href=\"https:\/\/whatsuprincon.com\/es\/the-best-of-the-west-readers-choice-2025-winners\/readers-choice-2025-nightlife-and-entertainment-winners\/\">Vida Nocturna y Entretenimiento<\/a><\/h3>\n\n\n<div class=\"wp-block-image is-style-default\">\n<figure class=\"aligncenter size-medium has-lightbox\" id=\"wp-block-themeisle-blocks-image-134ec3b8\"><a href=\"https:\/\/whatsuprincon.com\/es\/the-best-of-the-west-readers-choice-2025-winners\/readers-choice-2025-nightlife-and-entertainment-winners\/\"><img loading=\"lazy\" decoding=\"async\" width=\"300\" height=\"251\" src=\"https:\/\/whatsuprincon.com\/wp-content\/uploads\/2025\/09\/Copy-of-Copy-of-Copy-of-Copy-of-Soecs-for-horizontal-post-Facebook-Post-5-300x251.jpg\" alt=\"Vote Readers' Choice 2025 Nightlife\" class=\"wp-image-9413\" srcset=\"https:\/\/whatsuprincon.com\/wp-content\/uploads\/2025\/09\/Copy-of-Copy-of-Copy-of-Copy-of-Soecs-for-horizontal-post-Facebook-Post-5-300x251.jpg 300w, https:\/\/whatsuprincon.com\/wp-content\/uploads\/2025\/09\/Copy-of-Copy-of-Copy-of-Copy-of-Soecs-for-horizontal-post-Facebook-Post-5-768x644.jpg 768w, https:\/\/whatsuprincon.com\/wp-content\/uploads\/2025\/09\/Copy-of-Copy-of-Copy-of-Copy-of-Soecs-for-horizontal-post-Facebook-Post-5-14x12.jpg 14w, https:\/\/whatsuprincon.com\/wp-content\/uploads\/2025\/09\/Copy-of-Copy-of-Copy-of-Copy-of-Soecs-for-horizontal-post-Facebook-Post-5.jpg 940w\" sizes=\"auto, (max-width: 300px) 100vw, 300px\" \/><\/a><\/figure>\n<\/div>\n\n\n<div style=\"height:30px\" aria-hidden=\"true\" class=\"wp-block-spacer\"><\/div>\n\n\n\n<h3 class=\"wp-block-heading has-text-align-center has-black-color has-text-color has-link-color wp-elements-0b8269d32384dd8a32911d8696a73726\"><a href=\"https:\/\/whatsuprincon.com\/es\/the-best-of-the-west-readers-choice-2025-winners\/readers-choice-2025-art-culture-winners\/\">Arte y Cultura<\/a><\/h3>\n\n\n<div class=\"wp-block-image is-style-default\">\n<figure class=\"aligncenter size-medium has-lightbox\" id=\"wp-block-themeisle-blocks-image-1ca1028d\"><a href=\"https:\/\/whatsuprincon.com\/es\/the-best-of-the-west-readers-choice-2025-winners\/readers-choice-2025-art-culture-winners\/\"><img loading=\"lazy\" decoding=\"async\" width=\"300\" height=\"251\" src=\"https:\/\/whatsuprincon.com\/wp-content\/uploads\/2025\/09\/Copy-of-Copy-of-Copy-of-Copy-of-Soecs-for-horizontal-post-Facebook-Post-4-1-300x251.jpg\" alt=\"Vote-Readers' Choice 2025-Art and Culture\" class=\"wp-image-9412\" srcset=\"https:\/\/whatsuprincon.com\/wp-content\/uploads\/2025\/09\/Copy-of-Copy-of-Copy-of-Copy-of-Soecs-for-horizontal-post-Facebook-Post-4-1-300x251.jpg 300w, https:\/\/whatsuprincon.com\/wp-content\/uploads\/2025\/09\/Copy-of-Copy-of-Copy-of-Copy-of-Soecs-for-horizontal-post-Facebook-Post-4-1-768x644.jpg 768w, https:\/\/whatsuprincon.com\/wp-content\/uploads\/2025\/09\/Copy-of-Copy-of-Copy-of-Copy-of-Soecs-for-horizontal-post-Facebook-Post-4-1-14x12.jpg 14w, https:\/\/whatsuprincon.com\/wp-content\/uploads\/2025\/09\/Copy-of-Copy-of-Copy-of-Copy-of-Soecs-for-horizontal-post-Facebook-Post-4-1.jpg 940w\" sizes=\"auto, (max-width: 300px) 100vw, 300px\" \/><\/a><\/figure>\n<\/div>\n\n\n<div style=\"height:30px\" aria-hidden=\"true\" class=\"wp-block-spacer\"><\/div>\n\n\n\n<h3 class=\"wp-block-heading has-text-align-center has-black-color has-text-color has-link-color wp-elements-51453e48ad51d06cdfd78db2ec3f947e\"><a href=\"https:\/\/whatsuprincon.com\/es\/the-best-of-the-west-readers-choice-2025-winners\/readers-choice-2025-services-winners\/\">Servicios<\/a><\/h3>\n\n\n<div class=\"wp-block-image is-style-default\">\n<figure class=\"aligncenter size-medium has-lightbox\" id=\"wp-block-themeisle-blocks-image-b23b104d\"><a href=\"https:\/\/whatsuprincon.com\/es\/the-best-of-the-west-readers-choice-2025-winners\/readers-choice-2025-services-winners\/\"><img loading=\"lazy\" decoding=\"async\" width=\"300\" height=\"251\" src=\"https:\/\/whatsuprincon.com\/wp-content\/uploads\/2025\/09\/Copy-of-Copy-of-Copy-of-Copy-of-Soecs-for-horizontal-post-Facebook-Post-9-300x251.jpg\" alt=\"\" class=\"wp-image-9424\" srcset=\"https:\/\/whatsuprincon.com\/wp-content\/uploads\/2025\/09\/Copy-of-Copy-of-Copy-of-Copy-of-Soecs-for-horizontal-post-Facebook-Post-9-300x251.jpg 300w, https:\/\/whatsuprincon.com\/wp-content\/uploads\/2025\/09\/Copy-of-Copy-of-Copy-of-Copy-of-Soecs-for-horizontal-post-Facebook-Post-9-768x644.jpg 768w, https:\/\/whatsuprincon.com\/wp-content\/uploads\/2025\/09\/Copy-of-Copy-of-Copy-of-Copy-of-Soecs-for-horizontal-post-Facebook-Post-9-14x12.jpg 14w, https:\/\/whatsuprincon.com\/wp-content\/uploads\/2025\/09\/Copy-of-Copy-of-Copy-of-Copy-of-Soecs-for-horizontal-post-Facebook-Post-9.jpg 940w\" sizes=\"auto, (max-width: 300px) 100vw, 300px\" \/><\/a><\/figure>\n<\/div>\n\n\n<div style=\"height:30px\" aria-hidden=\"true\" class=\"wp-block-spacer\"><\/div>\n\n\n\n<h3 class=\"wp-block-heading has-text-align-center has-black-color has-text-color has-link-color wp-elements-9733e6c3cb78f371b94fd617da5096f3\"><a href=\"https:\/\/whatsuprincon.com\/es\/the-best-of-the-west-readers-choice-2025-winners\/readers-choice-2025-food-and-drink-winners\/\">Comida y Bebida<\/a><\/h3>\n\n\n<div class=\"wp-block-image is-style-default\">\n<figure class=\"aligncenter size-medium has-lightbox\" id=\"wp-block-themeisle-blocks-image-b17607f8\"><a href=\"https:\/\/whatsuprincon.com\/es\/the-best-of-the-west-readers-choice-2025-winners\/readers-choice-2025-food-and-drink-winners\/\"><img loading=\"lazy\" decoding=\"async\" width=\"300\" height=\"251\" src=\"https:\/\/whatsuprincon.com\/wp-content\/uploads\/2025\/09\/Copy-of-Copy-of-Copy-of-Copy-of-Soecs-for-horizontal-post-Facebook-Post-2-300x251.jpg\" alt=\"Readers' Choice 2025 Food and Drink=Vote\" class=\"wp-image-9391\" srcset=\"https:\/\/whatsuprincon.com\/wp-content\/uploads\/2025\/09\/Copy-of-Copy-of-Copy-of-Copy-of-Soecs-for-horizontal-post-Facebook-Post-2-300x251.jpg 300w, https:\/\/whatsuprincon.com\/wp-content\/uploads\/2025\/09\/Copy-of-Copy-of-Copy-of-Copy-of-Soecs-for-horizontal-post-Facebook-Post-2-768x644.jpg 768w, https:\/\/whatsuprincon.com\/wp-content\/uploads\/2025\/09\/Copy-of-Copy-of-Copy-of-Copy-of-Soecs-for-horizontal-post-Facebook-Post-2-14x12.jpg 14w, https:\/\/whatsuprincon.com\/wp-content\/uploads\/2025\/09\/Copy-of-Copy-of-Copy-of-Copy-of-Soecs-for-horizontal-post-Facebook-Post-2.jpg 940w\" sizes=\"auto, (max-width: 300px) 100vw, 300px\" \/><\/a><\/figure>\n<\/div>\n\n\n<div style=\"height:20px\" aria-hidden=\"true\" class=\"wp-block-spacer\"><\/div>\n<\/div>\n<\/div>\n<\/div>\n<\/div>\n\n\n\n<p><\/p>","protected":false},"excerpt":{"rendered":"<p>Welcome to the official Readers\u2019 Choice 2025 winners\u2019 page. After weeks of nominations, voting, and incredible community participation, we\u2019re proud [&hellip;]<\/p>","protected":false},"author":1,"featured_media":10202,"parent":0,"menu_order":0,"comment_status":"closed","ping_status":"closed","template":"","meta":{"_coblocks_attr":"","_coblocks_dimensions":"","_coblocks_responsive_height":"","_coblocks_accordion_ie_support":"","_themeisle_gutenberg_block_has_review":false,"iawp_total_views":944,"footnotes":""},"class_list":["post-10194","page","type-page","status-publish","has-post-thumbnail","hentry"],"yoast_head":"<!-- This site is optimized with the Yoast SEO plugin v25.8 - https:\/\/yoast.com\/wordpress\/plugins\/seo\/ -->\n<title>Readers\u2019 Choice 2025 Winners-The Best of the West - Rinc\u00f3n, PR | What\u2019s Up Rinc\u00f3n and Western Puerto Rico<\/title>\n<meta name=\"description\" content=\"Welcome to the official Readers\u2019 Choice 2025 winners\u2019 page. Every winner reflects dedication, passion, and a commitment to our community.\" \/>\n<meta name=\"robots\" content=\"index, follow, max-snippet:-1, max-image-preview:large, max-video-preview:-1\" \/>\n<link rel=\"canonical\" href=\"https:\/\/whatsuprincon.com\/es\/the-best-of-the-west-readers-choice-2025-winners\/\" \/>\n<meta property=\"og:locale\" content=\"es_ES\" \/>\n<meta property=\"og:type\" content=\"article\" \/>\n<meta property=\"og:title\" content=\"Readers\u2019 Choice 2025 Winners-The Best of the West - Rinc\u00f3n, PR | What\u2019s Up Rinc\u00f3n and Western Puerto Rico\" \/>\n<meta property=\"og:description\" content=\"Welcome to the official Readers\u2019 Choice 2025 winners\u2019 page. Every winner reflects dedication, passion, and a commitment to our community.\" \/>\n<meta property=\"og:url\" content=\"https:\/\/whatsuprincon.com\/es\/the-best-of-the-west-readers-choice-2025-winners\/\" \/>\n<meta property=\"og:site_name\" content=\"Rinc\u00f3n, PR | What\u2019s Up Rinc\u00f3n and Western Puerto Rico\" \/>\n<meta property=\"article:publisher\" content=\"https:\/\/www.facebook.com\/profile.php?id=61557407721782\" \/>\n<meta property=\"article:modified_time\" content=\"2025-12-01T04:00:38+00:00\" \/>\n<meta property=\"og:image\" content=\"https:\/\/whatsuprincon.com\/wp-content\/uploads\/2025\/11\/Copy-of-Copy-of-Copy-of-Copy-of-Soecs-for-horizontal-post-Facebook-Post.jpg\" \/>\n\t<meta property=\"og:image:width\" content=\"940\" \/>\n\t<meta property=\"og:image:height\" content=\"788\" \/>\n\t<meta property=\"og:image:type\" content=\"image\/jpeg\" \/>\n<meta name=\"twitter:card\" content=\"summary_large_image\" \/>\n<meta name=\"twitter:label1\" content=\"Est. reading time\" \/>\n\t<meta name=\"twitter:data1\" content=\"3 minutos\" \/>\n<script type=\"application\/ld+json\" class=\"yoast-schema-graph\">{\"@context\":\"https:\/\/schema.org\",\"@graph\":[{\"@type\":\"WebPage\",\"@id\":\"https:\/\/whatsuprincon.com\/the-best-of-the-west-readers-choice-2025-winners\/\",\"url\":\"https:\/\/whatsuprincon.com\/the-best-of-the-west-readers-choice-2025-winners\/\",\"name\":\"Readers\u2019 Choice 2025 Winners-The Best of the West - Rinc\u00f3n, PR | What\u2019s Up Rinc\u00f3n and Western Puerto Rico\",\"isPartOf\":{\"@id\":\"https:\/\/whatsuprincon.com\/#website\"},\"primaryImageOfPage\":{\"@id\":\"https:\/\/whatsuprincon.com\/the-best-of-the-west-readers-choice-2025-winners\/#primaryimage\"},\"image\":{\"@id\":\"https:\/\/whatsuprincon.com\/the-best-of-the-west-readers-choice-2025-winners\/#primaryimage\"},\"thumbnailUrl\":\"https:\/\/whatsuprincon.com\/wp-content\/uploads\/2025\/11\/Copy-of-Copy-of-Copy-of-Copy-of-Soecs-for-horizontal-post-Facebook-Post.jpg\",\"datePublished\":\"2025-11-26T15:09:51+00:00\",\"dateModified\":\"2025-12-01T04:00:38+00:00\",\"description\":\"Welcome to the official Readers\u2019 Choice 2025 winners\u2019 page. Every winner reflects dedication, passion, and a commitment to our community.\",\"breadcrumb\":{\"@id\":\"https:\/\/whatsuprincon.com\/the-best-of-the-west-readers-choice-2025-winners\/#breadcrumb\"},\"inLanguage\":\"es\",\"potentialAction\":[{\"@type\":\"ReadAction\",\"target\":[\"https:\/\/whatsuprincon.com\/the-best-of-the-west-readers-choice-2025-winners\/\"]}]},{\"@type\":\"ImageObject\",\"inLanguage\":\"es\",\"@id\":\"https:\/\/whatsuprincon.com\/the-best-of-the-west-readers-choice-2025-winners\/#primaryimage\",\"url\":\"https:\/\/whatsuprincon.com\/wp-content\/uploads\/2025\/11\/Copy-of-Copy-of-Copy-of-Copy-of-Soecs-for-horizontal-post-Facebook-Post.jpg\",\"contentUrl\":\"https:\/\/whatsuprincon.com\/wp-content\/uploads\/2025\/11\/Copy-of-Copy-of-Copy-of-Copy-of-Soecs-for-horizontal-post-Facebook-Post.jpg\",\"width\":940,\"height\":788,\"caption\":\"Reader's Choice 2025 Winners\"},{\"@type\":\"BreadcrumbList\",\"@id\":\"https:\/\/whatsuprincon.com\/the-best-of-the-west-readers-choice-2025-winners\/#breadcrumb\",\"itemListElement\":[{\"@type\":\"ListItem\",\"position\":1,\"name\":\"Home\",\"item\":\"https:\/\/whatsuprincon.com\/\"},{\"@type\":\"ListItem\",\"position\":2,\"name\":\"Readers\u2019 Choice 2025 Winners-The Best of the West\"}]},{\"@type\":\"WebSite\",\"@id\":\"https:\/\/whatsuprincon.com\/#website\",\"url\":\"https:\/\/whatsuprincon.com\/\",\"name\":\"What's Up Rinc\u00f3n\",\"description\":\"What&#039;s Happening in Rinc\u00f3n and Western Puerto Rico\",\"publisher\":{\"@id\":\"https:\/\/whatsuprincon.com\/#organization\"},\"potentialAction\":[{\"@type\":\"SearchAction\",\"target\":{\"@type\":\"EntryPoint\",\"urlTemplate\":\"https:\/\/whatsuprincon.com\/?s={search_term_string}\"},\"query-input\":{\"@type\":\"PropertyValueSpecification\",\"valueRequired\":true,\"valueName\":\"search_term_string\"}}],\"inLanguage\":\"es\"},{\"@type\":\"Organization\",\"@id\":\"https:\/\/whatsuprincon.com\/#organization\",\"name\":\"What's Up Rinc\u00f3n\",\"url\":\"https:\/\/whatsuprincon.com\/\",\"logo\":{\"@type\":\"ImageObject\",\"inLanguage\":\"es\",\"@id\":\"https:\/\/whatsuprincon.com\/#\/schema\/logo\/image\/\",\"url\":\"https:\/\/whatsuprincon.com\/wp-content\/uploads\/2024\/06\/header-logo-e1771168818936.png\",\"contentUrl\":\"https:\/\/whatsuprincon.com\/wp-content\/uploads\/2024\/06\/header-logo-e1771168818936.png\",\"width\":100,\"height\":100,\"caption\":\"What's Up Rinc\u00f3n\"},\"image\":{\"@id\":\"https:\/\/whatsuprincon.com\/#\/schema\/logo\/image\/\"},\"sameAs\":[\"https:\/\/www.facebook.com\/profile.php?id=61557407721782\",\"https:\/\/www.instagram.com\/whatsuprincon\/\"]}]}<\/script>\n<!-- \/ Yoast SEO plugin. -->","yoast_head_json":{"title":"Readers\u2019 Choice 2025 Winners-The Best of the West - Rinc\u00f3n, PR | What\u2019s Up Rinc\u00f3n and Western Puerto Rico","description":"Welcome to the official Readers\u2019 Choice 2025 winners\u2019 page. Every winner reflects dedication, passion, and a commitment to our community.","robots":{"index":"index","follow":"follow","max-snippet":"max-snippet:-1","max-image-preview":"max-image-preview:large","max-video-preview":"max-video-preview:-1"},"canonical":"https:\/\/whatsuprincon.com\/es\/the-best-of-the-west-readers-choice-2025-winners\/","og_locale":"es_ES","og_type":"article","og_title":"Readers\u2019 Choice 2025 Winners-The Best of the West - Rinc\u00f3n, PR | What\u2019s Up Rinc\u00f3n and Western Puerto Rico","og_description":"Welcome to the official Readers\u2019 Choice 2025 winners\u2019 page. Every winner reflects dedication, passion, and a commitment to our community.","og_url":"https:\/\/whatsuprincon.com\/es\/the-best-of-the-west-readers-choice-2025-winners\/","og_site_name":"Rinc\u00f3n, PR | What\u2019s Up Rinc\u00f3n and Western Puerto Rico","article_publisher":"https:\/\/www.facebook.com\/profile.php?id=61557407721782","article_modified_time":"2025-12-01T04:00:38+00:00","og_image":[{"width":940,"height":788,"url":"https:\/\/whatsuprincon.com\/wp-content\/uploads\/2025\/11\/Copy-of-Copy-of-Copy-of-Copy-of-Soecs-for-horizontal-post-Facebook-Post.jpg","type":"image\/jpeg"}],"twitter_card":"summary_large_image","twitter_misc":{"Est. reading time":"3 minutos"},"schema":{"@context":"https:\/\/schema.org","@graph":[{"@type":"WebPage","@id":"https:\/\/whatsuprincon.com\/the-best-of-the-west-readers-choice-2025-winners\/","url":"https:\/\/whatsuprincon.com\/the-best-of-the-west-readers-choice-2025-winners\/","name":"Readers\u2019 Choice 2025 Winners-The Best of the West - Rinc\u00f3n, PR | What\u2019s Up Rinc\u00f3n and Western Puerto Rico","isPartOf":{"@id":"https:\/\/whatsuprincon.com\/#website"},"primaryImageOfPage":{"@id":"https:\/\/whatsuprincon.com\/the-best-of-the-west-readers-choice-2025-winners\/#primaryimage"},"image":{"@id":"https:\/\/whatsuprincon.com\/the-best-of-the-west-readers-choice-2025-winners\/#primaryimage"},"thumbnailUrl":"https:\/\/whatsuprincon.com\/wp-content\/uploads\/2025\/11\/Copy-of-Copy-of-Copy-of-Copy-of-Soecs-for-horizontal-post-Facebook-Post.jpg","datePublished":"2025-11-26T15:09:51+00:00","dateModified":"2025-12-01T04:00:38+00:00","description":"Welcome to the official Readers\u2019 Choice 2025 winners\u2019 page. Every winner reflects dedication, passion, and a commitment to our community.","breadcrumb":{"@id":"https:\/\/whatsuprincon.com\/the-best-of-the-west-readers-choice-2025-winners\/#breadcrumb"},"inLanguage":"es","potentialAction":[{"@type":"ReadAction","target":["https:\/\/whatsuprincon.com\/the-best-of-the-west-readers-choice-2025-winners\/"]}]},{"@type":"ImageObject","inLanguage":"es","@id":"https:\/\/whatsuprincon.com\/the-best-of-the-west-readers-choice-2025-winners\/#primaryimage","url":"https:\/\/whatsuprincon.com\/wp-content\/uploads\/2025\/11\/Copy-of-Copy-of-Copy-of-Copy-of-Soecs-for-horizontal-post-Facebook-Post.jpg","contentUrl":"https:\/\/whatsuprincon.com\/wp-content\/uploads\/2025\/11\/Copy-of-Copy-of-Copy-of-Copy-of-Soecs-for-horizontal-post-Facebook-Post.jpg","width":940,"height":788,"caption":"Reader's Choice 2025 Winners"},{"@type":"BreadcrumbList","@id":"https:\/\/whatsuprincon.com\/the-best-of-the-west-readers-choice-2025-winners\/#breadcrumb","itemListElement":[{"@type":"ListItem","position":1,"name":"Home","item":"https:\/\/whatsuprincon.com\/"},{"@type":"ListItem","position":2,"name":"Readers\u2019 Choice 2025 Winners-The Best of the West"}]},{"@type":"WebSite","@id":"https:\/\/whatsuprincon.com\/#website","url":"https:\/\/whatsuprincon.com\/","name":"What's Up Rinc\u00f3n","description":"What&#039;s Happening in Rinc\u00f3n and Western Puerto Rico","publisher":{"@id":"https:\/\/whatsuprincon.com\/#organization"},"potentialAction":[{"@type":"SearchAction","target":{"@type":"EntryPoint","urlTemplate":"https:\/\/whatsuprincon.com\/?s={search_term_string}"},"query-input":{"@type":"PropertyValueSpecification","valueRequired":true,"valueName":"search_term_string"}}],"inLanguage":"es"},{"@type":"Organization","@id":"https:\/\/whatsuprincon.com\/#organization","name":"What's Up Rinc\u00f3n","url":"https:\/\/whatsuprincon.com\/","logo":{"@type":"ImageObject","inLanguage":"es","@id":"https:\/\/whatsuprincon.com\/#\/schema\/logo\/image\/","url":"https:\/\/whatsuprincon.com\/wp-content\/uploads\/2024\/06\/header-logo-e1771168818936.png","contentUrl":"https:\/\/whatsuprincon.com\/wp-content\/uploads\/2024\/06\/header-logo-e1771168818936.png","width":100,"height":100,"caption":"What's Up Rinc\u00f3n"},"image":{"@id":"https:\/\/whatsuprincon.com\/#\/schema\/logo\/image\/"},"sameAs":["https:\/\/www.facebook.com\/profile.php?id=61557407721782","https:\/\/www.instagram.com\/whatsuprincon\/"]}]}},"_links":{"self":[{"href":"https:\/\/whatsuprincon.com\/es\/wp-json\/wp\/v2\/pages\/10194","targetHints":{"allow":["GET"]}}],"collection":[{"href":"https:\/\/whatsuprincon.com\/es\/wp-json\/wp\/v2\/pages"}],"about":[{"href":"https:\/\/whatsuprincon.com\/es\/wp-json\/wp\/v2\/types\/page"}],"author":[{"embeddable":true,"href":"https:\/\/whatsuprincon.com\/es\/wp-json\/wp\/v2\/users\/1"}],"replies":[{"embeddable":true,"href":"https:\/\/whatsuprincon.com\/es\/wp-json\/wp\/v2\/comments?post=10194"}],"version-history":[{"count":10,"href":"https:\/\/whatsuprincon.com\/es\/wp-json\/wp\/v2\/pages\/10194\/revisions"}],"predecessor-version":[{"id":10380,"href":"https:\/\/whatsuprincon.com\/es\/wp-json\/wp\/v2\/pages\/10194\/revisions\/10380"}],"wp:featuredmedia":[{"embeddable":true,"href":"https:\/\/whatsuprincon.com\/es\/wp-json\/wp\/v2\/media\/10202"}],"wp:attachment":[{"href":"https:\/\/whatsuprincon.com\/es\/wp-json\/wp\/v2\/media?parent=10194"}],"curies":[{"name":"wp","href":"https:\/\/api.w.org\/{rel}","templated":true}]}}