{"id":1142,"date":"2024-04-30T11:51:17","date_gmt":"2024-04-30T11:51:17","guid":{"rendered":"https:\/\/whatsuprincon.com\/?page_id=1142"},"modified":"2025-01-24T12:35:16","modified_gmt":"2025-01-24T16:35:16","slug":"promote-your-event-or-activity-premium-event","status":"publish","type":"page","link":"https:\/\/whatsuprincon.com\/es\/promocione-su-evento-o-actividad-evento-premium\/","title":{"rendered":"Listado Premium de Eventos"},"content":{"rendered":"<p>\u00bfBuscas una manera de promocionar tu evento o actividad? Los listados premium incluyen promociones pagadas en las redes sociales de What\u2019s Up Rinc\u00f3n, adem\u00e1s de im\u00e1genes y un enlace a la p\u00e1gina de destino de tu preferencia (sitio web, p\u00e1gina de boletos, redes sociales, Open Table, etc.), facilitando que los lectores interact\u00faen contigo. <\/p>\n\n\n\n<p>\u00bfListo para atraer m\u00e1s asistentes? \u00a1Promociona tu evento o actividad hoy mismo!<\/p>\n\n\n\n<p><strong>***Siempre gratis para eventos comunitarios: Los eventos sin costo organizados por municipios, organizaciones sin fines de lucro, iglesias y grupos comunitarios siempre ser\u00e1n promovidos de manera gratuita.<\/strong><\/p>\n\n\n\n<p>Precio regular: $10 por semana por promoci\u00f3n.<\/p>\n\n\n\n<div class=\"wp-block-ultimate-post-button-group ultp-block-491fcf\"><div class=\"ultp-button-wrapper ultp-button-frontend ultp-anim-none\">\n<a class=\"wp-block-ultimate-post-button ultp-block-4ac0e6 ultp-button-layout1\" href=\"https:\/\/tockify.com\/tkf2\/submitEvent\/854126c2f90947ed9a0e4c856d87c1c8\" target=\"_self\" rel=\"noopener\"><div class=\"ultp-button-text\">Comienza a Promocionar Ahora<\/div><\/a>\n<\/div><\/div>\n\n\n\n<p>Nota importante: El formulario para someter tu evento aparecer\u00e1 en el idioma de tu navegador (ingl\u00e9s, espa\u00f1ol, franc\u00e9s, etc.). Si deseas verlo en un idioma diferente al de tu configuraci\u00f3n actual, ajusta tu navegador antes de enviarlo. <\/p>","protected":false},"excerpt":{"rendered":"<p>Are you looking for a way to promote your event or activity? Premium listings include paid promotions on What&#8217;s Up [&hellip;]<\/p>","protected":false},"author":1,"featured_media":393,"parent":0,"menu_order":0,"comment_status":"closed","ping_status":"closed","template":"","meta":{"_coblocks_attr":"","_coblocks_dimensions":"","_coblocks_responsive_height":"","_coblocks_accordion_ie_support":"","_themeisle_gutenberg_block_has_review":false,"iawp_total_views":153,"footnotes":""},"class_list":["post-1142","page","type-page","status-publish","has-post-thumbnail","hentry"],"yoast_head":"<!-- This site is optimized with the Yoast SEO plugin v25.8 - https:\/\/yoast.com\/wordpress\/plugins\/seo\/ -->\n<title>Promote your event or activity - Rinc\u00f3n, PR | What\u2019s Up Rinc\u00f3n and Western Puerto Rico<\/title>\n<meta name=\"description\" content=\"Promote your event or activity. Start promoting your event or activity today with our premium event listing.\" \/>\n<meta name=\"robots\" content=\"index, follow, max-snippet:-1, max-image-preview:large, max-video-preview:-1\" \/>\n<link rel=\"canonical\" href=\"https:\/\/whatsuprincon.com\/es\/promocione-su-evento-o-actividad-evento-premium\/\" \/>\n<meta property=\"og:locale\" content=\"es_ES\" \/>\n<meta property=\"og:type\" content=\"article\" \/>\n<meta property=\"og:title\" content=\"Promote your event or activity - Rinc\u00f3n, PR | What\u2019s Up Rinc\u00f3n and Western Puerto Rico\" \/>\n<meta property=\"og:description\" content=\"Promote your event or activity. Start promoting your event or activity today with our premium event listing.\" \/>\n<meta property=\"og:url\" content=\"https:\/\/whatsuprincon.com\/es\/promocione-su-evento-o-actividad-evento-premium\/\" \/>\n<meta property=\"og:site_name\" content=\"Rinc\u00f3n, PR | What\u2019s Up Rinc\u00f3n and Western Puerto Rico\" \/>\n<meta property=\"article:publisher\" content=\"https:\/\/www.facebook.com\/profile.php?id=61557407721782\" \/>\n<meta property=\"article:modified_time\" content=\"2025-01-24T16:35:16+00:00\" \/>\n<meta property=\"og:image\" content=\"https:\/\/whatsuprincon.com\/wp-content\/uploads\/2024\/04\/qtq80-XqX9yE.jpeg\" \/>\n\t<meta property=\"og:image:width\" content=\"1967\" \/>\n\t<meta property=\"og:image:height\" content=\"1440\" \/>\n\t<meta property=\"og:image:type\" content=\"image\/jpeg\" \/>\n<meta name=\"twitter:card\" content=\"summary_large_image\" \/>\n<meta name=\"twitter:label1\" content=\"Est. reading time\" \/>\n\t<meta name=\"twitter:data1\" content=\"1 minuto\" \/>\n<script type=\"application\/ld+json\" class=\"yoast-schema-graph\">{\"@context\":\"https:\/\/schema.org\",\"@graph\":[{\"@type\":\"WebPage\",\"@id\":\"https:\/\/whatsuprincon.com\/promote-your-event-or-activity-premium-event\/\",\"url\":\"https:\/\/whatsuprincon.com\/promote-your-event-or-activity-premium-event\/\",\"name\":\"Promote your event or activity - Rinc\u00f3n, PR | What\u2019s Up Rinc\u00f3n and Western Puerto Rico\",\"isPartOf\":{\"@id\":\"https:\/\/whatsuprincon.com\/#website\"},\"primaryImageOfPage\":{\"@id\":\"https:\/\/whatsuprincon.com\/promote-your-event-or-activity-premium-event\/#primaryimage\"},\"image\":{\"@id\":\"https:\/\/whatsuprincon.com\/promote-your-event-or-activity-premium-event\/#primaryimage\"},\"thumbnailUrl\":\"https:\/\/whatsuprincon.com\/wp-content\/uploads\/2024\/04\/qtq80-XqX9yE.jpeg\",\"datePublished\":\"2024-04-30T11:51:17+00:00\",\"dateModified\":\"2025-01-24T16:35:16+00:00\",\"description\":\"Promote your event or activity. Start promoting your event or activity today with our premium event listing.\",\"breadcrumb\":{\"@id\":\"https:\/\/whatsuprincon.com\/promote-your-event-or-activity-premium-event\/#breadcrumb\"},\"inLanguage\":\"es\",\"potentialAction\":[{\"@type\":\"ReadAction\",\"target\":[\"https:\/\/whatsuprincon.com\/promote-your-event-or-activity-premium-event\/\"]}]},{\"@type\":\"ImageObject\",\"inLanguage\":\"es\",\"@id\":\"https:\/\/whatsuprincon.com\/promote-your-event-or-activity-premium-event\/#primaryimage\",\"url\":\"https:\/\/whatsuprincon.com\/wp-content\/uploads\/2024\/04\/qtq80-XqX9yE.jpeg\",\"contentUrl\":\"https:\/\/whatsuprincon.com\/wp-content\/uploads\/2024\/04\/qtq80-XqX9yE.jpeg\",\"width\":1967,\"height\":1440,\"caption\":\"Promote your event-What's Up Rinc\u00f3n\"},{\"@type\":\"BreadcrumbList\",\"@id\":\"https:\/\/whatsuprincon.com\/promote-your-event-or-activity-premium-event\/#breadcrumb\",\"itemListElement\":[{\"@type\":\"ListItem\",\"position\":1,\"name\":\"Home\",\"item\":\"https:\/\/whatsuprincon.com\/\"},{\"@type\":\"ListItem\",\"position\":2,\"name\":\"Premium Event Listing\"}]},{\"@type\":\"WebSite\",\"@id\":\"https:\/\/whatsuprincon.com\/#website\",\"url\":\"https:\/\/whatsuprincon.com\/\",\"name\":\"What's Up Rinc\u00f3n\",\"description\":\"What&#039;s Happening in Rinc\u00f3n and Western Puerto Rico\",\"publisher\":{\"@id\":\"https:\/\/whatsuprincon.com\/#organization\"},\"potentialAction\":[{\"@type\":\"SearchAction\",\"target\":{\"@type\":\"EntryPoint\",\"urlTemplate\":\"https:\/\/whatsuprincon.com\/?s={search_term_string}\"},\"query-input\":{\"@type\":\"PropertyValueSpecification\",\"valueRequired\":true,\"valueName\":\"search_term_string\"}}],\"inLanguage\":\"es\"},{\"@type\":\"Organization\",\"@id\":\"https:\/\/whatsuprincon.com\/#organization\",\"name\":\"What's Up Rinc\u00f3n\",\"url\":\"https:\/\/whatsuprincon.com\/\",\"logo\":{\"@type\":\"ImageObject\",\"inLanguage\":\"es\",\"@id\":\"https:\/\/whatsuprincon.com\/#\/schema\/logo\/image\/\",\"url\":\"https:\/\/whatsuprincon.com\/wp-content\/uploads\/2024\/06\/header-logo-e1771168818936.png\",\"contentUrl\":\"https:\/\/whatsuprincon.com\/wp-content\/uploads\/2024\/06\/header-logo-e1771168818936.png\",\"width\":100,\"height\":100,\"caption\":\"What's Up Rinc\u00f3n\"},\"image\":{\"@id\":\"https:\/\/whatsuprincon.com\/#\/schema\/logo\/image\/\"},\"sameAs\":[\"https:\/\/www.facebook.com\/profile.php?id=61557407721782\",\"https:\/\/www.instagram.com\/whatsuprincon\/\"]}]}<\/script>\n<!-- \/ Yoast SEO plugin. -->","yoast_head_json":{"title":"Promote your event or activity - Rinc\u00f3n, PR | What\u2019s Up Rinc\u00f3n and Western Puerto Rico","description":"Promote your event or activity. Start promoting your event or activity today with our premium event listing.","robots":{"index":"index","follow":"follow","max-snippet":"max-snippet:-1","max-image-preview":"max-image-preview:large","max-video-preview":"max-video-preview:-1"},"canonical":"https:\/\/whatsuprincon.com\/es\/promocione-su-evento-o-actividad-evento-premium\/","og_locale":"es_ES","og_type":"article","og_title":"Promote your event or activity - Rinc\u00f3n, PR | What\u2019s Up Rinc\u00f3n and Western Puerto Rico","og_description":"Promote your event or activity. Start promoting your event or activity today with our premium event listing.","og_url":"https:\/\/whatsuprincon.com\/es\/promocione-su-evento-o-actividad-evento-premium\/","og_site_name":"Rinc\u00f3n, PR | What\u2019s Up Rinc\u00f3n and Western Puerto Rico","article_publisher":"https:\/\/www.facebook.com\/profile.php?id=61557407721782","article_modified_time":"2025-01-24T16:35:16+00:00","og_image":[{"width":1967,"height":1440,"url":"https:\/\/whatsuprincon.com\/wp-content\/uploads\/2024\/04\/qtq80-XqX9yE.jpeg","type":"image\/jpeg"}],"twitter_card":"summary_large_image","twitter_misc":{"Est. reading time":"1 minuto"},"schema":{"@context":"https:\/\/schema.org","@graph":[{"@type":"WebPage","@id":"https:\/\/whatsuprincon.com\/promote-your-event-or-activity-premium-event\/","url":"https:\/\/whatsuprincon.com\/promote-your-event-or-activity-premium-event\/","name":"Promote your event or activity - Rinc\u00f3n, PR | What\u2019s Up Rinc\u00f3n and Western Puerto Rico","isPartOf":{"@id":"https:\/\/whatsuprincon.com\/#website"},"primaryImageOfPage":{"@id":"https:\/\/whatsuprincon.com\/promote-your-event-or-activity-premium-event\/#primaryimage"},"image":{"@id":"https:\/\/whatsuprincon.com\/promote-your-event-or-activity-premium-event\/#primaryimage"},"thumbnailUrl":"https:\/\/whatsuprincon.com\/wp-content\/uploads\/2024\/04\/qtq80-XqX9yE.jpeg","datePublished":"2024-04-30T11:51:17+00:00","dateModified":"2025-01-24T16:35:16+00:00","description":"Promote your event or activity. Start promoting your event or activity today with our premium event listing.","breadcrumb":{"@id":"https:\/\/whatsuprincon.com\/promote-your-event-or-activity-premium-event\/#breadcrumb"},"inLanguage":"es","potentialAction":[{"@type":"ReadAction","target":["https:\/\/whatsuprincon.com\/promote-your-event-or-activity-premium-event\/"]}]},{"@type":"ImageObject","inLanguage":"es","@id":"https:\/\/whatsuprincon.com\/promote-your-event-or-activity-premium-event\/#primaryimage","url":"https:\/\/whatsuprincon.com\/wp-content\/uploads\/2024\/04\/qtq80-XqX9yE.jpeg","contentUrl":"https:\/\/whatsuprincon.com\/wp-content\/uploads\/2024\/04\/qtq80-XqX9yE.jpeg","width":1967,"height":1440,"caption":"Promote your event-What's Up Rinc\u00f3n"},{"@type":"BreadcrumbList","@id":"https:\/\/whatsuprincon.com\/promote-your-event-or-activity-premium-event\/#breadcrumb","itemListElement":[{"@type":"ListItem","position":1,"name":"Home","item":"https:\/\/whatsuprincon.com\/"},{"@type":"ListItem","position":2,"name":"Premium Event Listing"}]},{"@type":"WebSite","@id":"https:\/\/whatsuprincon.com\/#website","url":"https:\/\/whatsuprincon.com\/","name":"What's Up Rinc\u00f3n","description":"What&#039;s Happening in Rinc\u00f3n and Western Puerto Rico","publisher":{"@id":"https:\/\/whatsuprincon.com\/#organization"},"potentialAction":[{"@type":"SearchAction","target":{"@type":"EntryPoint","urlTemplate":"https:\/\/whatsuprincon.com\/?s={search_term_string}"},"query-input":{"@type":"PropertyValueSpecification","valueRequired":true,"valueName":"search_term_string"}}],"inLanguage":"es"},{"@type":"Organization","@id":"https:\/\/whatsuprincon.com\/#organization","name":"What's Up Rinc\u00f3n","url":"https:\/\/whatsuprincon.com\/","logo":{"@type":"ImageObject","inLanguage":"es","@id":"https:\/\/whatsuprincon.com\/#\/schema\/logo\/image\/","url":"https:\/\/whatsuprincon.com\/wp-content\/uploads\/2024\/06\/header-logo-e1771168818936.png","contentUrl":"https:\/\/whatsuprincon.com\/wp-content\/uploads\/2024\/06\/header-logo-e1771168818936.png","width":100,"height":100,"caption":"What's Up Rinc\u00f3n"},"image":{"@id":"https:\/\/whatsuprincon.com\/#\/schema\/logo\/image\/"},"sameAs":["https:\/\/www.facebook.com\/profile.php?id=61557407721782","https:\/\/www.instagram.com\/whatsuprincon\/"]}]}},"_links":{"self":[{"href":"https:\/\/whatsuprincon.com\/es\/wp-json\/wp\/v2\/pages\/1142","targetHints":{"allow":["GET"]}}],"collection":[{"href":"https:\/\/whatsuprincon.com\/es\/wp-json\/wp\/v2\/pages"}],"about":[{"href":"https:\/\/whatsuprincon.com\/es\/wp-json\/wp\/v2\/types\/page"}],"author":[{"embeddable":true,"href":"https:\/\/whatsuprincon.com\/es\/wp-json\/wp\/v2\/users\/1"}],"replies":[{"embeddable":true,"href":"https:\/\/whatsuprincon.com\/es\/wp-json\/wp\/v2\/comments?post=1142"}],"version-history":[{"count":20,"href":"https:\/\/whatsuprincon.com\/es\/wp-json\/wp\/v2\/pages\/1142\/revisions"}],"predecessor-version":[{"id":6340,"href":"https:\/\/whatsuprincon.com\/es\/wp-json\/wp\/v2\/pages\/1142\/revisions\/6340"}],"wp:featuredmedia":[{"embeddable":true,"href":"https:\/\/whatsuprincon.com\/es\/wp-json\/wp\/v2\/media\/393"}],"wp:attachment":[{"href":"https:\/\/whatsuprincon.com\/es\/wp-json\/wp\/v2\/media?parent=1142"}],"curies":[{"name":"wp","href":"https:\/\/api.w.org\/{rel}","templated":true}]}}