{"id":1521,"date":"2024-05-09T18:16:55","date_gmt":"2024-05-09T18:16:55","guid":{"rendered":"https:\/\/whatsuprincon.com\/terms-of-use\/"},"modified":"2024-06-06T12:52:05","modified_gmt":"2024-06-06T12:52:05","slug":"terms-and-conditons","status":"publish","type":"page","link":"https:\/\/whatsuprincon.com\/es\/condiciones-generales\/","title":{"rendered":"Condiciones de uso"},"content":{"rendered":"<h1>Condiciones generales<\/h1>\n<p>Estos t\u00e9rminos rigen su acceso y uso de todo el contenido, productos y servicios disponibles en whatsuprincon.com operado por What's Up Rinc\u00f3n. Su acceso a nuestros servicios est\u00e1 sujeto a su aceptaci\u00f3n, sin modificaci\u00f3n, de todos los t\u00e9rminos y condiciones contenidos en este documento y todas las dem\u00e1s normas de funcionamiento y pol\u00edticas publicadas, y que pueden ser publicadas de vez en cuando por nosotros. Lea atentamente el acuerdo antes de acceder o utilizar nuestros servicios. Al acceder o utilizar cualquier parte de nuestros servicios, usted acepta quedar vinculado por estas condiciones. Si no est\u00e1 de acuerdo con alguna parte de las condiciones del acuerdo, no podr\u00e1 acceder a nuestros servicios ni utilizarlos.<\/p>\n<p>Propiedad intelectual: El acuerdo no transfiere de nosotros a usted ninguna de nuestra propiedad intelectual o de terceros, y todos los derechos, t\u00edtulos e intereses sobre y para dicha propiedad permanecer\u00e1n \u00fanicamente con nosotros y sus licenciantes.<\/p>\n<p>Servicios de terceros: Al utilizar los servicios, es posible que utilice servicios, productos, software, incrustaciones o aplicaciones de terceros desarrollados por un tercero (\"Servicios de terceros\"). Si utiliza servicios de terceros, usted entiende que:<\/p>\n<p>- Cualquier uso de un servicio de terceros corre por su cuenta y riesgo, y no seremos responsables ante nadie de los sitios web o servicios de terceros.<br \/>\n- Usted reconoce y acepta que no seremos responsables de cualquier da\u00f1o o p\u00e9rdida causada o supuestamente causada por o en conexi\u00f3n con el uso de cualquier contenido, bienes o servicios disponibles en o a trav\u00e9s de cualquiera de dichos sitios web o servicios.<\/p>\n<p>Cuentas: Cuando el uso de cualquier parte de nuestros servicios requiera una cuenta, usted se compromete a proporcionarnos informaci\u00f3n completa y precisa al registrarse para obtener una cuenta. Usted ser\u00e1 el \u00fanico responsable de cualquier actividad que se produzca en su cuenta. Usted es responsable de mantener la informaci\u00f3n de su cuenta actualizada y su contrase\u00f1a segura. Usted es responsable de mantener la seguridad de la cuenta que utiliza para acceder al servicio. No compartir\u00e1 ni utilizar\u00e1 indebidamente sus credenciales de acceso. Deber\u00e1 notificarnos inmediatamente cualquier uso no autorizado de su cuenta o cuando tenga conocimiento de cualquier otra violaci\u00f3n de la seguridad.<\/p>\n<p>Terminaci\u00f3n: Podemos terminar o suspender su acceso a todos o parte de nuestros servicios en cualquier momento, con o sin causa, con o sin previo aviso, con efecto inmediato. Si desea rescindir el contrato o su cuenta, s\u00f3lo tiene que dejar de utilizar nuestros servicios. Todas las disposiciones del acuerdo que, por su naturaleza, deban seguir vigentes tras la rescisi\u00f3n, seguir\u00e1n vigentes tras la rescisi\u00f3n, incluidas las disposiciones sobre propiedad, exclusi\u00f3n de garant\u00edas, indemnizaciones y limitaciones de responsabilidad.<\/p>\n<p>Descargo de responsabilidad: Nuestros servicios se proporcionan \"TAL CUAL\" y \"SEG\u00daN DISPONIBILIDAD\". What's Up Rinc\u00f3n y sus proveedores y licenciantes renuncian por la presente a todas las garant\u00edas de cualquier tipo, expresas o impl\u00edcitas, incluyendo, sin limitaci\u00f3n, las garant\u00edas de comerciabilidad, idoneidad para un prop\u00f3sito particular y no infracci\u00f3n. Ni What's Up Rinc\u00f3n, ni sus proveedores y licenciantes, garantizan que nuestros servicios est\u00e9n libres de errores o que el acceso a los mismos sea continuo o ininterrumpido. El usuario entiende que descarga u obtiene de cualquier otro modo contenidos o servicios a trav\u00e9s de nuestros servicios a su discreci\u00f3n y riesgo.<\/p>\n<p>Jurisdicci\u00f3n y Ley Aplicable: Salvo en la medida en que cualquier ley aplicable disponga lo contrario, el acuerdo y cualquier acceso o uso de nuestros servicios se regir\u00e1n por las leyes de Puerto Rico. El lugar adecuado para cualquier disputa que surja de o en relaci\u00f3n con el acuerdo y cualquier acceso o uso de nuestros servicios ser\u00e1n los tribunales estatales y federales ubicados en Puerto Rico.<\/p>\n<p>Modificaciones: What's Up Rinc\u00f3n se reserva el derecho, a nuestra entera discreci\u00f3n, de modificar o sustituir estos t\u00e9rminos en cualquier momento. Si realizamos cambios materiales, se lo haremos saber public\u00e1ndolos en nuestro sitio web o envi\u00e1ndole un correo electr\u00f3nico u otra comunicaci\u00f3n antes de que los cambios entren en vigor. En la notificaci\u00f3n se indicar\u00e1 un plazo razonable tras el cual entrar\u00e1n en vigor las nuevas condiciones. Si no est\u00e1 de acuerdo con nuestros cambios, deber\u00e1 dejar de utilizar nuestros servicios dentro del plazo de notificaci\u00f3n designado o una vez que los cambios entren en vigor. El uso continuado de nuestros servicios estar\u00e1 sujeto a las nuevas condiciones.<\/p>","protected":false},"excerpt":{"rendered":"<p>Terms and Conditions These terms govern your access to and usage of all content, products, and services available at whatsuprincon.com [&hellip;]<\/p>","protected":false},"author":1,"featured_media":0,"parent":0,"menu_order":0,"comment_status":"closed","ping_status":"closed","template":"","meta":{"_coblocks_attr":"","_coblocks_dimensions":"","_coblocks_responsive_height":"","_coblocks_accordion_ie_support":"","_themeisle_gutenberg_block_has_review":false,"iawp_total_views":26,"footnotes":""},"class_list":["post-1521","page","type-page","status-publish","hentry"],"yoast_head":"<!-- This site is optimized with the Yoast SEO plugin v25.8 - https:\/\/yoast.com\/wordpress\/plugins\/seo\/ -->\n<title>Terms and Conditions - Rinc\u00f3n, PR | What\u2019s Up Rinc\u00f3n and Western Puerto Rico<\/title>\n<meta name=\"description\" content=\"Terms and Conditions. These terms govern your access to and usage of all content, products, and services available on whatsuprincon.com.\" \/>\n<meta name=\"robots\" content=\"index, follow, max-snippet:-1, max-image-preview:large, max-video-preview:-1\" \/>\n<link rel=\"canonical\" href=\"https:\/\/whatsuprincon.com\/es\/condiciones-generales\/\" \/>\n<meta property=\"og:locale\" content=\"es_ES\" \/>\n<meta property=\"og:type\" content=\"article\" \/>\n<meta property=\"og:title\" content=\"Terms and Conditions - Rinc\u00f3n, PR | What\u2019s Up Rinc\u00f3n and Western Puerto Rico\" \/>\n<meta property=\"og:description\" content=\"Terms and Conditions. These terms govern your access to and usage of all content, products, and services available on whatsuprincon.com.\" \/>\n<meta property=\"og:url\" content=\"https:\/\/whatsuprincon.com\/es\/condiciones-generales\/\" \/>\n<meta property=\"og:site_name\" content=\"Rinc\u00f3n, PR | What\u2019s Up Rinc\u00f3n and Western Puerto Rico\" \/>\n<meta property=\"article:publisher\" content=\"https:\/\/www.facebook.com\/profile.php?id=61557407721782\" \/>\n<meta property=\"article:modified_time\" content=\"2024-06-06T12:52:05+00:00\" \/>\n<meta name=\"twitter:card\" content=\"summary_large_image\" \/>\n<meta name=\"twitter:label1\" content=\"Est. reading time\" \/>\n\t<meta name=\"twitter:data1\" content=\"4 minutos\" \/>\n<script type=\"application\/ld+json\" class=\"yoast-schema-graph\">{\"@context\":\"https:\/\/schema.org\",\"@graph\":[{\"@type\":\"WebPage\",\"@id\":\"https:\/\/whatsuprincon.com\/terms-and-conditons\/\",\"url\":\"https:\/\/whatsuprincon.com\/terms-and-conditons\/\",\"name\":\"Terms and Conditions - Rinc\u00f3n, PR | What\u2019s Up Rinc\u00f3n and Western Puerto Rico\",\"isPartOf\":{\"@id\":\"https:\/\/whatsuprincon.com\/#website\"},\"datePublished\":\"2024-05-09T18:16:55+00:00\",\"dateModified\":\"2024-06-06T12:52:05+00:00\",\"description\":\"Terms and Conditions. These terms govern your access to and usage of all content, products, and services available on whatsuprincon.com.\",\"breadcrumb\":{\"@id\":\"https:\/\/whatsuprincon.com\/terms-and-conditons\/#breadcrumb\"},\"inLanguage\":\"es\",\"potentialAction\":[{\"@type\":\"ReadAction\",\"target\":[\"https:\/\/whatsuprincon.com\/terms-and-conditons\/\"]}]},{\"@type\":\"BreadcrumbList\",\"@id\":\"https:\/\/whatsuprincon.com\/terms-and-conditons\/#breadcrumb\",\"itemListElement\":[{\"@type\":\"ListItem\",\"position\":1,\"name\":\"Home\",\"item\":\"https:\/\/whatsuprincon.com\/\"},{\"@type\":\"ListItem\",\"position\":2,\"name\":\"Terms of Use\"}]},{\"@type\":\"WebSite\",\"@id\":\"https:\/\/whatsuprincon.com\/#website\",\"url\":\"https:\/\/whatsuprincon.com\/\",\"name\":\"What's Up Rinc\u00f3n\",\"description\":\"What&#039;s Happening in Rinc\u00f3n and Western Puerto Rico\",\"publisher\":{\"@id\":\"https:\/\/whatsuprincon.com\/#organization\"},\"potentialAction\":[{\"@type\":\"SearchAction\",\"target\":{\"@type\":\"EntryPoint\",\"urlTemplate\":\"https:\/\/whatsuprincon.com\/?s={search_term_string}\"},\"query-input\":{\"@type\":\"PropertyValueSpecification\",\"valueRequired\":true,\"valueName\":\"search_term_string\"}}],\"inLanguage\":\"es\"},{\"@type\":\"Organization\",\"@id\":\"https:\/\/whatsuprincon.com\/#organization\",\"name\":\"What's Up Rinc\u00f3n\",\"url\":\"https:\/\/whatsuprincon.com\/\",\"logo\":{\"@type\":\"ImageObject\",\"inLanguage\":\"es\",\"@id\":\"https:\/\/whatsuprincon.com\/#\/schema\/logo\/image\/\",\"url\":\"https:\/\/whatsuprincon.com\/wp-content\/uploads\/2024\/06\/header-logo-e1771168818936.png\",\"contentUrl\":\"https:\/\/whatsuprincon.com\/wp-content\/uploads\/2024\/06\/header-logo-e1771168818936.png\",\"width\":100,\"height\":100,\"caption\":\"What's Up Rinc\u00f3n\"},\"image\":{\"@id\":\"https:\/\/whatsuprincon.com\/#\/schema\/logo\/image\/\"},\"sameAs\":[\"https:\/\/www.facebook.com\/profile.php?id=61557407721782\",\"https:\/\/www.instagram.com\/whatsuprincon\/\"]}]}<\/script>\n<!-- \/ Yoast SEO plugin. -->","yoast_head_json":{"title":"Terms and Conditions - Rinc\u00f3n, PR | What\u2019s Up Rinc\u00f3n and Western Puerto Rico","description":"Terms and Conditions. These terms govern your access to and usage of all content, products, and services available on whatsuprincon.com.","robots":{"index":"index","follow":"follow","max-snippet":"max-snippet:-1","max-image-preview":"max-image-preview:large","max-video-preview":"max-video-preview:-1"},"canonical":"https:\/\/whatsuprincon.com\/es\/condiciones-generales\/","og_locale":"es_ES","og_type":"article","og_title":"Terms and Conditions - Rinc\u00f3n, PR | What\u2019s Up Rinc\u00f3n and Western Puerto Rico","og_description":"Terms and Conditions. These terms govern your access to and usage of all content, products, and services available on whatsuprincon.com.","og_url":"https:\/\/whatsuprincon.com\/es\/condiciones-generales\/","og_site_name":"Rinc\u00f3n, PR | What\u2019s Up Rinc\u00f3n and Western Puerto Rico","article_publisher":"https:\/\/www.facebook.com\/profile.php?id=61557407721782","article_modified_time":"2024-06-06T12:52:05+00:00","twitter_card":"summary_large_image","twitter_misc":{"Est. reading time":"4 minutos"},"schema":{"@context":"https:\/\/schema.org","@graph":[{"@type":"WebPage","@id":"https:\/\/whatsuprincon.com\/terms-and-conditons\/","url":"https:\/\/whatsuprincon.com\/terms-and-conditons\/","name":"Terms and Conditions - Rinc\u00f3n, PR | What\u2019s Up Rinc\u00f3n and Western Puerto Rico","isPartOf":{"@id":"https:\/\/whatsuprincon.com\/#website"},"datePublished":"2024-05-09T18:16:55+00:00","dateModified":"2024-06-06T12:52:05+00:00","description":"Terms and Conditions. These terms govern your access to and usage of all content, products, and services available on whatsuprincon.com.","breadcrumb":{"@id":"https:\/\/whatsuprincon.com\/terms-and-conditons\/#breadcrumb"},"inLanguage":"es","potentialAction":[{"@type":"ReadAction","target":["https:\/\/whatsuprincon.com\/terms-and-conditons\/"]}]},{"@type":"BreadcrumbList","@id":"https:\/\/whatsuprincon.com\/terms-and-conditons\/#breadcrumb","itemListElement":[{"@type":"ListItem","position":1,"name":"Home","item":"https:\/\/whatsuprincon.com\/"},{"@type":"ListItem","position":2,"name":"Terms of Use"}]},{"@type":"WebSite","@id":"https:\/\/whatsuprincon.com\/#website","url":"https:\/\/whatsuprincon.com\/","name":"What's Up Rinc\u00f3n","description":"What&#039;s Happening in Rinc\u00f3n and Western Puerto Rico","publisher":{"@id":"https:\/\/whatsuprincon.com\/#organization"},"potentialAction":[{"@type":"SearchAction","target":{"@type":"EntryPoint","urlTemplate":"https:\/\/whatsuprincon.com\/?s={search_term_string}"},"query-input":{"@type":"PropertyValueSpecification","valueRequired":true,"valueName":"search_term_string"}}],"inLanguage":"es"},{"@type":"Organization","@id":"https:\/\/whatsuprincon.com\/#organization","name":"What's Up Rinc\u00f3n","url":"https:\/\/whatsuprincon.com\/","logo":{"@type":"ImageObject","inLanguage":"es","@id":"https:\/\/whatsuprincon.com\/#\/schema\/logo\/image\/","url":"https:\/\/whatsuprincon.com\/wp-content\/uploads\/2024\/06\/header-logo-e1771168818936.png","contentUrl":"https:\/\/whatsuprincon.com\/wp-content\/uploads\/2024\/06\/header-logo-e1771168818936.png","width":100,"height":100,"caption":"What's Up Rinc\u00f3n"},"image":{"@id":"https:\/\/whatsuprincon.com\/#\/schema\/logo\/image\/"},"sameAs":["https:\/\/www.facebook.com\/profile.php?id=61557407721782","https:\/\/www.instagram.com\/whatsuprincon\/"]}]}},"_links":{"self":[{"href":"https:\/\/whatsuprincon.com\/es\/wp-json\/wp\/v2\/pages\/1521","targetHints":{"allow":["GET"]}}],"collection":[{"href":"https:\/\/whatsuprincon.com\/es\/wp-json\/wp\/v2\/pages"}],"about":[{"href":"https:\/\/whatsuprincon.com\/es\/wp-json\/wp\/v2\/types\/page"}],"author":[{"embeddable":true,"href":"https:\/\/whatsuprincon.com\/es\/wp-json\/wp\/v2\/users\/1"}],"replies":[{"embeddable":true,"href":"https:\/\/whatsuprincon.com\/es\/wp-json\/wp\/v2\/comments?post=1521"}],"version-history":[{"count":2,"href":"https:\/\/whatsuprincon.com\/es\/wp-json\/wp\/v2\/pages\/1521\/revisions"}],"predecessor-version":[{"id":2575,"href":"https:\/\/whatsuprincon.com\/es\/wp-json\/wp\/v2\/pages\/1521\/revisions\/2575"}],"wp:attachment":[{"href":"https:\/\/whatsuprincon.com\/es\/wp-json\/wp\/v2\/media?parent=1521"}],"curies":[{"name":"wp","href":"https:\/\/api.w.org\/{rel}","templated":true}]}}