{"id":1522,"date":"2024-05-09T18:18:27","date_gmt":"2024-05-09T18:18:27","guid":{"rendered":"https:\/\/whatsuprincon.com\/privacy-policy\/"},"modified":"2024-07-25T13:36:41","modified_gmt":"2024-07-25T17:36:41","slug":"privacy-policy","status":"publish","type":"page","link":"https:\/\/whatsuprincon.com\/es\/politica-de-privacidad\/","title":{"rendered":"Pol\u00edtica de privacidad"},"content":{"rendered":"<h2 class=\"wp-block-heading\">Pol\u00edtica de privacidad<\/h2>\n\n\n\n<p>Bienvenido a What's Up Rinc\u00f3n. Entendemos que la privacidad en l\u00ednea es importante, especialmente cuando se hacen negocios. Esta declaraci\u00f3n describe nuestra pol\u00edtica de privacidad para los Visitantes que nos visitan sin hacer negocios y para los Visitantes que se registran para hacer negocios y utilizar nuestros Servicios. Estos Visitantes se denominan \"Clientes Autorizados\".<\/p>\n\n\n\n<p>\"Informaci\u00f3n de identificaci\u00f3n personal\" se refiere a cualquier informaci\u00f3n que identifique o pueda utilizarse para identificar, contactar o localizar a una persona. Esto incluye, entre otros, nombre, direcci\u00f3n, n\u00famero de tel\u00e9fono, n\u00famero de fax, direcci\u00f3n de correo electr\u00f3nico, perfiles financieros, n\u00famero de la seguridad social e informaci\u00f3n sobre tarjetas de cr\u00e9dito. No incluye informaci\u00f3n an\u00f3nima o demogr\u00e1fica no vinculada a una persona identificada.<\/p>\n\n\n\n<h4 class=\"wp-block-heading\">\u00bfQu\u00e9 datos personales se recogen?<\/h4>\n\n\n\n<p>Podemos recopilar informaci\u00f3n b\u00e1sica sobre el perfil de usuario de todos nuestros Visitantes. De nuestros Clientes Autorizados, recopilamos nombres, direcciones, n\u00fameros de tel\u00e9fono, direcciones de correo electr\u00f3nico, la naturaleza y el tama\u00f1o del negocio, y la naturaleza y el tama\u00f1o del inventario publicitario que pretenden comprar o vender.<\/p>\n\n\n\n<h4 class=\"wp-block-heading\">\u00bfQu\u00e9 organizaciones recopilan la informaci\u00f3n?<\/h4>\n\n\n\n<p>Aparte de nuestra recopilaci\u00f3n directa, nuestros proveedores de servicios externos, como empresas de tarjetas de cr\u00e9dito, c\u00e1maras de compensaci\u00f3n y bancos, tambi\u00e9n pueden recopilar esta informaci\u00f3n. No controlamos la forma en que estos terceros utilizan dicha informaci\u00f3n, pero les pedimos que revelen c\u00f3mo utilizan la informaci\u00f3n personal que se les proporciona.<\/p>\n\n\n\n<h4 class=\"wp-block-heading\">\u00bfC\u00f3mo se utiliza la informaci\u00f3n de identificaci\u00f3n personal?<\/h4>\n\n\n\n<p>Utilizamos los Datos Personales para personalizar el Sitio, realizar ofertas de servicio adecuadas y satisfacer las solicitudes de compra y venta. Nuestra organizaci\u00f3n puede enviar correos electr\u00f3nicos a los Visitantes y Clientes Autorizados sobre investigaciones, oportunidades de compra y venta, o informaci\u00f3n relacionada con el Sitio. Tambi\u00e9n podemos utilizar los Datos Personales para responder a consultas espec\u00edficas o proporcionar la informaci\u00f3n solicitada.<\/p>\n\n\n\n<p>\u00bfCon qui\u00e9n puede compartirse la informaci\u00f3n?<br>La informaci\u00f3n de identificaci\u00f3n personal sobre los clientes autorizados puede compartirse con otros clientes autorizados que deseen evaluar posibles transacciones. Podemos compartir informaci\u00f3n agregada sobre nuestros visitantes, incluidos datos demogr\u00e1ficos, con nuestras agencias afiliadas y proveedores externos. Tambi\u00e9n ofrecemos la opci\u00f3n de \"excluirse\" de recibir informaci\u00f3n o ser contactado por nosotros o por cualquier agencia que act\u00fae en nuestro nombre.<\/p>\n\n\n\n<p>\u00bfC\u00f3mo se almacena la informaci\u00f3n de identificaci\u00f3n personal?<br>La informaci\u00f3n de identificaci\u00f3n personal recopilada por nosotros se almacena de forma segura y no es accesible a terceros o empleados, excepto para los fines indicados anteriormente.<\/p>\n\n\n\n<h4 class=\"wp-block-heading\"><span style=\"font-weight: bold;\">\u00bfQu\u00e9 opciones tienen los visitantes respecto a la recogida, uso y distribuci\u00f3n de la informaci\u00f3n?<\/span><\/h4>\n\n\n\n<p>Los visitantes y clientes autorizados pueden optar por no recibir informaci\u00f3n no solicitada o por no ser contactados por nosotros y\/o nuestros proveedores y agencias afiliadas respondiendo a los correos electr\u00f3nicos seg\u00fan las instrucciones, o poni\u00e9ndose en contacto con nosotros en<\/p>\n\n\n\n<h4 class=\"wp-block-heading\"><span style=\"font-weight: bold;\">\u00a0\u00bfUtilizamos cookies en el sitio web?<\/span><\/h4>\n\n\n\n<p>Utilizamos cookies por diversas razones. Podemos utilizar Cookies para obtener informaci\u00f3n sobre las preferencias de nuestros Visitantes y los servicios que seleccionan y tambi\u00e9n utilizamos Cookies con fines de seguridad para proteger a nuestros Clientes Autorizados. Por ejemplo, si un Cliente Autorizado est\u00e1 conectado y el sitio no se utiliza durante m\u00e1s de 10 minutos, cerraremos autom\u00e1ticamente la sesi\u00f3n del Cliente Autorizado.<\/p>\n\n\n\n<h4 class=\"wp-block-heading\"><span style=\"font-weight: bold;\">\u00bfC\u00f3mo se utilizan los datos de acceso? <\/span><\/h4>\n\n\n\n<p>Whatsuprincon.com utiliza informaci\u00f3n de inicio de sesi\u00f3n, incluyendo, pero no limitado a, direcciones IP, ISP y tipos de navegador. Esta informaci\u00f3n se utiliza para analizar tendencias, administrar el sitio, rastrear la ubicaci\u00f3n de un usuario, el uso y recopilar informaci\u00f3n demogr\u00e1fica amplia.<\/p>\n\n\n\n<h4 class=\"wp-block-heading\"><span style=\"font-weight: bold;\">\u00bfQu\u00e9 socios o proveedores de servicios tienen acceso a la Informaci\u00f3n Personal de los Visitantes y\/o Clientes Autorizados en el Sitio?<\/span><\/h4>\n\n\n\n<p>Hemos establecido y seguiremos estableciendo asociaciones y otras relaciones con diversos proveedores. Dichos proveedores pueden tener acceso a determinados datos personales. Esta informaci\u00f3n es necesaria para evaluar la elegibilidad de los clientes autorizados para el servicio. Nuestra pol\u00edtica de privacidad no cubre la recogida o uso de esta informaci\u00f3n. Divulgaci\u00f3n de informaci\u00f3n de identificaci\u00f3n personal para cumplir con la ley. Divulgaremos Datos Personales para cumplir una orden o citaci\u00f3n judicial o una solicitud de divulgaci\u00f3n de informaci\u00f3n por parte de un organismo encargado de hacer cumplir la ley. Tambi\u00e9n revelaremos datos personales cuando sea razonablemente necesario para proteger la seguridad de nuestros visitantes y clientes autorizados.<\/p>\n\n\n\n<h4 class=\"wp-block-heading\"><span style=\"font-weight: bold;\">\u00bfC\u00f3mo protege el sitio la informaci\u00f3n personal?<\/span><\/h4>\n\n\n\n<p>Todos nuestros empleados est\u00e1n familiarizados con nuestra pol\u00edtica y pr\u00e1cticas de seguridad. La informaci\u00f3n personal de nuestros visitantes y clientes autorizados s\u00f3lo es accesible a un n\u00famero limitado de empleados cualificados. Se les facilita una contrase\u00f1a para acceder a la informaci\u00f3n. Realizamos auditor\u00edas peri\u00f3dicas de nuestros sistemas y procesos de seguridad. La informaci\u00f3n confidencial, como n\u00fameros de tarjetas de cr\u00e9dito o de la seguridad social, est\u00e1 protegida por protocolos de encriptaci\u00f3n. Estos protocolos se utilizan para proteger la informaci\u00f3n que se env\u00eda por Internet. Aunque tomamos medidas comercialmente razonables para mantener un sitio seguro, las comunicaciones electr\u00f3nicas y las bases de datos est\u00e1n sujetas a errores, manipulaciones y robos. No podemos garantizar ni asegurar que tales hechos no se produzcan. No seremos responsables ante los Visitantes o Clientes Autorizados por tales sucesos.<\/p>\n\n\n\n<h4 class=\"wp-block-heading\"><span style=\"font-weight: bold;\">\u00bfC\u00f3mo pueden los visitantes corregir cualquier inexactitud en la informaci\u00f3n de identificaci\u00f3n personal?<\/span><\/h4>\n\n\n\n<p>Los visitantes y clientes autorizados pueden ponerse en contacto con nosotros para actualizar sus datos personales o corregir cualquier inexactitud envi\u00e1ndonos un correo electr\u00f3nico a: contact@whatsuprincon.com.<\/p>\n\n\n\n<h4 class=\"wp-block-heading\"><span style=\"font-weight: bold;\">\u00bfPuede un visitante borrar o desactivar la informaci\u00f3n personal recopilada por el sitio?<\/span><\/h4>\n\n\n\n<p>Proporcionamos a los Visitantes y Clientes Autorizados un mecanismo para borrar\/desactivar la Informaci\u00f3n de Identificaci\u00f3n Personal de la base de datos del Site\\ contactando con . Sin embargo, debido a las copias de seguridad y a los registros de eliminaciones, puede resultar imposible borrar la entrada de un Visitante sin conservar alguna informaci\u00f3n residual. Si una persona solicita que se desactive su Informaci\u00f3n de Identificaci\u00f3n Personal, dicha informaci\u00f3n se eliminar\u00e1 funcionalmente. En el futuro, no venderemos, transferiremos ni utilizaremos de ning\u00fan modo los datos personales de esa persona.<\/p>\n\n\n\n<h4 class=\"wp-block-heading\"><span style=\"font-weight: bold;\">\u00bfQu\u00e9 ocurre si cambia la pol\u00edtica de privacidad?<\/span><\/h4>\n\n\n\n<p>Informaremos a nuestros visitantes y clientes autorizados de los cambios en nuestra pol\u00edtica de privacidad publicando dichos cambios en el sitio. Sin embargo, si cambiamos nuestra pol\u00edtica de privacidad de manera que pueda causar la divulgaci\u00f3n de Informaci\u00f3n de Identificaci\u00f3n Personal que un Visitante o Cliente Autorizado haya solicitado previamente que no se divulgue, nos pondremos en contacto con dicho Visitante o Cliente Autorizado para permitir que dicho Visitante o Cliente Autorizado evite dicha divulgaci\u00f3n.<\/p>\n\n\n\n<h4 class=\"wp-block-heading\"><span style=\"font-weight: bold;\">Enlaces:<\/span><\/h4>\n\n\n\n<p>Contiene enlaces a otros sitios web. Tenga en cuenta que al hacer clic en uno de estos enlaces, pasar\u00e1 a otro sitio web. Le recomendamos que lea las declaraciones de privacidad de estos sitios enlazados, ya que sus pol\u00edticas de privacidad pueden diferir de las nuestras.<\/p>","protected":false},"excerpt":{"rendered":"<p>Privacy Policy Welcome to What&#8217;s Up Rinc\u00f3n. We understand that online privacy is important, especially when doing business. This statement [&hellip;]<\/p>","protected":false},"author":1,"featured_media":0,"parent":0,"menu_order":0,"comment_status":"closed","ping_status":"closed","template":"","meta":{"_coblocks_attr":"","_coblocks_dimensions":"","_coblocks_responsive_height":"","_coblocks_accordion_ie_support":"","_themeisle_gutenberg_block_has_review":false,"iawp_total_views":320,"footnotes":""},"class_list":["post-1522","page","type-page","status-publish","hentry"],"yoast_head":"<!-- This site is optimized with the Yoast SEO plugin v25.8 - https:\/\/yoast.com\/wordpress\/plugins\/seo\/ -->\n<title>Privacy Policy - Rinc\u00f3n, PR | What\u2019s Up Rinc\u00f3n and Western Puerto Rico<\/title>\n<meta name=\"description\" content=\"Privacy Policy-We understand that online privacy is important, especially when doing business. This statement outlines our privacy policies.\" \/>\n<meta name=\"robots\" content=\"index, follow, max-snippet:-1, max-image-preview:large, max-video-preview:-1\" \/>\n<link rel=\"canonical\" href=\"https:\/\/whatsuprincon.com\/es\/politica-de-privacidad\/\" \/>\n<meta property=\"og:locale\" content=\"es_ES\" \/>\n<meta property=\"og:type\" content=\"article\" \/>\n<meta property=\"og:title\" content=\"Privacy Policy - Rinc\u00f3n, PR | What\u2019s Up Rinc\u00f3n and Western Puerto Rico\" \/>\n<meta property=\"og:description\" content=\"Privacy Policy-We understand that online privacy is important, especially when doing business. This statement outlines our privacy policies.\" \/>\n<meta property=\"og:url\" content=\"https:\/\/whatsuprincon.com\/es\/politica-de-privacidad\/\" \/>\n<meta property=\"og:site_name\" content=\"Rinc\u00f3n, PR | What\u2019s Up Rinc\u00f3n and Western Puerto Rico\" \/>\n<meta property=\"article:publisher\" content=\"https:\/\/www.facebook.com\/profile.php?id=61557407721782\" \/>\n<meta property=\"article:modified_time\" content=\"2024-07-25T17:36:41+00:00\" \/>\n<meta name=\"twitter:card\" content=\"summary_large_image\" \/>\n<meta name=\"twitter:label1\" content=\"Est. reading time\" \/>\n\t<meta name=\"twitter:data1\" content=\"5 minutos\" \/>\n<script type=\"application\/ld+json\" class=\"yoast-schema-graph\">{\"@context\":\"https:\/\/schema.org\",\"@graph\":[{\"@type\":\"WebPage\",\"@id\":\"https:\/\/whatsuprincon.com\/privacy-policy\/\",\"url\":\"https:\/\/whatsuprincon.com\/privacy-policy\/\",\"name\":\"Privacy Policy - Rinc\u00f3n, PR | What\u2019s Up Rinc\u00f3n and Western Puerto Rico\",\"isPartOf\":{\"@id\":\"https:\/\/whatsuprincon.com\/#website\"},\"datePublished\":\"2024-05-09T18:18:27+00:00\",\"dateModified\":\"2024-07-25T17:36:41+00:00\",\"description\":\"Privacy Policy-We understand that online privacy is important, especially when doing business. This statement outlines our privacy policies.\",\"breadcrumb\":{\"@id\":\"https:\/\/whatsuprincon.com\/privacy-policy\/#breadcrumb\"},\"inLanguage\":\"es\",\"potentialAction\":[{\"@type\":\"ReadAction\",\"target\":[\"https:\/\/whatsuprincon.com\/privacy-policy\/\"]}]},{\"@type\":\"BreadcrumbList\",\"@id\":\"https:\/\/whatsuprincon.com\/privacy-policy\/#breadcrumb\",\"itemListElement\":[{\"@type\":\"ListItem\",\"position\":1,\"name\":\"Home\",\"item\":\"https:\/\/whatsuprincon.com\/\"},{\"@type\":\"ListItem\",\"position\":2,\"name\":\"Privacy Policy\"}]},{\"@type\":\"WebSite\",\"@id\":\"https:\/\/whatsuprincon.com\/#website\",\"url\":\"https:\/\/whatsuprincon.com\/\",\"name\":\"What's Up Rinc\u00f3n\",\"description\":\"What&#039;s Happening in Rinc\u00f3n and Western Puerto Rico\",\"publisher\":{\"@id\":\"https:\/\/whatsuprincon.com\/#organization\"},\"potentialAction\":[{\"@type\":\"SearchAction\",\"target\":{\"@type\":\"EntryPoint\",\"urlTemplate\":\"https:\/\/whatsuprincon.com\/?s={search_term_string}\"},\"query-input\":{\"@type\":\"PropertyValueSpecification\",\"valueRequired\":true,\"valueName\":\"search_term_string\"}}],\"inLanguage\":\"es\"},{\"@type\":\"Organization\",\"@id\":\"https:\/\/whatsuprincon.com\/#organization\",\"name\":\"What's Up Rinc\u00f3n\",\"url\":\"https:\/\/whatsuprincon.com\/\",\"logo\":{\"@type\":\"ImageObject\",\"inLanguage\":\"es\",\"@id\":\"https:\/\/whatsuprincon.com\/#\/schema\/logo\/image\/\",\"url\":\"https:\/\/whatsuprincon.com\/wp-content\/uploads\/2024\/06\/header-logo-e1771168818936.png\",\"contentUrl\":\"https:\/\/whatsuprincon.com\/wp-content\/uploads\/2024\/06\/header-logo-e1771168818936.png\",\"width\":100,\"height\":100,\"caption\":\"What's Up Rinc\u00f3n\"},\"image\":{\"@id\":\"https:\/\/whatsuprincon.com\/#\/schema\/logo\/image\/\"},\"sameAs\":[\"https:\/\/www.facebook.com\/profile.php?id=61557407721782\",\"https:\/\/www.instagram.com\/whatsuprincon\/\"]}]}<\/script>\n<!-- \/ Yoast SEO plugin. -->","yoast_head_json":{"title":"Privacy Policy - Rinc\u00f3n, PR | What\u2019s Up Rinc\u00f3n and Western Puerto Rico","description":"Privacy Policy-We understand that online privacy is important, especially when doing business. This statement outlines our privacy policies.","robots":{"index":"index","follow":"follow","max-snippet":"max-snippet:-1","max-image-preview":"max-image-preview:large","max-video-preview":"max-video-preview:-1"},"canonical":"https:\/\/whatsuprincon.com\/es\/politica-de-privacidad\/","og_locale":"es_ES","og_type":"article","og_title":"Privacy Policy - Rinc\u00f3n, PR | What\u2019s Up Rinc\u00f3n and Western Puerto Rico","og_description":"Privacy Policy-We understand that online privacy is important, especially when doing business. This statement outlines our privacy policies.","og_url":"https:\/\/whatsuprincon.com\/es\/politica-de-privacidad\/","og_site_name":"Rinc\u00f3n, PR | What\u2019s Up Rinc\u00f3n and Western Puerto Rico","article_publisher":"https:\/\/www.facebook.com\/profile.php?id=61557407721782","article_modified_time":"2024-07-25T17:36:41+00:00","twitter_card":"summary_large_image","twitter_misc":{"Est. reading time":"5 minutos"},"schema":{"@context":"https:\/\/schema.org","@graph":[{"@type":"WebPage","@id":"https:\/\/whatsuprincon.com\/privacy-policy\/","url":"https:\/\/whatsuprincon.com\/privacy-policy\/","name":"Privacy Policy - Rinc\u00f3n, PR | What\u2019s Up Rinc\u00f3n and Western Puerto Rico","isPartOf":{"@id":"https:\/\/whatsuprincon.com\/#website"},"datePublished":"2024-05-09T18:18:27+00:00","dateModified":"2024-07-25T17:36:41+00:00","description":"Privacy Policy-We understand that online privacy is important, especially when doing business. This statement outlines our privacy policies.","breadcrumb":{"@id":"https:\/\/whatsuprincon.com\/privacy-policy\/#breadcrumb"},"inLanguage":"es","potentialAction":[{"@type":"ReadAction","target":["https:\/\/whatsuprincon.com\/privacy-policy\/"]}]},{"@type":"BreadcrumbList","@id":"https:\/\/whatsuprincon.com\/privacy-policy\/#breadcrumb","itemListElement":[{"@type":"ListItem","position":1,"name":"Home","item":"https:\/\/whatsuprincon.com\/"},{"@type":"ListItem","position":2,"name":"Privacy Policy"}]},{"@type":"WebSite","@id":"https:\/\/whatsuprincon.com\/#website","url":"https:\/\/whatsuprincon.com\/","name":"What's Up Rinc\u00f3n","description":"What&#039;s Happening in Rinc\u00f3n and Western Puerto Rico","publisher":{"@id":"https:\/\/whatsuprincon.com\/#organization"},"potentialAction":[{"@type":"SearchAction","target":{"@type":"EntryPoint","urlTemplate":"https:\/\/whatsuprincon.com\/?s={search_term_string}"},"query-input":{"@type":"PropertyValueSpecification","valueRequired":true,"valueName":"search_term_string"}}],"inLanguage":"es"},{"@type":"Organization","@id":"https:\/\/whatsuprincon.com\/#organization","name":"What's Up Rinc\u00f3n","url":"https:\/\/whatsuprincon.com\/","logo":{"@type":"ImageObject","inLanguage":"es","@id":"https:\/\/whatsuprincon.com\/#\/schema\/logo\/image\/","url":"https:\/\/whatsuprincon.com\/wp-content\/uploads\/2024\/06\/header-logo-e1771168818936.png","contentUrl":"https:\/\/whatsuprincon.com\/wp-content\/uploads\/2024\/06\/header-logo-e1771168818936.png","width":100,"height":100,"caption":"What's Up Rinc\u00f3n"},"image":{"@id":"https:\/\/whatsuprincon.com\/#\/schema\/logo\/image\/"},"sameAs":["https:\/\/www.facebook.com\/profile.php?id=61557407721782","https:\/\/www.instagram.com\/whatsuprincon\/"]}]}},"_links":{"self":[{"href":"https:\/\/whatsuprincon.com\/es\/wp-json\/wp\/v2\/pages\/1522","targetHints":{"allow":["GET"]}}],"collection":[{"href":"https:\/\/whatsuprincon.com\/es\/wp-json\/wp\/v2\/pages"}],"about":[{"href":"https:\/\/whatsuprincon.com\/es\/wp-json\/wp\/v2\/types\/page"}],"author":[{"embeddable":true,"href":"https:\/\/whatsuprincon.com\/es\/wp-json\/wp\/v2\/users\/1"}],"replies":[{"embeddable":true,"href":"https:\/\/whatsuprincon.com\/es\/wp-json\/wp\/v2\/comments?post=1522"}],"version-history":[{"count":4,"href":"https:\/\/whatsuprincon.com\/es\/wp-json\/wp\/v2\/pages\/1522\/revisions"}],"predecessor-version":[{"id":3532,"href":"https:\/\/whatsuprincon.com\/es\/wp-json\/wp\/v2\/pages\/1522\/revisions\/3532"}],"wp:attachment":[{"href":"https:\/\/whatsuprincon.com\/es\/wp-json\/wp\/v2\/media?parent=1522"}],"curies":[{"name":"wp","href":"https:\/\/api.w.org\/{rel}","templated":true}]}}