{"id":1579,"date":"2024-05-12T17:05:21","date_gmt":"2024-05-12T17:05:21","guid":{"rendered":"https:\/\/whatsuprincon.com\/?page_id=1579"},"modified":"2026-02-18T20:40:57","modified_gmt":"2026-02-19T00:40:57","slug":"proximos-eventos-spanish","status":"publish","type":"page","link":"https:\/\/whatsuprincon.com\/es\/proximos-eventos-espanol\/","title":{"rendered":"Pr\u00f3ximos eventos"},"content":{"rendered":"<div style=\"height:31px\" aria-hidden=\"true\" class=\"wp-block-spacer\"><\/div>\n\n\n\n<div style=\"height:30px\" aria-hidden=\"true\" class=\"wp-block-spacer\"><\/div>\n\n\n\n<div style=\"height:10px\" aria-hidden=\"true\" class=\"wp-block-spacer\"><\/div>\n\n\n<div  class=\"wp-block-ultimate-post-heading ultp-block-800c66\"><div class=\"ultp-block-wrapper\"><div class=\"ultp-heading-wrap ultp-heading-style10 ultp-heading-center\"><h2 class=\"ultp-heading-inner\"><span>Eventos Destacados<\/span><\/h2><\/div><\/div><\/div>\n\n\n<div style=\"height:10px\" aria-hidden=\"true\" class=\"wp-block-spacer\"><\/div>\n\n\n\n<div class=\"wp-block-ultimate-post-button-group ultp-block-ae1ca6\"><div class=\"ultp-button-wrapper ultp-button-frontend ultp-anim-none\">\n<a class=\"wp-block-ultimate-post-button ultp-block-0bf74f ultp-button-layout4\" href=\"https:\/\/whatsuprincon.com\/es\/proximos-eventos\/\" target=\"_self\" rel=\"noopener\"><div class=\"ultp-button-text\"> English<\/div><\/a>\n\n\n\n<a class=\"wp-block-ultimate-post-button ultp-block-a9ece8 ultp-button-layout4\" href=\"https:\/\/whatsuprincon.com\/es\/event-list-your-event\/\" target=\"_blank\" rel=\"noopener\"><div class=\"ultp-button-text\">Enviar un evento<\/div><\/a>\n<\/div><\/div>\n\n\n\n<div style=\"height:10px\" aria-hidden=\"true\" class=\"wp-block-spacer\"><\/div>\n\n\n\n<div style=\"height:10px\" aria-hidden=\"true\" class=\"wp-block-spacer\"><\/div>\n\n\n\n<div style=\"height:0px\" aria-hidden=\"true\" class=\"wp-block-spacer\"><\/div>\n\n\n\n<div><div data-tockify-component=\"calendar\" data-tockify-calendar=\"spanish\" data-tockify-gtn_version=\"2\" data-tockify-tags=\"Evento-destacado\"><\/div><\/div>\n\n\n\n<div style=\"height:47px\" aria-hidden=\"true\" class=\"wp-block-spacer\"><\/div>\n\n\n\n<script async src=\"https:\/\/pagead2.googlesyndication.com\/pagead\/js\/adsbygoogle.js?client=ca-pub-6504974084723087\"\n     crossorigin=\"anonymous\"><\/script>\n\n\n<div  class=\"wp-block-ultimate-post-heading ultp-block-6a0e46\"><div class=\"ultp-block-wrapper\"><div class=\"ultp-heading-wrap ultp-heading-style14 ultp-heading-center\"><h2 class=\"ultp-heading-inner\"><span>Todos los Eventos<\/span><\/h2><\/div><\/div><\/div>\n\n<br><div data-tockify-calendar=\"spanish\" data-tockify-component=\"mini\"><\/div><script type='text\/javascript'>if (window._tkf && window._tkf.loadDeclaredCalendars) {window._tkf.loadDeclaredCalendars();}<\/script>\n\n\n\n<div style=\"height:32px\" aria-hidden=\"true\" class=\"wp-block-spacer\"><\/div>\n\n\n\n<script async src=\"https:\/\/pagead2.googlesyndication.com\/pagead\/js\/adsbygoogle.js?client=ca-pub-6504974084723087\"\n     crossorigin=\"anonymous\"><\/script>","protected":false},"excerpt":{"rendered":"","protected":false},"author":1,"featured_media":0,"parent":0,"menu_order":0,"comment_status":"closed","ping_status":"closed","template":"","meta":{"_coblocks_attr":"","_coblocks_dimensions":"","_coblocks_responsive_height":"","_coblocks_accordion_ie_support":"","_themeisle_gutenberg_block_has_review":false,"iawp_total_views":2259,"footnotes":""},"class_list":["post-1579","page","type-page","status-publish","hentry"],"yoast_head":"<!-- This site is optimized with the Yoast SEO plugin v25.8 - https:\/\/yoast.com\/wordpress\/plugins\/seo\/ -->\n<title>Proximos eventos - Rinc\u00f3n, PR | What\u2019s Up Rinc\u00f3n and Western Puerto Rico<\/title>\n<meta name=\"description\" content=\"Proximos eventos en Aguada, Rinc\u00f3n, y A\u00f1asco Puerto Rico. Calendario de eventos, happy hours, m\u00fasica en vivo y m\u00e1s. Descubre lo que pasa.\" \/>\n<meta name=\"robots\" content=\"index, follow, max-snippet:-1, max-image-preview:large, max-video-preview:-1\" \/>\n<link rel=\"canonical\" href=\"https:\/\/whatsuprincon.com\/es\/proximos-eventos-espanol\/\" \/>\n<meta property=\"og:locale\" content=\"es_ES\" \/>\n<meta property=\"og:type\" content=\"article\" \/>\n<meta property=\"og:title\" content=\"Proximos eventos - Rinc\u00f3n, PR | What\u2019s Up Rinc\u00f3n and Western Puerto Rico\" \/>\n<meta property=\"og:description\" content=\"Proximos eventos en Aguada, Rinc\u00f3n, y A\u00f1asco Puerto Rico. Calendario de eventos, happy hours, m\u00fasica en vivo y m\u00e1s. Descubre lo que pasa.\" \/>\n<meta property=\"og:url\" content=\"https:\/\/whatsuprincon.com\/es\/proximos-eventos-espanol\/\" \/>\n<meta property=\"og:site_name\" content=\"Rinc\u00f3n, PR | What\u2019s Up Rinc\u00f3n and Western Puerto Rico\" \/>\n<meta property=\"article:publisher\" content=\"https:\/\/www.facebook.com\/profile.php?id=61557407721782\" \/>\n<meta property=\"article:modified_time\" content=\"2026-02-19T00:40:57+00:00\" \/>\n<meta name=\"twitter:card\" content=\"summary_large_image\" \/>\n<meta name=\"twitter:label1\" content=\"Est. reading time\" \/>\n\t<meta name=\"twitter:data1\" content=\"1 minuto\" \/>\n<script type=\"application\/ld+json\" class=\"yoast-schema-graph\">{\"@context\":\"https:\/\/schema.org\",\"@graph\":[{\"@type\":\"WebPage\",\"@id\":\"https:\/\/whatsuprincon.com\/proximos-eventos-spanish\/\",\"url\":\"https:\/\/whatsuprincon.com\/proximos-eventos-spanish\/\",\"name\":\"Proximos eventos - Rinc\u00f3n, PR | What\u2019s Up Rinc\u00f3n and Western Puerto Rico\",\"isPartOf\":{\"@id\":\"https:\/\/whatsuprincon.com\/#website\"},\"datePublished\":\"2024-05-12T17:05:21+00:00\",\"dateModified\":\"2026-02-19T00:40:57+00:00\",\"description\":\"Proximos eventos en Aguada, Rinc\u00f3n, y A\u00f1asco Puerto Rico. Calendario de eventos, happy hours, m\u00fasica en vivo y m\u00e1s. Descubre lo que pasa.\",\"breadcrumb\":{\"@id\":\"https:\/\/whatsuprincon.com\/proximos-eventos-spanish\/#breadcrumb\"},\"inLanguage\":\"es\",\"potentialAction\":[{\"@type\":\"ReadAction\",\"target\":[\"https:\/\/whatsuprincon.com\/proximos-eventos-spanish\/\"]}]},{\"@type\":\"BreadcrumbList\",\"@id\":\"https:\/\/whatsuprincon.com\/proximos-eventos-spanish\/#breadcrumb\",\"itemListElement\":[{\"@type\":\"ListItem\",\"position\":1,\"name\":\"Home\",\"item\":\"https:\/\/whatsuprincon.com\/\"},{\"@type\":\"ListItem\",\"position\":2,\"name\":\"Pr\u00f3ximos Eventos\"}]},{\"@type\":\"WebSite\",\"@id\":\"https:\/\/whatsuprincon.com\/#website\",\"url\":\"https:\/\/whatsuprincon.com\/\",\"name\":\"What's Up Rinc\u00f3n\",\"description\":\"What&#039;s Happening in Rinc\u00f3n and Western Puerto Rico\",\"publisher\":{\"@id\":\"https:\/\/whatsuprincon.com\/#organization\"},\"potentialAction\":[{\"@type\":\"SearchAction\",\"target\":{\"@type\":\"EntryPoint\",\"urlTemplate\":\"https:\/\/whatsuprincon.com\/?s={search_term_string}\"},\"query-input\":{\"@type\":\"PropertyValueSpecification\",\"valueRequired\":true,\"valueName\":\"search_term_string\"}}],\"inLanguage\":\"es\"},{\"@type\":\"Organization\",\"@id\":\"https:\/\/whatsuprincon.com\/#organization\",\"name\":\"What's Up Rinc\u00f3n\",\"url\":\"https:\/\/whatsuprincon.com\/\",\"logo\":{\"@type\":\"ImageObject\",\"inLanguage\":\"es\",\"@id\":\"https:\/\/whatsuprincon.com\/#\/schema\/logo\/image\/\",\"url\":\"https:\/\/whatsuprincon.com\/wp-content\/uploads\/2024\/06\/header-logo-e1771168818936.png\",\"contentUrl\":\"https:\/\/whatsuprincon.com\/wp-content\/uploads\/2024\/06\/header-logo-e1771168818936.png\",\"width\":100,\"height\":100,\"caption\":\"What's Up Rinc\u00f3n\"},\"image\":{\"@id\":\"https:\/\/whatsuprincon.com\/#\/schema\/logo\/image\/\"},\"sameAs\":[\"https:\/\/www.facebook.com\/profile.php?id=61557407721782\",\"https:\/\/www.instagram.com\/whatsuprincon\/\"]}]}<\/script>\n<!-- \/ Yoast SEO plugin. -->","yoast_head_json":{"title":"Proximos eventos - Rinc\u00f3n, PR | What\u2019s Up Rinc\u00f3n and Western Puerto Rico","description":"Proximos eventos en Aguada, Rinc\u00f3n, y A\u00f1asco Puerto Rico. Calendario de eventos, happy hours, m\u00fasica en vivo y m\u00e1s. Descubre lo que pasa.","robots":{"index":"index","follow":"follow","max-snippet":"max-snippet:-1","max-image-preview":"max-image-preview:large","max-video-preview":"max-video-preview:-1"},"canonical":"https:\/\/whatsuprincon.com\/es\/proximos-eventos-espanol\/","og_locale":"es_ES","og_type":"article","og_title":"Proximos eventos - Rinc\u00f3n, PR | What\u2019s Up Rinc\u00f3n and Western Puerto Rico","og_description":"Proximos eventos en Aguada, Rinc\u00f3n, y A\u00f1asco Puerto Rico. Calendario de eventos, happy hours, m\u00fasica en vivo y m\u00e1s. Descubre lo que pasa.","og_url":"https:\/\/whatsuprincon.com\/es\/proximos-eventos-espanol\/","og_site_name":"Rinc\u00f3n, PR | What\u2019s Up Rinc\u00f3n and Western Puerto Rico","article_publisher":"https:\/\/www.facebook.com\/profile.php?id=61557407721782","article_modified_time":"2026-02-19T00:40:57+00:00","twitter_card":"summary_large_image","twitter_misc":{"Est. reading time":"1 minuto"},"schema":{"@context":"https:\/\/schema.org","@graph":[{"@type":"WebPage","@id":"https:\/\/whatsuprincon.com\/proximos-eventos-spanish\/","url":"https:\/\/whatsuprincon.com\/proximos-eventos-spanish\/","name":"Proximos eventos - Rinc\u00f3n, PR | What\u2019s Up Rinc\u00f3n and Western Puerto Rico","isPartOf":{"@id":"https:\/\/whatsuprincon.com\/#website"},"datePublished":"2024-05-12T17:05:21+00:00","dateModified":"2026-02-19T00:40:57+00:00","description":"Proximos eventos en Aguada, Rinc\u00f3n, y A\u00f1asco Puerto Rico. Calendario de eventos, happy hours, m\u00fasica en vivo y m\u00e1s. Descubre lo que pasa.","breadcrumb":{"@id":"https:\/\/whatsuprincon.com\/proximos-eventos-spanish\/#breadcrumb"},"inLanguage":"es","potentialAction":[{"@type":"ReadAction","target":["https:\/\/whatsuprincon.com\/proximos-eventos-spanish\/"]}]},{"@type":"BreadcrumbList","@id":"https:\/\/whatsuprincon.com\/proximos-eventos-spanish\/#breadcrumb","itemListElement":[{"@type":"ListItem","position":1,"name":"Home","item":"https:\/\/whatsuprincon.com\/"},{"@type":"ListItem","position":2,"name":"Pr\u00f3ximos Eventos"}]},{"@type":"WebSite","@id":"https:\/\/whatsuprincon.com\/#website","url":"https:\/\/whatsuprincon.com\/","name":"What's Up Rinc\u00f3n","description":"What&#039;s Happening in Rinc\u00f3n and Western Puerto Rico","publisher":{"@id":"https:\/\/whatsuprincon.com\/#organization"},"potentialAction":[{"@type":"SearchAction","target":{"@type":"EntryPoint","urlTemplate":"https:\/\/whatsuprincon.com\/?s={search_term_string}"},"query-input":{"@type":"PropertyValueSpecification","valueRequired":true,"valueName":"search_term_string"}}],"inLanguage":"es"},{"@type":"Organization","@id":"https:\/\/whatsuprincon.com\/#organization","name":"What's Up Rinc\u00f3n","url":"https:\/\/whatsuprincon.com\/","logo":{"@type":"ImageObject","inLanguage":"es","@id":"https:\/\/whatsuprincon.com\/#\/schema\/logo\/image\/","url":"https:\/\/whatsuprincon.com\/wp-content\/uploads\/2024\/06\/header-logo-e1771168818936.png","contentUrl":"https:\/\/whatsuprincon.com\/wp-content\/uploads\/2024\/06\/header-logo-e1771168818936.png","width":100,"height":100,"caption":"What's Up Rinc\u00f3n"},"image":{"@id":"https:\/\/whatsuprincon.com\/#\/schema\/logo\/image\/"},"sameAs":["https:\/\/www.facebook.com\/profile.php?id=61557407721782","https:\/\/www.instagram.com\/whatsuprincon\/"]}]}},"_links":{"self":[{"href":"https:\/\/whatsuprincon.com\/es\/wp-json\/wp\/v2\/pages\/1579","targetHints":{"allow":["GET"]}}],"collection":[{"href":"https:\/\/whatsuprincon.com\/es\/wp-json\/wp\/v2\/pages"}],"about":[{"href":"https:\/\/whatsuprincon.com\/es\/wp-json\/wp\/v2\/types\/page"}],"author":[{"embeddable":true,"href":"https:\/\/whatsuprincon.com\/es\/wp-json\/wp\/v2\/users\/1"}],"replies":[{"embeddable":true,"href":"https:\/\/whatsuprincon.com\/es\/wp-json\/wp\/v2\/comments?post=1579"}],"version-history":[{"count":70,"href":"https:\/\/whatsuprincon.com\/es\/wp-json\/wp\/v2\/pages\/1579\/revisions"}],"predecessor-version":[{"id":11415,"href":"https:\/\/whatsuprincon.com\/es\/wp-json\/wp\/v2\/pages\/1579\/revisions\/11415"}],"wp:attachment":[{"href":"https:\/\/whatsuprincon.com\/es\/wp-json\/wp\/v2\/media?parent=1579"}],"curies":[{"name":"wp","href":"https:\/\/api.w.org\/{rel}","templated":true}]}}