{"id":2041,"date":"2024-05-24T19:03:28","date_gmt":"2024-05-24T19:03:28","guid":{"rendered":"https:\/\/whatsuprincon.com\/?page_id=2041"},"modified":"2026-02-12T13:00:17","modified_gmt":"2026-02-12T17:00:17","slug":"donation","status":"publish","type":"page","link":"https:\/\/whatsuprincon.com\/es\/donacion\/","title":{"rendered":"Ap\u00f3yanos"},"content":{"rendered":"<h1 class=\"wp-block-heading has-text-align-center\">Ap\u00f3yanos<\/h1>\n\n\n\n<div class=\"wp-block-media-text alignwide is-stacked-on-mobile is-style-default has-white-color has-black-background-color has-text-color has-background has-link-color wp-elements-0a4d8968739d5042a132148efe9fbc34\" style=\"grid-template-columns:49% auto\"><figure class=\"wp-block-media-text__media\"><img loading=\"lazy\" decoding=\"async\" width=\"1024\" height=\"1024\" src=\"https:\/\/whatsuprincon.com\/wp-content\/uploads\/2024\/05\/Untitled-design-16-1-1024x1024.png\" alt=\"Donaci\u00f3n-What&#039;s Up Rinc\u00f3n\" class=\"wp-image-1413 size-full\" srcset=\"https:\/\/whatsuprincon.com\/wp-content\/uploads\/2024\/05\/Untitled-design-16-1-1024x1024.png 1024w, https:\/\/whatsuprincon.com\/wp-content\/uploads\/2024\/05\/Untitled-design-16-1-300x300.png 300w, https:\/\/whatsuprincon.com\/wp-content\/uploads\/2024\/05\/Untitled-design-16-1-150x150.png 150w, https:\/\/whatsuprincon.com\/wp-content\/uploads\/2024\/05\/Untitled-design-16-1-768x768.png 768w, https:\/\/whatsuprincon.com\/wp-content\/uploads\/2024\/05\/Untitled-design-16-1-600x600.png 600w, https:\/\/whatsuprincon.com\/wp-content\/uploads\/2024\/05\/Untitled-design-16-1.png 1080w\" sizes=\"auto, (max-width: 1024px) 100vw, 1024px\" \/><\/figure><div class=\"wp-block-media-text__content\">\n<p class=\"has-text-align-center\" style=\"font-size:18px\">Estamos en una misi\u00f3n de brindarte informaci\u00f3n confiable y gratuita sobre nuestra comunidad todos los d\u00edas. Tu donaci\u00f3n hace posible que el sitio siga funcionando y creciendo. Cada aportaci\u00f3n nos ayuda a traerte las noticias, consejos e historias que te importan.<\/p>\n<\/div><\/div>\n\n\n\n<div style=\"height:30px\" aria-hidden=\"true\" class=\"wp-block-spacer\"><\/div>\n\n\n\n<div style=\"height:30px\" aria-hidden=\"true\" class=\"wp-block-spacer\"><\/div>\n\n\n\n<h2 class=\"wp-block-heading has-text-align-left\">Donaci\u00f3n \u00fanica<\/h2>\n\n\n\n<script src=\"https:\/\/www.paypal.com\/sdk\/js?client-id=BAAdCuzjTGo5RK6j5tyM_iGR5EknUjCPfJVkp6DWV_mICcqZ2sz1NecGi4fooyreSH9rHGJgzbNMJFgqoY&#038;components=hosted-buttons&#038;enable-funding=venmo&#038;currency=USD\"><\/script>\n<div id=\"paypal-container-UFRJF6JZKUU84\"><\/div>\n<script>\n  paypal.HostedButtons({\n    hostedButtonId: \"UFRJF6JZKUU84\",\n  }).render(\"#paypal-container-UFRJF6JZKUU84\")\n<\/script>","protected":false},"excerpt":{"rendered":"<p>Support Free Media We\u2019re on a mission to give you free, reliable info about our community every day. Your donation [&hellip;]<\/p>","protected":false},"author":1,"featured_media":0,"parent":0,"menu_order":0,"comment_status":"closed","ping_status":"closed","template":"","meta":{"_coblocks_attr":"","_coblocks_dimensions":"","_coblocks_responsive_height":"","_coblocks_accordion_ie_support":"","_themeisle_gutenberg_block_has_review":false,"iawp_total_views":55,"footnotes":""},"class_list":["post-2041","page","type-page","status-publish","hentry"],"yoast_head":"<!-- This site is optimized with the Yoast SEO plugin v25.8 - https:\/\/yoast.com\/wordpress\/plugins\/seo\/ -->\n<title>Donation - Rinc\u00f3n, PR | What\u2019s Up Rinc\u00f3n and Western Puerto Rico<\/title>\n<meta name=\"description\" content=\"What&#039;s Up Rinc\u00f3n-Support Free Media-One time donation used to maintain and upgrade our site, allowing us to offer additional features.\" \/>\n<meta name=\"robots\" content=\"index, follow, max-snippet:-1, max-image-preview:large, max-video-preview:-1\" \/>\n<link rel=\"canonical\" href=\"https:\/\/whatsuprincon.com\/es\/donacion\/\" \/>\n<meta property=\"og:locale\" content=\"es_ES\" \/>\n<meta property=\"og:type\" content=\"article\" \/>\n<meta property=\"og:title\" content=\"Donation - Rinc\u00f3n, PR | What\u2019s Up Rinc\u00f3n and Western Puerto Rico\" \/>\n<meta property=\"og:description\" content=\"What&#039;s Up Rinc\u00f3n-Support Free Media-One time donation used to maintain and upgrade our site, allowing us to offer additional features.\" \/>\n<meta property=\"og:url\" content=\"https:\/\/whatsuprincon.com\/es\/donacion\/\" \/>\n<meta property=\"og:site_name\" content=\"Rinc\u00f3n, PR | What\u2019s Up Rinc\u00f3n and Western Puerto Rico\" \/>\n<meta property=\"article:publisher\" content=\"https:\/\/www.facebook.com\/profile.php?id=61557407721782\" \/>\n<meta property=\"article:modified_time\" content=\"2026-02-12T17:00:17+00:00\" \/>\n<meta property=\"og:image\" content=\"https:\/\/whatsuprincon.com\/wp-content\/uploads\/2024\/05\/Untitled-design-16-1.png\" \/>\n\t<meta property=\"og:image:width\" content=\"1080\" \/>\n\t<meta property=\"og:image:height\" content=\"1080\" \/>\n\t<meta property=\"og:image:type\" content=\"image\/png\" \/>\n<meta name=\"twitter:card\" content=\"summary_large_image\" \/>\n<meta name=\"twitter:label1\" content=\"Est. reading time\" \/>\n\t<meta name=\"twitter:data1\" content=\"1 minuto\" \/>\n<script type=\"application\/ld+json\" class=\"yoast-schema-graph\">{\"@context\":\"https:\/\/schema.org\",\"@graph\":[{\"@type\":\"WebPage\",\"@id\":\"https:\/\/whatsuprincon.com\/donation\/\",\"url\":\"https:\/\/whatsuprincon.com\/donation\/\",\"name\":\"Donation - Rinc\u00f3n, PR | What\u2019s Up Rinc\u00f3n and Western Puerto Rico\",\"isPartOf\":{\"@id\":\"https:\/\/whatsuprincon.com\/#website\"},\"primaryImageOfPage\":{\"@id\":\"https:\/\/whatsuprincon.com\/donation\/#primaryimage\"},\"image\":{\"@id\":\"https:\/\/whatsuprincon.com\/donation\/#primaryimage\"},\"thumbnailUrl\":\"https:\/\/whatsuprincon.com\/wp-content\/uploads\/2024\/05\/Untitled-design-16-1-1024x1024.png\",\"datePublished\":\"2024-05-24T19:03:28+00:00\",\"dateModified\":\"2026-02-12T17:00:17+00:00\",\"description\":\"What's Up Rinc\u00f3n-Support Free Media-One time donation used to maintain and upgrade our site, allowing us to offer additional features.\",\"breadcrumb\":{\"@id\":\"https:\/\/whatsuprincon.com\/donation\/#breadcrumb\"},\"inLanguage\":\"es\",\"potentialAction\":[{\"@type\":\"ReadAction\",\"target\":[\"https:\/\/whatsuprincon.com\/donation\/\"]}]},{\"@type\":\"ImageObject\",\"inLanguage\":\"es\",\"@id\":\"https:\/\/whatsuprincon.com\/donation\/#primaryimage\",\"url\":\"https:\/\/whatsuprincon.com\/wp-content\/uploads\/2024\/05\/Untitled-design-16-1-1024x1024.png\",\"contentUrl\":\"https:\/\/whatsuprincon.com\/wp-content\/uploads\/2024\/05\/Untitled-design-16-1-1024x1024.png\"},{\"@type\":\"BreadcrumbList\",\"@id\":\"https:\/\/whatsuprincon.com\/donation\/#breadcrumb\",\"itemListElement\":[{\"@type\":\"ListItem\",\"position\":1,\"name\":\"Home\",\"item\":\"https:\/\/whatsuprincon.com\/\"},{\"@type\":\"ListItem\",\"position\":2,\"name\":\"Support Free Media\"}]},{\"@type\":\"WebSite\",\"@id\":\"https:\/\/whatsuprincon.com\/#website\",\"url\":\"https:\/\/whatsuprincon.com\/\",\"name\":\"What's Up Rinc\u00f3n\",\"description\":\"What&#039;s Happening in Rinc\u00f3n and Western Puerto Rico\",\"publisher\":{\"@id\":\"https:\/\/whatsuprincon.com\/#organization\"},\"potentialAction\":[{\"@type\":\"SearchAction\",\"target\":{\"@type\":\"EntryPoint\",\"urlTemplate\":\"https:\/\/whatsuprincon.com\/?s={search_term_string}\"},\"query-input\":{\"@type\":\"PropertyValueSpecification\",\"valueRequired\":true,\"valueName\":\"search_term_string\"}}],\"inLanguage\":\"es\"},{\"@type\":\"Organization\",\"@id\":\"https:\/\/whatsuprincon.com\/#organization\",\"name\":\"What's Up Rinc\u00f3n\",\"url\":\"https:\/\/whatsuprincon.com\/\",\"logo\":{\"@type\":\"ImageObject\",\"inLanguage\":\"es\",\"@id\":\"https:\/\/whatsuprincon.com\/#\/schema\/logo\/image\/\",\"url\":\"https:\/\/whatsuprincon.com\/wp-content\/uploads\/2024\/06\/header-logo-e1771168818936.png\",\"contentUrl\":\"https:\/\/whatsuprincon.com\/wp-content\/uploads\/2024\/06\/header-logo-e1771168818936.png\",\"width\":100,\"height\":100,\"caption\":\"What's Up Rinc\u00f3n\"},\"image\":{\"@id\":\"https:\/\/whatsuprincon.com\/#\/schema\/logo\/image\/\"},\"sameAs\":[\"https:\/\/www.facebook.com\/profile.php?id=61557407721782\",\"https:\/\/www.instagram.com\/whatsuprincon\/\"]}]}<\/script>\n<!-- \/ Yoast SEO plugin. -->","yoast_head_json":{"title":"Donation - Rinc\u00f3n, PR | What\u2019s Up Rinc\u00f3n and Western Puerto Rico","description":"What's Up Rinc\u00f3n-Support Free Media-One time donation used to maintain and upgrade our site, allowing us to offer additional features.","robots":{"index":"index","follow":"follow","max-snippet":"max-snippet:-1","max-image-preview":"max-image-preview:large","max-video-preview":"max-video-preview:-1"},"canonical":"https:\/\/whatsuprincon.com\/es\/donacion\/","og_locale":"es_ES","og_type":"article","og_title":"Donation - Rinc\u00f3n, PR | What\u2019s Up Rinc\u00f3n and Western Puerto Rico","og_description":"What's Up Rinc\u00f3n-Support Free Media-One time donation used to maintain and upgrade our site, allowing us to offer additional features.","og_url":"https:\/\/whatsuprincon.com\/es\/donacion\/","og_site_name":"Rinc\u00f3n, PR | What\u2019s Up Rinc\u00f3n and Western Puerto Rico","article_publisher":"https:\/\/www.facebook.com\/profile.php?id=61557407721782","article_modified_time":"2026-02-12T17:00:17+00:00","og_image":[{"width":1080,"height":1080,"url":"https:\/\/whatsuprincon.com\/wp-content\/uploads\/2024\/05\/Untitled-design-16-1.png","type":"image\/png"}],"twitter_card":"summary_large_image","twitter_misc":{"Est. reading time":"1 minuto"},"schema":{"@context":"https:\/\/schema.org","@graph":[{"@type":"WebPage","@id":"https:\/\/whatsuprincon.com\/donation\/","url":"https:\/\/whatsuprincon.com\/donation\/","name":"Donation - Rinc\u00f3n, PR | What\u2019s Up Rinc\u00f3n and Western Puerto Rico","isPartOf":{"@id":"https:\/\/whatsuprincon.com\/#website"},"primaryImageOfPage":{"@id":"https:\/\/whatsuprincon.com\/donation\/#primaryimage"},"image":{"@id":"https:\/\/whatsuprincon.com\/donation\/#primaryimage"},"thumbnailUrl":"https:\/\/whatsuprincon.com\/wp-content\/uploads\/2024\/05\/Untitled-design-16-1-1024x1024.png","datePublished":"2024-05-24T19:03:28+00:00","dateModified":"2026-02-12T17:00:17+00:00","description":"What's Up Rinc\u00f3n-Support Free Media-One time donation used to maintain and upgrade our site, allowing us to offer additional features.","breadcrumb":{"@id":"https:\/\/whatsuprincon.com\/donation\/#breadcrumb"},"inLanguage":"es","potentialAction":[{"@type":"ReadAction","target":["https:\/\/whatsuprincon.com\/donation\/"]}]},{"@type":"ImageObject","inLanguage":"es","@id":"https:\/\/whatsuprincon.com\/donation\/#primaryimage","url":"https:\/\/whatsuprincon.com\/wp-content\/uploads\/2024\/05\/Untitled-design-16-1-1024x1024.png","contentUrl":"https:\/\/whatsuprincon.com\/wp-content\/uploads\/2024\/05\/Untitled-design-16-1-1024x1024.png"},{"@type":"BreadcrumbList","@id":"https:\/\/whatsuprincon.com\/donation\/#breadcrumb","itemListElement":[{"@type":"ListItem","position":1,"name":"Home","item":"https:\/\/whatsuprincon.com\/"},{"@type":"ListItem","position":2,"name":"Support Free Media"}]},{"@type":"WebSite","@id":"https:\/\/whatsuprincon.com\/#website","url":"https:\/\/whatsuprincon.com\/","name":"What's Up Rinc\u00f3n","description":"What&#039;s Happening in Rinc\u00f3n and Western Puerto Rico","publisher":{"@id":"https:\/\/whatsuprincon.com\/#organization"},"potentialAction":[{"@type":"SearchAction","target":{"@type":"EntryPoint","urlTemplate":"https:\/\/whatsuprincon.com\/?s={search_term_string}"},"query-input":{"@type":"PropertyValueSpecification","valueRequired":true,"valueName":"search_term_string"}}],"inLanguage":"es"},{"@type":"Organization","@id":"https:\/\/whatsuprincon.com\/#organization","name":"What's Up Rinc\u00f3n","url":"https:\/\/whatsuprincon.com\/","logo":{"@type":"ImageObject","inLanguage":"es","@id":"https:\/\/whatsuprincon.com\/#\/schema\/logo\/image\/","url":"https:\/\/whatsuprincon.com\/wp-content\/uploads\/2024\/06\/header-logo-e1771168818936.png","contentUrl":"https:\/\/whatsuprincon.com\/wp-content\/uploads\/2024\/06\/header-logo-e1771168818936.png","width":100,"height":100,"caption":"What's Up Rinc\u00f3n"},"image":{"@id":"https:\/\/whatsuprincon.com\/#\/schema\/logo\/image\/"},"sameAs":["https:\/\/www.facebook.com\/profile.php?id=61557407721782","https:\/\/www.instagram.com\/whatsuprincon\/"]}]}},"_links":{"self":[{"href":"https:\/\/whatsuprincon.com\/es\/wp-json\/wp\/v2\/pages\/2041","targetHints":{"allow":["GET"]}}],"collection":[{"href":"https:\/\/whatsuprincon.com\/es\/wp-json\/wp\/v2\/pages"}],"about":[{"href":"https:\/\/whatsuprincon.com\/es\/wp-json\/wp\/v2\/types\/page"}],"author":[{"embeddable":true,"href":"https:\/\/whatsuprincon.com\/es\/wp-json\/wp\/v2\/users\/1"}],"replies":[{"embeddable":true,"href":"https:\/\/whatsuprincon.com\/es\/wp-json\/wp\/v2\/comments?post=2041"}],"version-history":[{"count":29,"href":"https:\/\/whatsuprincon.com\/es\/wp-json\/wp\/v2\/pages\/2041\/revisions"}],"predecessor-version":[{"id":11247,"href":"https:\/\/whatsuprincon.com\/es\/wp-json\/wp\/v2\/pages\/2041\/revisions\/11247"}],"wp:attachment":[{"href":"https:\/\/whatsuprincon.com\/es\/wp-json\/wp\/v2\/media?parent=2041"}],"curies":[{"name":"wp","href":"https:\/\/api.w.org\/{rel}","templated":true}]}}