{"id":242,"date":"2024-04-22T12:41:04","date_gmt":"2024-04-22T12:41:04","guid":{"rendered":"https:\/\/whatsuprincon.com\/?page_id=242"},"modified":"2024-07-25T12:54:29","modified_gmt":"2024-07-25T16:54:29","slug":"partner-with-us","status":"publish","type":"page","link":"https:\/\/whatsuprincon.com\/es\/colabore-con-nosotros\/","title":{"rendered":"As\u00f3ciese con nosotros"},"content":{"rendered":"<div class=\"wp-block-media-text is-stacked-on-mobile is-style-default\"><figure class=\"wp-block-media-text__media\"><img loading=\"lazy\" decoding=\"async\" width=\"496\" height=\"496\" src=\"https:\/\/whatsuprincon.com\/wp-content\/uploads\/2024\/04\/cropped-cropped-cropped-cropped-Final-answer-11-1-1.png\" alt=\"What&#039;s Up Rinc\u00f3n-Socio con nosotros\" class=\"wp-image-1198 size-full\" srcset=\"https:\/\/whatsuprincon.com\/wp-content\/uploads\/2024\/04\/cropped-cropped-cropped-cropped-Final-answer-11-1-1.png 496w, https:\/\/whatsuprincon.com\/wp-content\/uploads\/2024\/04\/cropped-cropped-cropped-cropped-Final-answer-11-1-1-300x300.png 300w, https:\/\/whatsuprincon.com\/wp-content\/uploads\/2024\/04\/cropped-cropped-cropped-cropped-Final-answer-11-1-1-150x150.png 150w\" sizes=\"auto, (max-width: 496px) 100vw, 496px\" \/><\/figure><div class=\"wp-block-media-text__content\">\n<p class=\"has-white-color has-black-background-color has-text-color has-background has-link-color wp-elements-8c2e0371322fd58dba9725b77f123a13\">Nuestro objetivo es asociarnos con organizaciones que aporten informaci\u00f3n o servicios valiosos a nuestra comunidad. Mediante el marketing cruzado y los enlaces a socios en nuestro sitio web, podemos llegar a un p\u00fablico m\u00e1s amplio. Si su organizaci\u00f3n est\u00e1 interesada en asociarse con nosotros, rellene el siguiente formulario.  Estaremos encantados de recibir noticias suyas.<\/p>\n<\/div><\/div>\n\n\n\n\t\t<div class=\"coblocks-form\" id=\"f188a832740ce787f117bccdc18d7a0daeb6ac3f\">\n\n\t\t\t\n\t\t\t<form action=\"\/es\/colabore-con-nosotros\/\" method=\"post\" data-trp-original-action=\"https:\/\/whatsuprincon.com\/es\/colabore-con-nosotros\/#f188a832740ce787f117bccdc18d7a0daeb6ac3f\">\n\t\t\t\t\n<div class=\"wp-block-coblocks-form\"><label class=\"coblocks-label\">Nombre <span class=\"required\">&#042;<\/span><\/label>\n\t\t<input type=\"hidden\" name=\"field-name[label]\" value=\"Name\">\n\n\t\t\t\t<input type=\"hidden\" id=\"name-field-id\" name=\"name-field-id\" class=\"coblocks-name-field-id\" value=\"field-name\" \/>\n\t\t\n\t\t<input type=\"text\" id=\"name\" name=\"field-name[value]\" class=\"coblocks-field coblocks-field--name\" required \/>\n\n\t\t\n\n<label class=\"coblocks-label\">Nombre de la organizaci\u00f3n <span class=\"required\">&#042;<\/span><\/label>\n\t\t<input type=\"hidden\" name=\"field-organization-name-2[label]\" value=\"Organization Name\">\n\n\t\t\t\t<input type=\"hidden\" id=\"name-field-id\" name=\"name-field-id\" class=\"coblocks-name-field-id\" value=\"field-organization-name-2\" \/>\n\t\t\n\t\t<input type=\"text\" id=\"organization-name-2\" name=\"field-organization-name-2[value]\" class=\"coblocks-field coblocks-field--name\" required \/>\n\n\t\t\n\n<label class=\"coblocks-label\">Sitio web de la organizaci\u00f3n o URL de las redes sociales <span class=\"required\">&#042;<\/span><\/label>\n\t\t<input type=\"hidden\" name=\"field-organization-website-or-social-media-url-3[label]\" value=\"Organization Website or Social Media URL\">\n\n\t\t\t\t<input type=\"hidden\" id=\"name-field-id\" name=\"name-field-id\" class=\"coblocks-name-field-id\" value=\"field-organization-website-or-social-media-url-3\" \/>\n\t\t\n\t\t<input type=\"text\" id=\"organization-website-or-social-media-url-3\" name=\"field-organization-website-or-social-media-url-3[value]\" class=\"coblocks-field coblocks-field--name\" required \/>\n\n\t\t\n\n<label class=\"coblocks-label\">Correo electr\u00f3nico <span class=\"required\">&#042;<\/span><\/label>\n\t\t<input type=\"hidden\" name=\"field-email[label]\" value=\"Email\">\n\n\t\t\n\t\t<input type=\"hidden\" id=\"email-field-id\" name=\"email-field-id\" class=\"coblocks-email-field-id\" value=\"field-email\" \/>\n\t\t<input type=\"email\" id=\"email\" aria-label=\"Correo electr\u00f3nico\" name=\"field-email[value]\" class=\"coblocks-field coblocks-field--email\" required \/>\n\n\t\t\n\n<label class=\"coblocks-label\">H\u00e1blenos de su organizaci\u00f3n <span class=\"required\">&#042;<\/span><\/label>\n\t\t<input type=\"hidden\" name=\"field-tell-us-about-your-organization[label]\" value=\"Tell Us About Your Organization\">\n\n\t\t\n\t\t<textarea name=\"field-tell-us-about-your-organization[value]\" aria-label=\"H\u00e1blenos de su organizaci\u00f3n\" id=\"tell-us-about-your-organization\" class=\"coblocks-field coblocks-textarea\" rows=\"20\" required><\/textarea>\n\n\t\t\n\n\n\t\t<div class=\"coblocks-form__submit wp-block-button\">\n\t\t\t<button type=\"submit\" class=\"wp-block-button__link is-style-outline\" style=\"color: #000000;\">Enviar<\/button>\n\t\t\t<input type=\"hidden\" id=\"form-submit\" name=\"form-submit\" value=\"79d0863320\" \/><input type=\"hidden\" name=\"_wp_http_referer\" value=\"\/es\/wp-json\/wp\/v2\/pages\/242\" \/>\t\t\t<input type=\"hidden\" name=\"action\" value=\"coblocks-form-submit\">\n\n\t\t\t\t\t<\/div>\n\n\t\t<\/div>\n\t\t\t\t<input class=\"coblocks-field verify\" aria-label=\"Enter your email address to verify\" type=\"email\" name=\"coblocks-verify-email\" autocomplete=\"off\" placeholder=\"Correo electr\u00f3nico\" tabindex=\"-1\">\n\t\t\t\t<input type=\"hidden\" name=\"form-hash\" value=\"f188a832740ce787f117bccdc18d7a0daeb6ac3f\">\n\n\t\t\t\t\t\t\t<input type=\"hidden\" name=\"trp-form-language\" value=\"es\"\/><\/form>\n\n\t\t<\/div>","protected":false},"excerpt":{"rendered":"<p>It is our goal to partner with organizations who bring valuable information or services to our community. Through cross-marketing and [&hellip;]<\/p>","protected":false},"author":1,"featured_media":0,"parent":0,"menu_order":0,"comment_status":"closed","ping_status":"closed","template":"","meta":{"_coblocks_attr":"","_coblocks_dimensions":"","_coblocks_responsive_height":"","_coblocks_accordion_ie_support":"","_themeisle_gutenberg_block_has_review":false,"iawp_total_views":84,"footnotes":""},"class_list":["post-242","page","type-page","status-publish","hentry"],"yoast_head":"<!-- This site is optimized with the Yoast SEO plugin v25.8 - https:\/\/yoast.com\/wordpress\/plugins\/seo\/ -->\n<title>Partner With Us - Rinc\u00f3n, PR | What\u2019s Up Rinc\u00f3n and Western Puerto Rico<\/title>\n<meta name=\"description\" content=\"What&#039;s Up Rinc\u00f3n-Partner With Us-It is our goal to partner with organizations who bring valuable information or services to our community.\" \/>\n<meta name=\"robots\" content=\"index, follow, max-snippet:-1, max-image-preview:large, max-video-preview:-1\" \/>\n<link rel=\"canonical\" href=\"https:\/\/whatsuprincon.com\/es\/colabore-con-nosotros\/\" \/>\n<meta property=\"og:locale\" content=\"es_ES\" \/>\n<meta property=\"og:type\" content=\"article\" \/>\n<meta property=\"og:title\" content=\"Partner With Us - Rinc\u00f3n, PR | What\u2019s Up Rinc\u00f3n and Western Puerto Rico\" \/>\n<meta property=\"og:description\" content=\"What&#039;s Up Rinc\u00f3n-Partner With Us-It is our goal to partner with organizations who bring valuable information or services to our community.\" \/>\n<meta property=\"og:url\" content=\"https:\/\/whatsuprincon.com\/es\/colabore-con-nosotros\/\" \/>\n<meta property=\"og:site_name\" content=\"Rinc\u00f3n, PR | What\u2019s Up Rinc\u00f3n and Western Puerto Rico\" \/>\n<meta property=\"article:publisher\" content=\"https:\/\/www.facebook.com\/profile.php?id=61557407721782\" \/>\n<meta property=\"article:modified_time\" content=\"2024-07-25T16:54:29+00:00\" \/>\n<meta property=\"og:image\" content=\"https:\/\/whatsuprincon.com\/wp-content\/uploads\/2024\/04\/cropped-cropped-cropped-cropped-Final-answer-11-1-1.png\" \/>\n<meta name=\"twitter:card\" content=\"summary_large_image\" \/>\n<meta name=\"twitter:label1\" content=\"Est. reading time\" \/>\n\t<meta name=\"twitter:data1\" content=\"1 minuto\" \/>\n<script type=\"application\/ld+json\" class=\"yoast-schema-graph\">{\"@context\":\"https:\/\/schema.org\",\"@graph\":[{\"@type\":\"WebPage\",\"@id\":\"https:\/\/whatsuprincon.com\/partner-with-us\/\",\"url\":\"https:\/\/whatsuprincon.com\/partner-with-us\/\",\"name\":\"Partner With Us - Rinc\u00f3n, PR | What\u2019s Up Rinc\u00f3n and Western Puerto Rico\",\"isPartOf\":{\"@id\":\"https:\/\/whatsuprincon.com\/#website\"},\"primaryImageOfPage\":{\"@id\":\"https:\/\/whatsuprincon.com\/partner-with-us\/#primaryimage\"},\"image\":{\"@id\":\"https:\/\/whatsuprincon.com\/partner-with-us\/#primaryimage\"},\"thumbnailUrl\":\"https:\/\/whatsuprincon.com\/wp-content\/uploads\/2024\/04\/cropped-cropped-cropped-cropped-Final-answer-11-1-1.png\",\"datePublished\":\"2024-04-22T12:41:04+00:00\",\"dateModified\":\"2024-07-25T16:54:29+00:00\",\"description\":\"What's Up Rinc\u00f3n-Partner With Us-It is our goal to partner with organizations who bring valuable information or services to our community.\",\"breadcrumb\":{\"@id\":\"https:\/\/whatsuprincon.com\/partner-with-us\/#breadcrumb\"},\"inLanguage\":\"es\",\"potentialAction\":[{\"@type\":\"ReadAction\",\"target\":[\"https:\/\/whatsuprincon.com\/partner-with-us\/\"]}]},{\"@type\":\"ImageObject\",\"inLanguage\":\"es\",\"@id\":\"https:\/\/whatsuprincon.com\/partner-with-us\/#primaryimage\",\"url\":\"https:\/\/whatsuprincon.com\/wp-content\/uploads\/2024\/04\/cropped-cropped-cropped-cropped-Final-answer-11-1-1.png\",\"contentUrl\":\"https:\/\/whatsuprincon.com\/wp-content\/uploads\/2024\/04\/cropped-cropped-cropped-cropped-Final-answer-11-1-1.png\"},{\"@type\":\"BreadcrumbList\",\"@id\":\"https:\/\/whatsuprincon.com\/partner-with-us\/#breadcrumb\",\"itemListElement\":[{\"@type\":\"ListItem\",\"position\":1,\"name\":\"Home\",\"item\":\"https:\/\/whatsuprincon.com\/\"},{\"@type\":\"ListItem\",\"position\":2,\"name\":\"Partner With Us\"}]},{\"@type\":\"WebSite\",\"@id\":\"https:\/\/whatsuprincon.com\/#website\",\"url\":\"https:\/\/whatsuprincon.com\/\",\"name\":\"What's Up Rinc\u00f3n\",\"description\":\"What&#039;s Happening in Rinc\u00f3n and Western Puerto Rico\",\"publisher\":{\"@id\":\"https:\/\/whatsuprincon.com\/#organization\"},\"potentialAction\":[{\"@type\":\"SearchAction\",\"target\":{\"@type\":\"EntryPoint\",\"urlTemplate\":\"https:\/\/whatsuprincon.com\/?s={search_term_string}\"},\"query-input\":{\"@type\":\"PropertyValueSpecification\",\"valueRequired\":true,\"valueName\":\"search_term_string\"}}],\"inLanguage\":\"es\"},{\"@type\":\"Organization\",\"@id\":\"https:\/\/whatsuprincon.com\/#organization\",\"name\":\"What's Up Rinc\u00f3n\",\"url\":\"https:\/\/whatsuprincon.com\/\",\"logo\":{\"@type\":\"ImageObject\",\"inLanguage\":\"es\",\"@id\":\"https:\/\/whatsuprincon.com\/#\/schema\/logo\/image\/\",\"url\":\"https:\/\/whatsuprincon.com\/wp-content\/uploads\/2024\/06\/header-logo-e1771168818936.png\",\"contentUrl\":\"https:\/\/whatsuprincon.com\/wp-content\/uploads\/2024\/06\/header-logo-e1771168818936.png\",\"width\":100,\"height\":100,\"caption\":\"What's Up Rinc\u00f3n\"},\"image\":{\"@id\":\"https:\/\/whatsuprincon.com\/#\/schema\/logo\/image\/\"},\"sameAs\":[\"https:\/\/www.facebook.com\/profile.php?id=61557407721782\",\"https:\/\/www.instagram.com\/whatsuprincon\/\"]}]}<\/script>\n<!-- \/ Yoast SEO plugin. -->","yoast_head_json":{"title":"Partner With Us - Rinc\u00f3n, PR | What\u2019s Up Rinc\u00f3n and Western Puerto Rico","description":"What's Up Rinc\u00f3n-Partner With Us-It is our goal to partner with organizations who bring valuable information or services to our community.","robots":{"index":"index","follow":"follow","max-snippet":"max-snippet:-1","max-image-preview":"max-image-preview:large","max-video-preview":"max-video-preview:-1"},"canonical":"https:\/\/whatsuprincon.com\/es\/colabore-con-nosotros\/","og_locale":"es_ES","og_type":"article","og_title":"Partner With Us - Rinc\u00f3n, PR | What\u2019s Up Rinc\u00f3n and Western Puerto Rico","og_description":"What's Up Rinc\u00f3n-Partner With Us-It is our goal to partner with organizations who bring valuable information or services to our community.","og_url":"https:\/\/whatsuprincon.com\/es\/colabore-con-nosotros\/","og_site_name":"Rinc\u00f3n, PR | What\u2019s Up Rinc\u00f3n and Western Puerto Rico","article_publisher":"https:\/\/www.facebook.com\/profile.php?id=61557407721782","article_modified_time":"2024-07-25T16:54:29+00:00","og_image":[{"url":"https:\/\/whatsuprincon.com\/wp-content\/uploads\/2024\/04\/cropped-cropped-cropped-cropped-Final-answer-11-1-1.png","type":"","width":"","height":""}],"twitter_card":"summary_large_image","twitter_misc":{"Est. reading time":"1 minuto"},"schema":{"@context":"https:\/\/schema.org","@graph":[{"@type":"WebPage","@id":"https:\/\/whatsuprincon.com\/partner-with-us\/","url":"https:\/\/whatsuprincon.com\/partner-with-us\/","name":"Partner With Us - Rinc\u00f3n, PR | What\u2019s Up Rinc\u00f3n and Western Puerto Rico","isPartOf":{"@id":"https:\/\/whatsuprincon.com\/#website"},"primaryImageOfPage":{"@id":"https:\/\/whatsuprincon.com\/partner-with-us\/#primaryimage"},"image":{"@id":"https:\/\/whatsuprincon.com\/partner-with-us\/#primaryimage"},"thumbnailUrl":"https:\/\/whatsuprincon.com\/wp-content\/uploads\/2024\/04\/cropped-cropped-cropped-cropped-Final-answer-11-1-1.png","datePublished":"2024-04-22T12:41:04+00:00","dateModified":"2024-07-25T16:54:29+00:00","description":"What's Up Rinc\u00f3n-Partner With Us-It is our goal to partner with organizations who bring valuable information or services to our community.","breadcrumb":{"@id":"https:\/\/whatsuprincon.com\/partner-with-us\/#breadcrumb"},"inLanguage":"es","potentialAction":[{"@type":"ReadAction","target":["https:\/\/whatsuprincon.com\/partner-with-us\/"]}]},{"@type":"ImageObject","inLanguage":"es","@id":"https:\/\/whatsuprincon.com\/partner-with-us\/#primaryimage","url":"https:\/\/whatsuprincon.com\/wp-content\/uploads\/2024\/04\/cropped-cropped-cropped-cropped-Final-answer-11-1-1.png","contentUrl":"https:\/\/whatsuprincon.com\/wp-content\/uploads\/2024\/04\/cropped-cropped-cropped-cropped-Final-answer-11-1-1.png"},{"@type":"BreadcrumbList","@id":"https:\/\/whatsuprincon.com\/partner-with-us\/#breadcrumb","itemListElement":[{"@type":"ListItem","position":1,"name":"Home","item":"https:\/\/whatsuprincon.com\/"},{"@type":"ListItem","position":2,"name":"Partner With Us"}]},{"@type":"WebSite","@id":"https:\/\/whatsuprincon.com\/#website","url":"https:\/\/whatsuprincon.com\/","name":"What's Up Rinc\u00f3n","description":"What&#039;s Happening in Rinc\u00f3n and Western Puerto Rico","publisher":{"@id":"https:\/\/whatsuprincon.com\/#organization"},"potentialAction":[{"@type":"SearchAction","target":{"@type":"EntryPoint","urlTemplate":"https:\/\/whatsuprincon.com\/?s={search_term_string}"},"query-input":{"@type":"PropertyValueSpecification","valueRequired":true,"valueName":"search_term_string"}}],"inLanguage":"es"},{"@type":"Organization","@id":"https:\/\/whatsuprincon.com\/#organization","name":"What's Up Rinc\u00f3n","url":"https:\/\/whatsuprincon.com\/","logo":{"@type":"ImageObject","inLanguage":"es","@id":"https:\/\/whatsuprincon.com\/#\/schema\/logo\/image\/","url":"https:\/\/whatsuprincon.com\/wp-content\/uploads\/2024\/06\/header-logo-e1771168818936.png","contentUrl":"https:\/\/whatsuprincon.com\/wp-content\/uploads\/2024\/06\/header-logo-e1771168818936.png","width":100,"height":100,"caption":"What's Up Rinc\u00f3n"},"image":{"@id":"https:\/\/whatsuprincon.com\/#\/schema\/logo\/image\/"},"sameAs":["https:\/\/www.facebook.com\/profile.php?id=61557407721782","https:\/\/www.instagram.com\/whatsuprincon\/"]}]}},"_links":{"self":[{"href":"https:\/\/whatsuprincon.com\/es\/wp-json\/wp\/v2\/pages\/242","targetHints":{"allow":["GET"]}}],"collection":[{"href":"https:\/\/whatsuprincon.com\/es\/wp-json\/wp\/v2\/pages"}],"about":[{"href":"https:\/\/whatsuprincon.com\/es\/wp-json\/wp\/v2\/types\/page"}],"author":[{"embeddable":true,"href":"https:\/\/whatsuprincon.com\/es\/wp-json\/wp\/v2\/users\/1"}],"replies":[{"embeddable":true,"href":"https:\/\/whatsuprincon.com\/es\/wp-json\/wp\/v2\/comments?post=242"}],"version-history":[{"count":6,"href":"https:\/\/whatsuprincon.com\/es\/wp-json\/wp\/v2\/pages\/242\/revisions"}],"predecessor-version":[{"id":3528,"href":"https:\/\/whatsuprincon.com\/es\/wp-json\/wp\/v2\/pages\/242\/revisions\/3528"}],"wp:attachment":[{"href":"https:\/\/whatsuprincon.com\/es\/wp-json\/wp\/v2\/media?parent=242"}],"curies":[{"name":"wp","href":"https:\/\/api.w.org\/{rel}","templated":true}]}}