{"id":245,"date":"2024-06-07T12:41:00","date_gmt":"2024-06-07T12:41:00","guid":{"rendered":"https:\/\/whatsuprincon.com\/?page_id=245"},"modified":"2024-11-13T08:54:06","modified_gmt":"2024-11-13T12:54:06","slug":"rincon_sun-sets_surfing","status":"publish","type":"page","link":"https:\/\/whatsuprincon.com\/es\/rincon_sun-pone_surf\/","title":{"rendered":"Rinc\u00f3n"},"content":{"rendered":"<p>Rinc\u00f3n es literalmente la esquina por donde el sol se pone en Puerto Rico, por esta posici\u00f3n tan privilegiada el municipio tiene una vista despejada del horizonte occidental, donde atardece. Adem\u00e1s, al ser un pueblo con variedad de monta\u00f1as, colinas y acantilados, le sobran escenarios con puntos de vista panor\u00e1micos ideales para apreciar el atardecer. De ah\u00ed que se conozca como el Pueblo de los Hermosos Atardeceres.<\/p>\n\n\n\n<p>Razones sobran para querer visitar, vacacionar, vivir y siempre regresar a Rinc\u00f3n. Con m\u00e1s de 8 millas de costa, Rinc\u00f3n es conocido por sus impresionantes playas de arena blanca y aguas cristalinas. Desde playas populares para hacer surf como Domes y Mar\u00eda's hasta playas m\u00e1s tranquilas y apartadas como Reserva Marina Tres Palmas en donde est\u00e1n Dogman, Little Malibu y Steps, hay una variedad de opciones para disfrutar del sol, el mar y la arena.<\/p>\n\n\n\n<p>Rinc\u00f3n es mundialmente reconocida como una ciudad del surf por sus consistentes olas de alta calidad y excelentes condiciones para el deporte, el pueblo atrae a surfistas de todo el mundo que vienen a disfrutar de sus olas, su ambiente relajado y su cultura. Adem\u00e1s, Rinc\u00f3n acoge diversas competencias y eventos de surf a lo largo del a\u00f1o. <\/p>\n\n\n\n<p>Pero, Rinc\u00f3n es mucho m\u00e1s que un \u201csurfing town\u201d, el municipio es ideal para los amantes de la naturaleza ya que Rinc\u00f3n ofrece una variedad de actividades al aire libre, como senderismo, buceo, snorkel, paddle board, ciclismo, bicicleta de monta\u00f1a, corridas de caballo y observaci\u00f3n de ballenas. Los visitantes pueden explorar la belleza natural de la regi\u00f3n a trav\u00e9s de sus numerosos senderos y reservas naturales. En Rinc\u00f3n est\u00e1 El Faro de Punta Higuera que se encuentra situado en el km 0 de Puerto Rico y cuenta con una elevaci\u00f3n y localizaci\u00f3n ideal para avistamientos de ballenas jorobadas y ser testigo en vivo de competencias de surf de clase mundial.<\/p>\n\n\n\n<p> Debido a la diversidad de personas que residen en Rinc\u00f3n, procedentes de diferentes lugares y culturas, la ciudad se ha convertido en un mosaico cultural en donde se puede disfrutar de una amplia variedad gastron\u00f3mica local e internacional.<\/p>\n\n\n\n<p>A lo largo del a\u00f1o, Rinc\u00f3n alberga una serie de eventos y festivales que celebran la cultura, la m\u00fasica y la comida de Puerto Rico. Desde festivales de m\u00fasica en vivo hasta fiestas en la playa, siempre hay algo emocionante que hacer en la ciudad.<\/p>\n\n\n\n<p>El Rinc\u00f3n Art Walk, tambi\u00e9n conocido como Noches de Galer\u00eda se celebra todos los jueves en la Plaza de Recreo Eric Mart\u00ednez, la plaza principal del pueblo. El \"Art Walk\" es ya un evento recurrente donde artistas y artesanos locales exhiben su trabajo en diversas galer\u00edas, tiendas y en la Plaza del pueblo. Los visitantes pueden explorar y comprar arte directamente de los creadores, siendo una oportunidad id\u00f3nea para apoyar a los artistas locales, sumergirse en la vibrante escena art\u00edstica de Rinc\u00f3n y quiz\u00e1s encontrar souvenirs o regalos \u00fanicos para llevar a casa. <\/p>\n\n\n\n<p>Pero, el verdadero tesoro de Rinc\u00f3n, es su gente y su ambiente. La atm\u00f3sfera tranquila y la serenidad de Rinc\u00f3n, es mucho m\u00e1s que el sonido de las olas y la brisa del mar. La calidez de las personas y una actitud colectiva de decirle no al ajoro y al bullicio, hacen de Rinc\u00f3n, ese lugar feliz al que siempre quieres regresar.<\/p>\n\n\n\n<script async src=\"https:\/\/pagead2.googlesyndication.com\/pagead\/js\/adsbygoogle.js?client=ca-pub-6504974084723087\"\n     crossorigin=\"anonymous\"><\/script>","protected":false},"excerpt":{"rendered":"<p>Rinc\u00f3n is literally the corner where the sun sets in Puerto Rico. Thanks to this privileged position, the municipality enjoys [&hellip;]<\/p>","protected":false},"author":1,"featured_media":2800,"parent":0,"menu_order":0,"comment_status":"closed","ping_status":"closed","template":"","meta":{"_coblocks_attr":"","_coblocks_dimensions":"","_coblocks_responsive_height":"","_coblocks_accordion_ie_support":"","_themeisle_gutenberg_block_has_review":false,"iawp_total_views":423,"footnotes":""},"class_list":["post-245","page","type-page","status-publish","has-post-thumbnail","hentry"],"yoast_head":"<!-- This site is optimized with the Yoast SEO plugin v25.8 - https:\/\/yoast.com\/wordpress\/plugins\/seo\/ -->\n<title>Rinc\u00f3n is literally the corner where the sun sets in Puerto Rico. - Rinc\u00f3n, PR | What\u2019s Up Rinc\u00f3n and Western Puerto Rico<\/title>\n<meta name=\"description\" content=\"Rinc\u00f3n is the corner where the sun sets in Puerto Rico. Rinc\u00f3n is globally recognized as a surfing destination. What&#039;s Up Rinc\u00f3n%\" \/>\n<meta name=\"robots\" content=\"index, follow, max-snippet:-1, max-image-preview:large, max-video-preview:-1\" \/>\n<link rel=\"canonical\" href=\"https:\/\/whatsuprincon.com\/es\/rincon_sun-pone_surf\/\" \/>\n<meta property=\"og:locale\" content=\"es_ES\" \/>\n<meta property=\"og:type\" content=\"article\" \/>\n<meta property=\"og:title\" content=\"Rinc\u00f3n is literally the corner where the sun sets in Puerto Rico. - Rinc\u00f3n, PR | What\u2019s Up Rinc\u00f3n and Western Puerto Rico\" \/>\n<meta property=\"og:description\" content=\"Rinc\u00f3n is the corner where the sun sets in Puerto Rico. Rinc\u00f3n is globally recognized as a surfing destination. What&#039;s Up Rinc\u00f3n%\" \/>\n<meta property=\"og:url\" content=\"https:\/\/whatsuprincon.com\/es\/rincon_sun-pone_surf\/\" \/>\n<meta property=\"og:site_name\" content=\"Rinc\u00f3n, PR | What\u2019s Up Rinc\u00f3n and Western Puerto Rico\" \/>\n<meta property=\"article:publisher\" content=\"https:\/\/www.facebook.com\/profile.php?id=61557407721782\" \/>\n<meta property=\"article:modified_time\" content=\"2024-11-13T12:54:06+00:00\" \/>\n<meta property=\"og:image\" content=\"https:\/\/whatsuprincon.com\/wp-content\/uploads\/2024\/06\/20180209_182559-EFFECTS-scaled.jpg\" \/>\n\t<meta property=\"og:image:width\" content=\"2560\" \/>\n\t<meta property=\"og:image:height\" content=\"1920\" \/>\n\t<meta property=\"og:image:type\" content=\"image\/jpeg\" \/>\n<meta name=\"twitter:card\" content=\"summary_large_image\" \/>\n<meta name=\"twitter:label1\" content=\"Est. reading time\" \/>\n\t<meta name=\"twitter:data1\" content=\"3 minutos\" \/>\n<script type=\"application\/ld+json\" class=\"yoast-schema-graph\">{\"@context\":\"https:\/\/schema.org\",\"@graph\":[{\"@type\":\"WebPage\",\"@id\":\"https:\/\/whatsuprincon.com\/rincon_sun-sets_surfing\/\",\"url\":\"https:\/\/whatsuprincon.com\/rincon_sun-sets_surfing\/\",\"name\":\"Rinc\u00f3n is literally the corner where the sun sets in Puerto Rico. - Rinc\u00f3n, PR | What\u2019s Up Rinc\u00f3n and Western Puerto Rico\",\"isPartOf\":{\"@id\":\"https:\/\/whatsuprincon.com\/#website\"},\"primaryImageOfPage\":{\"@id\":\"https:\/\/whatsuprincon.com\/rincon_sun-sets_surfing\/#primaryimage\"},\"image\":{\"@id\":\"https:\/\/whatsuprincon.com\/rincon_sun-sets_surfing\/#primaryimage\"},\"thumbnailUrl\":\"https:\/\/whatsuprincon.com\/wp-content\/uploads\/2024\/06\/20180209_182559-EFFECTS-scaled.jpg\",\"datePublished\":\"2024-06-07T12:41:00+00:00\",\"dateModified\":\"2024-11-13T12:54:06+00:00\",\"description\":\"Rinc\u00f3n is the corner where the sun sets in Puerto Rico. Rinc\u00f3n is globally recognized as a surfing destination. What's Up Rinc\u00f3n%\",\"breadcrumb\":{\"@id\":\"https:\/\/whatsuprincon.com\/rincon_sun-sets_surfing\/#breadcrumb\"},\"inLanguage\":\"es\",\"potentialAction\":[{\"@type\":\"ReadAction\",\"target\":[\"https:\/\/whatsuprincon.com\/rincon_sun-sets_surfing\/\"]}]},{\"@type\":\"ImageObject\",\"inLanguage\":\"es\",\"@id\":\"https:\/\/whatsuprincon.com\/rincon_sun-sets_surfing\/#primaryimage\",\"url\":\"https:\/\/whatsuprincon.com\/wp-content\/uploads\/2024\/06\/20180209_182559-EFFECTS-scaled.jpg\",\"contentUrl\":\"https:\/\/whatsuprincon.com\/wp-content\/uploads\/2024\/06\/20180209_182559-EFFECTS-scaled.jpg\",\"width\":2560,\"height\":1920,\"caption\":\"Rinc\u00f3n Sunset\"},{\"@type\":\"BreadcrumbList\",\"@id\":\"https:\/\/whatsuprincon.com\/rincon_sun-sets_surfing\/#breadcrumb\",\"itemListElement\":[{\"@type\":\"ListItem\",\"position\":1,\"name\":\"Home\",\"item\":\"https:\/\/whatsuprincon.com\/\"},{\"@type\":\"ListItem\",\"position\":2,\"name\":\"Rinc\u00f3n\"}]},{\"@type\":\"WebSite\",\"@id\":\"https:\/\/whatsuprincon.com\/#website\",\"url\":\"https:\/\/whatsuprincon.com\/\",\"name\":\"What's Up Rinc\u00f3n\",\"description\":\"What&#039;s Happening in Rinc\u00f3n and Western Puerto Rico\",\"publisher\":{\"@id\":\"https:\/\/whatsuprincon.com\/#organization\"},\"potentialAction\":[{\"@type\":\"SearchAction\",\"target\":{\"@type\":\"EntryPoint\",\"urlTemplate\":\"https:\/\/whatsuprincon.com\/?s={search_term_string}\"},\"query-input\":{\"@type\":\"PropertyValueSpecification\",\"valueRequired\":true,\"valueName\":\"search_term_string\"}}],\"inLanguage\":\"es\"},{\"@type\":\"Organization\",\"@id\":\"https:\/\/whatsuprincon.com\/#organization\",\"name\":\"What's Up Rinc\u00f3n\",\"url\":\"https:\/\/whatsuprincon.com\/\",\"logo\":{\"@type\":\"ImageObject\",\"inLanguage\":\"es\",\"@id\":\"https:\/\/whatsuprincon.com\/#\/schema\/logo\/image\/\",\"url\":\"https:\/\/whatsuprincon.com\/wp-content\/uploads\/2024\/06\/header-logo-e1771168818936.png\",\"contentUrl\":\"https:\/\/whatsuprincon.com\/wp-content\/uploads\/2024\/06\/header-logo-e1771168818936.png\",\"width\":100,\"height\":100,\"caption\":\"What's Up Rinc\u00f3n\"},\"image\":{\"@id\":\"https:\/\/whatsuprincon.com\/#\/schema\/logo\/image\/\"},\"sameAs\":[\"https:\/\/www.facebook.com\/profile.php?id=61557407721782\",\"https:\/\/www.instagram.com\/whatsuprincon\/\"]}]}<\/script>\n<!-- \/ Yoast SEO plugin. -->","yoast_head_json":{"title":"Rinc\u00f3n is literally the corner where the sun sets in Puerto Rico. - Rinc\u00f3n, PR | What\u2019s Up Rinc\u00f3n and Western Puerto Rico","description":"Rinc\u00f3n is the corner where the sun sets in Puerto Rico. Rinc\u00f3n is globally recognized as a surfing destination. What's Up Rinc\u00f3n%","robots":{"index":"index","follow":"follow","max-snippet":"max-snippet:-1","max-image-preview":"max-image-preview:large","max-video-preview":"max-video-preview:-1"},"canonical":"https:\/\/whatsuprincon.com\/es\/rincon_sun-pone_surf\/","og_locale":"es_ES","og_type":"article","og_title":"Rinc\u00f3n is literally the corner where the sun sets in Puerto Rico. - Rinc\u00f3n, PR | What\u2019s Up Rinc\u00f3n and Western Puerto Rico","og_description":"Rinc\u00f3n is the corner where the sun sets in Puerto Rico. Rinc\u00f3n is globally recognized as a surfing destination. What's Up Rinc\u00f3n%","og_url":"https:\/\/whatsuprincon.com\/es\/rincon_sun-pone_surf\/","og_site_name":"Rinc\u00f3n, PR | What\u2019s Up Rinc\u00f3n and Western Puerto Rico","article_publisher":"https:\/\/www.facebook.com\/profile.php?id=61557407721782","article_modified_time":"2024-11-13T12:54:06+00:00","og_image":[{"width":2560,"height":1920,"url":"https:\/\/whatsuprincon.com\/wp-content\/uploads\/2024\/06\/20180209_182559-EFFECTS-scaled.jpg","type":"image\/jpeg"}],"twitter_card":"summary_large_image","twitter_misc":{"Est. reading time":"3 minutos"},"schema":{"@context":"https:\/\/schema.org","@graph":[{"@type":"WebPage","@id":"https:\/\/whatsuprincon.com\/rincon_sun-sets_surfing\/","url":"https:\/\/whatsuprincon.com\/rincon_sun-sets_surfing\/","name":"Rinc\u00f3n is literally the corner where the sun sets in Puerto Rico. - Rinc\u00f3n, PR | What\u2019s Up Rinc\u00f3n and Western Puerto Rico","isPartOf":{"@id":"https:\/\/whatsuprincon.com\/#website"},"primaryImageOfPage":{"@id":"https:\/\/whatsuprincon.com\/rincon_sun-sets_surfing\/#primaryimage"},"image":{"@id":"https:\/\/whatsuprincon.com\/rincon_sun-sets_surfing\/#primaryimage"},"thumbnailUrl":"https:\/\/whatsuprincon.com\/wp-content\/uploads\/2024\/06\/20180209_182559-EFFECTS-scaled.jpg","datePublished":"2024-06-07T12:41:00+00:00","dateModified":"2024-11-13T12:54:06+00:00","description":"Rinc\u00f3n is the corner where the sun sets in Puerto Rico. Rinc\u00f3n is globally recognized as a surfing destination. What's Up Rinc\u00f3n%","breadcrumb":{"@id":"https:\/\/whatsuprincon.com\/rincon_sun-sets_surfing\/#breadcrumb"},"inLanguage":"es","potentialAction":[{"@type":"ReadAction","target":["https:\/\/whatsuprincon.com\/rincon_sun-sets_surfing\/"]}]},{"@type":"ImageObject","inLanguage":"es","@id":"https:\/\/whatsuprincon.com\/rincon_sun-sets_surfing\/#primaryimage","url":"https:\/\/whatsuprincon.com\/wp-content\/uploads\/2024\/06\/20180209_182559-EFFECTS-scaled.jpg","contentUrl":"https:\/\/whatsuprincon.com\/wp-content\/uploads\/2024\/06\/20180209_182559-EFFECTS-scaled.jpg","width":2560,"height":1920,"caption":"Rinc\u00f3n Sunset"},{"@type":"BreadcrumbList","@id":"https:\/\/whatsuprincon.com\/rincon_sun-sets_surfing\/#breadcrumb","itemListElement":[{"@type":"ListItem","position":1,"name":"Home","item":"https:\/\/whatsuprincon.com\/"},{"@type":"ListItem","position":2,"name":"Rinc\u00f3n"}]},{"@type":"WebSite","@id":"https:\/\/whatsuprincon.com\/#website","url":"https:\/\/whatsuprincon.com\/","name":"What's Up Rinc\u00f3n","description":"What&#039;s Happening in Rinc\u00f3n and Western Puerto Rico","publisher":{"@id":"https:\/\/whatsuprincon.com\/#organization"},"potentialAction":[{"@type":"SearchAction","target":{"@type":"EntryPoint","urlTemplate":"https:\/\/whatsuprincon.com\/?s={search_term_string}"},"query-input":{"@type":"PropertyValueSpecification","valueRequired":true,"valueName":"search_term_string"}}],"inLanguage":"es"},{"@type":"Organization","@id":"https:\/\/whatsuprincon.com\/#organization","name":"What's Up Rinc\u00f3n","url":"https:\/\/whatsuprincon.com\/","logo":{"@type":"ImageObject","inLanguage":"es","@id":"https:\/\/whatsuprincon.com\/#\/schema\/logo\/image\/","url":"https:\/\/whatsuprincon.com\/wp-content\/uploads\/2024\/06\/header-logo-e1771168818936.png","contentUrl":"https:\/\/whatsuprincon.com\/wp-content\/uploads\/2024\/06\/header-logo-e1771168818936.png","width":100,"height":100,"caption":"What's Up Rinc\u00f3n"},"image":{"@id":"https:\/\/whatsuprincon.com\/#\/schema\/logo\/image\/"},"sameAs":["https:\/\/www.facebook.com\/profile.php?id=61557407721782","https:\/\/www.instagram.com\/whatsuprincon\/"]}]}},"_links":{"self":[{"href":"https:\/\/whatsuprincon.com\/es\/wp-json\/wp\/v2\/pages\/245","targetHints":{"allow":["GET"]}}],"collection":[{"href":"https:\/\/whatsuprincon.com\/es\/wp-json\/wp\/v2\/pages"}],"about":[{"href":"https:\/\/whatsuprincon.com\/es\/wp-json\/wp\/v2\/types\/page"}],"author":[{"embeddable":true,"href":"https:\/\/whatsuprincon.com\/es\/wp-json\/wp\/v2\/users\/1"}],"replies":[{"embeddable":true,"href":"https:\/\/whatsuprincon.com\/es\/wp-json\/wp\/v2\/comments?post=245"}],"version-history":[{"count":31,"href":"https:\/\/whatsuprincon.com\/es\/wp-json\/wp\/v2\/pages\/245\/revisions"}],"predecessor-version":[{"id":4917,"href":"https:\/\/whatsuprincon.com\/es\/wp-json\/wp\/v2\/pages\/245\/revisions\/4917"}],"wp:featuredmedia":[{"embeddable":true,"href":"https:\/\/whatsuprincon.com\/es\/wp-json\/wp\/v2\/media\/2800"}],"wp:attachment":[{"href":"https:\/\/whatsuprincon.com\/es\/wp-json\/wp\/v2\/media?parent=245"}],"curies":[{"name":"wp","href":"https:\/\/api.w.org\/{rel}","templated":true}]}}