{"id":2685,"date":"2024-06-07T13:15:03","date_gmt":"2024-06-07T13:15:03","guid":{"rendered":"https:\/\/whatsuprincon.com\/dmca\/"},"modified":"2024-07-15T17:40:05","modified_gmt":"2024-07-15T17:40:05","slug":"dmca","status":"publish","type":"page","link":"https:\/\/whatsuprincon.com\/es\/dmca\/","title":{"rendered":"DMCA"},"content":{"rendered":"<h2 class=\"wp-block-heading\">Pol\u00edtica DMCA para WhatsUpRincon.com<\/h2>\n\n\n\n<p>Bienvenido a WhatsUpRincon.com. Respetamos los derechos de propiedad intelectual y esperamos que los dem\u00e1s hagan lo mismo. En cumplimiento de la Digital Millennium Copyright Act (DMCA), T\u00edtulo 17 del C\u00f3digo de los Estados Unidos, Secci\u00f3n 512(c), los propietarios de derechos de autor o sus agentes pueden enviar notificaciones de retirada a nuestro Agente DMCA designado. Como proveedor de servicios de Internet, nos acogemos a las disposiciones de \"puerto seguro\" de la DMCA.<\/p>\n\n\n\n<h3 class=\"wp-block-heading\">Enviar un aviso de retirada de DMCA<\/h3>\n\n\n\n<p>Para presentar una reclamaci\u00f3n por infracci\u00f3n de buena fe, siga estos pasos y facilite la informaci\u00f3n requerida:<\/p>\n\n\n\n<ol class=\"wp-block-list\">\n<li><strong>Firma<\/strong>: Incluya una firma f\u00edsica o electr\u00f3nica del titular de los derechos de autor o de alguien autorizado para actuar en su nombre.<\/li>\n\n\n\n<li>Identifique la obra protegida: Identifica claramente la obra protegida por derechos de autor que alguien ha infringido.<\/li>\n\n\n\n<li><strong>Identificar el material infractor<\/strong>: Especifique el material infractor que desea eliminar y facil\u00edtenos informaci\u00f3n suficiente para localizarlo (incluya la URL de la p\u00e1gina en cuesti\u00f3n).<\/li>\n\n\n\n<li><strong>Informaci\u00f3n de contacto<\/strong>: Facilite su nombre, direcci\u00f3n f\u00edsica, direcci\u00f3n de correo electr\u00f3nico, n\u00famero de tel\u00e9fono y n\u00famero de fax para que podamos ponernos en contacto con usted.<\/li>\n\n\n\n<li><strong>Declaraci\u00f3n de buena fe<\/strong>: Incluya una declaraci\u00f3n afirmando su creencia de buena fe de que el uso del material no est\u00e1 autorizado por el propietario de los derechos de autor.<\/li>\n\n\n\n<li><strong>Declaraci\u00f3n de exactitud<\/strong>: Incluya una declaraci\u00f3n en la que afirme la exactitud de la informaci\u00f3n contenida en la notificaci\u00f3n y que est\u00e1 autorizado a actuar en nombre del titular de los derechos de autor, bajo pena de perjurio.<\/li>\n<\/ol>\n\n\n\n<p>Env\u00ede todos los avisos de retirada a trav\u00e9s de nuestra p\u00e1gina de Contacto. Recomendamos utilizar el correo electr\u00f3nico para una atenci\u00f3n r\u00e1pida.<\/p>\n\n\n\n<h3 class=\"wp-block-heading\">Contranotificaci\u00f3n - Restauraci\u00f3n de material<\/h3>\n\n\n\n<p>Si cree que hemos eliminado material por error, env\u00ede una contranotificaci\u00f3n a nuestro agente de la DMCA. Esta notificaci\u00f3n debe incluir los siguientes elementos:<\/p>\n\n\n\n<ol class=\"wp-block-list\">\n<li><strong>Firma<\/strong>: Proporcione su firma f\u00edsica o electr\u00f3nica.<\/li>\n\n\n\n<li><strong>Describa el material<\/strong>: Describe el material que retiramos y su ubicaci\u00f3n original.<\/li>\n\n\n\n<li><strong>Declaraci\u00f3n de buena fe<\/strong>: Incluya una declaraci\u00f3n bajo pena de perjurio de que usted cree de buena fe que la retirada o inutilizaci\u00f3n del material se produjo debido a un error o identificaci\u00f3n err\u00f3nea.<\/li>\n\n\n\n<li><strong>Informaci\u00f3n de contacto<\/strong>: Indique su nombre, direcci\u00f3n y n\u00famero de tel\u00e9fono. Incluya una declaraci\u00f3n en la que consienta en someterse a la jurisdicci\u00f3n del tribunal federal de distrito correspondiente a su domicilio, o a cualquier distrito judicial en el que se encuentre el proveedor de servicios si se encuentra fuera de Estados Unidos. Asimismo, indique que aceptar\u00e1 la notificaci\u00f3n de la persona que proporcion\u00f3 la notificaci\u00f3n original de infracci\u00f3n.<\/li>\n<\/ol>\n\n\n\n<p>Por favor, env\u00ede su contranotificaci\u00f3n a trav\u00e9s de nuestra p\u00e1gina de Contacto. Le recomendamos encarecidamente que utilice el correo electr\u00f3nico para una tramitaci\u00f3n m\u00e1s r\u00e1pida.<\/p>\n\n\n\n<h3 class=\"wp-block-heading\">Pol\u00edtica de infractores reincidentes<\/h3>\n\n\n\n<p>Nos tomamos muy en serio las infracciones de los derechos de autor. En virtud de la DMCA, mantenemos una lista de notificaciones DMCA y hacemos un esfuerzo de buena fe para identificar a los infractores reincidentes. Daremos de baja las cuentas de los infractores reincidentes.<\/p>\n\n\n\n<h3 class=\"wp-block-heading\">Modificaciones<\/h3>\n\n\n\n<p>Nos reservamos el derecho a modificar esta pol\u00edtica en cualquier momento. Por lo tanto, revise esta p\u00e1gina con frecuencia para comprobar si se han producido cambios.<\/p>\n\n\n\n<p>Para obtener m\u00e1s informaci\u00f3n o enviar notificaciones, visite nuestra p\u00e1gina web <a href=\"https:\/\/whatsuprincon.com\/es\/conectemonos\/\">P\u00e1gina de contacto<\/a>.<\/p>","protected":false},"excerpt":{"rendered":"<p>DMCA Policy for WhatsUpRincon.com Welcome to WhatsUpRincon.com. We respect intellectual property rights and expect others to do the same. In [&hellip;]<\/p>","protected":false},"author":1,"featured_media":0,"parent":0,"menu_order":0,"comment_status":"closed","ping_status":"closed","template":"","meta":{"_coblocks_attr":"","_coblocks_dimensions":"","_coblocks_responsive_height":"","_coblocks_accordion_ie_support":"","_themeisle_gutenberg_block_has_review":false,"iawp_total_views":16,"footnotes":""},"class_list":["post-2685","page","type-page","status-publish","hentry"],"yoast_head":"<!-- This site is optimized with the Yoast SEO plugin v25.8 - https:\/\/yoast.com\/wordpress\/plugins\/seo\/ -->\n<title>DMCA - Rinc\u00f3n, PR | What\u2019s Up Rinc\u00f3n and Western Puerto Rico<\/title>\n<meta name=\"description\" content=\"What&#039;s Up Rinc\u00f3n-Digital Millennium Copyright Act Policy-We reserve the right to modify the contents of this page for handling DMCA claims\" \/>\n<meta name=\"robots\" content=\"index, follow, max-snippet:-1, max-image-preview:large, max-video-preview:-1\" \/>\n<link rel=\"canonical\" href=\"https:\/\/whatsuprincon.com\/es\/dmca\/\" \/>\n<meta property=\"og:locale\" content=\"es_ES\" \/>\n<meta property=\"og:type\" content=\"article\" \/>\n<meta property=\"og:title\" content=\"DMCA - Rinc\u00f3n, PR | What\u2019s Up Rinc\u00f3n and Western Puerto Rico\" \/>\n<meta property=\"og:description\" content=\"What&#039;s Up Rinc\u00f3n-Digital Millennium Copyright Act Policy-We reserve the right to modify the contents of this page for handling DMCA claims\" \/>\n<meta property=\"og:url\" content=\"https:\/\/whatsuprincon.com\/es\/dmca\/\" \/>\n<meta property=\"og:site_name\" content=\"Rinc\u00f3n, PR | What\u2019s Up Rinc\u00f3n and Western Puerto Rico\" \/>\n<meta property=\"article:publisher\" content=\"https:\/\/www.facebook.com\/profile.php?id=61557407721782\" \/>\n<meta property=\"article:modified_time\" content=\"2024-07-15T17:40:05+00:00\" \/>\n<meta name=\"twitter:card\" content=\"summary_large_image\" \/>\n<meta name=\"twitter:label1\" content=\"Est. reading time\" \/>\n\t<meta name=\"twitter:data1\" content=\"3 minutos\" \/>\n<script type=\"application\/ld+json\" class=\"yoast-schema-graph\">{\"@context\":\"https:\/\/schema.org\",\"@graph\":[{\"@type\":\"WebPage\",\"@id\":\"https:\/\/whatsuprincon.com\/dmca\/\",\"url\":\"https:\/\/whatsuprincon.com\/dmca\/\",\"name\":\"DMCA - Rinc\u00f3n, PR | What\u2019s Up Rinc\u00f3n and Western Puerto Rico\",\"isPartOf\":{\"@id\":\"https:\/\/whatsuprincon.com\/#website\"},\"datePublished\":\"2024-06-07T13:15:03+00:00\",\"dateModified\":\"2024-07-15T17:40:05+00:00\",\"description\":\"What's Up Rinc\u00f3n-Digital Millennium Copyright Act Policy-We reserve the right to modify the contents of this page for handling DMCA claims\",\"breadcrumb\":{\"@id\":\"https:\/\/whatsuprincon.com\/dmca\/#breadcrumb\"},\"inLanguage\":\"es\",\"potentialAction\":[{\"@type\":\"ReadAction\",\"target\":[\"https:\/\/whatsuprincon.com\/dmca\/\"]}]},{\"@type\":\"BreadcrumbList\",\"@id\":\"https:\/\/whatsuprincon.com\/dmca\/#breadcrumb\",\"itemListElement\":[{\"@type\":\"ListItem\",\"position\":1,\"name\":\"Home\",\"item\":\"https:\/\/whatsuprincon.com\/\"},{\"@type\":\"ListItem\",\"position\":2,\"name\":\"DMCA\"}]},{\"@type\":\"WebSite\",\"@id\":\"https:\/\/whatsuprincon.com\/#website\",\"url\":\"https:\/\/whatsuprincon.com\/\",\"name\":\"What's Up Rinc\u00f3n\",\"description\":\"What&#039;s Happening in Rinc\u00f3n and Western Puerto Rico\",\"publisher\":{\"@id\":\"https:\/\/whatsuprincon.com\/#organization\"},\"potentialAction\":[{\"@type\":\"SearchAction\",\"target\":{\"@type\":\"EntryPoint\",\"urlTemplate\":\"https:\/\/whatsuprincon.com\/?s={search_term_string}\"},\"query-input\":{\"@type\":\"PropertyValueSpecification\",\"valueRequired\":true,\"valueName\":\"search_term_string\"}}],\"inLanguage\":\"es\"},{\"@type\":\"Organization\",\"@id\":\"https:\/\/whatsuprincon.com\/#organization\",\"name\":\"What's Up Rinc\u00f3n\",\"url\":\"https:\/\/whatsuprincon.com\/\",\"logo\":{\"@type\":\"ImageObject\",\"inLanguage\":\"es\",\"@id\":\"https:\/\/whatsuprincon.com\/#\/schema\/logo\/image\/\",\"url\":\"https:\/\/whatsuprincon.com\/wp-content\/uploads\/2024\/06\/header-logo-e1771168818936.png\",\"contentUrl\":\"https:\/\/whatsuprincon.com\/wp-content\/uploads\/2024\/06\/header-logo-e1771168818936.png\",\"width\":100,\"height\":100,\"caption\":\"What's Up Rinc\u00f3n\"},\"image\":{\"@id\":\"https:\/\/whatsuprincon.com\/#\/schema\/logo\/image\/\"},\"sameAs\":[\"https:\/\/www.facebook.com\/profile.php?id=61557407721782\",\"https:\/\/www.instagram.com\/whatsuprincon\/\"]}]}<\/script>\n<!-- \/ Yoast SEO plugin. -->","yoast_head_json":{"title":"DMCA - Rinc\u00f3n, PR | What\u2019s Up Rinc\u00f3n and Western Puerto Rico","description":"What's Up Rinc\u00f3n-Digital Millennium Copyright Act Policy-We reserve the right to modify the contents of this page for handling DMCA claims","robots":{"index":"index","follow":"follow","max-snippet":"max-snippet:-1","max-image-preview":"max-image-preview:large","max-video-preview":"max-video-preview:-1"},"canonical":"https:\/\/whatsuprincon.com\/es\/dmca\/","og_locale":"es_ES","og_type":"article","og_title":"DMCA - Rinc\u00f3n, PR | What\u2019s Up Rinc\u00f3n and Western Puerto Rico","og_description":"What's Up Rinc\u00f3n-Digital Millennium Copyright Act Policy-We reserve the right to modify the contents of this page for handling DMCA claims","og_url":"https:\/\/whatsuprincon.com\/es\/dmca\/","og_site_name":"Rinc\u00f3n, PR | What\u2019s Up Rinc\u00f3n and Western Puerto Rico","article_publisher":"https:\/\/www.facebook.com\/profile.php?id=61557407721782","article_modified_time":"2024-07-15T17:40:05+00:00","twitter_card":"summary_large_image","twitter_misc":{"Est. reading time":"3 minutos"},"schema":{"@context":"https:\/\/schema.org","@graph":[{"@type":"WebPage","@id":"https:\/\/whatsuprincon.com\/dmca\/","url":"https:\/\/whatsuprincon.com\/dmca\/","name":"DMCA - Rinc\u00f3n, PR | What\u2019s Up Rinc\u00f3n and Western Puerto Rico","isPartOf":{"@id":"https:\/\/whatsuprincon.com\/#website"},"datePublished":"2024-06-07T13:15:03+00:00","dateModified":"2024-07-15T17:40:05+00:00","description":"What's Up Rinc\u00f3n-Digital Millennium Copyright Act Policy-We reserve the right to modify the contents of this page for handling DMCA claims","breadcrumb":{"@id":"https:\/\/whatsuprincon.com\/dmca\/#breadcrumb"},"inLanguage":"es","potentialAction":[{"@type":"ReadAction","target":["https:\/\/whatsuprincon.com\/dmca\/"]}]},{"@type":"BreadcrumbList","@id":"https:\/\/whatsuprincon.com\/dmca\/#breadcrumb","itemListElement":[{"@type":"ListItem","position":1,"name":"Home","item":"https:\/\/whatsuprincon.com\/"},{"@type":"ListItem","position":2,"name":"DMCA"}]},{"@type":"WebSite","@id":"https:\/\/whatsuprincon.com\/#website","url":"https:\/\/whatsuprincon.com\/","name":"What's Up Rinc\u00f3n","description":"What&#039;s Happening in Rinc\u00f3n and Western Puerto Rico","publisher":{"@id":"https:\/\/whatsuprincon.com\/#organization"},"potentialAction":[{"@type":"SearchAction","target":{"@type":"EntryPoint","urlTemplate":"https:\/\/whatsuprincon.com\/?s={search_term_string}"},"query-input":{"@type":"PropertyValueSpecification","valueRequired":true,"valueName":"search_term_string"}}],"inLanguage":"es"},{"@type":"Organization","@id":"https:\/\/whatsuprincon.com\/#organization","name":"What's Up Rinc\u00f3n","url":"https:\/\/whatsuprincon.com\/","logo":{"@type":"ImageObject","inLanguage":"es","@id":"https:\/\/whatsuprincon.com\/#\/schema\/logo\/image\/","url":"https:\/\/whatsuprincon.com\/wp-content\/uploads\/2024\/06\/header-logo-e1771168818936.png","contentUrl":"https:\/\/whatsuprincon.com\/wp-content\/uploads\/2024\/06\/header-logo-e1771168818936.png","width":100,"height":100,"caption":"What's Up Rinc\u00f3n"},"image":{"@id":"https:\/\/whatsuprincon.com\/#\/schema\/logo\/image\/"},"sameAs":["https:\/\/www.facebook.com\/profile.php?id=61557407721782","https:\/\/www.instagram.com\/whatsuprincon\/"]}]}},"_links":{"self":[{"href":"https:\/\/whatsuprincon.com\/es\/wp-json\/wp\/v2\/pages\/2685","targetHints":{"allow":["GET"]}}],"collection":[{"href":"https:\/\/whatsuprincon.com\/es\/wp-json\/wp\/v2\/pages"}],"about":[{"href":"https:\/\/whatsuprincon.com\/es\/wp-json\/wp\/v2\/types\/page"}],"author":[{"embeddable":true,"href":"https:\/\/whatsuprincon.com\/es\/wp-json\/wp\/v2\/users\/1"}],"replies":[{"embeddable":true,"href":"https:\/\/whatsuprincon.com\/es\/wp-json\/wp\/v2\/comments?post=2685"}],"version-history":[{"count":2,"href":"https:\/\/whatsuprincon.com\/es\/wp-json\/wp\/v2\/pages\/2685\/revisions"}],"predecessor-version":[{"id":3440,"href":"https:\/\/whatsuprincon.com\/es\/wp-json\/wp\/v2\/pages\/2685\/revisions\/3440"}],"wp:attachment":[{"href":"https:\/\/whatsuprincon.com\/es\/wp-json\/wp\/v2\/media?parent=2685"}],"curies":[{"name":"wp","href":"https:\/\/api.w.org\/{rel}","templated":true}]}}