{"id":2688,"date":"2024-06-07T13:24:45","date_gmt":"2024-06-07T13:24:45","guid":{"rendered":"https:\/\/whatsuprincon.com\/disclaimer-regarding-advertisers-and-partners\/"},"modified":"2024-07-15T17:07:41","modified_gmt":"2024-07-15T17:07:41","slug":"disclaimer-regarding-advertisers-and-partners","status":"publish","type":"page","link":"https:\/\/whatsuprincon.com\/es\/descargo-de-responsabilidad-sobre-anunciantes-y-socios\/","title":{"rendered":"Descargo de responsabilidad sobre anunciantes y socios"},"content":{"rendered":"<h2 class=\"wp-block-heading\" style=\"text-decoration:underline\">Descargo de responsabilidad sobre anunciantes y socios<\/h2>\n\n\n<p>Nuestro sitio web, whatsuprincon.com puede contener anuncios de productos y servicios proporcionados por terceros. Consulte nuestro descargo de responsabilidad sobre anunciantes y socios:<\/p>\n<p>No ofrecemos ninguna declaraci\u00f3n ni garant\u00eda sobre la idoneidad de los productos o servicios a los que se hace referencia en estos anuncios para ning\u00fan fin. Nuestra inclusi\u00f3n de tales productos y servicios no constituye su recomendaci\u00f3n o aprobaci\u00f3n. Las opiniones y pol\u00edticas de nuestros anunciantes no son las pol\u00edticas u opiniones de whatsuprincon.com, What's Up Rinc\u00f3n, What's Up Media LLC, ni de sus socios y empleados. Al hacer clic en un anuncio, acceder\u00e1s a un sitio web de terceros que no est\u00e1 controlado ni gestionado por nosotros. Por lo tanto, debes leer la Pol\u00edtica de Privacidad y los T\u00e9rminos y Condiciones de dichos sitios web. No controlamos dichos sitios web ni sus pr\u00e1cticas.<\/p>\n<p>Seleccionamos cuidadosamente a nuestros socios porque creemos que pueden proporcionar informaci\u00f3n o servicios valiosos a nuestras comunidades. En ning\u00fan caso whatsuprincon.com respalda las pol\u00edticas u opiniones de nuestros socios.<\/p>","protected":false},"excerpt":{"rendered":"<p>Disclaimer Regarding Advertisers and Partners Our website, whatsuprincon.com may contain advertisements of products and services that are provided by third [&hellip;]<\/p>","protected":false},"author":1,"featured_media":0,"parent":0,"menu_order":0,"comment_status":"closed","ping_status":"closed","template":"","meta":{"_coblocks_attr":"","_coblocks_dimensions":"","_coblocks_responsive_height":"","_coblocks_accordion_ie_support":"","_themeisle_gutenberg_block_has_review":false,"iawp_total_views":9,"footnotes":""},"class_list":["post-2688","page","type-page","status-publish","hentry"],"yoast_head":"<!-- This site is optimized with the Yoast SEO plugin v25.8 - https:\/\/yoast.com\/wordpress\/plugins\/seo\/ -->\n<title>Disclaimer Regarding Advertisers and Partners - Rinc\u00f3n, PR | What\u2019s Up Rinc\u00f3n and Western Puerto Rico<\/title>\n<meta name=\"description\" content=\"What&#039;s Up Rinc\u00f3n-Disclaimer Regarding Advertisers and Partners-Opinions and policies of our advertisers are not our policies or opinions.\" \/>\n<meta name=\"robots\" content=\"index, follow, max-snippet:-1, max-image-preview:large, max-video-preview:-1\" \/>\n<link rel=\"canonical\" href=\"https:\/\/whatsuprincon.com\/es\/descargo-de-responsabilidad-sobre-anunciantes-y-socios\/\" \/>\n<meta property=\"og:locale\" content=\"es_ES\" \/>\n<meta property=\"og:type\" content=\"article\" \/>\n<meta property=\"og:title\" content=\"Disclaimer Regarding Advertisers and Partners - Rinc\u00f3n, PR | What\u2019s Up Rinc\u00f3n and Western Puerto Rico\" \/>\n<meta property=\"og:description\" content=\"What&#039;s Up Rinc\u00f3n-Disclaimer Regarding Advertisers and Partners-Opinions and policies of our advertisers are not our policies or opinions.\" \/>\n<meta property=\"og:url\" content=\"https:\/\/whatsuprincon.com\/es\/descargo-de-responsabilidad-sobre-anunciantes-y-socios\/\" \/>\n<meta property=\"og:site_name\" content=\"Rinc\u00f3n, PR | What\u2019s Up Rinc\u00f3n and Western Puerto Rico\" \/>\n<meta property=\"article:publisher\" content=\"https:\/\/www.facebook.com\/profile.php?id=61557407721782\" \/>\n<meta property=\"article:modified_time\" content=\"2024-07-15T17:07:41+00:00\" \/>\n<meta name=\"twitter:card\" content=\"summary_large_image\" \/>\n<meta name=\"twitter:label1\" content=\"Est. reading time\" \/>\n\t<meta name=\"twitter:data1\" content=\"1 minuto\" \/>\n<script type=\"application\/ld+json\" class=\"yoast-schema-graph\">{\"@context\":\"https:\/\/schema.org\",\"@graph\":[{\"@type\":\"WebPage\",\"@id\":\"https:\/\/whatsuprincon.com\/disclaimer-regarding-advertisers-and-partners\/\",\"url\":\"https:\/\/whatsuprincon.com\/disclaimer-regarding-advertisers-and-partners\/\",\"name\":\"Disclaimer Regarding Advertisers and Partners - Rinc\u00f3n, PR | What\u2019s Up Rinc\u00f3n and Western Puerto Rico\",\"isPartOf\":{\"@id\":\"https:\/\/whatsuprincon.com\/#website\"},\"datePublished\":\"2024-06-07T13:24:45+00:00\",\"dateModified\":\"2024-07-15T17:07:41+00:00\",\"description\":\"What's Up Rinc\u00f3n-Disclaimer Regarding Advertisers and Partners-Opinions and policies of our advertisers are not our policies or opinions.\",\"breadcrumb\":{\"@id\":\"https:\/\/whatsuprincon.com\/disclaimer-regarding-advertisers-and-partners\/#breadcrumb\"},\"inLanguage\":\"es\",\"potentialAction\":[{\"@type\":\"ReadAction\",\"target\":[\"https:\/\/whatsuprincon.com\/disclaimer-regarding-advertisers-and-partners\/\"]}]},{\"@type\":\"BreadcrumbList\",\"@id\":\"https:\/\/whatsuprincon.com\/disclaimer-regarding-advertisers-and-partners\/#breadcrumb\",\"itemListElement\":[{\"@type\":\"ListItem\",\"position\":1,\"name\":\"Home\",\"item\":\"https:\/\/whatsuprincon.com\/\"},{\"@type\":\"ListItem\",\"position\":2,\"name\":\"Disclaimer Regarding Advertisers and Partners\"}]},{\"@type\":\"WebSite\",\"@id\":\"https:\/\/whatsuprincon.com\/#website\",\"url\":\"https:\/\/whatsuprincon.com\/\",\"name\":\"What's Up Rinc\u00f3n\",\"description\":\"What&#039;s Happening in Rinc\u00f3n and Western Puerto Rico\",\"publisher\":{\"@id\":\"https:\/\/whatsuprincon.com\/#organization\"},\"potentialAction\":[{\"@type\":\"SearchAction\",\"target\":{\"@type\":\"EntryPoint\",\"urlTemplate\":\"https:\/\/whatsuprincon.com\/?s={search_term_string}\"},\"query-input\":{\"@type\":\"PropertyValueSpecification\",\"valueRequired\":true,\"valueName\":\"search_term_string\"}}],\"inLanguage\":\"es\"},{\"@type\":\"Organization\",\"@id\":\"https:\/\/whatsuprincon.com\/#organization\",\"name\":\"What's Up Rinc\u00f3n\",\"url\":\"https:\/\/whatsuprincon.com\/\",\"logo\":{\"@type\":\"ImageObject\",\"inLanguage\":\"es\",\"@id\":\"https:\/\/whatsuprincon.com\/#\/schema\/logo\/image\/\",\"url\":\"https:\/\/whatsuprincon.com\/wp-content\/uploads\/2024\/06\/header-logo-e1771168818936.png\",\"contentUrl\":\"https:\/\/whatsuprincon.com\/wp-content\/uploads\/2024\/06\/header-logo-e1771168818936.png\",\"width\":100,\"height\":100,\"caption\":\"What's Up Rinc\u00f3n\"},\"image\":{\"@id\":\"https:\/\/whatsuprincon.com\/#\/schema\/logo\/image\/\"},\"sameAs\":[\"https:\/\/www.facebook.com\/profile.php?id=61557407721782\",\"https:\/\/www.instagram.com\/whatsuprincon\/\"]}]}<\/script>\n<!-- \/ Yoast SEO plugin. -->","yoast_head_json":{"title":"Disclaimer Regarding Advertisers and Partners - Rinc\u00f3n, PR | What\u2019s Up Rinc\u00f3n and Western Puerto Rico","description":"What's Up Rinc\u00f3n-Disclaimer Regarding Advertisers and Partners-Opinions and policies of our advertisers are not our policies or opinions.","robots":{"index":"index","follow":"follow","max-snippet":"max-snippet:-1","max-image-preview":"max-image-preview:large","max-video-preview":"max-video-preview:-1"},"canonical":"https:\/\/whatsuprincon.com\/es\/descargo-de-responsabilidad-sobre-anunciantes-y-socios\/","og_locale":"es_ES","og_type":"article","og_title":"Disclaimer Regarding Advertisers and Partners - Rinc\u00f3n, PR | What\u2019s Up Rinc\u00f3n and Western Puerto Rico","og_description":"What's Up Rinc\u00f3n-Disclaimer Regarding Advertisers and Partners-Opinions and policies of our advertisers are not our policies or opinions.","og_url":"https:\/\/whatsuprincon.com\/es\/descargo-de-responsabilidad-sobre-anunciantes-y-socios\/","og_site_name":"Rinc\u00f3n, PR | What\u2019s Up Rinc\u00f3n and Western Puerto Rico","article_publisher":"https:\/\/www.facebook.com\/profile.php?id=61557407721782","article_modified_time":"2024-07-15T17:07:41+00:00","twitter_card":"summary_large_image","twitter_misc":{"Est. reading time":"1 minuto"},"schema":{"@context":"https:\/\/schema.org","@graph":[{"@type":"WebPage","@id":"https:\/\/whatsuprincon.com\/disclaimer-regarding-advertisers-and-partners\/","url":"https:\/\/whatsuprincon.com\/disclaimer-regarding-advertisers-and-partners\/","name":"Disclaimer Regarding Advertisers and Partners - Rinc\u00f3n, PR | What\u2019s Up Rinc\u00f3n and Western Puerto Rico","isPartOf":{"@id":"https:\/\/whatsuprincon.com\/#website"},"datePublished":"2024-06-07T13:24:45+00:00","dateModified":"2024-07-15T17:07:41+00:00","description":"What's Up Rinc\u00f3n-Disclaimer Regarding Advertisers and Partners-Opinions and policies of our advertisers are not our policies or opinions.","breadcrumb":{"@id":"https:\/\/whatsuprincon.com\/disclaimer-regarding-advertisers-and-partners\/#breadcrumb"},"inLanguage":"es","potentialAction":[{"@type":"ReadAction","target":["https:\/\/whatsuprincon.com\/disclaimer-regarding-advertisers-and-partners\/"]}]},{"@type":"BreadcrumbList","@id":"https:\/\/whatsuprincon.com\/disclaimer-regarding-advertisers-and-partners\/#breadcrumb","itemListElement":[{"@type":"ListItem","position":1,"name":"Home","item":"https:\/\/whatsuprincon.com\/"},{"@type":"ListItem","position":2,"name":"Disclaimer Regarding Advertisers and Partners"}]},{"@type":"WebSite","@id":"https:\/\/whatsuprincon.com\/#website","url":"https:\/\/whatsuprincon.com\/","name":"What's Up Rinc\u00f3n","description":"What&#039;s Happening in Rinc\u00f3n and Western Puerto Rico","publisher":{"@id":"https:\/\/whatsuprincon.com\/#organization"},"potentialAction":[{"@type":"SearchAction","target":{"@type":"EntryPoint","urlTemplate":"https:\/\/whatsuprincon.com\/?s={search_term_string}"},"query-input":{"@type":"PropertyValueSpecification","valueRequired":true,"valueName":"search_term_string"}}],"inLanguage":"es"},{"@type":"Organization","@id":"https:\/\/whatsuprincon.com\/#organization","name":"What's Up Rinc\u00f3n","url":"https:\/\/whatsuprincon.com\/","logo":{"@type":"ImageObject","inLanguage":"es","@id":"https:\/\/whatsuprincon.com\/#\/schema\/logo\/image\/","url":"https:\/\/whatsuprincon.com\/wp-content\/uploads\/2024\/06\/header-logo-e1771168818936.png","contentUrl":"https:\/\/whatsuprincon.com\/wp-content\/uploads\/2024\/06\/header-logo-e1771168818936.png","width":100,"height":100,"caption":"What's Up Rinc\u00f3n"},"image":{"@id":"https:\/\/whatsuprincon.com\/#\/schema\/logo\/image\/"},"sameAs":["https:\/\/www.facebook.com\/profile.php?id=61557407721782","https:\/\/www.instagram.com\/whatsuprincon\/"]}]}},"_links":{"self":[{"href":"https:\/\/whatsuprincon.com\/es\/wp-json\/wp\/v2\/pages\/2688","targetHints":{"allow":["GET"]}}],"collection":[{"href":"https:\/\/whatsuprincon.com\/es\/wp-json\/wp\/v2\/pages"}],"about":[{"href":"https:\/\/whatsuprincon.com\/es\/wp-json\/wp\/v2\/types\/page"}],"author":[{"embeddable":true,"href":"https:\/\/whatsuprincon.com\/es\/wp-json\/wp\/v2\/users\/1"}],"replies":[{"embeddable":true,"href":"https:\/\/whatsuprincon.com\/es\/wp-json\/wp\/v2\/comments?post=2688"}],"version-history":[{"count":4,"href":"https:\/\/whatsuprincon.com\/es\/wp-json\/wp\/v2\/pages\/2688\/revisions"}],"predecessor-version":[{"id":3438,"href":"https:\/\/whatsuprincon.com\/es\/wp-json\/wp\/v2\/pages\/2688\/revisions\/3438"}],"wp:attachment":[{"href":"https:\/\/whatsuprincon.com\/es\/wp-json\/wp\/v2\/media?parent=2688"}],"curies":[{"name":"wp","href":"https:\/\/api.w.org\/{rel}","templated":true}]}}