{"id":3081,"date":"2024-06-12T16:20:04","date_gmt":"2024-06-12T16:20:04","guid":{"rendered":"https:\/\/whatsuprincon.com\/e-u-general-data-protection-regulation-gdpr\/"},"modified":"2024-07-15T17:50:15","modified_gmt":"2024-07-15T17:50:15","slug":"gdpr","status":"publish","type":"page","link":"https:\/\/whatsuprincon.com\/es\/gdpr\/","title":{"rendered":"Reglamento General de Protecci\u00f3n de Datos de la UE (RGPD)"},"content":{"rendered":"<p>What's Up Rinc\u00f3n (\"El Responsable\") recopila datos personales de usuarios individuales de discoverpuertorico.com. Algunos elementos de estos datos pueden constituir \"datos personales\" protegidos, tal y como se define este t\u00e9rmino en el Reglamento General de Protecci\u00f3n de Datos de la UE (\"RGPD\").<\/p>\n<p>La siguiente informaci\u00f3n sobre el cumplimiento del GDPR por parte del Controlador solo tiene fines informativos y de cumplimiento. Estas declaraciones no representan que ning\u00fan dato o servicio espec\u00edfico se rija por el RGPD, ni constituyen ning\u00fan contrato o compromiso con ninguna persona.<\/p>\n<h4>Fecha de entrada en vigor del GDPR<\/h4>\n<p>GDPR entr\u00f3 en vigor el 25 de mayo de 2018. A partir de esa fecha, el Responsable del tratamiento cumplir\u00e1 el RGPD en la medida en que sea aplicable.<\/p>\n<h4>Utilizaci\u00f3n de los datos<\/h4>\n<p>El responsable del tratamiento utiliza datos personales, incluida la informaci\u00f3n facilitada por usted durante el uso del sitio web y el env\u00edo de formularios. El responsable del tratamiento procesa estos datos con fines de marketing. Estos datos pueden utilizarse, por ejemplo, para enviar la informaci\u00f3n que usted solicite por medios electr\u00f3nicos o f\u00edsicos.<\/p>\n<h4>Base para el tratamiento de datos<\/h4>\n<p>El Responsable del Tratamiento puede solicitar su consentimiento para enviar comunicaciones (comunicaciones de marketing). En determinados casos, el Responsable del tratamiento solicitar\u00e1 su consentimiento por separado para enviar estas comunicaciones. Puede revocar este consentimiento en cualquier momento enviando un correo electr\u00f3nico a contact@whatsuprincon.com o haciendo clic en \"cancelar suscripci\u00f3n\" en la comunicaci\u00f3n por correo electr\u00f3nico correspondiente. Tambi\u00e9n puede ponerse en contacto con nosotros a trav\u00e9s de <a href=\"https:\/\/whatsuprincon.com\/es\/conectemonos\/\">formulario de contacto<\/a>.<\/p>\n<h4>Destinatarios de los datos personales<\/h4>\n<p>Los destinatarios de los datos personales pueden ser proveedores de servicios de correo f\u00edsico, desarrolladores de correo electr\u00f3nico, proveedores t\u00e9cnicos de almacenamiento de datos y proveedores de servicios back-end. Todos los empleados del Responsable del tratamiento que reciben o revisan datos personales han recibido formaci\u00f3n sobre el mantenimiento de la confidencialidad de dichos datos y se han comprometido a mantener la confidencialidad. Cuando proceda, El Responsable del Tratamiento celebrar\u00e1 acuerdos por escrito que regulen el tratamiento y la confidencialidad de los datos personales por parte de terceros.<\/p>\n<h4>Almacenamiento de datos<\/h4>\n<p>El responsable del tratamiento s\u00f3lo conservar\u00e1 los datos durante el tiempo que sea necesario.<\/p>\n<h4>Sus derechos en virtud del GDPR<\/h4>\n<p>Si el RGPD se aplica a la conservaci\u00f3n de sus datos personales, usted tiene varios derechos, entre ellos (i) el derecho a solicitar el acceso, la rectificaci\u00f3n o la supresi\u00f3n de sus datos, (ii) el derecho a presentar una reclamaci\u00f3n ante la autoridad de control competente de la Uni\u00f3n Europea, y (iii) en la medida en que el tratamiento de datos se base en el consentimiento, usted tiene derecho a retirar su consentimiento en cualquier momento.<\/p>","protected":false},"excerpt":{"rendered":"<p>What\u2019s Up Rinc\u00f3n (\u201cThe Controller\u201d) collects personal data from individual users of discoverpuertorico.com. Certain elements of this data may constitute [&hellip;]<\/p>","protected":false},"author":1,"featured_media":0,"parent":0,"menu_order":0,"comment_status":"closed","ping_status":"closed","template":"","meta":{"_coblocks_attr":"","_coblocks_dimensions":"","_coblocks_responsive_height":"","_coblocks_accordion_ie_support":"","_themeisle_gutenberg_block_has_review":false,"iawp_total_views":8,"footnotes":""},"class_list":["post-3081","page","type-page","status-publish","hentry"],"yoast_head":"<!-- This site is optimized with the Yoast SEO plugin v25.8 - https:\/\/yoast.com\/wordpress\/plugins\/seo\/ -->\n<title>GDPR - Rinc\u00f3n, PR | What\u2019s Up Rinc\u00f3n and Western Puerto Rico<\/title>\n<meta name=\"description\" content=\"What&#039;s Up Rinc\u00f3n-GDPR-disclosures concerning personal data as required by the E.U. General Data Protection Regulation\" \/>\n<meta name=\"robots\" content=\"index, follow, max-snippet:-1, max-image-preview:large, max-video-preview:-1\" \/>\n<link rel=\"canonical\" href=\"https:\/\/whatsuprincon.com\/es\/gdpr\/\" \/>\n<meta property=\"og:locale\" content=\"es_ES\" \/>\n<meta property=\"og:type\" content=\"article\" \/>\n<meta property=\"og:title\" content=\"GDPR - Rinc\u00f3n, PR | What\u2019s Up Rinc\u00f3n and Western Puerto Rico\" \/>\n<meta property=\"og:description\" content=\"What&#039;s Up Rinc\u00f3n-GDPR-disclosures concerning personal data as required by the E.U. General Data Protection Regulation\" \/>\n<meta property=\"og:url\" content=\"https:\/\/whatsuprincon.com\/es\/gdpr\/\" \/>\n<meta property=\"og:site_name\" content=\"Rinc\u00f3n, PR | What\u2019s Up Rinc\u00f3n and Western Puerto Rico\" \/>\n<meta property=\"article:publisher\" content=\"https:\/\/www.facebook.com\/profile.php?id=61557407721782\" \/>\n<meta property=\"article:modified_time\" content=\"2024-07-15T17:50:15+00:00\" \/>\n<meta name=\"twitter:card\" content=\"summary_large_image\" \/>\n<meta name=\"twitter:label1\" content=\"Est. reading time\" \/>\n\t<meta name=\"twitter:data1\" content=\"2 minutos\" \/>\n<script type=\"application\/ld+json\" class=\"yoast-schema-graph\">{\"@context\":\"https:\/\/schema.org\",\"@graph\":[{\"@type\":\"WebPage\",\"@id\":\"https:\/\/whatsuprincon.com\/gdpr\/\",\"url\":\"https:\/\/whatsuprincon.com\/gdpr\/\",\"name\":\"GDPR - Rinc\u00f3n, PR | What\u2019s Up Rinc\u00f3n and Western Puerto Rico\",\"isPartOf\":{\"@id\":\"https:\/\/whatsuprincon.com\/#website\"},\"datePublished\":\"2024-06-12T16:20:04+00:00\",\"dateModified\":\"2024-07-15T17:50:15+00:00\",\"description\":\"What's Up Rinc\u00f3n-GDPR-disclosures concerning personal data as required by the E.U. General Data Protection Regulation\",\"breadcrumb\":{\"@id\":\"https:\/\/whatsuprincon.com\/gdpr\/#breadcrumb\"},\"inLanguage\":\"es\",\"potentialAction\":[{\"@type\":\"ReadAction\",\"target\":[\"https:\/\/whatsuprincon.com\/gdpr\/\"]}]},{\"@type\":\"BreadcrumbList\",\"@id\":\"https:\/\/whatsuprincon.com\/gdpr\/#breadcrumb\",\"itemListElement\":[{\"@type\":\"ListItem\",\"position\":1,\"name\":\"Home\",\"item\":\"https:\/\/whatsuprincon.com\/\"},{\"@type\":\"ListItem\",\"position\":2,\"name\":\"E.U. General Data Protection Regulation (GDPR)\"}]},{\"@type\":\"WebSite\",\"@id\":\"https:\/\/whatsuprincon.com\/#website\",\"url\":\"https:\/\/whatsuprincon.com\/\",\"name\":\"What's Up Rinc\u00f3n\",\"description\":\"What&#039;s Happening in Rinc\u00f3n and Western Puerto Rico\",\"publisher\":{\"@id\":\"https:\/\/whatsuprincon.com\/#organization\"},\"potentialAction\":[{\"@type\":\"SearchAction\",\"target\":{\"@type\":\"EntryPoint\",\"urlTemplate\":\"https:\/\/whatsuprincon.com\/?s={search_term_string}\"},\"query-input\":{\"@type\":\"PropertyValueSpecification\",\"valueRequired\":true,\"valueName\":\"search_term_string\"}}],\"inLanguage\":\"es\"},{\"@type\":\"Organization\",\"@id\":\"https:\/\/whatsuprincon.com\/#organization\",\"name\":\"What's Up Rinc\u00f3n\",\"url\":\"https:\/\/whatsuprincon.com\/\",\"logo\":{\"@type\":\"ImageObject\",\"inLanguage\":\"es\",\"@id\":\"https:\/\/whatsuprincon.com\/#\/schema\/logo\/image\/\",\"url\":\"https:\/\/whatsuprincon.com\/wp-content\/uploads\/2024\/06\/header-logo-e1771168818936.png\",\"contentUrl\":\"https:\/\/whatsuprincon.com\/wp-content\/uploads\/2024\/06\/header-logo-e1771168818936.png\",\"width\":100,\"height\":100,\"caption\":\"What's Up Rinc\u00f3n\"},\"image\":{\"@id\":\"https:\/\/whatsuprincon.com\/#\/schema\/logo\/image\/\"},\"sameAs\":[\"https:\/\/www.facebook.com\/profile.php?id=61557407721782\",\"https:\/\/www.instagram.com\/whatsuprincon\/\"]}]}<\/script>\n<!-- \/ Yoast SEO plugin. -->","yoast_head_json":{"title":"GDPR - Rinc\u00f3n, PR | What\u2019s Up Rinc\u00f3n and Western Puerto Rico","description":"What's Up Rinc\u00f3n-GDPR-disclosures concerning personal data as required by the E.U. General Data Protection Regulation","robots":{"index":"index","follow":"follow","max-snippet":"max-snippet:-1","max-image-preview":"max-image-preview:large","max-video-preview":"max-video-preview:-1"},"canonical":"https:\/\/whatsuprincon.com\/es\/gdpr\/","og_locale":"es_ES","og_type":"article","og_title":"GDPR - Rinc\u00f3n, PR | What\u2019s Up Rinc\u00f3n and Western Puerto Rico","og_description":"What's Up Rinc\u00f3n-GDPR-disclosures concerning personal data as required by the E.U. General Data Protection Regulation","og_url":"https:\/\/whatsuprincon.com\/es\/gdpr\/","og_site_name":"Rinc\u00f3n, PR | What\u2019s Up Rinc\u00f3n and Western Puerto Rico","article_publisher":"https:\/\/www.facebook.com\/profile.php?id=61557407721782","article_modified_time":"2024-07-15T17:50:15+00:00","twitter_card":"summary_large_image","twitter_misc":{"Est. reading time":"2 minutos"},"schema":{"@context":"https:\/\/schema.org","@graph":[{"@type":"WebPage","@id":"https:\/\/whatsuprincon.com\/gdpr\/","url":"https:\/\/whatsuprincon.com\/gdpr\/","name":"GDPR - Rinc\u00f3n, PR | What\u2019s Up Rinc\u00f3n and Western Puerto Rico","isPartOf":{"@id":"https:\/\/whatsuprincon.com\/#website"},"datePublished":"2024-06-12T16:20:04+00:00","dateModified":"2024-07-15T17:50:15+00:00","description":"What's Up Rinc\u00f3n-GDPR-disclosures concerning personal data as required by the E.U. General Data Protection Regulation","breadcrumb":{"@id":"https:\/\/whatsuprincon.com\/gdpr\/#breadcrumb"},"inLanguage":"es","potentialAction":[{"@type":"ReadAction","target":["https:\/\/whatsuprincon.com\/gdpr\/"]}]},{"@type":"BreadcrumbList","@id":"https:\/\/whatsuprincon.com\/gdpr\/#breadcrumb","itemListElement":[{"@type":"ListItem","position":1,"name":"Home","item":"https:\/\/whatsuprincon.com\/"},{"@type":"ListItem","position":2,"name":"E.U. General Data Protection Regulation (GDPR)"}]},{"@type":"WebSite","@id":"https:\/\/whatsuprincon.com\/#website","url":"https:\/\/whatsuprincon.com\/","name":"What's Up Rinc\u00f3n","description":"What&#039;s Happening in Rinc\u00f3n and Western Puerto Rico","publisher":{"@id":"https:\/\/whatsuprincon.com\/#organization"},"potentialAction":[{"@type":"SearchAction","target":{"@type":"EntryPoint","urlTemplate":"https:\/\/whatsuprincon.com\/?s={search_term_string}"},"query-input":{"@type":"PropertyValueSpecification","valueRequired":true,"valueName":"search_term_string"}}],"inLanguage":"es"},{"@type":"Organization","@id":"https:\/\/whatsuprincon.com\/#organization","name":"What's Up Rinc\u00f3n","url":"https:\/\/whatsuprincon.com\/","logo":{"@type":"ImageObject","inLanguage":"es","@id":"https:\/\/whatsuprincon.com\/#\/schema\/logo\/image\/","url":"https:\/\/whatsuprincon.com\/wp-content\/uploads\/2024\/06\/header-logo-e1771168818936.png","contentUrl":"https:\/\/whatsuprincon.com\/wp-content\/uploads\/2024\/06\/header-logo-e1771168818936.png","width":100,"height":100,"caption":"What's Up Rinc\u00f3n"},"image":{"@id":"https:\/\/whatsuprincon.com\/#\/schema\/logo\/image\/"},"sameAs":["https:\/\/www.facebook.com\/profile.php?id=61557407721782","https:\/\/www.instagram.com\/whatsuprincon\/"]}]}},"_links":{"self":[{"href":"https:\/\/whatsuprincon.com\/es\/wp-json\/wp\/v2\/pages\/3081","targetHints":{"allow":["GET"]}}],"collection":[{"href":"https:\/\/whatsuprincon.com\/es\/wp-json\/wp\/v2\/pages"}],"about":[{"href":"https:\/\/whatsuprincon.com\/es\/wp-json\/wp\/v2\/types\/page"}],"author":[{"embeddable":true,"href":"https:\/\/whatsuprincon.com\/es\/wp-json\/wp\/v2\/users\/1"}],"replies":[{"embeddable":true,"href":"https:\/\/whatsuprincon.com\/es\/wp-json\/wp\/v2\/comments?post=3081"}],"version-history":[{"count":2,"href":"https:\/\/whatsuprincon.com\/es\/wp-json\/wp\/v2\/pages\/3081\/revisions"}],"predecessor-version":[{"id":3444,"href":"https:\/\/whatsuprincon.com\/es\/wp-json\/wp\/v2\/pages\/3081\/revisions\/3444"}],"wp:attachment":[{"href":"https:\/\/whatsuprincon.com\/es\/wp-json\/wp\/v2\/media?parent=3081"}],"curies":[{"name":"wp","href":"https:\/\/api.w.org\/{rel}","templated":true}]}}