{"id":3345,"date":"2024-07-11T18:43:28","date_gmt":"2024-07-11T18:43:28","guid":{"rendered":"https:\/\/whatsuprincon.com\/?page_id=3345"},"modified":"2024-07-18T15:15:03","modified_gmt":"2024-07-18T19:15:03","slug":"add-listing-form","status":"publish","type":"page","link":"https:\/\/whatsuprincon.com\/es\/formulario-para-anadir-anuncios\/","title":{"rendered":"Formulario para a\u00f1adir anuncios"},"content":{"rendered":"<p class=\"has-text-align-center\">Por favor complete el formulario para agregar su negocio o servicio a nuestro directorio. Despu\u00e9s de completar el formulario de listado, recibir\u00e1 un correo electr\u00f3nico con instrucciones sobre c\u00f3mo completar su pago. Si tiene alguna pregunta, env\u00edenos un correo electr\u00f3nico a: contact@whatsuprincon.com.<\/p>\n\n\n\n<div style=\"height:49px\" aria-hidden=\"true\" class=\"wp-block-spacer\"><\/div>\n\n\n\n<div class=\"directorist-add-listing-wrapper directorist-w-100\">\n\t<div class=\"directorist-container-fluid\">\n\n\t\t<form action=\"\/wp-json\/wp\/v2\/pages\/3345\" method=\"post\" id=\"directorist-add-listing-form\" data-trp-original-action=\"\/es\/wp-json\/wp\/v2\/pages\/3345\">\n\n        \n            <div class=\"directorist-add-listing-form\">\n\n                <input type=\"hidden\" name=\"add_listing_form\" value=\"1\">\n                <input type=\"hidden\" name=\"listing_id\" value=\"\">\n\n                <input type=\"hidden\" id=\"add_listing_nonce\" name=\"add_listing_nonce\" value=\"1325c80ad3\" \/><input type=\"hidden\" name=\"_wp_http_referer\" value=\"\/es\/wp-json\/wp\/v2\/pages\/3345\" \/><input type=\"hidden\" name=\"directory_type\" value=\"99\">\n<div class=\"directorist-form-section directorist-content-module\">\n\n\t<div class=\"directorist-content-module__title\">\n\t\t<h4>Secci\u00f3n General<\/h4>\n\t<\/div>\n\n\t<div class=\"directorist-content-module__contents\">\n\n\t\t\n<div class=\"directorist-form-group directorist-form-title-field\">\n\n\t\n<div class=\"directorist-form-label\">Nombre del Negocio<span class=\"directorist-form-required\"> *<\/span><\/div>\n\t<input type=\"text\" name=\"listing_title\" id=\"listing_title\" class=\"directorist-form-element\" value=\"\" placeholder=\"\" required=\"required\">\n\n\t\n<\/div>\n<div class=\"directorist-form-group directorist-form-categories-field\">\n\n\t\n<div class=\"directorist-form-label\">Categor\u00eda:<\/div>\n\t<select name=\"admin_category_select[]\" id=\"at_biz_dir-categories\" class=\"directorist-form-element\" data-selected-id=\"\" data-selected-label=\"\" data-placeholder=\"\" data-max=\"\" data-allow_new=\"\" multiple>\n\n\t\t<option value=\"126\">Animales\/Mascotas<\/option><option value=\"238\">Playa y agua<\/option><option value=\"102\">Comunidad y familia<option value=\"116\">&nbsp;&nbsp;&nbsp;Iglesias<\/option><option value=\"117\">&nbsp;&nbsp;&nbsp;Organizaciones de voluntarios<\/option><\/option><option value=\"237\">Digital\/Foto\/V\u00eddeo<\/option><option value=\"236\">Eventos<\/option><option value=\"119\">Comida y Bebida<option value=\"120\">&nbsp;&nbsp;&nbsp;Eventos y catering<\/option><\/option><option value=\"113\">Bienes y servicios<option value=\"501\">&nbsp;&nbsp;&nbsp;Servicios de Spa y Hol\u00edsticos<\/option><\/option><option value=\"233\">Hogar y Patio<\/option><option value=\"115\">M\u00e9dico y dental<\/option><option value=\"105\">Municipios y Gobierno<\/option><option value=\"111\">Hospedajes<\/option><option value=\"124\">Servicios profesionales<\/option><option value=\"247\">Bienes ra\u00edces<\/option><option value=\"114\">Reparaci\u00f3n, mantenimiento e instalaci\u00f3n<option value=\"122\">&nbsp;&nbsp;&nbsp;Reparaci\u00f3n y mantenimiento de autom\u00f3viles<\/option><\/option><option value=\"112\">Compras<\/option><option value=\"118\">Tours, transporte y expediciones<\/option><option value=\"121\">Bienestar y Fitness<\/option>\n\t<\/select>\n\n\t\n<\/div>\n<div class=\"directorist-form-group directorist-form-location-field\">\n\n\t\n<div class=\"directorist-form-label\">Ubicaci\u00f3n:<\/div>\n\t<select name=\"tax_input[at_biz_dir-location][]\" class=\"directorist-form-element\" id=\"at_biz_dir-location\" data-selected-id=\"\" data-selected-label=\"\" data-placeholder=\"\" data-max=\"0\" data-allow_new=\"\" multiple>\n\n\t\t<option value=\"109\">Aguada<\/option><option value=\"320\">Aguadilla<\/option><option value=\"103\">A\u00f1asco<\/option><option value=\"523\">Isabela<\/option><option value=\"319\">Mayaguez<\/option><option value=\"125\">Cerca de<\/option><option value=\"100\">Rinc\u00f3n<\/option>\n\t<\/select>\n\n\t\n<\/div>\n<div class=\"directorist-form-group directorist-form-excerpt-field\">\n\n\t\n<div class=\"directorist-form-label\">Breve descripci\u00f3n (10 palabras o menos):<span class=\"directorist-form-required\"> *<\/span><\/div>\n\t<textarea name=\"excerpt\" id=\"excerpt\" class=\"directorist-form-element\" cols=\"30\" rows=\"5\" placeholder=\"\" required=\"required\"><\/textarea>\n\n\t<input type=\"hidden\" id=\"has_excerpt\" value=\"\">\n\n\t\n<\/div>\n<div class=\"directorist-form-group directorist-form-description-field\">\n\n\t\n<div class=\"directorist-form-label\">Descripci\u00f3n completa (50 palabras o menos):<\/div>\t\t<textarea name=\"listing_content\" id=\"listing_content\" class=\"directorist-form-element\" rows=\"8\" placeholder=\"\" maxlength=\"\" ><\/textarea>\n\t\t\n\t<div id=\"directorist_listing_description_indicator\"><\/div>\n\n<\/div>\n\t<\/div>\n\n<\/div>\n<div class=\"directorist-form-section directorist-content-module\">\n\n\t<div class=\"directorist-content-module__title\">\n\t\t<h4>Informaci\u00f3n de contacto<\/h4>\n\t<\/div>\n\n\t<div class=\"directorist-content-module__contents\">\n\n\t\t\n<div class=\"directorist-form-group directorist-form-phone-field\">\n\n\t\n<div class=\"directorist-form-label\">Tel\u00e9fono:<\/div>\n\t<input type=\"tel\" name=\"phone\" id=\"phone\" class=\"directorist-form-element\" value=\"\" placeholder=\"\" >\n\n\t\n<\/div>\n<div class=\"directorist-form-group directorist-form-address-field\">\n\n\t\n<div class=\"directorist-form-label\">Direcci\u00f3n:<\/div>\n\t<input type=\"text\" autocomplete=\"off\" name=\"address\" id=\"address\" class=\"directorist-form-element directorist-location-js\" value=\"\" placeholder=\"\" >\n\n\t<div class=\"address_result\"><ul><\/ul><\/div>\n\n<\/div>\n<div class=\"directorist-form-group directorist-form-zip-field\">\n\n\t\n\t<input type=\"text\" name=\"zip\" id=\"zip\" class=\"directorist-form-element\" value=\"\" placeholder=\"\" >\n\n\t\n<\/div>\n<div class=\"directorist-form-group directorist-form-email-field\">\n\n\t\n<div class=\"directorist-form-label\">Correo electr\u00f3nico:<\/div>\n\t<input type=\"email\" name=\"email\" id=\"email\" class=\"directorist-form-element\" value=\"\" placeholder=\"\" >\n\n\t\n<\/div>\n<div class=\"directorist-form-group directorist-form-website-field\">\n\n\t\n<div class=\"directorist-form-label\">P\u00e1gina web:<\/div>\n\t<input type=\"text\" name=\"website\" id=\"website\" class=\"directorist-form-element\" value=\"\" placeholder=\"\" >\n\n\t\n<\/div>\n<div class=\"directorist-form-group directorist-form-social-info-field\">\n\n\t\n<div class=\"directorist-form-label\">Informaci\u00f3n social:<\/div>\n\t<div id=\"social_info_sortable_container\">\n\n\t\t<input type=\"hidden\" id=\"is_social_checked\">\n\n\t\t\n\t<\/div>\n\n\t<button type=\"button\" class=\"directorist-btn directorist-btn-primary directorist-btn-sm\" id=\"addNewSocial\"> <span class=\"plus-sign\">+<\/span>Add New<\/button>\n\n<\/div>\n\t<\/div>\n\n<\/div>\n<div class=\"directorist-form-section directorist-content-module\">\n\n\t<div class=\"directorist-content-module__title\">\n\t\t<h4>Logo<\/h4>\n\t<\/div>\n\n\t<div class=\"directorist-content-module__contents\">\n\n\t\t\n<div class=\"directorist-form-group directorist-form-image-upload-field\">\n\t<div class=\"ez-media-uploader directorist-image-upload\" data-uploader=\"{&quot;type&quot;:&quot;jpg, jpeg, jpe, gif, png, bmp, tiff, tif, webp, avif, ico, heic, heif, heics, heifs, svg, svgz, JPG, JPEG, JPE, GIF, PNG, BMP, TIFF, TIF, WEBP, AVIF, ICO, HEIC, HEIF, HEICS, HEIFS, SVG, SVGZ&quot;,&quot;max_num_of_img&quot;:&quot;0&quot;,&quot;max_total_img_size&quot;:0,&quot;is_required&quot;:false,&quot;max_size_per_img&quot;:0}\">\n\t\t<div class=\"ezmu__loading-section ezmu--show\">\n\t\t\t<span class=\"ezmu__loading-icon\"><span class=\"ezmu__loading-icon-img-bg\"><\/span><\/span>\n\t\t<\/div>\n\t\t<div class=\"ezmu__old-files\">\n\t\t\t\t\t<\/div>\n\t\t<div class=\"ezmu-dictionary\">\n\t\t\t<span class=\"ezmu-dictionary-label-drop-here\">Deje caer aqu\u00ed<\/span>\n\t\t\t<span class=\"ezmu-dictionary-label-featured\">Preview<\/span>\n\t\t\t<span class=\"ezmu-dictionary-label-drag-n-drop\">Drag &amp; Drop<\/span>\n\t\t\t<span class=\"ezmu-dictionary-label-or\">o<\/span>\n\t\t\t<span class=\"ezmu-dictionary-label-select-files\">Seleccionar archivos<\/span>\n\t\t\t<span class=\"ezmu-dictionary-label-add-more\">M\u00e1s informaci\u00f3n<\/span>\n\t\t\t<span class=\"ezmu-dictionary-alert-max-file-size\">Maximum limit for a file is  __DT__<\/span>\n\t\t\t<span class=\"ezmu-dictionary-alert-max-total-file-size\">Maximum limit for total file size is __DT__<\/span>\n\t\t\t<span class=\"ezmu-dictionary-alert-min-file-items\">Minimum __DT__ file is required<\/span>\n\t\t\t<span class=\"ezmu-dictionary-alert-max-file-items\">Maximum limit for total file is __DT__<\/span>\n\t\t\t<span class=\"ezmu-dictionary-info-max-file-size\">Maximum allowed size per file is __DT__<\/span>\n\t\t\t<span class=\"ezmu-dictionary-info-max-total-file-size\">Maximum total allowed file size is __DT__<\/span>\n\t\t\t<span class=\"ezmu-dictionary-info-type\"><\/span>\n\t\t\t<span class=\"ezmu-dictionary-info-min-file-items\">Minimum __DT__ file is required<\/span>\n\t\t\t<span class=\"ezmu-dictionary-info-max-file-items\">\n\t\t\t\tMaximum __DT__ file is allowed\t\t\t<\/span>\n\t\t<\/div>\n\t<\/div>\n<\/div>\n\n\t<\/div>\n\n<\/div>\n<div class=\"directorist-form-section directorist-content-module\">\n\n\t<div class=\"directorist-content-module__title\">\n\t\t<h4>Plazo de inscripci\u00f3n (1 mes\/$10, 3 meses\/$28, 6 meses\/$54, 1 a\u00f1o\/$99)<\/h4>\n\t<\/div>\n\n\t<div class=\"directorist-content-module__contents\">\n\n\t\t\n<div class=\"directorist-form-group directorist-custom-field-text\">\n\n\t\n<div class=\"directorist-form-label\">Texto:<\/div>\n\t<input type=\"text\" name=\"custom-text\" id=\"custom-text\" class=\"directorist-form-element\" value=\"\" placeholder=\"\" >\n\n\t\n<\/div>\n\t<\/div>\n\n<\/div>\n<div class=\"directorist-add-listing-form__action\">\n\n\t\n\t\t<div class=\"directorist-form-group directorist-mb-15\">\n\n\t\t\t<label for=\"guest_user_email\">Su correo electr\u00f3nico:<span class=\"directorist-form-required\"> *<\/span><\/label>\n\n\t\t\t<input type=\"text\" id=\"guest_user_email\" name=\"guest_user_email\" class=\"directorist-form-element directory_field\" placeholder=\"example@email.com\"\/>\n\t\t<\/div>\n\n\t\n\t\n\t\t<div class=\"directorist-form-privacy directorist-checkbox\">\n\n\t\t\t<input id=\"directorist_add-listing-privacy_policy\" type=\"checkbox\" name=\"privacy_policy\"  required=\"required\">\n\n\t\t\t<label for=\"directorist_add-listing-privacy_policy\" class=\"directorist-checkbox__label\">Acepto la <a target=\"_blank\" href=\"https:\/\/whatsuprincon.com\/es\/politica-de-privacidad\/\">Pol\u00edtica de privacidad<\/a><\/label>\n\n\t\t\t\t\t\t\t<span class=\"directorist-form-required\"> *<\/span>\n\t\t\t\n\t\t<\/div>\n\n\t\n\t\n\t\t<div class=\"directorist-form-terms directorist-checkbox\">\n\n\t\t\t<input id=\"directorist_add-listing-_t\" type=\"checkbox\" name=\"t_c_check\"  required=\"required\">\n\n\t\t\t<label for=\"directorist_add-listing-_t\" class=\"directorist-checkbox__label\">Estoy de acuerdo con todos <a target=\"_blank\" href=\"https:\/\/whatsuprincon.com\/es\/condiciones-generales\/\">condiciones generales<\/a><\/label>\n\n\t\t\t\t\t\t\t<span class=\"directorist-form-required\"> *<\/span>\n\t\t\t\n\t\t<\/div>\n\n\t\n\t<div id=\"listing_notifier\"><\/div>\n\n\t<div class=\"directorist-form-submit\">\n\t\t<button type=\"submit\" class=\"directorist-btn directorist-btn-primary directorist-btn-lg directorist-form-submit__btn\">Guardar y previsualizar<\/button>\n\t<\/div>\n\n\t\n<\/div>\n            <\/div>\n        <input type=\"hidden\" name=\"trp-form-language\" value=\"es\"\/><\/form>\n\n    <\/div>\n<\/div>\n\n\n<div id=\"directorist-quick-login\" class=\"directorist-modal-container\">\n\t<div class=\"directorist-modal-wrap\">\n\t\t<div class=\"directorist-modals\">\n\t\t\t<form action=\"https:\/\/whatsuprincon.com\/es\/wp-json\/wp\/v2\/pages\/3345\" id=\"quick-login-from\" data-trp-original-action=\"#\">\n\t\t\t\t<div class=\"directorist-modal-header\">\n\t\t\t\t\t<div class=\"directorist-modal-title-area\">\n\t\t\t\t\t\t<h3 class=\"directorist-modal-title\">Quick Login<\/h3>\n\t\t\t\t\t<\/div>\n\n\t\t\t\t\t<div class=\"directorist-modal-actions-area\">\n\t\t\t\t\t\t<a href=\"#\" class=\"directorist-toggle-modal\" data-target=\"#directorist-quick-login\"><i class=\"directorist-icon-mask\" aria-hidden=\"true\" style=\"--directorist-icon: url(https:\/\/whatsuprincon.com\/wp-content\/plugins\/directorist\/assets\/icons\/font-awesome\/svgs\/solid\/times.svg)\"><\/i><\/a>\n\t\t\t\t\t<\/div>\n\t\t\t\t<\/div>\n\n\t\t\t\t<div class=\"directorist-modal-body\">\n\t\t\t\t\t<div class=\"directorist-modal-alerts-area directorist-text-center\"><\/div>\n\n\t\t\t\t\t<div class=\"directorist-form-group directorist-mb-15\">\n\t\t\t\t\t\t<input type=\"text\" name=\"email\" placeholder=\"user@email.com\" class=\"directorist-form-element\">\n\t\t\t\t\t<\/div>\n\n\t\t\t\t\t<div class=\"directorist-form-group directorist-mb-15\">\n\t\t\t\t\t\t<input type=\"password\" name=\"password\" placeholder=\"Contrase\u00f1a\" class=\"directorist-form-element\">\n\t\t\t\t\t<\/div>\n\n\t\t\t\t\t<input type=\"hidden\" id=\"directorist-quick-login-security\" name=\"directorist-quick-login-security\" value=\"1843a2f85a\" \/><input type=\"hidden\" name=\"_wp_http_referer\" value=\"\/es\/wp-json\/wp\/v2\/pages\/3345\" \/>\t\t\t\t\t<div class=\"directorist-form-feedback\"><\/div>\n\n\t\t\t\t\t<div class=\"directorist-form-actions directorist-text-center\">\n\t\t\t\t\t\t<button type=\"button\" id=\"quick-login-from-submit-btn\" data-form=\"#quick-login-from\" data-modal=\"directorist-quick-login-modal\" name=\"login\" class=\"directorist-btn directorist-btn-primary directorist-btn-block\">\n\t\t\t\t\t\t\tInicio de sesi\u00f3n\t\t\t\t\t\t<\/button>\n\n\t\t\t\t\t\t<button type=\"button\" data-target=\"#directorist-quick-login-modal\" class=\"directorist-btn directorist-btn-primary directorist-btn-block directorist-toggle-modal directorist-d-none\">\n\t\t\t\t\t\t\tContinue\t\t\t\t\t\t<\/button>\n\t\t\t\t\t<\/div>\n\t\t\t\t<\/div>\n\t\t\t<input type=\"hidden\" name=\"trp-form-language\" value=\"es\"\/><\/form>\n\t\t<\/div>\n\t<\/div>\n<\/div>","protected":false},"excerpt":{"rendered":"<p>Please complete the form to add your business or service to our directory. After completing the listing form, you will [&hellip;]<\/p>","protected":false},"author":1,"featured_media":0,"parent":0,"menu_order":0,"comment_status":"closed","ping_status":"closed","template":"","meta":{"_coblocks_attr":"","_coblocks_dimensions":"","_coblocks_responsive_height":"","_coblocks_accordion_ie_support":"","_themeisle_gutenberg_block_has_review":false,"iawp_total_views":244,"footnotes":""},"class_list":["post-3345","page","type-page","status-publish","hentry"],"yoast_head":"<!-- This site is optimized with the Yoast SEO plugin v25.8 - https:\/\/yoast.com\/wordpress\/plugins\/seo\/ -->\n<title>Add Listing Form - Rinc\u00f3n, PR | What\u2019s Up Rinc\u00f3n and Western Puerto Rico<\/title>\n<meta name=\"description\" content=\"What&#039;s Up Rinc\u00f3n-Add Listing Form-Please complete the form to add your business or service to our directory.\" \/>\n<meta name=\"robots\" content=\"index, follow, max-snippet:-1, max-image-preview:large, max-video-preview:-1\" \/>\n<link rel=\"canonical\" href=\"https:\/\/whatsuprincon.com\/es\/formulario-para-anadir-anuncios\/\" \/>\n<meta property=\"og:locale\" content=\"es_ES\" \/>\n<meta property=\"og:type\" content=\"article\" \/>\n<meta property=\"og:title\" content=\"Add Listing Form - Rinc\u00f3n, PR | What\u2019s Up Rinc\u00f3n and Western Puerto Rico\" \/>\n<meta property=\"og:description\" content=\"What&#039;s Up Rinc\u00f3n-Add Listing Form-Please complete the form to add your business or service to our directory.\" \/>\n<meta property=\"og:url\" content=\"https:\/\/whatsuprincon.com\/es\/formulario-para-anadir-anuncios\/\" \/>\n<meta property=\"og:site_name\" content=\"Rinc\u00f3n, PR | What\u2019s Up Rinc\u00f3n and Western Puerto Rico\" \/>\n<meta property=\"article:publisher\" content=\"https:\/\/www.facebook.com\/profile.php?id=61557407721782\" \/>\n<meta property=\"article:modified_time\" content=\"2024-07-18T19:15:03+00:00\" \/>\n<meta name=\"twitter:card\" content=\"summary_large_image\" \/>\n<meta name=\"twitter:label1\" content=\"Est. reading time\" \/>\n\t<meta name=\"twitter:data1\" content=\"1 minuto\" \/>\n<script type=\"application\/ld+json\" class=\"yoast-schema-graph\">{\"@context\":\"https:\/\/schema.org\",\"@graph\":[{\"@type\":\"WebPage\",\"@id\":\"https:\/\/whatsuprincon.com\/add-listing-form\/\",\"url\":\"https:\/\/whatsuprincon.com\/add-listing-form\/\",\"name\":\"Add Listing Form - Rinc\u00f3n, PR | What\u2019s Up Rinc\u00f3n and Western Puerto Rico\",\"isPartOf\":{\"@id\":\"https:\/\/whatsuprincon.com\/#website\"},\"datePublished\":\"2024-07-11T18:43:28+00:00\",\"dateModified\":\"2024-07-18T19:15:03+00:00\",\"description\":\"What's Up Rinc\u00f3n-Add Listing Form-Please complete the form to add your business or service to our directory.\",\"breadcrumb\":{\"@id\":\"https:\/\/whatsuprincon.com\/add-listing-form\/#breadcrumb\"},\"inLanguage\":\"es\",\"potentialAction\":[{\"@type\":\"ReadAction\",\"target\":[\"https:\/\/whatsuprincon.com\/add-listing-form\/\"]}]},{\"@type\":\"BreadcrumbList\",\"@id\":\"https:\/\/whatsuprincon.com\/add-listing-form\/#breadcrumb\",\"itemListElement\":[{\"@type\":\"ListItem\",\"position\":1,\"name\":\"Home\",\"item\":\"https:\/\/whatsuprincon.com\/\"},{\"@type\":\"ListItem\",\"position\":2,\"name\":\"Add Listing Form\"}]},{\"@type\":\"WebSite\",\"@id\":\"https:\/\/whatsuprincon.com\/#website\",\"url\":\"https:\/\/whatsuprincon.com\/\",\"name\":\"What's Up Rinc\u00f3n\",\"description\":\"What&#039;s Happening in Rinc\u00f3n and Western Puerto Rico\",\"publisher\":{\"@id\":\"https:\/\/whatsuprincon.com\/#organization\"},\"potentialAction\":[{\"@type\":\"SearchAction\",\"target\":{\"@type\":\"EntryPoint\",\"urlTemplate\":\"https:\/\/whatsuprincon.com\/?s={search_term_string}\"},\"query-input\":{\"@type\":\"PropertyValueSpecification\",\"valueRequired\":true,\"valueName\":\"search_term_string\"}}],\"inLanguage\":\"es\"},{\"@type\":\"Organization\",\"@id\":\"https:\/\/whatsuprincon.com\/#organization\",\"name\":\"What's Up Rinc\u00f3n\",\"url\":\"https:\/\/whatsuprincon.com\/\",\"logo\":{\"@type\":\"ImageObject\",\"inLanguage\":\"es\",\"@id\":\"https:\/\/whatsuprincon.com\/#\/schema\/logo\/image\/\",\"url\":\"https:\/\/whatsuprincon.com\/wp-content\/uploads\/2024\/06\/header-logo-e1771168818936.png\",\"contentUrl\":\"https:\/\/whatsuprincon.com\/wp-content\/uploads\/2024\/06\/header-logo-e1771168818936.png\",\"width\":100,\"height\":100,\"caption\":\"What's Up Rinc\u00f3n\"},\"image\":{\"@id\":\"https:\/\/whatsuprincon.com\/#\/schema\/logo\/image\/\"},\"sameAs\":[\"https:\/\/www.facebook.com\/profile.php?id=61557407721782\",\"https:\/\/www.instagram.com\/whatsuprincon\/\"]}]}<\/script>\n<!-- \/ Yoast SEO plugin. -->","yoast_head_json":{"title":"Add Listing Form - Rinc\u00f3n, PR | What\u2019s Up Rinc\u00f3n and Western Puerto Rico","description":"What's Up Rinc\u00f3n-Add Listing Form-Please complete the form to add your business or service to our directory.","robots":{"index":"index","follow":"follow","max-snippet":"max-snippet:-1","max-image-preview":"max-image-preview:large","max-video-preview":"max-video-preview:-1"},"canonical":"https:\/\/whatsuprincon.com\/es\/formulario-para-anadir-anuncios\/","og_locale":"es_ES","og_type":"article","og_title":"Add Listing Form - Rinc\u00f3n, PR | What\u2019s Up Rinc\u00f3n and Western Puerto Rico","og_description":"What's Up Rinc\u00f3n-Add Listing Form-Please complete the form to add your business or service to our directory.","og_url":"https:\/\/whatsuprincon.com\/es\/formulario-para-anadir-anuncios\/","og_site_name":"Rinc\u00f3n, PR | What\u2019s Up Rinc\u00f3n and Western Puerto Rico","article_publisher":"https:\/\/www.facebook.com\/profile.php?id=61557407721782","article_modified_time":"2024-07-18T19:15:03+00:00","twitter_card":"summary_large_image","twitter_misc":{"Est. reading time":"1 minuto"},"schema":{"@context":"https:\/\/schema.org","@graph":[{"@type":"WebPage","@id":"https:\/\/whatsuprincon.com\/add-listing-form\/","url":"https:\/\/whatsuprincon.com\/add-listing-form\/","name":"Add Listing Form - Rinc\u00f3n, PR | What\u2019s Up Rinc\u00f3n and Western Puerto Rico","isPartOf":{"@id":"https:\/\/whatsuprincon.com\/#website"},"datePublished":"2024-07-11T18:43:28+00:00","dateModified":"2024-07-18T19:15:03+00:00","description":"What's Up Rinc\u00f3n-Add Listing Form-Please complete the form to add your business or service to our directory.","breadcrumb":{"@id":"https:\/\/whatsuprincon.com\/add-listing-form\/#breadcrumb"},"inLanguage":"es","potentialAction":[{"@type":"ReadAction","target":["https:\/\/whatsuprincon.com\/add-listing-form\/"]}]},{"@type":"BreadcrumbList","@id":"https:\/\/whatsuprincon.com\/add-listing-form\/#breadcrumb","itemListElement":[{"@type":"ListItem","position":1,"name":"Home","item":"https:\/\/whatsuprincon.com\/"},{"@type":"ListItem","position":2,"name":"Add Listing Form"}]},{"@type":"WebSite","@id":"https:\/\/whatsuprincon.com\/#website","url":"https:\/\/whatsuprincon.com\/","name":"What's Up Rinc\u00f3n","description":"What&#039;s Happening in Rinc\u00f3n and Western Puerto Rico","publisher":{"@id":"https:\/\/whatsuprincon.com\/#organization"},"potentialAction":[{"@type":"SearchAction","target":{"@type":"EntryPoint","urlTemplate":"https:\/\/whatsuprincon.com\/?s={search_term_string}"},"query-input":{"@type":"PropertyValueSpecification","valueRequired":true,"valueName":"search_term_string"}}],"inLanguage":"es"},{"@type":"Organization","@id":"https:\/\/whatsuprincon.com\/#organization","name":"What's Up Rinc\u00f3n","url":"https:\/\/whatsuprincon.com\/","logo":{"@type":"ImageObject","inLanguage":"es","@id":"https:\/\/whatsuprincon.com\/#\/schema\/logo\/image\/","url":"https:\/\/whatsuprincon.com\/wp-content\/uploads\/2024\/06\/header-logo-e1771168818936.png","contentUrl":"https:\/\/whatsuprincon.com\/wp-content\/uploads\/2024\/06\/header-logo-e1771168818936.png","width":100,"height":100,"caption":"What's Up Rinc\u00f3n"},"image":{"@id":"https:\/\/whatsuprincon.com\/#\/schema\/logo\/image\/"},"sameAs":["https:\/\/www.facebook.com\/profile.php?id=61557407721782","https:\/\/www.instagram.com\/whatsuprincon\/"]}]}},"_links":{"self":[{"href":"https:\/\/whatsuprincon.com\/es\/wp-json\/wp\/v2\/pages\/3345","targetHints":{"allow":["GET"]}}],"collection":[{"href":"https:\/\/whatsuprincon.com\/es\/wp-json\/wp\/v2\/pages"}],"about":[{"href":"https:\/\/whatsuprincon.com\/es\/wp-json\/wp\/v2\/types\/page"}],"author":[{"embeddable":true,"href":"https:\/\/whatsuprincon.com\/es\/wp-json\/wp\/v2\/users\/1"}],"replies":[{"embeddable":true,"href":"https:\/\/whatsuprincon.com\/es\/wp-json\/wp\/v2\/comments?post=3345"}],"version-history":[{"count":7,"href":"https:\/\/whatsuprincon.com\/es\/wp-json\/wp\/v2\/pages\/3345\/revisions"}],"predecessor-version":[{"id":3465,"href":"https:\/\/whatsuprincon.com\/es\/wp-json\/wp\/v2\/pages\/3345\/revisions\/3465"}],"wp:attachment":[{"href":"https:\/\/whatsuprincon.com\/es\/wp-json\/wp\/v2\/media?parent=3345"}],"curies":[{"name":"wp","href":"https:\/\/api.w.org\/{rel}","templated":true}]}}