{"id":3379,"date":"2024-07-13T21:09:02","date_gmt":"2024-07-13T21:09:02","guid":{"rendered":"https:\/\/whatsuprincon.com\/cookie-privacy-policy\/"},"modified":"2024-07-14T16:17:48","modified_gmt":"2024-07-14T16:17:48","slug":"cookie-privacy-policy","status":"publish","type":"page","link":"https:\/\/whatsuprincon.com\/es\/politica-de-privacidad-de-cookies\/","title":{"rendered":"Pol\u00edtica de privacidad de cookies"},"content":{"rendered":"<h2 class=\"wp-block-heading\">Pol\u00edtica de privacidad de cookies<\/h2>\n\n\n<p>Nuestro sitio web (whatsuprincon.com) se compromete a proteger su privacidad en l\u00ednea. Por favor, lea nuestra Pol\u00edtica de Privacidad de Cookies.<\/p>\n<p>\u00bfQu\u00e9 informaci\u00f3n recogemos?<\/p>\n<p>Recogemos informaci\u00f3n suya cuando visita nuestro sitio. Cuando se registra en nuestro sitio, es posible que se le pida que introduzca su nombre o direcci\u00f3n de correo electr\u00f3nico. No obstante, puede visitar nuestro sitio de forma an\u00f3nima.<\/p>\n<p>\u00bfPara qu\u00e9 utilizamos sus datos?<\/p>\n<p>Toda la informaci\u00f3n que recopilemos sobre usted podr\u00e1 utilizarse de una de las siguientes maneras:<\/p>\n<p>Para mejorar nuestro sitio web<\/p>\n<p>Mejorar el servicio al cliente<\/p>\n<p>\u00bfC\u00f3mo protegemos su informaci\u00f3n?<\/p>\n<p>Aplicamos diversas medidas de seguridad para mantener la seguridad de su informaci\u00f3n personal cuando realiza un pedido o introduce, env\u00eda o accede a su informaci\u00f3n personal.<\/p>\n<p>Cookies<\/p>\n<p>Las cookies son peque\u00f1os archivos que un sitio o su proveedor de servicios transfiere al disco duro de su ordenador a trav\u00e9s de su navegador web (si usted lo permite) y que permiten a los sistemas de los sitios o proveedores de servicios reconocer su navegador y capturar y recordar cierta informaci\u00f3n.<\/p>\n<p>Utilizamos cookies para entender y guardar sus preferencias para futuras visitas.<\/p>\n<p>Pol\u00edtica de privacidad en l\u00ednea<br \/>Esta pol\u00edtica de privacidad en l\u00ednea s\u00f3lo se aplica a la informaci\u00f3n recogida a trav\u00e9s de nuestro sitio web y no a la informaci\u00f3n recogida fuera de l\u00ednea.<\/p>\n<p>Cambios en nuestra pol\u00edtica de privacidad de cookies<\/p>\n<p>Si decidimos cambiar nuestra pol\u00edtica de privacidad, publicaremos dichos cambios en esta p\u00e1gina.<\/p>\n<p>Si tiene alguna pregunta o sugerencia sobre nuestra Declaraci\u00f3n de Pol\u00edtica de Privacidad, p\u00f3ngase en contacto con nosotros y le responderemos muy pronto.<\/p>\n<h3>INFORMACI\u00d3N DE CONTACTO<\/h3>\n<p>https:\/\/whatsuprincon.com\/<\/p>\n<p>Rinc\u00f3n, Puerto Rico, 00677<\/p>\n<p>Correo electr\u00f3nico de contacto: contact@whatsuprincon.com<\/p>\n<div>\u00a0<\/div>\n\n\n<p><\/p>","protected":false},"excerpt":{"rendered":"<p>Cookie Privacy Policy Our website (whatsuprincon.com) is committed to protecting your privacy online. Please read our Cookie Privacy Policy. What [&hellip;]<\/p>","protected":false},"author":1,"featured_media":0,"parent":0,"menu_order":0,"comment_status":"closed","ping_status":"closed","template":"","meta":{"_coblocks_attr":"","_coblocks_dimensions":"","_coblocks_responsive_height":"","_coblocks_accordion_ie_support":"","_themeisle_gutenberg_block_has_review":false,"iawp_total_views":18,"footnotes":""},"class_list":["post-3379","page","type-page","status-publish","hentry"],"yoast_head":"<!-- This site is optimized with the Yoast SEO plugin v25.8 - https:\/\/yoast.com\/wordpress\/plugins\/seo\/ -->\n<title>Cookie Privacy Policy - Rinc\u00f3n, PR | What\u2019s Up Rinc\u00f3n and Western Puerto Rico<\/title>\n<meta name=\"description\" content=\"What&#039;s Up Rinc\u00f3n-Cookie Privacy Policy-We use cookies to understand and save your preferences for future visits.\" \/>\n<meta name=\"robots\" content=\"index, follow, max-snippet:-1, max-image-preview:large, max-video-preview:-1\" \/>\n<link rel=\"canonical\" href=\"https:\/\/whatsuprincon.com\/es\/politica-de-privacidad-de-cookies\/\" \/>\n<meta property=\"og:locale\" content=\"es_ES\" \/>\n<meta property=\"og:type\" content=\"article\" \/>\n<meta property=\"og:title\" content=\"Cookie Privacy Policy - Rinc\u00f3n, PR | What\u2019s Up Rinc\u00f3n and Western Puerto Rico\" \/>\n<meta property=\"og:description\" content=\"What&#039;s Up Rinc\u00f3n-Cookie Privacy Policy-We use cookies to understand and save your preferences for future visits.\" \/>\n<meta property=\"og:url\" content=\"https:\/\/whatsuprincon.com\/es\/politica-de-privacidad-de-cookies\/\" \/>\n<meta property=\"og:site_name\" content=\"Rinc\u00f3n, PR | What\u2019s Up Rinc\u00f3n and Western Puerto Rico\" \/>\n<meta property=\"article:publisher\" content=\"https:\/\/www.facebook.com\/profile.php?id=61557407721782\" \/>\n<meta property=\"article:modified_time\" content=\"2024-07-14T16:17:48+00:00\" \/>\n<meta name=\"twitter:card\" content=\"summary_large_image\" \/>\n<meta name=\"twitter:label1\" content=\"Est. reading time\" \/>\n\t<meta name=\"twitter:data1\" content=\"2 minutos\" \/>\n<script type=\"application\/ld+json\" class=\"yoast-schema-graph\">{\"@context\":\"https:\/\/schema.org\",\"@graph\":[{\"@type\":\"WebPage\",\"@id\":\"https:\/\/whatsuprincon.com\/cookie-privacy-policy\/\",\"url\":\"https:\/\/whatsuprincon.com\/cookie-privacy-policy\/\",\"name\":\"Cookie Privacy Policy - Rinc\u00f3n, PR | What\u2019s Up Rinc\u00f3n and Western Puerto Rico\",\"isPartOf\":{\"@id\":\"https:\/\/whatsuprincon.com\/#website\"},\"datePublished\":\"2024-07-13T21:09:02+00:00\",\"dateModified\":\"2024-07-14T16:17:48+00:00\",\"description\":\"What's Up Rinc\u00f3n-Cookie Privacy Policy-We use cookies to understand and save your preferences for future visits.\",\"breadcrumb\":{\"@id\":\"https:\/\/whatsuprincon.com\/cookie-privacy-policy\/#breadcrumb\"},\"inLanguage\":\"es\",\"potentialAction\":[{\"@type\":\"ReadAction\",\"target\":[\"https:\/\/whatsuprincon.com\/cookie-privacy-policy\/\"]}]},{\"@type\":\"BreadcrumbList\",\"@id\":\"https:\/\/whatsuprincon.com\/cookie-privacy-policy\/#breadcrumb\",\"itemListElement\":[{\"@type\":\"ListItem\",\"position\":1,\"name\":\"Home\",\"item\":\"https:\/\/whatsuprincon.com\/\"},{\"@type\":\"ListItem\",\"position\":2,\"name\":\"Cookie Privacy Policy\"}]},{\"@type\":\"WebSite\",\"@id\":\"https:\/\/whatsuprincon.com\/#website\",\"url\":\"https:\/\/whatsuprincon.com\/\",\"name\":\"What's Up Rinc\u00f3n\",\"description\":\"What&#039;s Happening in Rinc\u00f3n and Western Puerto Rico\",\"publisher\":{\"@id\":\"https:\/\/whatsuprincon.com\/#organization\"},\"potentialAction\":[{\"@type\":\"SearchAction\",\"target\":{\"@type\":\"EntryPoint\",\"urlTemplate\":\"https:\/\/whatsuprincon.com\/?s={search_term_string}\"},\"query-input\":{\"@type\":\"PropertyValueSpecification\",\"valueRequired\":true,\"valueName\":\"search_term_string\"}}],\"inLanguage\":\"es\"},{\"@type\":\"Organization\",\"@id\":\"https:\/\/whatsuprincon.com\/#organization\",\"name\":\"What's Up Rinc\u00f3n\",\"url\":\"https:\/\/whatsuprincon.com\/\",\"logo\":{\"@type\":\"ImageObject\",\"inLanguage\":\"es\",\"@id\":\"https:\/\/whatsuprincon.com\/#\/schema\/logo\/image\/\",\"url\":\"https:\/\/whatsuprincon.com\/wp-content\/uploads\/2024\/06\/header-logo-e1771168818936.png\",\"contentUrl\":\"https:\/\/whatsuprincon.com\/wp-content\/uploads\/2024\/06\/header-logo-e1771168818936.png\",\"width\":100,\"height\":100,\"caption\":\"What's Up Rinc\u00f3n\"},\"image\":{\"@id\":\"https:\/\/whatsuprincon.com\/#\/schema\/logo\/image\/\"},\"sameAs\":[\"https:\/\/www.facebook.com\/profile.php?id=61557407721782\",\"https:\/\/www.instagram.com\/whatsuprincon\/\"]}]}<\/script>\n<!-- \/ Yoast SEO plugin. -->","yoast_head_json":{"title":"Cookie Privacy Policy - Rinc\u00f3n, PR | What\u2019s Up Rinc\u00f3n and Western Puerto Rico","description":"What's Up Rinc\u00f3n-Cookie Privacy Policy-We use cookies to understand and save your preferences for future visits.","robots":{"index":"index","follow":"follow","max-snippet":"max-snippet:-1","max-image-preview":"max-image-preview:large","max-video-preview":"max-video-preview:-1"},"canonical":"https:\/\/whatsuprincon.com\/es\/politica-de-privacidad-de-cookies\/","og_locale":"es_ES","og_type":"article","og_title":"Cookie Privacy Policy - Rinc\u00f3n, PR | What\u2019s Up Rinc\u00f3n and Western Puerto Rico","og_description":"What's Up Rinc\u00f3n-Cookie Privacy Policy-We use cookies to understand and save your preferences for future visits.","og_url":"https:\/\/whatsuprincon.com\/es\/politica-de-privacidad-de-cookies\/","og_site_name":"Rinc\u00f3n, PR | What\u2019s Up Rinc\u00f3n and Western Puerto Rico","article_publisher":"https:\/\/www.facebook.com\/profile.php?id=61557407721782","article_modified_time":"2024-07-14T16:17:48+00:00","twitter_card":"summary_large_image","twitter_misc":{"Est. reading time":"2 minutos"},"schema":{"@context":"https:\/\/schema.org","@graph":[{"@type":"WebPage","@id":"https:\/\/whatsuprincon.com\/cookie-privacy-policy\/","url":"https:\/\/whatsuprincon.com\/cookie-privacy-policy\/","name":"Cookie Privacy Policy - Rinc\u00f3n, PR | What\u2019s Up Rinc\u00f3n and Western Puerto Rico","isPartOf":{"@id":"https:\/\/whatsuprincon.com\/#website"},"datePublished":"2024-07-13T21:09:02+00:00","dateModified":"2024-07-14T16:17:48+00:00","description":"What's Up Rinc\u00f3n-Cookie Privacy Policy-We use cookies to understand and save your preferences for future visits.","breadcrumb":{"@id":"https:\/\/whatsuprincon.com\/cookie-privacy-policy\/#breadcrumb"},"inLanguage":"es","potentialAction":[{"@type":"ReadAction","target":["https:\/\/whatsuprincon.com\/cookie-privacy-policy\/"]}]},{"@type":"BreadcrumbList","@id":"https:\/\/whatsuprincon.com\/cookie-privacy-policy\/#breadcrumb","itemListElement":[{"@type":"ListItem","position":1,"name":"Home","item":"https:\/\/whatsuprincon.com\/"},{"@type":"ListItem","position":2,"name":"Cookie Privacy Policy"}]},{"@type":"WebSite","@id":"https:\/\/whatsuprincon.com\/#website","url":"https:\/\/whatsuprincon.com\/","name":"What's Up Rinc\u00f3n","description":"What&#039;s Happening in Rinc\u00f3n and Western Puerto Rico","publisher":{"@id":"https:\/\/whatsuprincon.com\/#organization"},"potentialAction":[{"@type":"SearchAction","target":{"@type":"EntryPoint","urlTemplate":"https:\/\/whatsuprincon.com\/?s={search_term_string}"},"query-input":{"@type":"PropertyValueSpecification","valueRequired":true,"valueName":"search_term_string"}}],"inLanguage":"es"},{"@type":"Organization","@id":"https:\/\/whatsuprincon.com\/#organization","name":"What's Up Rinc\u00f3n","url":"https:\/\/whatsuprincon.com\/","logo":{"@type":"ImageObject","inLanguage":"es","@id":"https:\/\/whatsuprincon.com\/#\/schema\/logo\/image\/","url":"https:\/\/whatsuprincon.com\/wp-content\/uploads\/2024\/06\/header-logo-e1771168818936.png","contentUrl":"https:\/\/whatsuprincon.com\/wp-content\/uploads\/2024\/06\/header-logo-e1771168818936.png","width":100,"height":100,"caption":"What's Up Rinc\u00f3n"},"image":{"@id":"https:\/\/whatsuprincon.com\/#\/schema\/logo\/image\/"},"sameAs":["https:\/\/www.facebook.com\/profile.php?id=61557407721782","https:\/\/www.instagram.com\/whatsuprincon\/"]}]}},"_links":{"self":[{"href":"https:\/\/whatsuprincon.com\/es\/wp-json\/wp\/v2\/pages\/3379","targetHints":{"allow":["GET"]}}],"collection":[{"href":"https:\/\/whatsuprincon.com\/es\/wp-json\/wp\/v2\/pages"}],"about":[{"href":"https:\/\/whatsuprincon.com\/es\/wp-json\/wp\/v2\/types\/page"}],"author":[{"embeddable":true,"href":"https:\/\/whatsuprincon.com\/es\/wp-json\/wp\/v2\/users\/1"}],"replies":[{"embeddable":true,"href":"https:\/\/whatsuprincon.com\/es\/wp-json\/wp\/v2\/comments?post=3379"}],"version-history":[{"count":1,"href":"https:\/\/whatsuprincon.com\/es\/wp-json\/wp\/v2\/pages\/3379\/revisions"}],"predecessor-version":[{"id":3390,"href":"https:\/\/whatsuprincon.com\/es\/wp-json\/wp\/v2\/pages\/3379\/revisions\/3390"}],"wp:attachment":[{"href":"https:\/\/whatsuprincon.com\/es\/wp-json\/wp\/v2\/media?parent=3379"}],"curies":[{"name":"wp","href":"https:\/\/api.w.org\/{rel}","templated":true}]}}