{"id":3817,"date":"2024-08-30T12:14:09","date_gmt":"2024-08-30T16:14:09","guid":{"rendered":"https:\/\/whatsuprincon.com\/?page_id=3817"},"modified":"2025-08-26T10:43:48","modified_gmt":"2025-08-26T14:43:48","slug":"welcome-to-whats-up-rincon","status":"publish","type":"page","link":"https:\/\/whatsuprincon.com\/es\/bienvenido-a-whats-up-rincon\/","title":{"rendered":"Bienvenido a What's Up Rinc\u00f3n"},"content":{"rendered":"<div class=\"wp-block-image\">\n<figure class=\"aligncenter size-large\" id=\"wp-block-themeisle-blocks-image-b020f3ae\"><img loading=\"lazy\" decoding=\"async\" width=\"1024\" height=\"726\" src=\"https:\/\/whatsuprincon.com\/wp-content\/uploads\/2024\/08\/Copy-of-Soecs-for-horizontal-post-1024x726.png\" alt=\"Bienvenido a What&#039;s Up Rinc\u00f3n\" class=\"wp-image-3841\" style=\"object-fit:cover\" srcset=\"https:\/\/whatsuprincon.com\/wp-content\/uploads\/2024\/08\/Copy-of-Soecs-for-horizontal-post-1024x726.png 1024w, https:\/\/whatsuprincon.com\/wp-content\/uploads\/2024\/08\/Copy-of-Soecs-for-horizontal-post-300x213.png 300w, https:\/\/whatsuprincon.com\/wp-content\/uploads\/2024\/08\/Copy-of-Soecs-for-horizontal-post-768x545.png 768w, https:\/\/whatsuprincon.com\/wp-content\/uploads\/2024\/08\/Copy-of-Soecs-for-horizontal-post-1536x1090.png 1536w, https:\/\/whatsuprincon.com\/wp-content\/uploads\/2024\/08\/Copy-of-Soecs-for-horizontal-post-18x12.png 18w, https:\/\/whatsuprincon.com\/wp-content\/uploads\/2024\/08\/Copy-of-Soecs-for-horizontal-post.png 1748w\" sizes=\"auto, (max-width: 1024px) 100vw, 1024px\" \/><\/figure>\n<\/div>\n\n\n<h1 class=\"wp-block-heading has-black-color has-text-color has-link-color wp-elements-7b77d2551494fa803b2e66e1e95d78bf\"><strong>Bienvenido a What's Up Rinc\u00f3n<\/strong><\/h1>\n\n\n\n<p class=\"has-black-color has-text-color has-link-color has-custom-lineheight wp-elements-9022153994e7a2aba0581ea2a679a187\" style=\"text-transform:none;line-height:1.65\">Un rinc\u00f3n es una esquina. Un pedazo de tierra con l\u00edmites. Un lugar lejano. Un encuentro de dos partes. Un espacio peque\u00f1o. Un lugar en donde esconderse pero tambi\u00e9n un lugar en donde encontrarse. Y en <a href=\"https:\/\/whatsuprincon.com\/es\/rincon_sun-pone_surf\/\">Rinc\u00f3n<\/a>, adem\u00e1s de sus 10 barrios, se juntan los buenos vecinos de toda la vida: <a href=\"https:\/\/whatsuprincon.com\/es\/anasco\/\">A\u00f1asco<\/a> y eventos de <a href=\"https:\/\/whatsuprincon.com\/es\/descubriendo-aguada\/\">Aguada<\/a>.<\/p>\n\n\n\n<p style=\"text-transform:none;line-height:1.65\" class=\"has-custom-lineheight\"><br>What's Up Rinc\u00f3n es un esfuerzo por mantenernos informados y conectados. Este espacio ser\u00e1 el rinc\u00f3n donde nos encontremos, donde nos conozcamos, donde nos enteremos de lo que pasa en nuestros pueblos, de lo que hacen nuestras comunidades, de los servicios disponibles, de los negocios que tienen sus puertas abiertas.<\/p>\n\n\n\n<p style=\"text-transform:none;line-height:1.65\" class=\"has-custom-lineheight\"><br>Por ser un espacio digital, tenemos la ventaja de la inmediatez, raz\u00f3n por la cual informaremos de cambios de horarios, operaciones cerradas de \u00faltimo minuto, aperturas en fechas especiales, eventos nuevos y actividades recurrentes.<\/p>\n\n\n\n<p style=\"text-transform:none;line-height:1.65\" class=\"has-custom-lineheight\"><br>Con tu ayuda, seremos el directorio interactivo m\u00e1s actualizado y completo del Oeste. \u00danete a nuestra comunidad.<\/p>\n\n\n\n<p class=\"has-text-align-center has-black-color has-text-color has-link-color wp-elements-923ff715aa425e997a29384d933efd7c\" style=\"text-transform:none\"><strong><a href=\"https:\/\/whatsuprincon.com\/es\/suscribase-a\/\">Suscr\u00edbase ahora. <\/a>y comparte!<\/strong><\/p>\n\n\n\n<ul class=\"wp-block-social-links is-content-justification-center is-layout-flex wp-container-core-social-links-is-layout-16018d1d wp-block-social-links-is-layout-flex\"><li class=\"wp-social-link wp-social-link-facebook  wp-block-social-link\"><a rel=\"noopener nofollow\" target=\"_blank\" href=\"https:\/\/www.facebook.com\/whatsuprincon\" class=\"wp-block-social-link-anchor\"><svg width=\"24\" height=\"24\" viewbox=\"0 0 24 24\" version=\"1.1\" xmlns=\"http:\/\/www.w3.org\/2000\/svg\" aria-hidden=\"true\" focusable=\"false\"><path d=\"M12 2C6.5 2 2 6.5 2 12c0 5 3.7 9.1 8.4 9.9v-7H7.9V12h2.5V9.8c0-2.5 1.5-3.9 3.8-3.9 1.1 0 2.2.2 2.2.2v2.5h-1.3c-1.2 0-1.6.8-1.6 1.6V12h2.8l-.4 2.9h-2.3v7C18.3 21.1 22 17 22 12c0-5.5-4.5-10-10-10z\"><\/path><\/svg><span class=\"wp-block-social-link-label screen-reader-text\">Facebook<\/span><\/a><\/li>\n\n<li class=\"wp-social-link wp-social-link-instagram  wp-block-social-link\"><a rel=\"noopener nofollow\" target=\"_blank\" href=\"https:\/\/www.instagram.com\/whatsuprincon\/\" class=\"wp-block-social-link-anchor\"><svg width=\"24\" height=\"24\" viewbox=\"0 0 24 24\" version=\"1.1\" xmlns=\"http:\/\/www.w3.org\/2000\/svg\" aria-hidden=\"true\" focusable=\"false\"><path d=\"M12,4.622c2.403,0,2.688,0.009,3.637,0.052c0.877,0.04,1.354,0.187,1.671,0.31c0.42,0.163,0.72,0.358,1.035,0.673 c0.315,0.315,0.51,0.615,0.673,1.035c0.123,0.317,0.27,0.794,0.31,1.671c0.043,0.949,0.052,1.234,0.052,3.637 s-0.009,2.688-0.052,3.637c-0.04,0.877-0.187,1.354-0.31,1.671c-0.163,0.42-0.358,0.72-0.673,1.035 c-0.315,0.315-0.615,0.51-1.035,0.673c-0.317,0.123-0.794,0.27-1.671,0.31c-0.949,0.043-1.233,0.052-3.637,0.052 s-2.688-0.009-3.637-0.052c-0.877-0.04-1.354-0.187-1.671-0.31c-0.42-0.163-0.72-0.358-1.035-0.673 c-0.315-0.315-0.51-0.615-0.673-1.035c-0.123-0.317-0.27-0.794-0.31-1.671C4.631,14.688,4.622,14.403,4.622,12 s0.009-2.688,0.052-3.637c0.04-0.877,0.187-1.354,0.31-1.671c0.163-0.42,0.358-0.72,0.673-1.035 c0.315-0.315,0.615-0.51,1.035-0.673c0.317-0.123,0.794-0.27,1.671-0.31C9.312,4.631,9.597,4.622,12,4.622 M12,3 C9.556,3,9.249,3.01,8.289,3.054C7.331,3.098,6.677,3.25,6.105,3.472C5.513,3.702,5.011,4.01,4.511,4.511 c-0.5,0.5-0.808,1.002-1.038,1.594C3.25,6.677,3.098,7.331,3.054,8.289C3.01,9.249,3,9.556,3,12c0,2.444,0.01,2.751,0.054,3.711 c0.044,0.958,0.196,1.612,0.418,2.185c0.23,0.592,0.538,1.094,1.038,1.594c0.5,0.5,1.002,0.808,1.594,1.038 c0.572,0.222,1.227,0.375,2.185,0.418C9.249,20.99,9.556,21,12,21s2.751-0.01,3.711-0.054c0.958-0.044,1.612-0.196,2.185-0.418 c0.592-0.23,1.094-0.538,1.594-1.038c0.5-0.5,0.808-1.002,1.038-1.594c0.222-0.572,0.375-1.227,0.418-2.185 C20.99,14.751,21,14.444,21,12s-0.01-2.751-0.054-3.711c-0.044-0.958-0.196-1.612-0.418-2.185c-0.23-0.592-0.538-1.094-1.038-1.594 c-0.5-0.5-1.002-0.808-1.594-1.038c-0.572-0.222-1.227-0.375-2.185-0.418C14.751,3.01,14.444,3,12,3L12,3z M12,7.378 c-2.552,0-4.622,2.069-4.622,4.622S9.448,16.622,12,16.622s4.622-2.069,4.622-4.622S14.552,7.378,12,7.378z M12,15 c-1.657,0-3-1.343-3-3s1.343-3,3-3s3,1.343,3,3S13.657,15,12,15z M16.804,6.116c-0.596,0-1.08,0.484-1.08,1.08 s0.484,1.08,1.08,1.08c0.596,0,1.08-0.484,1.08-1.08S17.401,6.116,16.804,6.116z\"><\/path><\/svg><span class=\"wp-block-social-link-label screen-reader-text\">Instagram<\/span><\/a><\/li><\/ul>\n\n\n\n<script async src=\"https:\/\/pagead2.googlesyndication.com\/pagead\/js\/adsbygoogle.js?client=ca-pub-6504974084723087\"\n     crossorigin=\"anonymous\"><\/script>\n\n\n\n<p><\/p>","protected":false},"excerpt":{"rendered":"<p>Welcome to What&#8217;s Up Rinc\u00f3n A \u201crinc\u00f3n\u201d is a corner. A piece of land with boundaries. A distant place. An [&hellip;]<\/p>","protected":false},"author":1,"featured_media":0,"parent":0,"menu_order":0,"comment_status":"closed","ping_status":"closed","template":"","meta":{"_coblocks_attr":"","_coblocks_dimensions":"","_coblocks_responsive_height":"","_coblocks_accordion_ie_support":"","_themeisle_gutenberg_block_has_review":false,"iawp_total_views":309,"footnotes":""},"class_list":["post-3817","page","type-page","status-publish","hentry"],"yoast_head":"<!-- This site is optimized with the Yoast SEO plugin v25.8 - https:\/\/yoast.com\/wordpress\/plugins\/seo\/ -->\n<title>Welcome to What&#039;s Up Rinc\u00f3n - Rinc\u00f3n, PR | What\u2019s Up Rinc\u00f3n and Western Puerto Rico<\/title>\n<meta name=\"description\" content=\"Welcome to What&#039;s Up Rinc\u00f3n-a digital space where we find out what&#039;s happening in our towns and what our communities are doing.\" \/>\n<meta name=\"robots\" content=\"index, follow, max-snippet:-1, max-image-preview:large, max-video-preview:-1\" \/>\n<link rel=\"canonical\" href=\"https:\/\/whatsuprincon.com\/es\/bienvenido-a-whats-up-rincon\/\" \/>\n<meta property=\"og:locale\" content=\"es_ES\" \/>\n<meta property=\"og:type\" content=\"article\" \/>\n<meta property=\"og:title\" content=\"Welcome to What&#039;s Up Rinc\u00f3n - Rinc\u00f3n, PR | What\u2019s Up Rinc\u00f3n and Western Puerto Rico\" \/>\n<meta property=\"og:description\" content=\"Welcome to What&#039;s Up Rinc\u00f3n-a digital space where we find out what&#039;s happening in our towns and what our communities are doing.\" \/>\n<meta property=\"og:url\" content=\"https:\/\/whatsuprincon.com\/es\/bienvenido-a-whats-up-rincon\/\" \/>\n<meta property=\"og:site_name\" content=\"Rinc\u00f3n, PR | What\u2019s Up Rinc\u00f3n and Western Puerto Rico\" \/>\n<meta property=\"article:publisher\" content=\"https:\/\/www.facebook.com\/profile.php?id=61557407721782\" \/>\n<meta property=\"article:modified_time\" content=\"2025-08-26T14:43:48+00:00\" \/>\n<meta property=\"og:image\" content=\"https:\/\/whatsuprincon.com\/wp-content\/uploads\/2024\/08\/Copy-of-Soecs-for-horizontal-post.png\" \/>\n\t<meta property=\"og:image:width\" content=\"1748\" \/>\n\t<meta property=\"og:image:height\" content=\"1240\" \/>\n\t<meta property=\"og:image:type\" content=\"image\/png\" \/>\n<meta name=\"twitter:card\" content=\"summary_large_image\" \/>\n<meta name=\"twitter:label1\" content=\"Est. reading time\" \/>\n\t<meta name=\"twitter:data1\" content=\"1 minuto\" \/>\n<script type=\"application\/ld+json\" class=\"yoast-schema-graph\">{\"@context\":\"https:\/\/schema.org\",\"@graph\":[{\"@type\":\"WebPage\",\"@id\":\"https:\/\/whatsuprincon.com\/welcome-to-whats-up-rincon\/\",\"url\":\"https:\/\/whatsuprincon.com\/welcome-to-whats-up-rincon\/\",\"name\":\"Welcome to What's Up Rinc\u00f3n - Rinc\u00f3n, PR | What\u2019s Up Rinc\u00f3n and Western Puerto Rico\",\"isPartOf\":{\"@id\":\"https:\/\/whatsuprincon.com\/#website\"},\"primaryImageOfPage\":{\"@id\":\"https:\/\/whatsuprincon.com\/welcome-to-whats-up-rincon\/#primaryimage\"},\"image\":{\"@id\":\"https:\/\/whatsuprincon.com\/welcome-to-whats-up-rincon\/#primaryimage\"},\"thumbnailUrl\":\"https:\/\/whatsuprincon.com\/wp-content\/uploads\/2024\/08\/Copy-of-Soecs-for-horizontal-post-1024x726.png\",\"datePublished\":\"2024-08-30T16:14:09+00:00\",\"dateModified\":\"2025-08-26T14:43:48+00:00\",\"description\":\"Welcome to What's Up Rinc\u00f3n-a digital space where we find out what's happening in our towns and what our communities are doing.\",\"breadcrumb\":{\"@id\":\"https:\/\/whatsuprincon.com\/welcome-to-whats-up-rincon\/#breadcrumb\"},\"inLanguage\":\"es\",\"potentialAction\":[{\"@type\":\"ReadAction\",\"target\":[\"https:\/\/whatsuprincon.com\/welcome-to-whats-up-rincon\/\"]}]},{\"@type\":\"ImageObject\",\"inLanguage\":\"es\",\"@id\":\"https:\/\/whatsuprincon.com\/welcome-to-whats-up-rincon\/#primaryimage\",\"url\":\"https:\/\/whatsuprincon.com\/wp-content\/uploads\/2024\/08\/Copy-of-Soecs-for-horizontal-post-1024x726.png\",\"contentUrl\":\"https:\/\/whatsuprincon.com\/wp-content\/uploads\/2024\/08\/Copy-of-Soecs-for-horizontal-post-1024x726.png\"},{\"@type\":\"BreadcrumbList\",\"@id\":\"https:\/\/whatsuprincon.com\/welcome-to-whats-up-rincon\/#breadcrumb\",\"itemListElement\":[{\"@type\":\"ListItem\",\"position\":1,\"name\":\"Home\",\"item\":\"https:\/\/whatsuprincon.com\/\"},{\"@type\":\"ListItem\",\"position\":2,\"name\":\"Welcome to What&#8217;s Up Rinc\u00f3n\"}]},{\"@type\":\"WebSite\",\"@id\":\"https:\/\/whatsuprincon.com\/#website\",\"url\":\"https:\/\/whatsuprincon.com\/\",\"name\":\"What's Up Rinc\u00f3n\",\"description\":\"What&#039;s Happening in Rinc\u00f3n and Western Puerto Rico\",\"publisher\":{\"@id\":\"https:\/\/whatsuprincon.com\/#organization\"},\"potentialAction\":[{\"@type\":\"SearchAction\",\"target\":{\"@type\":\"EntryPoint\",\"urlTemplate\":\"https:\/\/whatsuprincon.com\/?s={search_term_string}\"},\"query-input\":{\"@type\":\"PropertyValueSpecification\",\"valueRequired\":true,\"valueName\":\"search_term_string\"}}],\"inLanguage\":\"es\"},{\"@type\":\"Organization\",\"@id\":\"https:\/\/whatsuprincon.com\/#organization\",\"name\":\"What's Up Rinc\u00f3n\",\"url\":\"https:\/\/whatsuprincon.com\/\",\"logo\":{\"@type\":\"ImageObject\",\"inLanguage\":\"es\",\"@id\":\"https:\/\/whatsuprincon.com\/#\/schema\/logo\/image\/\",\"url\":\"https:\/\/whatsuprincon.com\/wp-content\/uploads\/2024\/06\/header-logo-e1771168818936.png\",\"contentUrl\":\"https:\/\/whatsuprincon.com\/wp-content\/uploads\/2024\/06\/header-logo-e1771168818936.png\",\"width\":100,\"height\":100,\"caption\":\"What's Up Rinc\u00f3n\"},\"image\":{\"@id\":\"https:\/\/whatsuprincon.com\/#\/schema\/logo\/image\/\"},\"sameAs\":[\"https:\/\/www.facebook.com\/profile.php?id=61557407721782\",\"https:\/\/www.instagram.com\/whatsuprincon\/\"]}]}<\/script>\n<!-- \/ Yoast SEO plugin. -->","yoast_head_json":{"title":"Welcome to What's Up Rinc\u00f3n - Rinc\u00f3n, PR | What\u2019s Up Rinc\u00f3n and Western Puerto Rico","description":"Welcome to What's Up Rinc\u00f3n-a digital space where we find out what's happening in our towns and what our communities are doing.","robots":{"index":"index","follow":"follow","max-snippet":"max-snippet:-1","max-image-preview":"max-image-preview:large","max-video-preview":"max-video-preview:-1"},"canonical":"https:\/\/whatsuprincon.com\/es\/bienvenido-a-whats-up-rincon\/","og_locale":"es_ES","og_type":"article","og_title":"Welcome to What's Up Rinc\u00f3n - Rinc\u00f3n, PR | What\u2019s Up Rinc\u00f3n and Western Puerto Rico","og_description":"Welcome to What's Up Rinc\u00f3n-a digital space where we find out what's happening in our towns and what our communities are doing.","og_url":"https:\/\/whatsuprincon.com\/es\/bienvenido-a-whats-up-rincon\/","og_site_name":"Rinc\u00f3n, PR | What\u2019s Up Rinc\u00f3n and Western Puerto Rico","article_publisher":"https:\/\/www.facebook.com\/profile.php?id=61557407721782","article_modified_time":"2025-08-26T14:43:48+00:00","og_image":[{"width":1748,"height":1240,"url":"https:\/\/whatsuprincon.com\/wp-content\/uploads\/2024\/08\/Copy-of-Soecs-for-horizontal-post.png","type":"image\/png"}],"twitter_card":"summary_large_image","twitter_misc":{"Est. reading time":"1 minuto"},"schema":{"@context":"https:\/\/schema.org","@graph":[{"@type":"WebPage","@id":"https:\/\/whatsuprincon.com\/welcome-to-whats-up-rincon\/","url":"https:\/\/whatsuprincon.com\/welcome-to-whats-up-rincon\/","name":"Welcome to What's Up Rinc\u00f3n - Rinc\u00f3n, PR | What\u2019s Up Rinc\u00f3n and Western Puerto Rico","isPartOf":{"@id":"https:\/\/whatsuprincon.com\/#website"},"primaryImageOfPage":{"@id":"https:\/\/whatsuprincon.com\/welcome-to-whats-up-rincon\/#primaryimage"},"image":{"@id":"https:\/\/whatsuprincon.com\/welcome-to-whats-up-rincon\/#primaryimage"},"thumbnailUrl":"https:\/\/whatsuprincon.com\/wp-content\/uploads\/2024\/08\/Copy-of-Soecs-for-horizontal-post-1024x726.png","datePublished":"2024-08-30T16:14:09+00:00","dateModified":"2025-08-26T14:43:48+00:00","description":"Welcome to What's Up Rinc\u00f3n-a digital space where we find out what's happening in our towns and what our communities are doing.","breadcrumb":{"@id":"https:\/\/whatsuprincon.com\/welcome-to-whats-up-rincon\/#breadcrumb"},"inLanguage":"es","potentialAction":[{"@type":"ReadAction","target":["https:\/\/whatsuprincon.com\/welcome-to-whats-up-rincon\/"]}]},{"@type":"ImageObject","inLanguage":"es","@id":"https:\/\/whatsuprincon.com\/welcome-to-whats-up-rincon\/#primaryimage","url":"https:\/\/whatsuprincon.com\/wp-content\/uploads\/2024\/08\/Copy-of-Soecs-for-horizontal-post-1024x726.png","contentUrl":"https:\/\/whatsuprincon.com\/wp-content\/uploads\/2024\/08\/Copy-of-Soecs-for-horizontal-post-1024x726.png"},{"@type":"BreadcrumbList","@id":"https:\/\/whatsuprincon.com\/welcome-to-whats-up-rincon\/#breadcrumb","itemListElement":[{"@type":"ListItem","position":1,"name":"Home","item":"https:\/\/whatsuprincon.com\/"},{"@type":"ListItem","position":2,"name":"Welcome to What&#8217;s Up Rinc\u00f3n"}]},{"@type":"WebSite","@id":"https:\/\/whatsuprincon.com\/#website","url":"https:\/\/whatsuprincon.com\/","name":"What's Up Rinc\u00f3n","description":"What&#039;s Happening in Rinc\u00f3n and Western Puerto Rico","publisher":{"@id":"https:\/\/whatsuprincon.com\/#organization"},"potentialAction":[{"@type":"SearchAction","target":{"@type":"EntryPoint","urlTemplate":"https:\/\/whatsuprincon.com\/?s={search_term_string}"},"query-input":{"@type":"PropertyValueSpecification","valueRequired":true,"valueName":"search_term_string"}}],"inLanguage":"es"},{"@type":"Organization","@id":"https:\/\/whatsuprincon.com\/#organization","name":"What's Up Rinc\u00f3n","url":"https:\/\/whatsuprincon.com\/","logo":{"@type":"ImageObject","inLanguage":"es","@id":"https:\/\/whatsuprincon.com\/#\/schema\/logo\/image\/","url":"https:\/\/whatsuprincon.com\/wp-content\/uploads\/2024\/06\/header-logo-e1771168818936.png","contentUrl":"https:\/\/whatsuprincon.com\/wp-content\/uploads\/2024\/06\/header-logo-e1771168818936.png","width":100,"height":100,"caption":"What's Up Rinc\u00f3n"},"image":{"@id":"https:\/\/whatsuprincon.com\/#\/schema\/logo\/image\/"},"sameAs":["https:\/\/www.facebook.com\/profile.php?id=61557407721782","https:\/\/www.instagram.com\/whatsuprincon\/"]}]}},"_links":{"self":[{"href":"https:\/\/whatsuprincon.com\/es\/wp-json\/wp\/v2\/pages\/3817","targetHints":{"allow":["GET"]}}],"collection":[{"href":"https:\/\/whatsuprincon.com\/es\/wp-json\/wp\/v2\/pages"}],"about":[{"href":"https:\/\/whatsuprincon.com\/es\/wp-json\/wp\/v2\/types\/page"}],"author":[{"embeddable":true,"href":"https:\/\/whatsuprincon.com\/es\/wp-json\/wp\/v2\/users\/1"}],"replies":[{"embeddable":true,"href":"https:\/\/whatsuprincon.com\/es\/wp-json\/wp\/v2\/comments?post=3817"}],"version-history":[{"count":14,"href":"https:\/\/whatsuprincon.com\/es\/wp-json\/wp\/v2\/pages\/3817\/revisions"}],"predecessor-version":[{"id":9241,"href":"https:\/\/whatsuprincon.com\/es\/wp-json\/wp\/v2\/pages\/3817\/revisions\/9241"}],"wp:attachment":[{"href":"https:\/\/whatsuprincon.com\/es\/wp-json\/wp\/v2\/media?parent=3817"}],"curies":[{"name":"wp","href":"https:\/\/api.w.org\/{rel}","templated":true}]}}