{"id":5079,"date":"2024-11-23T14:43:43","date_gmt":"2024-11-23T18:43:43","guid":{"rendered":"https:\/\/whatsuprincon.com\/?page_id=5079"},"modified":"2024-12-22T08:20:31","modified_gmt":"2024-12-22T12:20:31","slug":"readers-choice-2024-vote","status":"publish","type":"page","link":"https:\/\/whatsuprincon.com\/es\/readers-choice-2024-vote\/","title":{"rendered":"Readers\u2019 Choice 2024-Votar"},"content":{"rendered":"<h2 class=\"wp-block-heading has-text-align-center\" style=\"font-size:28px\">\u00a1Vota por tus Favoritos Locales en el Concurso Readers' Choice 2024 de What's Up Rinc\u00f3n!<\/h2>\n\n\n\n<h2 class=\"wp-block-heading has-luminous-vivid-orange-color has-black-background-color has-text-color has-background has-link-color wp-elements-b270c87206eb5f2ef80752acf734ca1e\"><strong>\u00a1Bienvenidos a la Votaci\u00f3n de los Premios Readers' Choice!<\/strong><\/h2>\n\n\n\n<p style=\"line-height:1.75\" class=\"has-custom-lineheight\">\u00a1Gracias por participar en los Premios Readers' Choice, donde TUS votos deciden qui\u00e9nes son los mejores de nuestra comunidad! Desde negocios y servicios destacados hasta tus lugares y profesionales favoritos, \u00a1ahora es el momento de mostrar tu apoyo!<\/p>\n\n\n\n<h3 class=\"wp-block-heading has-black-color has-luminous-vivid-orange-background-color has-text-color has-background has-link-color wp-elements-9c9d0cfa3c9b4bcb0b80c56c17f87fb5\">\u00bfC\u00f3mo Funciona?<\/h3>\n\n\n\n<ol style=\"letter-spacing:0.3px\" class=\"wp-block-list has-custom-letterspacing\">\n<li><strong>Explora las Categor\u00edas:<\/strong> Haz clic en cada categor\u00eda para ver los nominados.<\/li>\n\n\n\n<li><strong>Vota Diario:<\/strong> La votaci\u00f3n comienza el 24 de noviembre y va hasta el 21 de diciembre. Puedes votar una vez por categor\u00eda cada d\u00eda.<\/li>\n\n\n\n<li><strong>Comparte la Diversi\u00f3n:<\/strong> \u00a1Corre la voz! Comparte esta p\u00e1gina con amigos y familiares para asegurarte de que tus favoritos reciban el reconocimiento que merecen.<\/li>\n<\/ol>\n\n\n\n<h3 class=\"wp-block-heading has-black-color has-luminous-vivid-orange-background-color has-text-color has-background has-link-color wp-elements-70b320904aed0089b994db1de46090a5\">Detalles Importantes:<\/h3>\n\n\n\n<ul style=\"letter-spacing:0.3px\" class=\"wp-block-list has-custom-letterspacing\">\n<li><strong>Periodo de Votaci\u00f3n<\/strong> 24 de noviembre \u2013 21 de diciembre.<\/li>\n\n\n\n<li>Each person can submit their choices <strong>una vez por categor\u00eda cada 24 horas.<\/strong>.<\/li>\n\n\n\n<li>Los ganadores ser\u00e1n anunciados el 29 de diciembre de 2024.<\/li>\n<\/ul>\n\n\n\n<p style=\"line-height:1.75\" class=\"has-custom-lineheight\">\u00a1Empieza ahora haciendo clic en una categor\u00eda m\u00e1s abajo! \u00a1Gracias por ayudarnos a celebrar lo mejor de nuestra comunidad!<\/p>\n\n\n\n<div style=\"height:31px\" aria-hidden=\"true\" class=\"wp-block-spacer\"><\/div>\n\n\n\n<p class=\"has-text-align-center has-black-color has-luminous-vivid-orange-background-color has-text-color has-background has-link-color has-custom-lineheight wp-elements-a1682cbc967592773e61faaed822290b\" style=\"text-transform:none;line-height:1.75\">\u00a1Gracias a todos los que participaron en la votaci\u00f3n de \"Readers' Choice\" de este a\u00f1o! El periodo de votaci\u00f3n ya cerr\u00f3, y agradecemos mucho su entusiasmo y apoyo.<\/p>\n\n\n\n<p class=\"has-text-align-center has-black-color has-luminous-vivid-orange-background-color has-text-color has-background has-link-color has-custom-lineheight wp-elements-59acff89e3961b00281bd344f47bb56c\" style=\"text-transform:none;line-height:1.75\">\u00a1Pendientes! Los ganadores se anunciar\u00e1n <strong>el 29 de diciembre.<\/strong>!<\/p>\n\n\n\n<p><\/p>\n\n\n\n<div class=\"wp-block-columns is-layout-flex wp-container-core-columns-is-layout-9d6595d7 wp-block-columns-is-layout-flex\">\n<div class=\"wp-block-column coblocks-animate is-layout-flow wp-block-column-is-layout-flow\" style=\"flex-basis:100%\" data-coblocks-animation=\"zoomIn\"><div class=\"wp-block-image\">\n<figure class=\"aligncenter size-medium is-resized coblocks-animate\" id=\"wp-block-themeisle-blocks-image-4b778f29\" data-coblocks-animation=\"zoomIn\"><img loading=\"lazy\" decoding=\"async\" width=\"300\" height=\"251\" src=\"https:\/\/whatsuprincon.com\/wp-content\/uploads\/2024\/11\/Copy-of-Copy-of-Copy-of-Copy-of-Soecs-for-horizontal-post-Facebook-Post-1-300x251.png\" alt=\"Vote-Readers Choice-Art and Culture\" class=\"wp-image-5095\" style=\"aspect-ratio:4\/3;object-fit:cover;width:400px\" srcset=\"https:\/\/whatsuprincon.com\/wp-content\/uploads\/2024\/11\/Copy-of-Copy-of-Copy-of-Copy-of-Soecs-for-horizontal-post-Facebook-Post-1-300x251.png 300w, https:\/\/whatsuprincon.com\/wp-content\/uploads\/2024\/11\/Copy-of-Copy-of-Copy-of-Copy-of-Soecs-for-horizontal-post-Facebook-Post-1-768x644.png 768w, https:\/\/whatsuprincon.com\/wp-content\/uploads\/2024\/11\/Copy-of-Copy-of-Copy-of-Copy-of-Soecs-for-horizontal-post-Facebook-Post-1-14x12.png 14w, https:\/\/whatsuprincon.com\/wp-content\/uploads\/2024\/11\/Copy-of-Copy-of-Copy-of-Copy-of-Soecs-for-horizontal-post-Facebook-Post-1.png 940w\" sizes=\"auto, (max-width: 300px) 100vw, 300px\" \/><\/figure>\n<\/div>\n\n\n<div style=\"height:24px\" aria-hidden=\"true\" class=\"wp-block-spacer\"><\/div>\n\n\n<div class=\"wp-block-image\">\n<figure class=\"aligncenter size-medium is-resized\" id=\"wp-block-themeisle-blocks-image-41909f32\"><img loading=\"lazy\" decoding=\"async\" width=\"300\" height=\"251\" src=\"https:\/\/whatsuprincon.com\/wp-content\/uploads\/2024\/11\/Copy-of-Copy-of-Copy-of-Copy-of-Soecs-for-horizontal-post-Facebook-Post-300x251.png\" alt=\"Vote-Readers Choice-Shopping\" class=\"wp-image-5089\" style=\"aspect-ratio:4\/3;object-fit:cover;width:400px\" srcset=\"https:\/\/whatsuprincon.com\/wp-content\/uploads\/2024\/11\/Copy-of-Copy-of-Copy-of-Copy-of-Soecs-for-horizontal-post-Facebook-Post-300x251.png 300w, https:\/\/whatsuprincon.com\/wp-content\/uploads\/2024\/11\/Copy-of-Copy-of-Copy-of-Copy-of-Soecs-for-horizontal-post-Facebook-Post-768x644.png 768w, https:\/\/whatsuprincon.com\/wp-content\/uploads\/2024\/11\/Copy-of-Copy-of-Copy-of-Copy-of-Soecs-for-horizontal-post-Facebook-Post-14x12.png 14w, https:\/\/whatsuprincon.com\/wp-content\/uploads\/2024\/11\/Copy-of-Copy-of-Copy-of-Copy-of-Soecs-for-horizontal-post-Facebook-Post.png 940w\" sizes=\"auto, (max-width: 300px) 100vw, 300px\" \/><\/figure>\n<\/div>\n\n\n<div style=\"height:24px\" aria-hidden=\"true\" class=\"wp-block-spacer\"><\/div>\n\n\n<div class=\"wp-block-image\">\n<figure class=\"aligncenter size-medium is-resized\" id=\"wp-block-themeisle-blocks-image-c0ef273f\"><img loading=\"lazy\" decoding=\"async\" width=\"300\" height=\"251\" src=\"https:\/\/whatsuprincon.com\/wp-content\/uploads\/2024\/11\/Copy-of-Copy-of-Copy-of-Copy-of-Soecs-for-horizontal-post-Facebook-Post-2-300x251.png\" alt=\"Vote-Reader Choice-Food and Drink\" class=\"wp-image-5096\" style=\"aspect-ratio:4\/3;object-fit:cover;width:400px\" srcset=\"https:\/\/whatsuprincon.com\/wp-content\/uploads\/2024\/11\/Copy-of-Copy-of-Copy-of-Copy-of-Soecs-for-horizontal-post-Facebook-Post-2-300x251.png 300w, https:\/\/whatsuprincon.com\/wp-content\/uploads\/2024\/11\/Copy-of-Copy-of-Copy-of-Copy-of-Soecs-for-horizontal-post-Facebook-Post-2-768x644.png 768w, https:\/\/whatsuprincon.com\/wp-content\/uploads\/2024\/11\/Copy-of-Copy-of-Copy-of-Copy-of-Soecs-for-horizontal-post-Facebook-Post-2-14x12.png 14w, https:\/\/whatsuprincon.com\/wp-content\/uploads\/2024\/11\/Copy-of-Copy-of-Copy-of-Copy-of-Soecs-for-horizontal-post-Facebook-Post-2.png 940w\" sizes=\"auto, (max-width: 300px) 100vw, 300px\" \/><\/figure>\n<\/div>\n\n\n<div style=\"height:24px\" aria-hidden=\"true\" class=\"wp-block-spacer\"><\/div>\n\n\n<div class=\"wp-block-image\">\n<figure class=\"aligncenter size-medium is-resized\" id=\"wp-block-themeisle-blocks-image-a4b0d693\"><img loading=\"lazy\" decoding=\"async\" width=\"300\" height=\"251\" src=\"https:\/\/whatsuprincon.com\/wp-content\/uploads\/2024\/11\/Copy-of-Copy-of-Copy-of-Copy-of-Soecs-for-horizontal-post-Facebook-Post-3-300x251.png\" alt=\"Vote-Readers Choice-Food and Drink\" class=\"wp-image-5097\" style=\"aspect-ratio:4\/3;object-fit:cover;width:400px\" srcset=\"https:\/\/whatsuprincon.com\/wp-content\/uploads\/2024\/11\/Copy-of-Copy-of-Copy-of-Copy-of-Soecs-for-horizontal-post-Facebook-Post-3-300x251.png 300w, https:\/\/whatsuprincon.com\/wp-content\/uploads\/2024\/11\/Copy-of-Copy-of-Copy-of-Copy-of-Soecs-for-horizontal-post-Facebook-Post-3-768x644.png 768w, https:\/\/whatsuprincon.com\/wp-content\/uploads\/2024\/11\/Copy-of-Copy-of-Copy-of-Copy-of-Soecs-for-horizontal-post-Facebook-Post-3-14x12.png 14w, https:\/\/whatsuprincon.com\/wp-content\/uploads\/2024\/11\/Copy-of-Copy-of-Copy-of-Copy-of-Soecs-for-horizontal-post-Facebook-Post-3.png 940w\" sizes=\"auto, (max-width: 300px) 100vw, 300px\" \/><\/figure>\n<\/div>\n\n\n<div style=\"height:24px\" aria-hidden=\"true\" class=\"wp-block-spacer\"><\/div>\n\n\n<div class=\"wp-block-image\">\n<figure class=\"aligncenter size-medium is-resized\" id=\"wp-block-themeisle-blocks-image-924d2a9c\"><img loading=\"lazy\" decoding=\"async\" width=\"300\" height=\"251\" src=\"https:\/\/whatsuprincon.com\/wp-content\/uploads\/2024\/11\/Copy-of-Copy-of-Copy-of-Copy-of-Soecs-for-horizontal-post-Facebook-Post-5-300x251.png\" alt=\"Vote-Readers Choice-ACTIVITIES\" class=\"wp-image-5099\" style=\"aspect-ratio:4\/3;object-fit:cover;width:400px\" srcset=\"https:\/\/whatsuprincon.com\/wp-content\/uploads\/2024\/11\/Copy-of-Copy-of-Copy-of-Copy-of-Soecs-for-horizontal-post-Facebook-Post-5-300x251.png 300w, https:\/\/whatsuprincon.com\/wp-content\/uploads\/2024\/11\/Copy-of-Copy-of-Copy-of-Copy-of-Soecs-for-horizontal-post-Facebook-Post-5-768x644.png 768w, https:\/\/whatsuprincon.com\/wp-content\/uploads\/2024\/11\/Copy-of-Copy-of-Copy-of-Copy-of-Soecs-for-horizontal-post-Facebook-Post-5-14x12.png 14w, https:\/\/whatsuprincon.com\/wp-content\/uploads\/2024\/11\/Copy-of-Copy-of-Copy-of-Copy-of-Soecs-for-horizontal-post-Facebook-Post-5.png 940w\" sizes=\"auto, (max-width: 300px) 100vw, 300px\" \/><\/figure>\n<\/div>\n\n\n<div style=\"height:24px\" aria-hidden=\"true\" class=\"wp-block-spacer\"><\/div>\n\n\n<div class=\"wp-block-image\">\n<figure class=\"aligncenter size-medium is-resized\" id=\"wp-block-themeisle-blocks-image-2c396273\"><img loading=\"lazy\" decoding=\"async\" width=\"300\" height=\"251\" src=\"https:\/\/whatsuprincon.com\/wp-content\/uploads\/2024\/11\/Copy-of-Copy-of-Copy-of-Copy-of-Soecs-for-horizontal-post-Facebook-Post-6-300x251.png\" alt=\"Vote-Readers Choice-ENTERTAINMENT\" class=\"wp-image-5100\" style=\"aspect-ratio:4\/3;object-fit:cover;width:400px\" srcset=\"https:\/\/whatsuprincon.com\/wp-content\/uploads\/2024\/11\/Copy-of-Copy-of-Copy-of-Copy-of-Soecs-for-horizontal-post-Facebook-Post-6-300x251.png 300w, https:\/\/whatsuprincon.com\/wp-content\/uploads\/2024\/11\/Copy-of-Copy-of-Copy-of-Copy-of-Soecs-for-horizontal-post-Facebook-Post-6-768x644.png 768w, https:\/\/whatsuprincon.com\/wp-content\/uploads\/2024\/11\/Copy-of-Copy-of-Copy-of-Copy-of-Soecs-for-horizontal-post-Facebook-Post-6-14x12.png 14w, https:\/\/whatsuprincon.com\/wp-content\/uploads\/2024\/11\/Copy-of-Copy-of-Copy-of-Copy-of-Soecs-for-horizontal-post-Facebook-Post-6.png 940w\" sizes=\"auto, (max-width: 300px) 100vw, 300px\" \/><\/figure>\n<\/div>\n\n\n<div style=\"height:24px\" aria-hidden=\"true\" class=\"wp-block-spacer\"><\/div>\n\n\n<div class=\"wp-block-image\">\n<figure class=\"aligncenter size-medium is-resized\" id=\"wp-block-themeisle-blocks-image-6812d073\"><img loading=\"lazy\" decoding=\"async\" width=\"300\" height=\"251\" src=\"https:\/\/whatsuprincon.com\/wp-content\/uploads\/2024\/11\/Copy-of-Copy-of-Copy-of-Copy-of-Soecs-for-horizontal-post-Facebook-Post-7-300x251.png\" alt=\"Vote-Readers Choice-Community\" class=\"wp-image-5101\" style=\"aspect-ratio:4\/3;object-fit:cover;width:400px\" srcset=\"https:\/\/whatsuprincon.com\/wp-content\/uploads\/2024\/11\/Copy-of-Copy-of-Copy-of-Copy-of-Soecs-for-horizontal-post-Facebook-Post-7-300x251.png 300w, https:\/\/whatsuprincon.com\/wp-content\/uploads\/2024\/11\/Copy-of-Copy-of-Copy-of-Copy-of-Soecs-for-horizontal-post-Facebook-Post-7-768x644.png 768w, https:\/\/whatsuprincon.com\/wp-content\/uploads\/2024\/11\/Copy-of-Copy-of-Copy-of-Copy-of-Soecs-for-horizontal-post-Facebook-Post-7-14x12.png 14w, https:\/\/whatsuprincon.com\/wp-content\/uploads\/2024\/11\/Copy-of-Copy-of-Copy-of-Copy-of-Soecs-for-horizontal-post-Facebook-Post-7.png 940w\" sizes=\"auto, (max-width: 300px) 100vw, 300px\" \/><\/figure>\n<\/div><\/div>\n<\/div>","protected":false},"excerpt":{"rendered":"<p>Vote for Your Local Favorites in the 2024 What\u2019s Up Rinc\u00f3n Readers\u2019 Choice Contest! Welcome to Readers&#8217; Choice Voting! Thank [&hellip;]<\/p>","protected":false},"author":1,"featured_media":5109,"parent":0,"menu_order":0,"comment_status":"closed","ping_status":"closed","template":"","meta":{"_coblocks_attr":"","_coblocks_dimensions":"","_coblocks_responsive_height":"","_coblocks_accordion_ie_support":"","_themeisle_gutenberg_block_has_review":false,"iawp_total_views":8298,"footnotes":""},"class_list":["post-5079","page","type-page","status-publish","has-post-thumbnail","hentry"],"yoast_head":"<!-- This site is optimized with the Yoast SEO plugin v25.8 - https:\/\/yoast.com\/wordpress\/plugins\/seo\/ -->\n<title>Vote: Readers Choice 2024 - Rinc\u00f3n, PR | What\u2019s Up Rinc\u00f3n and Western Puerto Rico<\/title>\n<meta name=\"description\" content=\"Vote to support your favorite local businesses and services, places, and professionals. Voting Period: November 24 \u2013 December 21.\" \/>\n<meta name=\"robots\" content=\"index, follow, max-snippet:-1, max-image-preview:large, max-video-preview:-1\" \/>\n<link rel=\"canonical\" href=\"https:\/\/whatsuprincon.com\/es\/readers-choice-2024-vote\/\" \/>\n<meta property=\"og:locale\" content=\"es_ES\" \/>\n<meta property=\"og:type\" content=\"article\" \/>\n<meta property=\"og:title\" content=\"Vote: Readers Choice 2024 - Rinc\u00f3n, PR | What\u2019s Up Rinc\u00f3n and Western Puerto Rico\" \/>\n<meta property=\"og:description\" content=\"Vote to support your favorite local businesses and services, places, and professionals. Voting Period: November 24 \u2013 December 21.\" \/>\n<meta property=\"og:url\" content=\"https:\/\/whatsuprincon.com\/es\/readers-choice-2024-vote\/\" \/>\n<meta property=\"og:site_name\" content=\"Rinc\u00f3n, PR | What\u2019s Up Rinc\u00f3n and Western Puerto Rico\" \/>\n<meta property=\"article:publisher\" content=\"https:\/\/www.facebook.com\/profile.php?id=61557407721782\" \/>\n<meta property=\"article:modified_time\" content=\"2024-12-22T12:20:31+00:00\" \/>\n<meta property=\"og:image\" content=\"https:\/\/whatsuprincon.com\/wp-content\/uploads\/2024\/11\/Copy-of-Copy-of-Copy-of-Copy-of-Soecs-for-horizontal-post-Facebook-Post-8.png\" \/>\n\t<meta property=\"og:image:width\" content=\"940\" \/>\n\t<meta property=\"og:image:height\" content=\"788\" \/>\n\t<meta property=\"og:image:type\" content=\"image\/png\" \/>\n<meta name=\"twitter:card\" content=\"summary_large_image\" \/>\n<meta name=\"twitter:label1\" content=\"Est. reading time\" \/>\n\t<meta name=\"twitter:data1\" content=\"3 minutos\" \/>\n<script type=\"application\/ld+json\" class=\"yoast-schema-graph\">{\"@context\":\"https:\/\/schema.org\",\"@graph\":[{\"@type\":\"WebPage\",\"@id\":\"https:\/\/whatsuprincon.com\/readers-choice-2024-vote\/\",\"url\":\"https:\/\/whatsuprincon.com\/readers-choice-2024-vote\/\",\"name\":\"Vote: Readers Choice 2024 - Rinc\u00f3n, PR | What\u2019s Up Rinc\u00f3n and Western Puerto Rico\",\"isPartOf\":{\"@id\":\"https:\/\/whatsuprincon.com\/#website\"},\"primaryImageOfPage\":{\"@id\":\"https:\/\/whatsuprincon.com\/readers-choice-2024-vote\/#primaryimage\"},\"image\":{\"@id\":\"https:\/\/whatsuprincon.com\/readers-choice-2024-vote\/#primaryimage\"},\"thumbnailUrl\":\"https:\/\/whatsuprincon.com\/wp-content\/uploads\/2024\/11\/Copy-of-Copy-of-Copy-of-Copy-of-Soecs-for-horizontal-post-Facebook-Post-8.png\",\"datePublished\":\"2024-11-23T18:43:43+00:00\",\"dateModified\":\"2024-12-22T12:20:31+00:00\",\"description\":\"Vote to support your favorite local businesses and services, places, and professionals. Voting Period: November 24 \u2013 December 21.\",\"breadcrumb\":{\"@id\":\"https:\/\/whatsuprincon.com\/readers-choice-2024-vote\/#breadcrumb\"},\"inLanguage\":\"es\",\"potentialAction\":[{\"@type\":\"ReadAction\",\"target\":[\"https:\/\/whatsuprincon.com\/readers-choice-2024-vote\/\"]}]},{\"@type\":\"ImageObject\",\"inLanguage\":\"es\",\"@id\":\"https:\/\/whatsuprincon.com\/readers-choice-2024-vote\/#primaryimage\",\"url\":\"https:\/\/whatsuprincon.com\/wp-content\/uploads\/2024\/11\/Copy-of-Copy-of-Copy-of-Copy-of-Soecs-for-horizontal-post-Facebook-Post-8.png\",\"contentUrl\":\"https:\/\/whatsuprincon.com\/wp-content\/uploads\/2024\/11\/Copy-of-Copy-of-Copy-of-Copy-of-Soecs-for-horizontal-post-Facebook-Post-8.png\",\"width\":940,\"height\":788,\"caption\":\"Voting-Readers Choice\"},{\"@type\":\"BreadcrumbList\",\"@id\":\"https:\/\/whatsuprincon.com\/readers-choice-2024-vote\/#breadcrumb\",\"itemListElement\":[{\"@type\":\"ListItem\",\"position\":1,\"name\":\"Home\",\"item\":\"https:\/\/whatsuprincon.com\/\"},{\"@type\":\"ListItem\",\"position\":2,\"name\":\"Readers&#8217; Choice 2024-Vote\"}]},{\"@type\":\"WebSite\",\"@id\":\"https:\/\/whatsuprincon.com\/#website\",\"url\":\"https:\/\/whatsuprincon.com\/\",\"name\":\"What's Up Rinc\u00f3n\",\"description\":\"What&#039;s Happening in Rinc\u00f3n and Western Puerto Rico\",\"publisher\":{\"@id\":\"https:\/\/whatsuprincon.com\/#organization\"},\"potentialAction\":[{\"@type\":\"SearchAction\",\"target\":{\"@type\":\"EntryPoint\",\"urlTemplate\":\"https:\/\/whatsuprincon.com\/?s={search_term_string}\"},\"query-input\":{\"@type\":\"PropertyValueSpecification\",\"valueRequired\":true,\"valueName\":\"search_term_string\"}}],\"inLanguage\":\"es\"},{\"@type\":\"Organization\",\"@id\":\"https:\/\/whatsuprincon.com\/#organization\",\"name\":\"What's Up Rinc\u00f3n\",\"url\":\"https:\/\/whatsuprincon.com\/\",\"logo\":{\"@type\":\"ImageObject\",\"inLanguage\":\"es\",\"@id\":\"https:\/\/whatsuprincon.com\/#\/schema\/logo\/image\/\",\"url\":\"https:\/\/whatsuprincon.com\/wp-content\/uploads\/2024\/06\/header-logo-e1771168818936.png\",\"contentUrl\":\"https:\/\/whatsuprincon.com\/wp-content\/uploads\/2024\/06\/header-logo-e1771168818936.png\",\"width\":100,\"height\":100,\"caption\":\"What's Up Rinc\u00f3n\"},\"image\":{\"@id\":\"https:\/\/whatsuprincon.com\/#\/schema\/logo\/image\/\"},\"sameAs\":[\"https:\/\/www.facebook.com\/profile.php?id=61557407721782\",\"https:\/\/www.instagram.com\/whatsuprincon\/\"]}]}<\/script>\n<!-- \/ Yoast SEO plugin. -->","yoast_head_json":{"title":"Vote: Readers Choice 2024 - Rinc\u00f3n, PR | What\u2019s Up Rinc\u00f3n and Western Puerto Rico","description":"Vote to support your favorite local businesses and services, places, and professionals. Voting Period: November 24 \u2013 December 21.","robots":{"index":"index","follow":"follow","max-snippet":"max-snippet:-1","max-image-preview":"max-image-preview:large","max-video-preview":"max-video-preview:-1"},"canonical":"https:\/\/whatsuprincon.com\/es\/readers-choice-2024-vote\/","og_locale":"es_ES","og_type":"article","og_title":"Vote: Readers Choice 2024 - Rinc\u00f3n, PR | What\u2019s Up Rinc\u00f3n and Western Puerto Rico","og_description":"Vote to support your favorite local businesses and services, places, and professionals. Voting Period: November 24 \u2013 December 21.","og_url":"https:\/\/whatsuprincon.com\/es\/readers-choice-2024-vote\/","og_site_name":"Rinc\u00f3n, PR | What\u2019s Up Rinc\u00f3n and Western Puerto Rico","article_publisher":"https:\/\/www.facebook.com\/profile.php?id=61557407721782","article_modified_time":"2024-12-22T12:20:31+00:00","og_image":[{"width":940,"height":788,"url":"https:\/\/whatsuprincon.com\/wp-content\/uploads\/2024\/11\/Copy-of-Copy-of-Copy-of-Copy-of-Soecs-for-horizontal-post-Facebook-Post-8.png","type":"image\/png"}],"twitter_card":"summary_large_image","twitter_misc":{"Est. reading time":"3 minutos"},"schema":{"@context":"https:\/\/schema.org","@graph":[{"@type":"WebPage","@id":"https:\/\/whatsuprincon.com\/readers-choice-2024-vote\/","url":"https:\/\/whatsuprincon.com\/readers-choice-2024-vote\/","name":"Vote: Readers Choice 2024 - Rinc\u00f3n, PR | What\u2019s Up Rinc\u00f3n and Western Puerto Rico","isPartOf":{"@id":"https:\/\/whatsuprincon.com\/#website"},"primaryImageOfPage":{"@id":"https:\/\/whatsuprincon.com\/readers-choice-2024-vote\/#primaryimage"},"image":{"@id":"https:\/\/whatsuprincon.com\/readers-choice-2024-vote\/#primaryimage"},"thumbnailUrl":"https:\/\/whatsuprincon.com\/wp-content\/uploads\/2024\/11\/Copy-of-Copy-of-Copy-of-Copy-of-Soecs-for-horizontal-post-Facebook-Post-8.png","datePublished":"2024-11-23T18:43:43+00:00","dateModified":"2024-12-22T12:20:31+00:00","description":"Vote to support your favorite local businesses and services, places, and professionals. Voting Period: November 24 \u2013 December 21.","breadcrumb":{"@id":"https:\/\/whatsuprincon.com\/readers-choice-2024-vote\/#breadcrumb"},"inLanguage":"es","potentialAction":[{"@type":"ReadAction","target":["https:\/\/whatsuprincon.com\/readers-choice-2024-vote\/"]}]},{"@type":"ImageObject","inLanguage":"es","@id":"https:\/\/whatsuprincon.com\/readers-choice-2024-vote\/#primaryimage","url":"https:\/\/whatsuprincon.com\/wp-content\/uploads\/2024\/11\/Copy-of-Copy-of-Copy-of-Copy-of-Soecs-for-horizontal-post-Facebook-Post-8.png","contentUrl":"https:\/\/whatsuprincon.com\/wp-content\/uploads\/2024\/11\/Copy-of-Copy-of-Copy-of-Copy-of-Soecs-for-horizontal-post-Facebook-Post-8.png","width":940,"height":788,"caption":"Voting-Readers Choice"},{"@type":"BreadcrumbList","@id":"https:\/\/whatsuprincon.com\/readers-choice-2024-vote\/#breadcrumb","itemListElement":[{"@type":"ListItem","position":1,"name":"Home","item":"https:\/\/whatsuprincon.com\/"},{"@type":"ListItem","position":2,"name":"Readers&#8217; Choice 2024-Vote"}]},{"@type":"WebSite","@id":"https:\/\/whatsuprincon.com\/#website","url":"https:\/\/whatsuprincon.com\/","name":"What's Up Rinc\u00f3n","description":"What&#039;s Happening in Rinc\u00f3n and Western Puerto Rico","publisher":{"@id":"https:\/\/whatsuprincon.com\/#organization"},"potentialAction":[{"@type":"SearchAction","target":{"@type":"EntryPoint","urlTemplate":"https:\/\/whatsuprincon.com\/?s={search_term_string}"},"query-input":{"@type":"PropertyValueSpecification","valueRequired":true,"valueName":"search_term_string"}}],"inLanguage":"es"},{"@type":"Organization","@id":"https:\/\/whatsuprincon.com\/#organization","name":"What's Up Rinc\u00f3n","url":"https:\/\/whatsuprincon.com\/","logo":{"@type":"ImageObject","inLanguage":"es","@id":"https:\/\/whatsuprincon.com\/#\/schema\/logo\/image\/","url":"https:\/\/whatsuprincon.com\/wp-content\/uploads\/2024\/06\/header-logo-e1771168818936.png","contentUrl":"https:\/\/whatsuprincon.com\/wp-content\/uploads\/2024\/06\/header-logo-e1771168818936.png","width":100,"height":100,"caption":"What's Up Rinc\u00f3n"},"image":{"@id":"https:\/\/whatsuprincon.com\/#\/schema\/logo\/image\/"},"sameAs":["https:\/\/www.facebook.com\/profile.php?id=61557407721782","https:\/\/www.instagram.com\/whatsuprincon\/"]}]}},"_links":{"self":[{"href":"https:\/\/whatsuprincon.com\/es\/wp-json\/wp\/v2\/pages\/5079","targetHints":{"allow":["GET"]}}],"collection":[{"href":"https:\/\/whatsuprincon.com\/es\/wp-json\/wp\/v2\/pages"}],"about":[{"href":"https:\/\/whatsuprincon.com\/es\/wp-json\/wp\/v2\/types\/page"}],"author":[{"embeddable":true,"href":"https:\/\/whatsuprincon.com\/es\/wp-json\/wp\/v2\/users\/1"}],"replies":[{"embeddable":true,"href":"https:\/\/whatsuprincon.com\/es\/wp-json\/wp\/v2\/comments?post=5079"}],"version-history":[{"count":37,"href":"https:\/\/whatsuprincon.com\/es\/wp-json\/wp\/v2\/pages\/5079\/revisions"}],"predecessor-version":[{"id":5538,"href":"https:\/\/whatsuprincon.com\/es\/wp-json\/wp\/v2\/pages\/5079\/revisions\/5538"}],"wp:featuredmedia":[{"embeddable":true,"href":"https:\/\/whatsuprincon.com\/es\/wp-json\/wp\/v2\/media\/5109"}],"wp:attachment":[{"href":"https:\/\/whatsuprincon.com\/es\/wp-json\/wp\/v2\/media?parent=5079"}],"curies":[{"name":"wp","href":"https:\/\/api.w.org\/{rel}","templated":true}]}}