{"id":5569,"date":"2024-12-28T23:26:44","date_gmt":"2024-12-29T03:26:44","guid":{"rendered":"https:\/\/whatsuprincon.com\/?page_id=5569"},"modified":"2025-08-24T14:17:24","modified_gmt":"2025-08-24T18:17:24","slug":"readers-choice-lo-mejor-del-2024-winners","status":"publish","type":"page","link":"https:\/\/whatsuprincon.com\/es\/readers-choice-lo-mejor-del-2024-winners\/","title":{"rendered":"\u00a0Readers' Choice: Los Mejores del 2024 - Ganadores"},"content":{"rendered":"<div style=\"height:10px\" aria-hidden=\"true\" class=\"wp-block-spacer animated bounceIn\"><\/div>\n\n\n\n<h1 class=\"wp-block-heading has-text-align-center\"><strong> Readers&#8217; Choice: Lo Mejor del 2024 <\/strong><\/h1>\n\n\n\n<p class=\"has-text-align-center has-custom-lineheight\" style=\"text-transform:none;line-height:1.75\">\u00a1Bienvenidos a la p\u00e1gina oficial de ganadores de What\u2019s Up Rinc\u00f3n en Readers' Choice: Lo Mejor del 2024! Despu\u00e9s de semanas de nominaciones, votos y emoci\u00f3n en la comunidad, \u00a1estamos emocionados de presentar los negocios, organizaciones e individuos que han logrado ganarse su lugar como los favoritos del a\u00f1o!<\/p>\n\n\n\n<p class=\"has-text-align-center has-custom-lineheight\" style=\"text-transform:none;line-height:1.75\">Cada ganador representa el coraz\u00f3n y alma de nuestra comunidad, destac\u00e1ndose por su dedicaci\u00f3n, creatividad y excelencia. Explora la lista a continuaci\u00f3n para descubrir a los ganadores sobresalientes en cada categor\u00eda\u2014\u00a1y no olvides apoyar a estos campeones locales visit\u00e1ndolos, compartiendo y celebrando su \u00e9xito!<\/p>\n\n\n\n<p class=\"has-text-align-center\"><strong>\u00a1Sigamos haciendo que nuestra comunidad brille m\u00e1s fuerte juntos!<\/strong><\/p>\n\n\n\n<div style=\"height:20px\" aria-hidden=\"true\" class=\"wp-block-spacer\"><\/div>\n\n\n\n<h2 class=\"wp-block-heading has-text-align-center\">Readers' Choice: Los Mejores del 2024 - Ganadores<\/h2>\n\n\n\n<div style=\"height:20px\" aria-hidden=\"true\" class=\"wp-block-spacer\"><\/div>\n\n\n<div class=\"wp-block-image is-style-rounded\">\n<figure class=\"aligncenter size-medium coblocks-animate has-lightbox\" id=\"wp-block-themeisle-blocks-image-945614e9\" data-coblocks-animation=\"zoomIn\"><a href=\"https:\/\/whatsuprincon.com\/es\/readers-choice-2024-community-favorites-winners\/\" target=\"_blank\" rel=\" noreferrer noopener\"><img loading=\"lazy\" decoding=\"async\" width=\"300\" height=\"251\" src=\"https:\/\/whatsuprincon.com\/wp-content\/uploads\/2024\/12\/Readers-Choice-Winner-Community-Favorites-300x251.png\" alt=\"Readers Choice Winners Community Favorites\" class=\"wp-image-5587\" srcset=\"https:\/\/whatsuprincon.com\/wp-content\/uploads\/2024\/12\/Readers-Choice-Winner-Community-Favorites-300x251.png 300w, https:\/\/whatsuprincon.com\/wp-content\/uploads\/2024\/12\/Readers-Choice-Winner-Community-Favorites-768x644.png 768w, https:\/\/whatsuprincon.com\/wp-content\/uploads\/2024\/12\/Readers-Choice-Winner-Community-Favorites-14x12.png 14w, https:\/\/whatsuprincon.com\/wp-content\/uploads\/2024\/12\/Readers-Choice-Winner-Community-Favorites.png 940w\" sizes=\"auto, (max-width: 300px) 100vw, 300px\" \/><\/a><\/figure>\n<\/div>\n\n<div class=\"wp-block-image is-style-rounded has-lightbox\">\n<figure class=\"aligncenter size-medium coblocks-animate\" id=\"wp-block-themeisle-blocks-image-3d2ba2cd\" data-coblocks-animation=\"zoomIn\"><a href=\"https:\/\/whatsuprincon.com\/es\/readers-choice-2024-arts-and-culture-winners\/\" target=\"_blank\" rel=\" noreferrer noopener\"><img loading=\"lazy\" decoding=\"async\" width=\"300\" height=\"251\" src=\"https:\/\/whatsuprincon.com\/wp-content\/uploads\/2024\/12\/Readers-Choice-Winner-Art-and-Culture-300x251.png\" alt=\"Readers Choice Winners Art and Culture\" class=\"wp-image-5585\" srcset=\"https:\/\/whatsuprincon.com\/wp-content\/uploads\/2024\/12\/Readers-Choice-Winner-Art-and-Culture-300x251.png 300w, https:\/\/whatsuprincon.com\/wp-content\/uploads\/2024\/12\/Readers-Choice-Winner-Art-and-Culture-768x644.png 768w, https:\/\/whatsuprincon.com\/wp-content\/uploads\/2024\/12\/Readers-Choice-Winner-Art-and-Culture-14x12.png 14w, https:\/\/whatsuprincon.com\/wp-content\/uploads\/2024\/12\/Readers-Choice-Winner-Art-and-Culture.png 940w\" sizes=\"auto, (max-width: 300px) 100vw, 300px\" \/><\/a><\/figure>\n<\/div>\n\n<div class=\"wp-block-image is-style-rounded\">\n<figure class=\"aligncenter size-medium coblocks-animate has-lightbox\" id=\"wp-block-themeisle-blocks-image-3ac6b99d\" data-coblocks-animation=\"zoomIn\"><a href=\"https:\/\/whatsuprincon.com\/es\/readers-choice-2024-outdoors-and-activities-winners\/\" target=\"_blank\" rel=\" noreferrer noopener\"><img loading=\"lazy\" decoding=\"async\" width=\"300\" height=\"251\" src=\"https:\/\/whatsuprincon.com\/wp-content\/uploads\/2024\/12\/Readers-Choice-Winner-Outdoors-and-Activities-300x251.png\" alt=\"Readers Choice Winner Outdoors and Activities\" class=\"wp-image-5589\" srcset=\"https:\/\/whatsuprincon.com\/wp-content\/uploads\/2024\/12\/Readers-Choice-Winner-Outdoors-and-Activities-300x251.png 300w, https:\/\/whatsuprincon.com\/wp-content\/uploads\/2024\/12\/Readers-Choice-Winner-Outdoors-and-Activities-768x644.png 768w, https:\/\/whatsuprincon.com\/wp-content\/uploads\/2024\/12\/Readers-Choice-Winner-Outdoors-and-Activities-14x12.png 14w, https:\/\/whatsuprincon.com\/wp-content\/uploads\/2024\/12\/Readers-Choice-Winner-Outdoors-and-Activities.png 940w\" sizes=\"auto, (max-width: 300px) 100vw, 300px\" \/><\/a><\/figure>\n<\/div>\n\n<div class=\"wp-block-image is-style-rounded\">\n<figure class=\"aligncenter size-medium coblocks-animate has-lightbox\" id=\"wp-block-themeisle-blocks-image-64e3f704\" data-coblocks-animation=\"zoomIn\"><a href=\"https:\/\/whatsuprincon.com\/es\/readers-choice-2024-nightlife-and-entertainment-winners\/\" target=\"_blank\" rel=\" noreferrer noopener\"><img loading=\"lazy\" decoding=\"async\" width=\"300\" height=\"251\" src=\"https:\/\/whatsuprincon.com\/wp-content\/uploads\/2024\/12\/Readers-Choice-Winner-Nightlife-and-Entertainment-300x251.png\" alt=\" Vida Nocturna y Entretenimiento\" class=\"wp-image-5586\" srcset=\"https:\/\/whatsuprincon.com\/wp-content\/uploads\/2024\/12\/Readers-Choice-Winner-Nightlife-and-Entertainment-300x251.png 300w, https:\/\/whatsuprincon.com\/wp-content\/uploads\/2024\/12\/Readers-Choice-Winner-Nightlife-and-Entertainment-768x644.png 768w, https:\/\/whatsuprincon.com\/wp-content\/uploads\/2024\/12\/Readers-Choice-Winner-Nightlife-and-Entertainment-14x12.png 14w, https:\/\/whatsuprincon.com\/wp-content\/uploads\/2024\/12\/Readers-Choice-Winner-Nightlife-and-Entertainment.png 940w\" sizes=\"auto, (max-width: 300px) 100vw, 300px\" \/><\/a><\/figure>\n<\/div>\n\n<div class=\"wp-block-image is-style-rounded has-lightbox\">\n<figure class=\"aligncenter size-medium coblocks-animate\" id=\"wp-block-themeisle-blocks-image-433b2aac\" data-coblocks-animation=\"zoomIn\"><a href=\"https:\/\/whatsuprincon.com\/es\/readers-choice-2024-services-winners\/\" target=\"_blank\" rel=\" noreferrer noopener\"><img loading=\"lazy\" decoding=\"async\" width=\"300\" height=\"251\" src=\"https:\/\/whatsuprincon.com\/wp-content\/uploads\/2024\/12\/Readers-Choice-Winner-Services-300x251.png\" alt=\"Readers Choice Winner Services\" class=\"wp-image-5588\" srcset=\"https:\/\/whatsuprincon.com\/wp-content\/uploads\/2024\/12\/Readers-Choice-Winner-Services-300x251.png 300w, https:\/\/whatsuprincon.com\/wp-content\/uploads\/2024\/12\/Readers-Choice-Winner-Services-768x644.png 768w, https:\/\/whatsuprincon.com\/wp-content\/uploads\/2024\/12\/Readers-Choice-Winner-Services-14x12.png 14w, https:\/\/whatsuprincon.com\/wp-content\/uploads\/2024\/12\/Readers-Choice-Winner-Services.png 940w\" sizes=\"auto, (max-width: 300px) 100vw, 300px\" \/><\/a><\/figure>\n<\/div>\n\n<div class=\"wp-block-image is-style-rounded\">\n<figure class=\"aligncenter size-medium coblocks-animate has-lightbox\" id=\"wp-block-themeisle-blocks-image-79e52d74\" data-coblocks-animation=\"zoomIn\"><a href=\"https:\/\/whatsuprincon.com\/es\/readers-choice-2024-shopping-winners\/\" target=\"_blank\" rel=\" noreferrer noopener\"><img loading=\"lazy\" decoding=\"async\" width=\"300\" height=\"251\" src=\"https:\/\/whatsuprincon.com\/wp-content\/uploads\/2024\/12\/Readers-Choice-Winner-Shopping-300x251.png\" alt=\" Winner Shopping\" class=\"wp-image-5580\" srcset=\"https:\/\/whatsuprincon.com\/wp-content\/uploads\/2024\/12\/Readers-Choice-Winner-Shopping-300x251.png 300w, https:\/\/whatsuprincon.com\/wp-content\/uploads\/2024\/12\/Readers-Choice-Winner-Shopping-768x644.png 768w, https:\/\/whatsuprincon.com\/wp-content\/uploads\/2024\/12\/Readers-Choice-Winner-Shopping-14x12.png 14w, https:\/\/whatsuprincon.com\/wp-content\/uploads\/2024\/12\/Readers-Choice-Winner-Shopping.png 940w\" sizes=\"auto, (max-width: 300px) 100vw, 300px\" \/><\/a><\/figure>\n<\/div>\n\n<div class=\"wp-block-image is-style-rounded\">\n<figure class=\"aligncenter size-medium coblocks-animate has-lightbox\" id=\"wp-block-themeisle-blocks-image-b1388353\" data-coblocks-animation=\"zoomIn\"><a href=\"https:\/\/whatsuprincon.com\/es\/readers-choice-2024-food-and-drink-winners\/\" target=\"_blank\" rel=\" noreferrer noopener\"><img loading=\"lazy\" decoding=\"async\" width=\"300\" height=\"251\" src=\"https:\/\/whatsuprincon.com\/wp-content\/uploads\/2024\/12\/Readers-Choice-Winner-Food-and-Drink-2-300x251.png\" alt=\"Readers Choice Winner Food and Drink\" class=\"wp-image-5584\" srcset=\"https:\/\/whatsuprincon.com\/wp-content\/uploads\/2024\/12\/Readers-Choice-Winner-Food-and-Drink-2-300x251.png 300w, https:\/\/whatsuprincon.com\/wp-content\/uploads\/2024\/12\/Readers-Choice-Winner-Food-and-Drink-2-768x644.png 768w, https:\/\/whatsuprincon.com\/wp-content\/uploads\/2024\/12\/Readers-Choice-Winner-Food-and-Drink-2-14x12.png 14w, https:\/\/whatsuprincon.com\/wp-content\/uploads\/2024\/12\/Readers-Choice-Winner-Food-and-Drink-2.png 940w\" sizes=\"auto, (max-width: 300px) 100vw, 300px\" \/><\/a><\/figure>\n<\/div>\n\n\n<div style=\"height:40px\" aria-hidden=\"true\" class=\"wp-block-spacer\"><\/div>\n\n\n\n<hr class=\"wp-block-separator has-text-color has-luminous-vivid-orange-color has-alpha-channel-opacity has-luminous-vivid-orange-background-color has-background is-style-wide\"\/>\n\n\n\n<div style=\"height:40px\" aria-hidden=\"true\" class=\"wp-block-spacer\"><\/div>","protected":false},"excerpt":{"rendered":"<p>Readers&#8217; Choice: Lo Mejor del 2024 Welcome to the official Readers&#8217; Choice: Lo Mejor del 2024 winners&#8217; page! After weeks [&hellip;]<\/p>","protected":false},"author":1,"featured_media":5570,"parent":0,"menu_order":0,"comment_status":"closed","ping_status":"closed","template":"","meta":{"_coblocks_attr":"","_coblocks_dimensions":"","_coblocks_responsive_height":"","_coblocks_accordion_ie_support":"","_themeisle_gutenberg_block_has_review":false,"iawp_total_views":797,"footnotes":""},"class_list":["post-5569","page","type-page","status-publish","has-post-thumbnail","hentry"],"yoast_head":"<!-- This site is optimized with the Yoast SEO plugin v25.8 - https:\/\/yoast.com\/wordpress\/plugins\/seo\/ -->\n<title>Readers&#039; Choice Winners - Rinc\u00f3n, PR | What\u2019s Up Rinc\u00f3n and Western Puerto Rico<\/title>\n<meta name=\"description\" content=\"Readers&#039; Choice Winners-Best restaurants, shopping, nightlife, art, and more in Rinc\u00f3n, Aguada, and A\u00f1asco, Puerto Rico.\" \/>\n<meta name=\"robots\" content=\"index, follow, max-snippet:-1, max-image-preview:large, max-video-preview:-1\" \/>\n<link rel=\"canonical\" href=\"https:\/\/whatsuprincon.com\/es\/readers-choice-lo-mejor-del-2024-winners\/\" \/>\n<meta property=\"og:locale\" content=\"es_ES\" \/>\n<meta property=\"og:type\" content=\"article\" \/>\n<meta property=\"og:title\" content=\"Readers&#039; Choice Winners - Rinc\u00f3n, PR | What\u2019s Up Rinc\u00f3n and Western Puerto Rico\" \/>\n<meta property=\"og:description\" content=\"Readers&#039; Choice Winners-Best restaurants, shopping, nightlife, art, and more in Rinc\u00f3n, Aguada, and A\u00f1asco, Puerto Rico.\" \/>\n<meta property=\"og:url\" content=\"https:\/\/whatsuprincon.com\/es\/readers-choice-lo-mejor-del-2024-winners\/\" \/>\n<meta property=\"og:site_name\" content=\"Rinc\u00f3n, PR | What\u2019s Up Rinc\u00f3n and Western Puerto Rico\" \/>\n<meta property=\"article:publisher\" content=\"https:\/\/www.facebook.com\/profile.php?id=61557407721782\" \/>\n<meta property=\"article:modified_time\" content=\"2025-08-24T18:17:24+00:00\" \/>\n<meta property=\"og:image\" content=\"https:\/\/whatsuprincon.com\/wp-content\/uploads\/2024\/12\/Readers-Choice-Winners.png\" \/>\n\t<meta property=\"og:image:width\" content=\"940\" \/>\n\t<meta property=\"og:image:height\" content=\"788\" \/>\n\t<meta property=\"og:image:type\" content=\"image\/png\" \/>\n<meta name=\"twitter:card\" content=\"summary_large_image\" \/>\n<meta name=\"twitter:label1\" content=\"Est. reading time\" \/>\n\t<meta name=\"twitter:data1\" content=\"3 minutos\" \/>\n<script type=\"application\/ld+json\" class=\"yoast-schema-graph\">{\"@context\":\"https:\/\/schema.org\",\"@graph\":[{\"@type\":\"WebPage\",\"@id\":\"https:\/\/whatsuprincon.com\/readers-choice-lo-mejor-del-2024-winners\/\",\"url\":\"https:\/\/whatsuprincon.com\/readers-choice-lo-mejor-del-2024-winners\/\",\"name\":\"Readers' Choice Winners - Rinc\u00f3n, PR | What\u2019s Up Rinc\u00f3n and Western Puerto Rico\",\"isPartOf\":{\"@id\":\"https:\/\/whatsuprincon.com\/#website\"},\"primaryImageOfPage\":{\"@id\":\"https:\/\/whatsuprincon.com\/readers-choice-lo-mejor-del-2024-winners\/#primaryimage\"},\"image\":{\"@id\":\"https:\/\/whatsuprincon.com\/readers-choice-lo-mejor-del-2024-winners\/#primaryimage\"},\"thumbnailUrl\":\"https:\/\/whatsuprincon.com\/wp-content\/uploads\/2024\/12\/Readers-Choice-Winners.png\",\"datePublished\":\"2024-12-29T03:26:44+00:00\",\"dateModified\":\"2025-08-24T18:17:24+00:00\",\"description\":\"Readers' Choice Winners-Best restaurants, shopping, nightlife, art, and more in Rinc\u00f3n, Aguada, and A\u00f1asco, Puerto Rico.\",\"breadcrumb\":{\"@id\":\"https:\/\/whatsuprincon.com\/readers-choice-lo-mejor-del-2024-winners\/#breadcrumb\"},\"inLanguage\":\"es\",\"potentialAction\":[{\"@type\":\"ReadAction\",\"target\":[\"https:\/\/whatsuprincon.com\/readers-choice-lo-mejor-del-2024-winners\/\"]}]},{\"@type\":\"ImageObject\",\"inLanguage\":\"es\",\"@id\":\"https:\/\/whatsuprincon.com\/readers-choice-lo-mejor-del-2024-winners\/#primaryimage\",\"url\":\"https:\/\/whatsuprincon.com\/wp-content\/uploads\/2024\/12\/Readers-Choice-Winners.png\",\"contentUrl\":\"https:\/\/whatsuprincon.com\/wp-content\/uploads\/2024\/12\/Readers-Choice-Winners.png\",\"width\":940,\"height\":788,\"caption\":\"Reader's Choice Winners\"},{\"@type\":\"BreadcrumbList\",\"@id\":\"https:\/\/whatsuprincon.com\/readers-choice-lo-mejor-del-2024-winners\/#breadcrumb\",\"itemListElement\":[{\"@type\":\"ListItem\",\"position\":1,\"name\":\"Home\",\"item\":\"https:\/\/whatsuprincon.com\/\"},{\"@type\":\"ListItem\",\"position\":2,\"name\":\"\u00a0Readers&#8217; Choice: Lo Mejor del 2024 Winners\"}]},{\"@type\":\"WebSite\",\"@id\":\"https:\/\/whatsuprincon.com\/#website\",\"url\":\"https:\/\/whatsuprincon.com\/\",\"name\":\"What's Up Rinc\u00f3n\",\"description\":\"What&#039;s Happening in Rinc\u00f3n and Western Puerto Rico\",\"publisher\":{\"@id\":\"https:\/\/whatsuprincon.com\/#organization\"},\"potentialAction\":[{\"@type\":\"SearchAction\",\"target\":{\"@type\":\"EntryPoint\",\"urlTemplate\":\"https:\/\/whatsuprincon.com\/?s={search_term_string}\"},\"query-input\":{\"@type\":\"PropertyValueSpecification\",\"valueRequired\":true,\"valueName\":\"search_term_string\"}}],\"inLanguage\":\"es\"},{\"@type\":\"Organization\",\"@id\":\"https:\/\/whatsuprincon.com\/#organization\",\"name\":\"What's Up Rinc\u00f3n\",\"url\":\"https:\/\/whatsuprincon.com\/\",\"logo\":{\"@type\":\"ImageObject\",\"inLanguage\":\"es\",\"@id\":\"https:\/\/whatsuprincon.com\/#\/schema\/logo\/image\/\",\"url\":\"https:\/\/whatsuprincon.com\/wp-content\/uploads\/2024\/06\/header-logo-e1771168818936.png\",\"contentUrl\":\"https:\/\/whatsuprincon.com\/wp-content\/uploads\/2024\/06\/header-logo-e1771168818936.png\",\"width\":100,\"height\":100,\"caption\":\"What's Up Rinc\u00f3n\"},\"image\":{\"@id\":\"https:\/\/whatsuprincon.com\/#\/schema\/logo\/image\/\"},\"sameAs\":[\"https:\/\/www.facebook.com\/profile.php?id=61557407721782\",\"https:\/\/www.instagram.com\/whatsuprincon\/\"]}]}<\/script>\n<!-- \/ Yoast SEO plugin. -->","yoast_head_json":{"title":"Readers' Choice Winners - Rinc\u00f3n, PR | What\u2019s Up Rinc\u00f3n and Western Puerto Rico","description":"Readers' Choice Winners-Best restaurants, shopping, nightlife, art, and more in Rinc\u00f3n, Aguada, and A\u00f1asco, Puerto Rico.","robots":{"index":"index","follow":"follow","max-snippet":"max-snippet:-1","max-image-preview":"max-image-preview:large","max-video-preview":"max-video-preview:-1"},"canonical":"https:\/\/whatsuprincon.com\/es\/readers-choice-lo-mejor-del-2024-winners\/","og_locale":"es_ES","og_type":"article","og_title":"Readers' Choice Winners - Rinc\u00f3n, PR | What\u2019s Up Rinc\u00f3n and Western Puerto Rico","og_description":"Readers' Choice Winners-Best restaurants, shopping, nightlife, art, and more in Rinc\u00f3n, Aguada, and A\u00f1asco, Puerto Rico.","og_url":"https:\/\/whatsuprincon.com\/es\/readers-choice-lo-mejor-del-2024-winners\/","og_site_name":"Rinc\u00f3n, PR | What\u2019s Up Rinc\u00f3n and Western Puerto Rico","article_publisher":"https:\/\/www.facebook.com\/profile.php?id=61557407721782","article_modified_time":"2025-08-24T18:17:24+00:00","og_image":[{"width":940,"height":788,"url":"https:\/\/whatsuprincon.com\/wp-content\/uploads\/2024\/12\/Readers-Choice-Winners.png","type":"image\/png"}],"twitter_card":"summary_large_image","twitter_misc":{"Est. reading time":"3 minutos"},"schema":{"@context":"https:\/\/schema.org","@graph":[{"@type":"WebPage","@id":"https:\/\/whatsuprincon.com\/readers-choice-lo-mejor-del-2024-winners\/","url":"https:\/\/whatsuprincon.com\/readers-choice-lo-mejor-del-2024-winners\/","name":"Readers' Choice Winners - Rinc\u00f3n, PR | What\u2019s Up Rinc\u00f3n and Western Puerto Rico","isPartOf":{"@id":"https:\/\/whatsuprincon.com\/#website"},"primaryImageOfPage":{"@id":"https:\/\/whatsuprincon.com\/readers-choice-lo-mejor-del-2024-winners\/#primaryimage"},"image":{"@id":"https:\/\/whatsuprincon.com\/readers-choice-lo-mejor-del-2024-winners\/#primaryimage"},"thumbnailUrl":"https:\/\/whatsuprincon.com\/wp-content\/uploads\/2024\/12\/Readers-Choice-Winners.png","datePublished":"2024-12-29T03:26:44+00:00","dateModified":"2025-08-24T18:17:24+00:00","description":"Readers' Choice Winners-Best restaurants, shopping, nightlife, art, and more in Rinc\u00f3n, Aguada, and A\u00f1asco, Puerto Rico.","breadcrumb":{"@id":"https:\/\/whatsuprincon.com\/readers-choice-lo-mejor-del-2024-winners\/#breadcrumb"},"inLanguage":"es","potentialAction":[{"@type":"ReadAction","target":["https:\/\/whatsuprincon.com\/readers-choice-lo-mejor-del-2024-winners\/"]}]},{"@type":"ImageObject","inLanguage":"es","@id":"https:\/\/whatsuprincon.com\/readers-choice-lo-mejor-del-2024-winners\/#primaryimage","url":"https:\/\/whatsuprincon.com\/wp-content\/uploads\/2024\/12\/Readers-Choice-Winners.png","contentUrl":"https:\/\/whatsuprincon.com\/wp-content\/uploads\/2024\/12\/Readers-Choice-Winners.png","width":940,"height":788,"caption":"Reader's Choice Winners"},{"@type":"BreadcrumbList","@id":"https:\/\/whatsuprincon.com\/readers-choice-lo-mejor-del-2024-winners\/#breadcrumb","itemListElement":[{"@type":"ListItem","position":1,"name":"Home","item":"https:\/\/whatsuprincon.com\/"},{"@type":"ListItem","position":2,"name":"\u00a0Readers&#8217; Choice: Lo Mejor del 2024 Winners"}]},{"@type":"WebSite","@id":"https:\/\/whatsuprincon.com\/#website","url":"https:\/\/whatsuprincon.com\/","name":"What's Up Rinc\u00f3n","description":"What&#039;s Happening in Rinc\u00f3n and Western Puerto Rico","publisher":{"@id":"https:\/\/whatsuprincon.com\/#organization"},"potentialAction":[{"@type":"SearchAction","target":{"@type":"EntryPoint","urlTemplate":"https:\/\/whatsuprincon.com\/?s={search_term_string}"},"query-input":{"@type":"PropertyValueSpecification","valueRequired":true,"valueName":"search_term_string"}}],"inLanguage":"es"},{"@type":"Organization","@id":"https:\/\/whatsuprincon.com\/#organization","name":"What's Up Rinc\u00f3n","url":"https:\/\/whatsuprincon.com\/","logo":{"@type":"ImageObject","inLanguage":"es","@id":"https:\/\/whatsuprincon.com\/#\/schema\/logo\/image\/","url":"https:\/\/whatsuprincon.com\/wp-content\/uploads\/2024\/06\/header-logo-e1771168818936.png","contentUrl":"https:\/\/whatsuprincon.com\/wp-content\/uploads\/2024\/06\/header-logo-e1771168818936.png","width":100,"height":100,"caption":"What's Up Rinc\u00f3n"},"image":{"@id":"https:\/\/whatsuprincon.com\/#\/schema\/logo\/image\/"},"sameAs":["https:\/\/www.facebook.com\/profile.php?id=61557407721782","https:\/\/www.instagram.com\/whatsuprincon\/"]}]}},"_links":{"self":[{"href":"https:\/\/whatsuprincon.com\/es\/wp-json\/wp\/v2\/pages\/5569","targetHints":{"allow":["GET"]}}],"collection":[{"href":"https:\/\/whatsuprincon.com\/es\/wp-json\/wp\/v2\/pages"}],"about":[{"href":"https:\/\/whatsuprincon.com\/es\/wp-json\/wp\/v2\/types\/page"}],"author":[{"embeddable":true,"href":"https:\/\/whatsuprincon.com\/es\/wp-json\/wp\/v2\/users\/1"}],"replies":[{"embeddable":true,"href":"https:\/\/whatsuprincon.com\/es\/wp-json\/wp\/v2\/comments?post=5569"}],"version-history":[{"count":28,"href":"https:\/\/whatsuprincon.com\/es\/wp-json\/wp\/v2\/pages\/5569\/revisions"}],"predecessor-version":[{"id":9127,"href":"https:\/\/whatsuprincon.com\/es\/wp-json\/wp\/v2\/pages\/5569\/revisions\/9127"}],"wp:featuredmedia":[{"embeddable":true,"href":"https:\/\/whatsuprincon.com\/es\/wp-json\/wp\/v2\/media\/5570"}],"wp:attachment":[{"href":"https:\/\/whatsuprincon.com\/es\/wp-json\/wp\/v2\/media?parent=5569"}],"curies":[{"name":"wp","href":"https:\/\/api.w.org\/{rel}","templated":true}]}}