{"id":7162,"date":"2025-05-25T09:42:40","date_gmt":"2025-05-25T13:42:40","guid":{"rendered":"https:\/\/whatsuprincon.com\/?page_id=7162"},"modified":"2025-11-03T15:48:40","modified_gmt":"2025-11-03T19:48:40","slug":"sabores-home-page","status":"publish","type":"page","link":"https:\/\/whatsuprincon.com\/es\/sabores-home-page\/","title":{"rendered":"Sabores de Rinc\u00f3n Inicio"},"content":{"rendered":"<div style=\"height:10px\" aria-hidden=\"true\" class=\"wp-block-spacer\"><\/div>\n\n\n\n<p class=\"has-text-align-center is-style-info has-black-color has-luminous-vivid-amber-background-color has-text-color has-background has-link-color wp-elements-e2c88126dce036af3398b3378c3e3572\" style=\"font-size:24px;text-transform:none\"><strong>Sabores de Rinc\u00f3n pronto regresa para otra vuelta.<\/strong><\/p>\n\n\n\n<p class=\"has-text-align-center has-custom-transform has-custom-lineheight\" style=\"line-height:1.65;text-transform:initial;font-size:22px\">\u00a1Bienvenidos a Sabores de Rinc\u00f3n, un evento mensual que celebra lo mejor de nuestra comida local, bebidas y buena vibra comunitaria! Cada segundo viernes, los bares y restaurantes participantes ofrecen una tapa o bebida especial para que descubras nuevos sabores y apoyes los negocios locales.<\/p>\n\n\n\n<h3 class=\"wp-block-heading has-text-align-center\" style=\"text-transform:none;font-size:24px\">Para disfrutar de las ofertas del evento, aseg\u00farate de mencionar que eres parte de Sabores de Rinc\u00f3n en cada parada antes de ordenar.<\/h3>\n\n\n\n<div style=\"height:20px\" aria-hidden=\"true\" class=\"wp-block-spacer\"><\/div>\n\n\n\n<h2 class=\"wp-block-heading alignwide has-text-align-center has-luminous-vivid-amber-color has-black-background-color has-text-color has-background has-link-color wp-elements-8fd7a03af6bd058679567c56d11f9a8c\">C\u00f3mo Funciona<\/h2>\n\n\n\n<p class=\"has-text-align-center has-custom-lineheight\" style=\"line-height:1.65;font-size:20px\"><strong>Recoge tu Pasaporte de Sabores de Rinc\u00f3n<\/strong> en cualquiera de los lugares participantes.<\/p>\n\n\n\n<p class=\"has-text-align-center has-custom-lineheight\" style=\"line-height:1.65;font-size:20px\"><strong>Haz una compra<\/strong> en un lugar participante y consigue un sello en tu pasaporte.<\/p>\n\n\n\n<p class=\"has-text-align-center has-custom-lineheight\" style=\"line-height:1.65;font-size:20px\"><strong>Colecciona 10 sellos de 10 lugares diferentes<\/strong> para participar en nuestra rifa trimestral con premios brutales donados por negocios locales.<\/p>\n\n\n\n<p class=\"has-text-align-center has-custom-lineheight\" style=\"line-height:1.65;font-size:20px\"><strong>\u00a1Vuelve cada mes<\/strong> para descubrir nuevos spots y seguir llenando tu pasaporte!<\/p>\n\n\n\n<div style=\"height:20px\" aria-hidden=\"true\" class=\"wp-block-spacer\"><\/div>\n\n\n\n<h2 class=\"wp-block-heading alignwide has-text-align-center has-white-color has-black-background-color has-text-color has-background has-link-color wp-elements-607849ad862e5bacc18fc48c64b431b7\">Encuentra tus paradas<\/h2>\n\n\n\n<p class=\"has-text-align-center has-custom-lineheight\" style=\"line-height:1.65;font-size:20px\">El mapa interactivo con los lugares participantes, los spots de parking y la ruta de la guagua estar\u00e1 disponible el lunes antes de cada evento. Descarga el app de What\u2019s Up Rinc\u00f3n<strong> <\/strong>para que planifiques tu ruta y no te pierdas ni una parada.<\/p>\n\n\n\n<div class=\"wp-block-buttons is-content-justification-center is-nowrap is-layout-flex wp-container-core-buttons-is-layout-1fb9aab6 wp-block-buttons-is-layout-flex\" style=\"text-transform:none\">\n<div class=\"wp-block-button is-style-fill has-custom-weight\" style=\"font-weight:bold\"><a class=\"wp-block-button__link has-black-color has-luminous-vivid-orange-background-color has-text-color has-background has-link-color has-text-align-center wp-element-button\" href=\"https:\/\/webtoapp.design\/apps\/landing\/78438?utm_source=What%26%2339%3Bs+Up+Rinc%C3%B3n&amp;utm_medium=referral&amp;utm_campaign=landing\" style=\"border-radius:0px\" target=\"_blank\" rel=\"noreferrer noopener\">Descarga el app<\/a><\/div>\n<\/div>\n\n\n\n<div class=\"wp-block-buttons is-content-justification-center is-nowrap is-layout-flex wp-container-core-buttons-is-layout-1fb9aab6 wp-block-buttons-is-layout-flex\" style=\"text-transform:none\">\n<div class=\"wp-block-button is-style-fill has-custom-weight\" style=\"font-weight:bold\"><a class=\"wp-block-button__link has-white-color has-black-background-color has-text-color has-background has-link-color has-text-align-center wp-element-button\" href=\"https:\/\/whatsuprincon.com\/es\/plan_your_route\/\" style=\"border-radius:0px\" target=\"_blank\" rel=\"noreferrer noopener\"><strong>Mapa en l\u00ednea<\/strong><\/a><\/div>\n<\/div>\n\n\n\n<div style=\"height:20px\" aria-hidden=\"true\" class=\"wp-block-spacer\"><\/div>\n\n\n\n<h2 class=\"wp-block-heading alignwide has-text-align-center has-black-background-color has-text-color has-background has-link-color wp-elements-0daf7cf510dbe52bb70bfda7f8b7da4f\" style=\"color:#e7597d\">Guagua Hop-On, Hop-Off<\/h2>\n\n\n\n<p class=\"has-text-align-center has-custom-lineheight\" style=\"line-height:1.65;font-size:20px\">\u00a1Convierte tu noche en un chinchorreo urbano sin tener que guiar! S\u00fabete a la guagua hop-on\/hop-off con paradas convenientes cerca de todos los locales participantes.<\/p>\n\n\n\n<p class=\"has-text-align-center has-custom-lineheight\" style=\"line-height:1.65;font-size:20px\"><strong>Horario de la guagua:<\/strong><\/p>\n\n\n\n<p class=\"has-text-align-center has-custom-lineheight\" style=\"line-height:1.65;font-size:20px\">De 6:00 PM a 11:00 PM<\/p>\n\n\n\n<p class=\"has-text-align-center has-custom-lineheight\" style=\"line-height:1.65;font-size:20px\"><\/p>\n\n\n\n<p class=\"has-text-align-center has-custom-lineheight\" style=\"line-height:1.65;font-size:20px\"><em><strong>\u00a1El espacio es limitado! \u00a1Reserva tu asiento con anticipaci\u00f3n!<\/strong><\/em>n<\/p>\n\n\n\n<div class=\"wp-block-buttons is-content-justification-center is-nowrap is-layout-flex wp-container-core-buttons-is-layout-1fb9aab6 wp-block-buttons-is-layout-flex\" style=\"text-transform:none\">\n<div class=\"wp-block-button is-style-fill has-custom-weight\" style=\"font-weight:bold\"><a class=\"wp-block-button__link has-black-color has-luminous-vivid-orange-background-color has-text-color has-background has-link-color has-text-align-center wp-element-button\" href=\"https:\/\/whatsuprincon.com\/es\/hop-on_shuttle\/\" style=\"border-radius:0px\" target=\"_blank\" rel=\"noreferrer noopener\">Consigue tu pase<\/a><\/div>\n<\/div>\n\n\n\n<div style=\"height:20px\" aria-hidden=\"true\" class=\"wp-block-spacer\"><\/div>\n\n\n\n<h3 class=\"wp-block-heading has-text-align-center\">El servicio de guagua es patrocinado por:<\/h3>\n\n\n\n<div aria-label=\"Offset Gallery\" class=\"wp-block-coblocks-gallery-offset alignwide\"><ul class=\"coblocks-gallery has-caption-style-dark has-small-images has-small-gutter\"><li class=\"coblocks-gallery--item\"><figure class=\"wp-block-coblocks-gallery-offset__figure\"><img decoding=\"async\" src=\"https:\/\/whatsuprincon.com\/wp-content\/uploads\/2024\/06\/cropped-cropped-Final-answer-28.png\" alt=\"What's Up Rinc\u00f3n -logo\" data-id=\"3170\" class=\"wp-image-3170\"\/><\/figure><\/li><li class=\"coblocks-gallery--item\"><figure class=\"wp-block-coblocks-gallery-offset__figure\"><img loading=\"lazy\" decoding=\"async\" width=\"800\" height=\"800\" src=\"https:\/\/whatsuprincon.com\/wp-content\/uploads\/2025\/07\/Neon-Rainbow-Gradient-Fun-Creative-LinkedIn-Profile-Picture.png\" alt=\"Tinto Wine &amp; Charcuter\u00eda logo\" data-id=\"7591\" class=\"wp-image-7591\" srcset=\"https:\/\/whatsuprincon.com\/wp-content\/uploads\/2025\/07\/Neon-Rainbow-Gradient-Fun-Creative-LinkedIn-Profile-Picture.png 800w, https:\/\/whatsuprincon.com\/wp-content\/uploads\/2025\/07\/Neon-Rainbow-Gradient-Fun-Creative-LinkedIn-Profile-Picture-300x300.png 300w, https:\/\/whatsuprincon.com\/wp-content\/uploads\/2025\/07\/Neon-Rainbow-Gradient-Fun-Creative-LinkedIn-Profile-Picture-150x150.png 150w, https:\/\/whatsuprincon.com\/wp-content\/uploads\/2025\/07\/Neon-Rainbow-Gradient-Fun-Creative-LinkedIn-Profile-Picture-768x768.png 768w, https:\/\/whatsuprincon.com\/wp-content\/uploads\/2025\/07\/Neon-Rainbow-Gradient-Fun-Creative-LinkedIn-Profile-Picture-12x12.png 12w, https:\/\/whatsuprincon.com\/wp-content\/uploads\/2025\/07\/Neon-Rainbow-Gradient-Fun-Creative-LinkedIn-Profile-Picture-600x600.png 600w\" sizes=\"auto, (max-width: 800px) 100vw, 800px\" \/><\/figure><\/li><li class=\"coblocks-gallery--item\"><figure class=\"wp-block-coblocks-gallery-offset__figure\"><img loading=\"lazy\" decoding=\"async\" width=\"1024\" height=\"728\" src=\"https:\/\/whatsuprincon.com\/wp-content\/uploads\/2024\/07\/WhatsApp-Image-2024-07-02-at-9.17.04-AM-1024x728.jpeg\" alt=\"What's Up Rinc\u00f3n-Claje Sunset\" data-id=\"3286\" class=\"wp-image-3286\" srcset=\"https:\/\/whatsuprincon.com\/wp-content\/uploads\/2024\/07\/WhatsApp-Image-2024-07-02-at-9.17.04-AM-1024x728.jpeg 1024w, https:\/\/whatsuprincon.com\/wp-content\/uploads\/2024\/07\/WhatsApp-Image-2024-07-02-at-9.17.04-AM-300x213.jpeg 300w, https:\/\/whatsuprincon.com\/wp-content\/uploads\/2024\/07\/WhatsApp-Image-2024-07-02-at-9.17.04-AM-768x546.jpeg 768w, https:\/\/whatsuprincon.com\/wp-content\/uploads\/2024\/07\/WhatsApp-Image-2024-07-02-at-9.17.04-AM.jpeg 1195w\" sizes=\"auto, (max-width: 1024px) 100vw, 1024px\" \/><\/figure><\/li><li class=\"coblocks-gallery--item\"><figure class=\"wp-block-coblocks-gallery-offset__figure\"><img loading=\"lazy\" decoding=\"async\" width=\"721\" height=\"719\" src=\"https:\/\/whatsuprincon.com\/wp-content\/uploads\/2025\/07\/Screenshot_20250606_152715_Instagram-1.png\" alt=\"La Marketa\" data-id=\"7610\" class=\"wp-image-7610\" srcset=\"https:\/\/whatsuprincon.com\/wp-content\/uploads\/2025\/07\/Screenshot_20250606_152715_Instagram-1.png 721w, https:\/\/whatsuprincon.com\/wp-content\/uploads\/2025\/07\/Screenshot_20250606_152715_Instagram-1-300x300.png 300w, https:\/\/whatsuprincon.com\/wp-content\/uploads\/2025\/07\/Screenshot_20250606_152715_Instagram-1-150x150.png 150w, https:\/\/whatsuprincon.com\/wp-content\/uploads\/2025\/07\/Screenshot_20250606_152715_Instagram-1-12x12.png 12w\" sizes=\"auto, (max-width: 721px) 100vw, 721px\" \/><\/figure><\/li><li class=\"coblocks-gallery--item\"><figure class=\"wp-block-coblocks-gallery-offset__figure\"><img loading=\"lazy\" decoding=\"async\" width=\"1350\" height=\"1143\" src=\"https:\/\/whatsuprincon.com\/wp-content\/uploads\/2025\/05\/mariex.jpg\" alt=\"Mariex\" data-id=\"7362\" class=\"wp-image-7362\" srcset=\"https:\/\/whatsuprincon.com\/wp-content\/uploads\/2025\/05\/mariex.jpg 1350w, https:\/\/whatsuprincon.com\/wp-content\/uploads\/2025\/05\/mariex-300x254.jpg 300w, https:\/\/whatsuprincon.com\/wp-content\/uploads\/2025\/05\/mariex-1024x867.jpg 1024w, https:\/\/whatsuprincon.com\/wp-content\/uploads\/2025\/05\/mariex-768x650.jpg 768w, https:\/\/whatsuprincon.com\/wp-content\/uploads\/2025\/05\/mariex-14x12.jpg 14w\" sizes=\"auto, (max-width: 1350px) 100vw, 1350px\" \/><\/figure><\/li><\/ul><\/div>\n\n\n\n<div style=\"height:15px\" aria-hidden=\"true\" class=\"wp-block-spacer\"><\/div>\n\n\n\n<h2 class=\"wp-block-heading alignwide has-text-align-center has-pale-cyan-blue-color has-black-background-color has-text-color has-background has-link-color wp-elements-85c807170963ae6493c0caaec6a82341\">\u00bfTienes ni\u00f1os?<\/h2>\n\n\n\n<p class=\"has-text-align-center has-black-color has-text-color has-link-color has-custom-lineheight wp-elements-b29d3f98587e84d92339cc40a661ed45\" style=\"line-height:1.65;font-size:20px\">\u00a1Disfruta tu noche sin preocupaciones! <strong><a href=\"https:\/\/www.facebook.com\/profile.php?id=61559239795227\" target=\"_blank\" rel=\"noreferrer noopener\">Jungle Gym<\/a><\/strong> ser\u00e1 el anfitri\u00f3n de Kids Night, ofreciendo un espacio divertido y seguro para los m\u00e1s peque\u00f1os mientras t\u00fa exploras Sabores de Rinc\u00f3n. Cont\u00e1ctalos directamente para m\u00e1s informaci\u00f3n.<\/p>\n\n\n\n<div style=\"height:30px\" aria-hidden=\"true\" class=\"wp-block-spacer\"><\/div>\n\n\n\n<hr class=\"wp-block-separator has-alpha-channel-opacity\"\/>\n\n\n\n<div style=\"height:15px\" aria-hidden=\"true\" class=\"wp-block-spacer\"><\/div>\n\n\n\n<h2 class=\"wp-block-heading has-text-align-center has-black-color has-text-color has-link-color has-custom-lineheight wp-elements-f480fa59b39da7d77b007f1d7fc7c199\" style=\"line-height:1.65\">\u00bfQuieres unirte a la ruta?<\/h2>\n\n\n\n<p class=\"has-text-align-center has-black-color has-text-color has-link-color has-custom-lineheight wp-elements-bb7cc93a40723e21a0d24f687c33383f\" style=\"line-height:1.65;font-size:20px\">\u00bfEres un bar o restaurante local y quieres ser parte de <strong>Sabores de Rinc\u00f3n<\/strong>?<br>Sabores de Rinc\u00f3n? \u00a1Nos encantar\u00eda que te unas! Escr\u00edbenos a <a href=\"mailto:contact@whatsuprincon.com\" target=\"_blank\" rel=\"noreferrer noopener\">contact@whatsuprincon.com<\/a><\/p>\n\n\n\n<p><\/p>","protected":false},"excerpt":{"rendered":"<p>Sabores de Rinc\u00f3n will be back soon for another round. Welcome to Sabores de Rinc\u00f3n, a monthly event celebrating the [&hellip;]<\/p>","protected":false},"author":1,"featured_media":7165,"parent":0,"menu_order":0,"comment_status":"closed","ping_status":"closed","template":"","meta":{"_coblocks_attr":"","_coblocks_dimensions":"","_coblocks_responsive_height":"","_coblocks_accordion_ie_support":"","_themeisle_gutenberg_block_has_review":false,"iawp_total_views":2894,"footnotes":""},"class_list":["post-7162","page","type-page","status-publish","has-post-thumbnail","hentry"],"yoast_head":"<!-- This site is optimized with the Yoast SEO plugin v25.8 - https:\/\/yoast.com\/wordpress\/plugins\/seo\/ -->\n<title>Sabores de Rinc\u00f3n Home Page - Rinc\u00f3n, PR | What\u2019s Up Rinc\u00f3n and Western Puerto Rico<\/title>\n<meta name=\"description\" content=\"Welcome to Sabores de Rinc\u00f3n, a monthly event celebrating the best of our local food, drinks, and community vibes.\" \/>\n<meta name=\"robots\" content=\"index, follow, max-snippet:-1, max-image-preview:large, max-video-preview:-1\" \/>\n<link rel=\"canonical\" href=\"https:\/\/whatsuprincon.com\/es\/sabores-home-page\/\" \/>\n<meta property=\"og:locale\" content=\"es_ES\" \/>\n<meta property=\"og:type\" content=\"article\" \/>\n<meta property=\"og:title\" content=\"Sabores de Rinc\u00f3n Home Page - Rinc\u00f3n, PR | What\u2019s Up Rinc\u00f3n and Western Puerto Rico\" \/>\n<meta property=\"og:description\" content=\"Welcome to Sabores de Rinc\u00f3n, a monthly event celebrating the best of our local food, drinks, and community vibes.\" \/>\n<meta property=\"og:url\" content=\"https:\/\/whatsuprincon.com\/es\/sabores-home-page\/\" \/>\n<meta property=\"og:site_name\" content=\"Rinc\u00f3n, PR | What\u2019s Up Rinc\u00f3n and Western Puerto Rico\" \/>\n<meta property=\"article:publisher\" content=\"https:\/\/www.facebook.com\/profile.php?id=61557407721782\" \/>\n<meta property=\"article:modified_time\" content=\"2025-11-03T19:48:40+00:00\" \/>\n<meta property=\"og:image\" content=\"https:\/\/whatsuprincon.com\/wp-content\/uploads\/2025\/05\/Tapas-tragos-y-buena-vibra.-Website.png\" \/>\n\t<meta property=\"og:image:width\" content=\"1366\" \/>\n\t<meta property=\"og:image:height\" content=\"768\" \/>\n\t<meta property=\"og:image:type\" content=\"image\/png\" \/>\n<meta name=\"twitter:card\" content=\"summary_large_image\" \/>\n<meta name=\"twitter:label1\" content=\"Est. reading time\" \/>\n\t<meta name=\"twitter:data1\" content=\"3 minutos\" \/>\n<script type=\"application\/ld+json\" class=\"yoast-schema-graph\">{\"@context\":\"https:\/\/schema.org\",\"@graph\":[{\"@type\":\"WebPage\",\"@id\":\"https:\/\/whatsuprincon.com\/sabores-home-page\/\",\"url\":\"https:\/\/whatsuprincon.com\/sabores-home-page\/\",\"name\":\"Sabores de Rinc\u00f3n Home Page - Rinc\u00f3n, PR | What\u2019s Up Rinc\u00f3n and Western Puerto Rico\",\"isPartOf\":{\"@id\":\"https:\/\/whatsuprincon.com\/#website\"},\"primaryImageOfPage\":{\"@id\":\"https:\/\/whatsuprincon.com\/sabores-home-page\/#primaryimage\"},\"image\":{\"@id\":\"https:\/\/whatsuprincon.com\/sabores-home-page\/#primaryimage\"},\"thumbnailUrl\":\"https:\/\/whatsuprincon.com\/wp-content\/uploads\/2025\/05\/Tapas-tragos-y-buena-vibra.-Website.png\",\"datePublished\":\"2025-05-25T13:42:40+00:00\",\"dateModified\":\"2025-11-03T19:48:40+00:00\",\"description\":\"Welcome to Sabores de Rinc\u00f3n, a monthly event celebrating the best of our local food, drinks, and community vibes.\",\"breadcrumb\":{\"@id\":\"https:\/\/whatsuprincon.com\/sabores-home-page\/#breadcrumb\"},\"inLanguage\":\"es\",\"potentialAction\":[{\"@type\":\"ReadAction\",\"target\":[\"https:\/\/whatsuprincon.com\/sabores-home-page\/\"]}]},{\"@type\":\"ImageObject\",\"inLanguage\":\"es\",\"@id\":\"https:\/\/whatsuprincon.com\/sabores-home-page\/#primaryimage\",\"url\":\"https:\/\/whatsuprincon.com\/wp-content\/uploads\/2025\/05\/Tapas-tragos-y-buena-vibra.-Website.png\",\"contentUrl\":\"https:\/\/whatsuprincon.com\/wp-content\/uploads\/2025\/05\/Tapas-tragos-y-buena-vibra.-Website.png\",\"width\":1366,\"height\":768,\"caption\":\"Sabores Event\"},{\"@type\":\"BreadcrumbList\",\"@id\":\"https:\/\/whatsuprincon.com\/sabores-home-page\/#breadcrumb\",\"itemListElement\":[{\"@type\":\"ListItem\",\"position\":1,\"name\":\"Home\",\"item\":\"https:\/\/whatsuprincon.com\/\"},{\"@type\":\"ListItem\",\"position\":2,\"name\":\"Sabores de Rinc\u00f3n Home Page\"}]},{\"@type\":\"WebSite\",\"@id\":\"https:\/\/whatsuprincon.com\/#website\",\"url\":\"https:\/\/whatsuprincon.com\/\",\"name\":\"What's Up Rinc\u00f3n\",\"description\":\"What&#039;s Happening in Rinc\u00f3n and Western Puerto Rico\",\"publisher\":{\"@id\":\"https:\/\/whatsuprincon.com\/#organization\"},\"potentialAction\":[{\"@type\":\"SearchAction\",\"target\":{\"@type\":\"EntryPoint\",\"urlTemplate\":\"https:\/\/whatsuprincon.com\/?s={search_term_string}\"},\"query-input\":{\"@type\":\"PropertyValueSpecification\",\"valueRequired\":true,\"valueName\":\"search_term_string\"}}],\"inLanguage\":\"es\"},{\"@type\":\"Organization\",\"@id\":\"https:\/\/whatsuprincon.com\/#organization\",\"name\":\"What's Up Rinc\u00f3n\",\"url\":\"https:\/\/whatsuprincon.com\/\",\"logo\":{\"@type\":\"ImageObject\",\"inLanguage\":\"es\",\"@id\":\"https:\/\/whatsuprincon.com\/#\/schema\/logo\/image\/\",\"url\":\"https:\/\/whatsuprincon.com\/wp-content\/uploads\/2024\/06\/header-logo-e1771168818936.png\",\"contentUrl\":\"https:\/\/whatsuprincon.com\/wp-content\/uploads\/2024\/06\/header-logo-e1771168818936.png\",\"width\":100,\"height\":100,\"caption\":\"What's Up Rinc\u00f3n\"},\"image\":{\"@id\":\"https:\/\/whatsuprincon.com\/#\/schema\/logo\/image\/\"},\"sameAs\":[\"https:\/\/www.facebook.com\/profile.php?id=61557407721782\",\"https:\/\/www.instagram.com\/whatsuprincon\/\"]}]}<\/script>\n<!-- \/ Yoast SEO plugin. -->","yoast_head_json":{"title":"Sabores de Rinc\u00f3n Home Page - Rinc\u00f3n, PR | What\u2019s Up Rinc\u00f3n and Western Puerto Rico","description":"Welcome to Sabores de Rinc\u00f3n, a monthly event celebrating the best of our local food, drinks, and community vibes.","robots":{"index":"index","follow":"follow","max-snippet":"max-snippet:-1","max-image-preview":"max-image-preview:large","max-video-preview":"max-video-preview:-1"},"canonical":"https:\/\/whatsuprincon.com\/es\/sabores-home-page\/","og_locale":"es_ES","og_type":"article","og_title":"Sabores de Rinc\u00f3n Home Page - Rinc\u00f3n, PR | What\u2019s Up Rinc\u00f3n and Western Puerto Rico","og_description":"Welcome to Sabores de Rinc\u00f3n, a monthly event celebrating the best of our local food, drinks, and community vibes.","og_url":"https:\/\/whatsuprincon.com\/es\/sabores-home-page\/","og_site_name":"Rinc\u00f3n, PR | What\u2019s Up Rinc\u00f3n and Western Puerto Rico","article_publisher":"https:\/\/www.facebook.com\/profile.php?id=61557407721782","article_modified_time":"2025-11-03T19:48:40+00:00","og_image":[{"width":1366,"height":768,"url":"https:\/\/whatsuprincon.com\/wp-content\/uploads\/2025\/05\/Tapas-tragos-y-buena-vibra.-Website.png","type":"image\/png"}],"twitter_card":"summary_large_image","twitter_misc":{"Est. reading time":"3 minutos"},"schema":{"@context":"https:\/\/schema.org","@graph":[{"@type":"WebPage","@id":"https:\/\/whatsuprincon.com\/sabores-home-page\/","url":"https:\/\/whatsuprincon.com\/sabores-home-page\/","name":"Sabores de Rinc\u00f3n Home Page - Rinc\u00f3n, PR | What\u2019s Up Rinc\u00f3n and Western Puerto Rico","isPartOf":{"@id":"https:\/\/whatsuprincon.com\/#website"},"primaryImageOfPage":{"@id":"https:\/\/whatsuprincon.com\/sabores-home-page\/#primaryimage"},"image":{"@id":"https:\/\/whatsuprincon.com\/sabores-home-page\/#primaryimage"},"thumbnailUrl":"https:\/\/whatsuprincon.com\/wp-content\/uploads\/2025\/05\/Tapas-tragos-y-buena-vibra.-Website.png","datePublished":"2025-05-25T13:42:40+00:00","dateModified":"2025-11-03T19:48:40+00:00","description":"Welcome to Sabores de Rinc\u00f3n, a monthly event celebrating the best of our local food, drinks, and community vibes.","breadcrumb":{"@id":"https:\/\/whatsuprincon.com\/sabores-home-page\/#breadcrumb"},"inLanguage":"es","potentialAction":[{"@type":"ReadAction","target":["https:\/\/whatsuprincon.com\/sabores-home-page\/"]}]},{"@type":"ImageObject","inLanguage":"es","@id":"https:\/\/whatsuprincon.com\/sabores-home-page\/#primaryimage","url":"https:\/\/whatsuprincon.com\/wp-content\/uploads\/2025\/05\/Tapas-tragos-y-buena-vibra.-Website.png","contentUrl":"https:\/\/whatsuprincon.com\/wp-content\/uploads\/2025\/05\/Tapas-tragos-y-buena-vibra.-Website.png","width":1366,"height":768,"caption":"Sabores Event"},{"@type":"BreadcrumbList","@id":"https:\/\/whatsuprincon.com\/sabores-home-page\/#breadcrumb","itemListElement":[{"@type":"ListItem","position":1,"name":"Home","item":"https:\/\/whatsuprincon.com\/"},{"@type":"ListItem","position":2,"name":"Sabores de Rinc\u00f3n Home Page"}]},{"@type":"WebSite","@id":"https:\/\/whatsuprincon.com\/#website","url":"https:\/\/whatsuprincon.com\/","name":"What's Up Rinc\u00f3n","description":"What&#039;s Happening in Rinc\u00f3n and Western Puerto Rico","publisher":{"@id":"https:\/\/whatsuprincon.com\/#organization"},"potentialAction":[{"@type":"SearchAction","target":{"@type":"EntryPoint","urlTemplate":"https:\/\/whatsuprincon.com\/?s={search_term_string}"},"query-input":{"@type":"PropertyValueSpecification","valueRequired":true,"valueName":"search_term_string"}}],"inLanguage":"es"},{"@type":"Organization","@id":"https:\/\/whatsuprincon.com\/#organization","name":"What's Up Rinc\u00f3n","url":"https:\/\/whatsuprincon.com\/","logo":{"@type":"ImageObject","inLanguage":"es","@id":"https:\/\/whatsuprincon.com\/#\/schema\/logo\/image\/","url":"https:\/\/whatsuprincon.com\/wp-content\/uploads\/2024\/06\/header-logo-e1771168818936.png","contentUrl":"https:\/\/whatsuprincon.com\/wp-content\/uploads\/2024\/06\/header-logo-e1771168818936.png","width":100,"height":100,"caption":"What's Up Rinc\u00f3n"},"image":{"@id":"https:\/\/whatsuprincon.com\/#\/schema\/logo\/image\/"},"sameAs":["https:\/\/www.facebook.com\/profile.php?id=61557407721782","https:\/\/www.instagram.com\/whatsuprincon\/"]}]}},"_links":{"self":[{"href":"https:\/\/whatsuprincon.com\/es\/wp-json\/wp\/v2\/pages\/7162","targetHints":{"allow":["GET"]}}],"collection":[{"href":"https:\/\/whatsuprincon.com\/es\/wp-json\/wp\/v2\/pages"}],"about":[{"href":"https:\/\/whatsuprincon.com\/es\/wp-json\/wp\/v2\/types\/page"}],"author":[{"embeddable":true,"href":"https:\/\/whatsuprincon.com\/es\/wp-json\/wp\/v2\/users\/1"}],"replies":[{"embeddable":true,"href":"https:\/\/whatsuprincon.com\/es\/wp-json\/wp\/v2\/comments?post=7162"}],"version-history":[{"count":46,"href":"https:\/\/whatsuprincon.com\/es\/wp-json\/wp\/v2\/pages\/7162\/revisions"}],"predecessor-version":[{"id":9984,"href":"https:\/\/whatsuprincon.com\/es\/wp-json\/wp\/v2\/pages\/7162\/revisions\/9984"}],"wp:featuredmedia":[{"embeddable":true,"href":"https:\/\/whatsuprincon.com\/es\/wp-json\/wp\/v2\/media\/7165"}],"wp:attachment":[{"href":"https:\/\/whatsuprincon.com\/es\/wp-json\/wp\/v2\/media?parent=7162"}],"curies":[{"name":"wp","href":"https:\/\/api.w.org\/{rel}","templated":true}]}}