{"id":7725,"date":"2025-07-26T10:09:56","date_gmt":"2025-07-26T14:09:56","guid":{"rendered":"https:\/\/whatsuprincon.com\/?page_id=7725"},"modified":"2026-03-03T10:08:58","modified_gmt":"2026-03-03T14:08:58","slug":"local-business-guide","status":"publish","type":"page","link":"https:\/\/whatsuprincon.com\/es\/local-business-guide\/","title":{"rendered":"Gu\u00eda de Negocios Locales"},"content":{"rendered":"<div style=\"height:30px\" aria-hidden=\"true\" class=\"wp-block-spacer\"><\/div>\n\n\n<div  class=\"wp-block-ultimate-post-heading ultp-block-a5b139\"><div class=\"ultp-block-wrapper\"><div class=\"ultp-heading-wrap ultp-heading-style8 ultp-heading-center\"><h1 class=\"ultp-heading-inner\"><span>Gu\u00eda de Negocios Locales<\/span><\/h1><\/div><\/div><\/div>\n\n\n<div style=\"height:10px\" aria-hidden=\"true\" class=\"wp-block-spacer\"><\/div>\n\n\n\n<p class=\"has-text-align-center has-custom-lineheight\" style=\"line-height:1.65\">Desde servicios cotidianos hasta planes de fin de semana, nuestra gu\u00eda de negocios locales te conecta con negocios confiables en Rinc\u00f3n y el oeste de Puerto Rico. Ya sea que vivas aqu\u00ed o est\u00e9s de visita, encontrar\u00e1s opciones confiables para disfrutar de la playa y el mar, hospedarte, comer, ir de compras y mucho m\u00e1s.<\/p>\n\n\n\n<div style=\"height:10px\" aria-hidden=\"true\" class=\"wp-block-spacer\"><\/div>\n\n\n\n<hr class=\"wp-block-separator has-text-color has-black-color has-alpha-channel-opacity has-black-background-color has-background is-style-wide\"\/>\n\n\n\n<div style=\"height:50px\" aria-hidden=\"true\" class=\"wp-block-spacer\"><\/div>\n\n\n\n<div class=\"wp-block-coblocks-services is-style-circle\"><div class=\"is-style-circle has-columns has-2-columns has-responsive-columns has-medium-gutter\">\n<div class=\"wp-block-coblocks-service\"><figure class=\"wp-block-coblocks-service__figure\"><a href=\"https:\/\/whatsuprincon.com\/es\/local-business-guide\/beach-and-water\/\" target=\"_blank\" rel=\" noreferrer noopener\"><img decoding=\"async\" src=\"https:\/\/whatsuprincon.com\/wp-content\/uploads\/2024\/05\/qtq80-wUyT98.jpeg\" alt=\"Beach and Water-local busness directory\"\/><\/a><\/figure><div class=\"wp-block-coblocks-service__content\">\n<h3 class=\"wp-block-heading has-text-align-center has-black-color has-text-color has-link-color wp-elements-eb7781e795b31280c925047704c214c8\"><a href=\"https:\/\/whatsuprincon.com\/es\/local-business-guide\/beach-and-water\/\" target=\"_blank\" rel=\"noreferrer noopener\">PLAYA Y AGUA<\/a><\/h3>\n\n\n\n<p class=\"has-text-align-center\">Tiendas de surf, excursiones de snorkel, scuba, alquiler de paddleboards y m\u00e1s. <\/p>\n<\/div><\/div>\n\n\n\n<div class=\"wp-block-coblocks-service\"><figure class=\"wp-block-coblocks-service__figure\"><a href=\"https:\/\/whatsuprincon.com\/es\/local-business-guide\/eat-and-drink\/\" target=\"_blank\" rel=\" noreferrer noopener\"><img decoding=\"async\" src=\"https:\/\/whatsuprincon.com\/wp-content\/uploads\/2024\/05\/qtq80-4qM3hB.jpeg\" alt=\"Restarants, Bars, Food Trucks-local business directory\"\/><\/a><\/figure><div class=\"wp-block-coblocks-service__content\">\n<h3 class=\"wp-block-heading has-text-align-center has-black-color has-text-color has-link-color wp-elements-7997cca289c508ca656000de7fb7f6ea\"><a href=\"https:\/\/whatsuprincon.com\/es\/local-business-guide\/eat-and-drink\/\" target=\"_blank\" rel=\"noreferrer noopener\">COMIDA Y BEBIDA<\/a><\/h3>\n\n\n\n<p class=\"has-text-align-center\">Restaurantes, barras, food trucks, cafeter\u00edas y servicios de catering que sirven a Rinc\u00f3n y el oeste de Puerto Rico.<\/p>\n<\/div><\/div>\n<\/div><\/div>\n\n\n\n<div style=\"height:50px\" aria-hidden=\"true\" class=\"wp-block-spacer\"><\/div>\n\n\n\n<div class=\"wp-block-coblocks-services is-style-circle\"><div class=\"is-style-circle has-columns has-2-columns has-responsive-columns has-medium-gutter\">\n<div class=\"wp-block-coblocks-service\"><figure class=\"wp-block-coblocks-service__figure\"><a href=\"https:\/\/whatsuprincon.com\/es\/hotels-vacation_rentals\/\" target=\"_blank\" rel=\" noreferrer noopener\"><img decoding=\"async\" src=\"https:\/\/whatsuprincon.com\/wp-content\/uploads\/2024\/05\/qtq80-ifqY9W.jpeg\" alt=\"HOTELS AND VACATION RENTALS-local business directory\"\/><\/a><\/figure><div class=\"wp-block-coblocks-service__content\">\n<h3 class=\"wp-block-heading has-text-align-center has-black-color has-text-color has-link-color wp-elements-9a00db679bc87147ef8fb2289b708ec8\"><a href=\"https:\/\/whatsuprincon.com\/es\/hotels-vacation_rentals\/\" target=\"_blank\" rel=\"noreferrer noopener\">HOTELES Y ALQUILERES VACACIONALES<\/a><\/h3>\n\n\n\n<p class=\"has-text-align-center\">Hoteles y alquileres vacacionales en el oeste de Puerto Rico, desde estad\u00edas frente al mar hasta escapadas en la monta\u00f1a.<\/p>\n<\/div><\/div>\n\n\n\n<div class=\"wp-block-coblocks-service\"><figure class=\"wp-block-coblocks-service__figure\"><a href=\"https:\/\/whatsuprincon.com\/es\/local-business-guide\/weddings-and-events\/\" target=\"_blank\" rel=\" noreferrer noopener\"><img decoding=\"async\" src=\"https:\/\/whatsuprincon.com\/wp-content\/uploads\/2024\/06\/qtq80-yCXGQk-e1754139526376.jpeg\" alt=\"Events-local business directory\"\/><\/a><\/figure><div class=\"wp-block-coblocks-service__content\">\n<h3 class=\"wp-block-heading has-text-align-center has-black-color has-text-color has-link-color wp-elements-17ab894ed5cb330539071fb69b81c814\"><a href=\"https:\/\/whatsuprincon.com\/es\/local-business-guide\/weddings-and-events\/\" target=\"_blank\" rel=\"noreferrer noopener\">BODAS Y EVENTOS<\/a><\/h3>\n\n\n\n<p class=\"has-text-align-center\">Salones, fot\u00f3grafos, DJs, organizadores y otros servicios para bodas y eventos.<\/p>\n<\/div><\/div>\n<\/div><\/div>\n\n\n\n<div style=\"height:50px\" aria-hidden=\"true\" class=\"wp-block-spacer\"><\/div>\n\n\n\n<div class=\"wp-block-coblocks-services is-style-circle\"><div class=\"is-style-circle has-columns has-2-columns has-responsive-columns has-medium-gutter\">\n<div class=\"wp-block-coblocks-service\"><figure class=\"wp-block-coblocks-service__figure\"><a href=\"https:\/\/whatsuprincon.com\/es\/local-business-guide\/shopping\/\" target=\"_blank\" rel=\" noreferrer noopener\"><img decoding=\"async\" src=\"https:\/\/whatsuprincon.com\/wp-content\/uploads\/2024\/05\/qtq80-icctcW.jpeg\" alt=\"Compras\"\/><\/a><\/figure><div class=\"wp-block-coblocks-service__content\">\n<h3 class=\"wp-block-heading has-text-align-center has-black-color has-text-color has-link-color wp-elements-eb87f6a6e07f3b277278593ced64d1a7\"><a href=\"https:\/\/whatsuprincon.com\/es\/local-business-guide\/shopping\/\" target=\"_blank\" rel=\"noreferrer noopener\">COMPRAS<\/a><\/h3>\n\n\n\n<p class=\"has-text-align-center\">Boutiques, mercados, tiendas de regalos y comercios especializados en Rinc\u00f3n y el oeste de Puerto Rico.<\/p>\n<\/div><\/div>\n\n\n\n<div class=\"wp-block-coblocks-service\"><figure class=\"wp-block-coblocks-service__figure\"><a href=\"https:\/\/whatsuprincon.com\/es\/taxis-and-tours\/\" target=\"_blank\" rel=\" noreferrer noopener\"><img decoding=\"async\" src=\"https:\/\/whatsuprincon.com\/wp-content\/uploads\/2025\/08\/Copy-of-Copy-of-Copy-of-Healthy-Snacks-for-the-Beach-3.png\" alt=\"TAXIS AND TOURS - local business guide\"\/><\/a><\/figure><div class=\"wp-block-coblocks-service__content\">\n<h3 class=\"wp-block-heading has-text-align-center has-black-color has-text-color has-link-color wp-elements-ead340e6efef7b7513663e071f830c1c\"><a href=\"https:\/\/whatsuprincon.com\/es\/taxis-and-tours\/\" target=\"_blank\" rel=\"noreferrer noopener\">TAXIS Y TOURS<\/a><\/h3>\n\n\n\n<p class=\"has-text-align-center\">Taxis, transportes, choferes privados y tours guiados en Rinc\u00f3n y el oeste de Puerto Rico.<\/p>\n<\/div><\/div>\n<\/div><\/div>\n\n\n\n<div style=\"height:50px\" aria-hidden=\"true\" class=\"wp-block-spacer\"><\/div>\n\n\n\n<div class=\"wp-block-coblocks-services is-style-circle\"><div class=\"is-style-circle has-columns has-2-columns has-responsive-columns has-medium-gutter\">\n<div class=\"wp-block-coblocks-service\"><figure class=\"wp-block-coblocks-service__figure\"><a href=\"https:\/\/whatsuprincon.com\/es\/real-estate\/\" target=\"_blank\" rel=\" noreferrer noopener\"><img decoding=\"async\" src=\"https:\/\/whatsuprincon.com\/wp-content\/uploads\/2024\/07\/qtq80-9kiDav.jpeg\" alt=\"Real Estate-What's Up Rinc\u00f3n Business and Service Directory\"\/><\/a><\/figure><div class=\"wp-block-coblocks-service__content\">\n<h3 class=\"wp-block-heading has-text-align-center has-black-color has-text-color has-link-color wp-elements-0bdfe922a1c367da8b795aa37dff547c\"><a href=\"https:\/\/whatsuprincon.com\/es\/real-estate\/\" target=\"_blank\" rel=\"noreferrer noopener\">BIENES RA\u00cdCES<\/a><\/h3>\n\n\n\n<p class=\"has-text-align-center\">Corredores de bienes ra\u00edces, agentes inmobiliarios y listados de propiedades en Rinc\u00f3n y el oeste de Puerto Rico.<\/p>\n<\/div><\/div>\n\n\n\n<div class=\"wp-block-coblocks-service\"><figure class=\"wp-block-coblocks-service__figure\"><a href=\"https:\/\/whatsuprincon.com\/es\/local-business-guide\/bienestar\/\" target=\"_blank\" rel=\" noreferrer noopener\"><img decoding=\"async\" src=\"https:\/\/whatsuprincon.com\/wp-content\/uploads\/2024\/05\/qtq80-Zx66YB.jpeg\" alt=\"logal guide-WELLNESS\"\/><\/a><\/figure><div class=\"wp-block-coblocks-service__content\">\n<h3 class=\"wp-block-heading has-text-align-center has-black-color has-text-color has-link-color wp-elements-665d4020e30744898fbc4f0692332d5c\"><a href=\"https:\/\/whatsuprincon.com\/es\/local-business-guide\/bienestar\/\" target=\"_blank\" rel=\"noreferrer noopener\">BELLEZA Y BIENESTAR<\/a><\/h3>\n\n\n\n<p class=\"has-text-align-center\">Gimnasios locales, yoga, clases de barre y pilates, spas, servicios de bienestar, salones y est\u00e9tica.<\/p>\n<\/div><\/div>\n<\/div><\/div>\n\n\n\n<div style=\"height:50px\" aria-hidden=\"true\" class=\"wp-block-spacer\"><\/div>\n\n\n\n<div class=\"wp-block-coblocks-services is-style-circle\"><div class=\"is-style-circle has-columns has-2-columns has-responsive-columns has-medium-gutter\">\n<div class=\"wp-block-coblocks-service\"><figure class=\"wp-block-coblocks-service__figure\"><a href=\"https:\/\/whatsuprincon.com\/es\/local-business-guide\/services\/\" target=\"_blank\" rel=\" noreferrer noopener\"><img decoding=\"async\" src=\"https:\/\/whatsuprincon.com\/wp-content\/uploads\/2024\/05\/Untitled-design-15-e1715135454490.png\" alt=\"Serivices-local business guide\"\/><\/a><\/figure><div class=\"wp-block-coblocks-service__content\">\n<h3 class=\"wp-block-heading has-text-align-center has-black-color has-text-color has-link-color wp-elements-92d1339404803ede1957d04e45071701\"><a href=\"https:\/\/whatsuprincon.com\/es\/local-business-guide\/services\/\" target=\"_blank\" rel=\"noreferrer noopener\">SERVICIOS<\/a><\/h3>\n\n\n\n<p class=\"has-text-align-center\">Servicios m\u00e9dicos, legales, de limpieza, mantenimiento, conserjer\u00eda y una amplia variedad de otros servicios profesionales.<\/p>\n<\/div><\/div>\n\n\n\n<div class=\"wp-block-coblocks-service\"><figure class=\"wp-block-coblocks-service__figure\"><a href=\"https:\/\/whatsuprincon.com\/es\/local-business-guide\/government-services\/\" target=\"_blank\" rel=\" noreferrer noopener\"><img decoding=\"async\" src=\"https:\/\/whatsuprincon.com\/wp-content\/uploads\/2024\/06\/qtq80-2Xp4nG.jpeg\" alt=\"SERVICIOS GUBERNAMENTALES\"\/><\/a><\/figure><div class=\"wp-block-coblocks-service__content\">\n<h3 class=\"wp-block-heading has-text-align-center has-black-color has-text-color has-link-color wp-elements-1a59cdafc3783d8750a87f95acd97165\"><a href=\"https:\/\/whatsuprincon.com\/es\/local-business-guide\/government-services\/\" target=\"_blank\" rel=\"noreferrer noopener\">SERVICIOS GUBERNAMENTALES<\/a><\/h3>\n\n\n\n<p class=\"has-text-align-center\">Oficinas y servicios locales, incluyendo recolecci\u00f3n de basura, reciclaje, recreaci\u00f3n, turismo, polic\u00eda y bibliotecas.<\/p>\n<\/div><\/div>\n<\/div><\/div>\n\n\n\n<div style=\"height:50px\" aria-hidden=\"true\" class=\"wp-block-spacer\"><\/div>\n\n\n\n<div class=\"wp-block-coblocks-services is-style-circle\"><div class=\"is-style-circle has-columns has-2-columns has-responsive-columns has-medium-gutter\">\n<div class=\"wp-block-coblocks-service\"><figure class=\"wp-block-coblocks-service__figure\"><a href=\"https:\/\/whatsuprincon.com\/es\/local-business-guide\/animals-pets\/\" target=\"_blank\" rel=\" noreferrer noopener\"><img decoding=\"async\" src=\"https:\/\/whatsuprincon.com\/wp-content\/uploads\/2024\/05\/qtq80-RmrSH5.jpeg\" alt=\"Animals-local business guide\"\/><\/a><\/figure><div class=\"wp-block-coblocks-service__content\">\n<h3 class=\"wp-block-heading has-text-align-center has-black-color has-text-color has-link-color wp-elements-5dddb5885deb236bfc1237e0e2d02245\"><a href=\"https:\/\/whatsuprincon.com\/es\/local-business-guide\/animals-pets\/\" target=\"_blank\" rel=\"noreferrer noopener\">ANIMALES<\/a><\/h3>\n\n\n\n<p class=\"has-text-align-center\">Veterinarios, peluquer\u00eda, hospedaje, organizaciones de rescate y otros servicios para animales.<\/p>\n<\/div><\/div>\n\n\n\n<div class=\"wp-block-coblocks-service\"><figure class=\"wp-block-coblocks-service__figure\"><a href=\"https:\/\/whatsuprincon.com\/es\/local-business-guide\/community_family\/\" target=\"_blank\" rel=\" noreferrer noopener\"><img decoding=\"async\" src=\"https:\/\/whatsuprincon.com\/wp-content\/uploads\/2024\/05\/qtq80-t7OauI.jpeg\" alt=\"Community-local guide\"\/><\/a><\/figure><div class=\"wp-block-coblocks-service__content\">\n<h3 class=\"wp-block-heading has-text-align-center has-black-color has-text-color has-link-color wp-elements-c756862444824d03b51179f5667218ad\"><a href=\"https:\/\/whatsuprincon.com\/es\/local-business-guide\/community_family\/\" target=\"_blank\" rel=\"noreferrer noopener\">COMUNIDAD Y FAMILIA<\/a><\/h3>\n\n\n\n<p class=\"has-text-align-center\">Iglesias, grupos de voluntarios, programas comunitarios, actividades familiares y m\u00e1s.<\/p>\n<\/div><\/div>\n<\/div><\/div>\n\n\n\n<div style=\"height:50px\" aria-hidden=\"true\" class=\"wp-block-spacer\"><\/div>\n\n\n\n<div class=\"wp-block-coblocks-services is-style-circle\"><div class=\"is-style-circle has-columns has-2-columns has-responsive-columns has-medium-gutter\">\n<div class=\"wp-block-coblocks-service\"><figure class=\"wp-block-coblocks-service__figure\"><a href=\"https:\/\/whatsuprincon.com\/es\/local-business-guide\/local-art-culture\/\" target=\"_blank\" rel=\" noreferrer noopener\"><img decoding=\"async\" src=\"https:\/\/whatsuprincon.com\/wp-content\/uploads\/2025\/12\/Copy-of-Copy-of-Healthy-Snacks-for-the-Beach-1.jpg\" alt=\"Local Art and Culture\"\/><\/a><\/figure><div class=\"wp-block-coblocks-service__content\">\n<h3 class=\"wp-block-heading has-text-align-center has-black-color has-text-color has-link-color wp-elements-eb127c7cd464763d5bc39e7142a2f5ab\"><a href=\"https:\/\/whatsuprincon.com\/es\/local-business-guide\/local-art-culture\/\" target=\"_blank\" rel=\"noreferrer noopener\">ARTE Y CULTURA LOCAL<\/a><\/h3>\n\n\n\n<p class=\"has-text-align-center\">Artistas locales, galer\u00edas, museos y talento creativo por todo el oeste.<\/p>\n<\/div><\/div>\n\n\n\n<div class=\"wp-block-coblocks-service\"><div class=\"wp-block-coblocks-service__content\">\n<h3 class=\"wp-block-heading has-text-align-none\"><\/h3>\n\n\n\n<p class=\"has-text-align-none\"><\/p>\n<\/div><\/div>\n<\/div><\/div>\n\n\n\n<div style=\"height:30px\" aria-hidden=\"true\" class=\"wp-block-spacer\"><\/div>\n\n\n\n<div style=\"height:10px\" aria-hidden=\"true\" class=\"wp-block-spacer\"><\/div>\n\n\n\n<div class=\"wp-block-buttons is-content-justification-center is-nowrap is-layout-flex wp-container-core-buttons-is-layout-1fb9aab6 wp-block-buttons-is-layout-flex\" style=\"text-transform:none\">\n<div class=\"wp-block-button is-style-shadow\"><a class=\"wp-block-button__link has-black-color has-luminous-vivid-orange-background-color has-text-color has-background has-link-color wp-element-button\" href=\"https:\/\/whatsuprincon.com\/es\/listado-de-empresas-y-servicios\/\" style=\"text-transform:none\" target=\"_blank\" rel=\"noreferrer noopener\"><strong>\u00danete a nuestra Gu\u00eda<\/strong><\/a><\/div>\n<\/div>","protected":false},"excerpt":{"rendered":"<p>From everyday services to weekend plans, our local business guide connects you with trusted businesses in Rinc\u00f3n and Western Puerto [&hellip;]<\/p>","protected":false},"author":1,"featured_media":8617,"parent":0,"menu_order":0,"comment_status":"closed","ping_status":"closed","template":"","meta":{"_coblocks_attr":"","_coblocks_dimensions":"","_coblocks_responsive_height":"","_coblocks_accordion_ie_support":"","_themeisle_gutenberg_block_has_review":false,"iawp_total_views":740,"footnotes":""},"class_list":["post-7725","page","type-page","status-publish","has-post-thumbnail","hentry"],"yoast_head":"<!-- This site is optimized with the Yoast SEO plugin v25.8 - https:\/\/yoast.com\/wordpress\/plugins\/seo\/ -->\n<title>Local Business Guide - Rinc\u00f3n, PR | What\u2019s Up Rinc\u00f3n and Western Puerto Rico<\/title>\n<meta name=\"description\" content=\"Our local business guide connects you with options for beach activities, hotels and vacation rentals, restaurants, shopping, and more.\" \/>\n<meta name=\"robots\" content=\"index, follow, max-snippet:-1, max-image-preview:large, max-video-preview:-1\" \/>\n<link rel=\"canonical\" href=\"https:\/\/whatsuprincon.com\/es\/local-business-guide\/\" \/>\n<meta property=\"og:locale\" content=\"es_ES\" \/>\n<meta property=\"og:type\" content=\"article\" \/>\n<meta property=\"og:title\" content=\"Local Business Guide - Rinc\u00f3n, PR | What\u2019s Up Rinc\u00f3n and Western Puerto Rico\" \/>\n<meta property=\"og:description\" content=\"Our local business guide connects you with options for beach activities, hotels and vacation rentals, restaurants, shopping, and more.\" \/>\n<meta property=\"og:url\" content=\"https:\/\/whatsuprincon.com\/es\/local-business-guide\/\" \/>\n<meta property=\"og:site_name\" content=\"Rinc\u00f3n, PR | What\u2019s Up Rinc\u00f3n and Western Puerto Rico\" \/>\n<meta property=\"article:publisher\" content=\"https:\/\/www.facebook.com\/profile.php?id=61557407721782\" \/>\n<meta property=\"article:modified_time\" content=\"2026-03-03T14:08:58+00:00\" \/>\n<meta property=\"og:image\" content=\"https:\/\/whatsuprincon.com\/wp-content\/uploads\/2025\/08\/Local-business-guide-1024x683.png\" \/>\n\t<meta property=\"og:image:width\" content=\"1024\" \/>\n\t<meta property=\"og:image:height\" content=\"683\" \/>\n\t<meta property=\"og:image:type\" content=\"image\/png\" \/>\n<meta name=\"twitter:card\" content=\"summary_large_image\" \/>\n<meta name=\"twitter:label1\" content=\"Est. reading time\" \/>\n\t<meta name=\"twitter:data1\" content=\"4 minutos\" \/>\n<script type=\"application\/ld+json\" class=\"yoast-schema-graph\">{\"@context\":\"https:\/\/schema.org\",\"@graph\":[{\"@type\":\"WebPage\",\"@id\":\"https:\/\/whatsuprincon.com\/local-business-guide\/\",\"url\":\"https:\/\/whatsuprincon.com\/local-business-guide\/\",\"name\":\"Local Business Guide - Rinc\u00f3n, PR | What\u2019s Up Rinc\u00f3n and Western Puerto Rico\",\"isPartOf\":{\"@id\":\"https:\/\/whatsuprincon.com\/#website\"},\"primaryImageOfPage\":{\"@id\":\"https:\/\/whatsuprincon.com\/local-business-guide\/#primaryimage\"},\"image\":{\"@id\":\"https:\/\/whatsuprincon.com\/local-business-guide\/#primaryimage\"},\"thumbnailUrl\":\"https:\/\/whatsuprincon.com\/wp-content\/uploads\/2025\/08\/Local-business-guide.png\",\"datePublished\":\"2025-07-26T14:09:56+00:00\",\"dateModified\":\"2026-03-03T14:08:58+00:00\",\"description\":\"Our local business guide connects you with options for beach activities, hotels and vacation rentals, restaurants, shopping, and more.\",\"breadcrumb\":{\"@id\":\"https:\/\/whatsuprincon.com\/local-business-guide\/#breadcrumb\"},\"inLanguage\":\"es\",\"potentialAction\":[{\"@type\":\"ReadAction\",\"target\":[\"https:\/\/whatsuprincon.com\/local-business-guide\/\"]}]},{\"@type\":\"ImageObject\",\"inLanguage\":\"es\",\"@id\":\"https:\/\/whatsuprincon.com\/local-business-guide\/#primaryimage\",\"url\":\"https:\/\/whatsuprincon.com\/wp-content\/uploads\/2025\/08\/Local-business-guide.png\",\"contentUrl\":\"https:\/\/whatsuprincon.com\/wp-content\/uploads\/2025\/08\/Local-business-guide.png\",\"width\":1536,\"height\":1024,\"caption\":\"Local Business Guide\"},{\"@type\":\"BreadcrumbList\",\"@id\":\"https:\/\/whatsuprincon.com\/local-business-guide\/#breadcrumb\",\"itemListElement\":[{\"@type\":\"ListItem\",\"position\":1,\"name\":\"Home\",\"item\":\"https:\/\/whatsuprincon.com\/\"},{\"@type\":\"ListItem\",\"position\":2,\"name\":\"Local Business Guide\"}]},{\"@type\":\"WebSite\",\"@id\":\"https:\/\/whatsuprincon.com\/#website\",\"url\":\"https:\/\/whatsuprincon.com\/\",\"name\":\"What's Up Rinc\u00f3n\",\"description\":\"What&#039;s Happening in Rinc\u00f3n and Western Puerto Rico\",\"publisher\":{\"@id\":\"https:\/\/whatsuprincon.com\/#organization\"},\"potentialAction\":[{\"@type\":\"SearchAction\",\"target\":{\"@type\":\"EntryPoint\",\"urlTemplate\":\"https:\/\/whatsuprincon.com\/?s={search_term_string}\"},\"query-input\":{\"@type\":\"PropertyValueSpecification\",\"valueRequired\":true,\"valueName\":\"search_term_string\"}}],\"inLanguage\":\"es\"},{\"@type\":\"Organization\",\"@id\":\"https:\/\/whatsuprincon.com\/#organization\",\"name\":\"What's Up Rinc\u00f3n\",\"url\":\"https:\/\/whatsuprincon.com\/\",\"logo\":{\"@type\":\"ImageObject\",\"inLanguage\":\"es\",\"@id\":\"https:\/\/whatsuprincon.com\/#\/schema\/logo\/image\/\",\"url\":\"https:\/\/whatsuprincon.com\/wp-content\/uploads\/2024\/06\/header-logo-e1771168818936.png\",\"contentUrl\":\"https:\/\/whatsuprincon.com\/wp-content\/uploads\/2024\/06\/header-logo-e1771168818936.png\",\"width\":100,\"height\":100,\"caption\":\"What's Up Rinc\u00f3n\"},\"image\":{\"@id\":\"https:\/\/whatsuprincon.com\/#\/schema\/logo\/image\/\"},\"sameAs\":[\"https:\/\/www.facebook.com\/profile.php?id=61557407721782\",\"https:\/\/www.instagram.com\/whatsuprincon\/\"]}]}<\/script>\n<!-- \/ Yoast SEO plugin. -->","yoast_head_json":{"title":"Local Business Guide - Rinc\u00f3n, PR | What\u2019s Up Rinc\u00f3n and Western Puerto Rico","description":"Our local business guide connects you with options for beach activities, hotels and vacation rentals, restaurants, shopping, and more.","robots":{"index":"index","follow":"follow","max-snippet":"max-snippet:-1","max-image-preview":"max-image-preview:large","max-video-preview":"max-video-preview:-1"},"canonical":"https:\/\/whatsuprincon.com\/es\/local-business-guide\/","og_locale":"es_ES","og_type":"article","og_title":"Local Business Guide - Rinc\u00f3n, PR | What\u2019s Up Rinc\u00f3n and Western Puerto Rico","og_description":"Our local business guide connects you with options for beach activities, hotels and vacation rentals, restaurants, shopping, and more.","og_url":"https:\/\/whatsuprincon.com\/es\/local-business-guide\/","og_site_name":"Rinc\u00f3n, PR | What\u2019s Up Rinc\u00f3n and Western Puerto Rico","article_publisher":"https:\/\/www.facebook.com\/profile.php?id=61557407721782","article_modified_time":"2026-03-03T14:08:58+00:00","og_image":[{"width":1024,"height":683,"url":"https:\/\/whatsuprincon.com\/wp-content\/uploads\/2025\/08\/Local-business-guide-1024x683.png","type":"image\/png"}],"twitter_card":"summary_large_image","twitter_misc":{"Est. reading time":"4 minutos"},"schema":{"@context":"https:\/\/schema.org","@graph":[{"@type":"WebPage","@id":"https:\/\/whatsuprincon.com\/local-business-guide\/","url":"https:\/\/whatsuprincon.com\/local-business-guide\/","name":"Local Business Guide - Rinc\u00f3n, PR | What\u2019s Up Rinc\u00f3n and Western Puerto Rico","isPartOf":{"@id":"https:\/\/whatsuprincon.com\/#website"},"primaryImageOfPage":{"@id":"https:\/\/whatsuprincon.com\/local-business-guide\/#primaryimage"},"image":{"@id":"https:\/\/whatsuprincon.com\/local-business-guide\/#primaryimage"},"thumbnailUrl":"https:\/\/whatsuprincon.com\/wp-content\/uploads\/2025\/08\/Local-business-guide.png","datePublished":"2025-07-26T14:09:56+00:00","dateModified":"2026-03-03T14:08:58+00:00","description":"Our local business guide connects you with options for beach activities, hotels and vacation rentals, restaurants, shopping, and more.","breadcrumb":{"@id":"https:\/\/whatsuprincon.com\/local-business-guide\/#breadcrumb"},"inLanguage":"es","potentialAction":[{"@type":"ReadAction","target":["https:\/\/whatsuprincon.com\/local-business-guide\/"]}]},{"@type":"ImageObject","inLanguage":"es","@id":"https:\/\/whatsuprincon.com\/local-business-guide\/#primaryimage","url":"https:\/\/whatsuprincon.com\/wp-content\/uploads\/2025\/08\/Local-business-guide.png","contentUrl":"https:\/\/whatsuprincon.com\/wp-content\/uploads\/2025\/08\/Local-business-guide.png","width":1536,"height":1024,"caption":"Local Business Guide"},{"@type":"BreadcrumbList","@id":"https:\/\/whatsuprincon.com\/local-business-guide\/#breadcrumb","itemListElement":[{"@type":"ListItem","position":1,"name":"Home","item":"https:\/\/whatsuprincon.com\/"},{"@type":"ListItem","position":2,"name":"Local Business Guide"}]},{"@type":"WebSite","@id":"https:\/\/whatsuprincon.com\/#website","url":"https:\/\/whatsuprincon.com\/","name":"What's Up Rinc\u00f3n","description":"What&#039;s Happening in Rinc\u00f3n and Western Puerto Rico","publisher":{"@id":"https:\/\/whatsuprincon.com\/#organization"},"potentialAction":[{"@type":"SearchAction","target":{"@type":"EntryPoint","urlTemplate":"https:\/\/whatsuprincon.com\/?s={search_term_string}"},"query-input":{"@type":"PropertyValueSpecification","valueRequired":true,"valueName":"search_term_string"}}],"inLanguage":"es"},{"@type":"Organization","@id":"https:\/\/whatsuprincon.com\/#organization","name":"What's Up Rinc\u00f3n","url":"https:\/\/whatsuprincon.com\/","logo":{"@type":"ImageObject","inLanguage":"es","@id":"https:\/\/whatsuprincon.com\/#\/schema\/logo\/image\/","url":"https:\/\/whatsuprincon.com\/wp-content\/uploads\/2024\/06\/header-logo-e1771168818936.png","contentUrl":"https:\/\/whatsuprincon.com\/wp-content\/uploads\/2024\/06\/header-logo-e1771168818936.png","width":100,"height":100,"caption":"What's Up Rinc\u00f3n"},"image":{"@id":"https:\/\/whatsuprincon.com\/#\/schema\/logo\/image\/"},"sameAs":["https:\/\/www.facebook.com\/profile.php?id=61557407721782","https:\/\/www.instagram.com\/whatsuprincon\/"]}]}},"_links":{"self":[{"href":"https:\/\/whatsuprincon.com\/es\/wp-json\/wp\/v2\/pages\/7725","targetHints":{"allow":["GET"]}}],"collection":[{"href":"https:\/\/whatsuprincon.com\/es\/wp-json\/wp\/v2\/pages"}],"about":[{"href":"https:\/\/whatsuprincon.com\/es\/wp-json\/wp\/v2\/types\/page"}],"author":[{"embeddable":true,"href":"https:\/\/whatsuprincon.com\/es\/wp-json\/wp\/v2\/users\/1"}],"replies":[{"embeddable":true,"href":"https:\/\/whatsuprincon.com\/es\/wp-json\/wp\/v2\/comments?post=7725"}],"version-history":[{"count":74,"href":"https:\/\/whatsuprincon.com\/es\/wp-json\/wp\/v2\/pages\/7725\/revisions"}],"predecessor-version":[{"id":11466,"href":"https:\/\/whatsuprincon.com\/es\/wp-json\/wp\/v2\/pages\/7725\/revisions\/11466"}],"wp:featuredmedia":[{"embeddable":true,"href":"https:\/\/whatsuprincon.com\/es\/wp-json\/wp\/v2\/media\/8617"}],"wp:attachment":[{"href":"https:\/\/whatsuprincon.com\/es\/wp-json\/wp\/v2\/media?parent=7725"}],"curies":[{"name":"wp","href":"https:\/\/api.w.org\/{rel}","templated":true}]}}