{"id":7896,"date":"2025-08-03T10:15:07","date_gmt":"2025-08-03T14:15:07","guid":{"rendered":"https:\/\/whatsuprincon.com\/?page_id=7896"},"modified":"2026-03-12T15:22:27","modified_gmt":"2026-03-12T19:22:27","slug":"real-estate","status":"publish","type":"page","link":"https:\/\/whatsuprincon.com\/es\/local-business-guide\/real-estate\/","title":{"rendered":"BIENES RA\u00cdCES"},"content":{"rendered":"<div style=\"height:10px\" aria-hidden=\"true\" class=\"wp-block-spacer\"><\/div>\n\n\n\n<h1 class=\"wp-block-heading has-text-align-center\">BIENES RA\u00cdCES<\/h1>\n\n\n\n<div style=\"height:10px\" aria-hidden=\"true\" class=\"wp-block-spacer\"><\/div>\n\n\n\n<p class=\"has-text-align-center has-custom-lineheight\" style=\"line-height:1.65\">Ya sea que est\u00e9s comprando, vendiendo o explorando el mercado, conecta con corredores y agentes de bienes ra\u00edces con experiencia en Rinc\u00f3n y el oeste de Puerto Rico. Encuentra profesionales locales que conocen la zona y pueden ayudarte a dar el pr\u00f3ximo paso con confianza.<\/p>\n\n\n\n<div style=\"height:25px\" aria-hidden=\"true\" class=\"wp-block-spacer\"><\/div>\n\n\n\n<hr class=\"wp-block-separator aligncenter has-alpha-channel-opacity is-style-wide\"\/>\n\n\n\n<div class=\"wp-block-media-text is-stacked-on-mobile is-image-fill-element\"><figure class=\"wp-block-media-text__media\"><img loading=\"lazy\" decoding=\"async\" width=\"1024\" height=\"726\" src=\"https:\/\/whatsuprincon.com\/wp-content\/uploads\/2026\/02\/Castillo-Lamadrid-Real-Estate-1024x726.jpg\" alt=\"Castillo Lamadrid Real Estate\" class=\"wp-image-11154 size-full\" style=\"object-position:50% 50%\" srcset=\"https:\/\/whatsuprincon.com\/wp-content\/uploads\/2026\/02\/Castillo-Lamadrid-Real-Estate-1024x726.jpg 1024w, https:\/\/whatsuprincon.com\/wp-content\/uploads\/2026\/02\/Castillo-Lamadrid-Real-Estate-300x213.jpg 300w, https:\/\/whatsuprincon.com\/wp-content\/uploads\/2026\/02\/Castillo-Lamadrid-Real-Estate-768x545.jpg 768w, https:\/\/whatsuprincon.com\/wp-content\/uploads\/2026\/02\/Castillo-Lamadrid-Real-Estate-1536x1090.jpg 1536w, https:\/\/whatsuprincon.com\/wp-content\/uploads\/2026\/02\/Castillo-Lamadrid-Real-Estate-18x12.jpg 18w, https:\/\/whatsuprincon.com\/wp-content\/uploads\/2026\/02\/Castillo-Lamadrid-Real-Estate.jpg 1748w\" sizes=\"auto, (max-width: 1024px) 100vw, 1024px\" \/><\/figure><div class=\"wp-block-media-text__content\">\n<p><\/p>\n\n\n\n<p class=\"has-text-align-center\">Servicio \u00fanico e integrado de bienes ra\u00edces.<\/p>\n\n\n\n<p class=\"has-text-align-center\">Licencia: C-19556<\/p>\n\n\n\n<div class=\"wp-block-buttons is-horizontal is-content-justification-center is-nowrap is-layout-flex wp-container-core-buttons-is-layout-f937b32f wp-block-buttons-is-layout-flex\">\n<div class=\"wp-block-button is-style-shadow\"><a class=\"wp-block-button__link has-black-color has-luminous-vivid-orange-background-color has-text-color has-background has-link-color wp-element-button\" href=\"https:\/\/whatsuprincon.com\/es\/local-business-guide\/real-estate\/castillo-lamadrid-real-estate\/\" style=\"border-radius:3px\" target=\"_blank\" rel=\"noreferrer noopener\"><strong>M\u00c1S INFORMACI\u00d3N<\/strong><\/a><\/div>\n<\/div>\n<\/div><\/div>\n\n\n\n<div style=\"height:15px\" aria-hidden=\"true\" class=\"wp-block-spacer\"><\/div>\n\n\n\n<hr class=\"wp-block-separator aligncenter has-alpha-channel-opacity is-style-wide\"\/>\n\n\n\n<div class=\"wp-block-media-text is-stacked-on-mobile is-image-fill-element\"><figure class=\"wp-block-media-text__media\"><img loading=\"lazy\" decoding=\"async\" width=\"1024\" height=\"726\" src=\"https:\/\/whatsuprincon.com\/wp-content\/uploads\/2025\/12\/Copy-of-Copy-of-Healthy-Snacks-for-the-Beach-6-1024x726.jpg\" alt=\"Island West\" class=\"wp-image-10425 size-full\" style=\"object-position:50% 50%\" srcset=\"https:\/\/whatsuprincon.com\/wp-content\/uploads\/2025\/12\/Copy-of-Copy-of-Healthy-Snacks-for-the-Beach-6-1024x726.jpg 1024w, https:\/\/whatsuprincon.com\/wp-content\/uploads\/2025\/12\/Copy-of-Copy-of-Healthy-Snacks-for-the-Beach-6-300x213.jpg 300w, https:\/\/whatsuprincon.com\/wp-content\/uploads\/2025\/12\/Copy-of-Copy-of-Healthy-Snacks-for-the-Beach-6-768x545.jpg 768w, https:\/\/whatsuprincon.com\/wp-content\/uploads\/2025\/12\/Copy-of-Copy-of-Healthy-Snacks-for-the-Beach-6-1536x1090.jpg 1536w, https:\/\/whatsuprincon.com\/wp-content\/uploads\/2025\/12\/Copy-of-Copy-of-Healthy-Snacks-for-the-Beach-6-18x12.jpg 18w, https:\/\/whatsuprincon.com\/wp-content\/uploads\/2025\/12\/Copy-of-Copy-of-Healthy-Snacks-for-the-Beach-6.jpg 1748w\" sizes=\"auto, (max-width: 1024px) 100vw, 1024px\" \/><\/figure><div class=\"wp-block-media-text__content\">\n<p><\/p>\n\n\n\n<p class=\"has-text-align-center\">Ventas de bienes ra\u00edces<\/p>\n\n\n\n<p class=\"has-text-align-center\">Costa Oeste de Puerto Rico<\/p>\n\n\n\n<div class=\"wp-block-buttons is-horizontal is-content-justification-center is-nowrap is-layout-flex wp-container-core-buttons-is-layout-f937b32f wp-block-buttons-is-layout-flex\">\n<div class=\"wp-block-button is-style-shadow\"><a class=\"wp-block-button__link has-black-color has-luminous-vivid-orange-background-color has-text-color has-background has-link-color wp-element-button\" href=\"https:\/\/whatsuprincon.com\/es\/local-business-guide\/real-estate\/island_west\/\" style=\"border-radius:3px\" target=\"_blank\" rel=\"noreferrer noopener\"><strong>M\u00c1S INFORMACI\u00d3N<\/strong><\/a><\/div>\n<\/div>\n<\/div><\/div>\n\n\n\n<div style=\"height:15px\" aria-hidden=\"true\" class=\"wp-block-spacer\"><\/div>\n\n\n\n<hr class=\"wp-block-separator aligncenter has-alpha-channel-opacity is-style-wide\"\/>\n\n\n\n<div class=\"wp-block-media-text is-stacked-on-mobile is-image-fill-element\"><figure class=\"wp-block-media-text__media\"><img loading=\"lazy\" decoding=\"async\" width=\"1024\" height=\"726\" src=\"https:\/\/whatsuprincon.com\/wp-content\/uploads\/2025\/12\/Copy-of-Copy-of-Healthy-Snacks-for-the-Beach-6-1-1024x726.jpg\" alt=\"Tropical Coast Guide\" class=\"wp-image-10609 size-full\" style=\"object-position:50% 50%\" srcset=\"https:\/\/whatsuprincon.com\/wp-content\/uploads\/2025\/12\/Copy-of-Copy-of-Healthy-Snacks-for-the-Beach-6-1-1024x726.jpg 1024w, https:\/\/whatsuprincon.com\/wp-content\/uploads\/2025\/12\/Copy-of-Copy-of-Healthy-Snacks-for-the-Beach-6-1-300x213.jpg 300w, https:\/\/whatsuprincon.com\/wp-content\/uploads\/2025\/12\/Copy-of-Copy-of-Healthy-Snacks-for-the-Beach-6-1-768x545.jpg 768w, https:\/\/whatsuprincon.com\/wp-content\/uploads\/2025\/12\/Copy-of-Copy-of-Healthy-Snacks-for-the-Beach-6-1-1536x1090.jpg 1536w, https:\/\/whatsuprincon.com\/wp-content\/uploads\/2025\/12\/Copy-of-Copy-of-Healthy-Snacks-for-the-Beach-6-1-18x12.jpg 18w, https:\/\/whatsuprincon.com\/wp-content\/uploads\/2025\/12\/Copy-of-Copy-of-Healthy-Snacks-for-the-Beach-6-1.jpg 1748w\" sizes=\"auto, (max-width: 1024px) 100vw, 1024px\" \/><\/figure><div class=\"wp-block-media-text__content\">\n<p class=\"has-text-align-center\">Compa\u00f1\u00eda local que ofrece servicios de venta, compra y administraci\u00f3n de propiedades.<\/p>\n\n\n\n<div class=\"wp-block-buttons is-horizontal is-content-justification-center is-nowrap is-layout-flex wp-container-core-buttons-is-layout-f937b32f wp-block-buttons-is-layout-flex\">\n<div class=\"wp-block-button is-style-shadow\"><a class=\"wp-block-button__link has-black-color has-luminous-vivid-orange-background-color has-text-color has-background has-link-color wp-element-button\" href=\"https:\/\/whatsuprincon.com\/es\/local-business-guide\/real-estate\/real_estate-tropical-coast\/\" style=\"border-radius:3px\" target=\"_blank\" rel=\"noreferrer noopener\"><strong>M\u00c1S INFORMACI\u00d3N<\/strong><\/a><\/div>\n<\/div>\n<\/div><\/div>\n\n\n\n<div style=\"height:15px\" aria-hidden=\"true\" class=\"wp-block-spacer\"><\/div>\n\n\n\n<hr class=\"wp-block-separator aligncenter has-alpha-channel-opacity is-style-wide\"\/>\n\n\n\n<div style=\"height:25px\" aria-hidden=\"true\" class=\"wp-block-spacer\"><\/div>\n\n\n\n<div class=\"wp-block-columns is-layout-flex wp-container-core-columns-is-layout-9d6595d7 wp-block-columns-is-layout-flex\">\n<div class=\"wp-block-column is-layout-flow wp-block-column-is-layout-flow\" style=\"flex-basis:100%\">\n<h3 class=\"wp-block-heading has-text-align-center\">Men\u00fa<\/h3>\n\n\n<nav style=\"text-transform:none;\" class=\"has-text-color has-black-color is-responsive items-justified-center wp-block-navigation is-horizontal is-content-justification-center is-layout-flex wp-container-core-navigation-is-layout-a85bcc9b wp-block-navigation-is-layout-flex\" aria-label=\"Navigation 3\" \n\t\t data-wp-interactive=\"core\/navigation\" data-wp-context='{\"overlayOpenedBy\":{\"click\":false,\"hover\":false,\"focus\":false},\"type\":\"overlay\",\"roleAttribute\":\"\",\"ariaLabel\":\"Men\\u00fa\"}'><button aria-haspopup=\"dialog\" aria-label=\"Open menu\" class=\"wp-block-navigation__responsive-container-open always-shown\" \n\t\t\t\tdata-wp-on--click=\"actions.openMenuOnClick\"\n\t\t\t\tdata-wp-on--keydown=\"actions.handleMenuKeydown\"\n\t\t\t><svg width=\"24\" height=\"24\" xmlns=\"http:\/\/www.w3.org\/2000\/svg\" viewbox=\"0 0 24 24\"><path d=\"M5 5v1.5h14V5H5z\"><\/path><path d=\"M5 12.8h14v-1.5H5v1.5z\"><\/path><path d=\"M5 19h14v-1.5H5V19z\"><\/path><\/svg><\/button>\n\t\t\t\t<div class=\"wp-block-navigation__responsive-container hidden-by-default\"  id=\"modal-1\" \n\t\t\t\tdata-wp-class--has-modal-open=\"state.isMenuOpen\"\n\t\t\t\tdata-wp-class--is-menu-open=\"state.isMenuOpen\"\n\t\t\t\tdata-wp-watch=\"callbacks.initMenu\"\n\t\t\t\tdata-wp-on--keydown=\"actions.handleMenuKeydown\"\n\t\t\t\tdata-wp-on--focusout=\"actions.handleMenuFocusout\"\n\t\t\t\ttabindex=\"-1\"\n\t\t\t>\n\t\t\t\t\t<div class=\"wp-block-navigation__responsive-close\" tabindex=\"-1\">\n\t\t\t\t\t\t<div class=\"wp-block-navigation__responsive-dialog\" \n\t\t\t\tdata-wp-bind--aria-modal=\"state.ariaModal\"\n\t\t\t\tdata-wp-bind--aria-label=\"state.ariaLabel\"\n\t\t\t\tdata-wp-bind--role=\"state.roleAttribute\"\n\t\t\t>\n\t\t\t\t\t\t\t<button aria-label=\"Close menu\" class=\"wp-block-navigation__responsive-container-close\" \n\t\t\t\tdata-wp-on--click=\"actions.closeMenuOnClick\"\n\t\t\t><svg xmlns=\"http:\/\/www.w3.org\/2000\/svg\" viewbox=\"0 0 24 24\" width=\"24\" height=\"24\" aria-hidden=\"true\" focusable=\"false\"><path d=\"m13.06 12 6.47-6.47-1.06-1.06L12 10.94 5.53 4.47 4.47 5.53 10.94 12l-6.47 6.47 1.06 1.06L12 13.06l6.47 6.47 1.06-1.06L13.06 12Z\"><\/path><\/svg><\/button>\n\t\t\t\t\t\t\t<div class=\"wp-block-navigation__responsive-container-content\" \n\t\t\t\tdata-wp-watch=\"callbacks.focusFirstElement\"\n\t\t\t id=\"modal-1-content\">\n\t\t\t\t\t\t\t\t<ul style=\"text-transform:none;\" class=\"wp-block-navigation__container has-text-color has-black-color is-responsive items-justified-center wp-block-navigation\"><li style=\"font-style:normal;font-weight:700;text-decoration:underline;\" class=\"wp-block-navigation-item wp-block-navigation-link\"><a class=\"wp-block-navigation-item__content\"  href=\"https:\/\/whatsuprincon.com\/es\/local-business-guide\/beach-and-water\/\"><span class=\"wp-block-navigation-item__label\">Playa y agua<\/span><\/a><\/li><li style=\"font-style:normal;font-weight:700;text-decoration:underline;\" class=\"wp-block-navigation-item wp-block-navigation-link\"><a class=\"wp-block-navigation-item__content\"  href=\"https:\/\/whatsuprincon.com\/es\/local-business-guide\/eat-and-drink\/\"><span class=\"wp-block-navigation-item__label\">Comida y Bebida<\/span><\/a><\/li><li style=\"font-style:normal;font-weight:700;text-decoration:underline;\" class=\"wp-block-navigation-item wp-block-navigation-link\"><a class=\"wp-block-navigation-item__content\"  href=\"https:\/\/whatsuprincon.com\/es\/local-business-guide\/services\/\"><span class=\"wp-block-navigation-item__label\">Servicios<\/span><\/a><\/li><li style=\"font-style:normal;font-weight:700;text-decoration:underline;\" class=\"wp-block-navigation-item wp-block-navigation-link\"><a class=\"wp-block-navigation-item__content\"  href=\"https:\/\/whatsuprincon.com\/es\/local-business-guide\/hotels-vacation_rentals\/\"><span class=\"wp-block-navigation-item__label\">Hospedajes<\/span><\/a><\/li><li style=\"font-style:normal;font-weight:700;text-decoration:underline;\" class=\"wp-block-navigation-item wp-block-navigation-link\"><a class=\"wp-block-navigation-item__content\"  href=\"https:\/\/whatsuprincon.com\/es\/local-business-guide\/weddings-and-events\/\"><span class=\"wp-block-navigation-item__label\">Bodas y Eventos<\/span><\/a><\/li><li style=\"font-style:normal;font-weight:700;text-decoration:underline;\" class=\"wp-block-navigation-item wp-block-navigation-link\"><a class=\"wp-block-navigation-item__content\"  href=\"https:\/\/whatsuprincon.com\/es\/local-business-guide\/taxis-and-tours\/\"><span class=\"wp-block-navigation-item__label\">Taxis y Tours<\/span><\/a><\/li><li style=\"font-style:normal;font-weight:700;text-decoration:underline;\" class=\"wp-block-navigation-item wp-block-navigation-link\"><a class=\"wp-block-navigation-item__content\"  href=\"https:\/\/whatsuprincon.com\/es\/local-business-guide\/shopping\/\"><span class=\"wp-block-navigation-item__label\">Compras<\/span><\/a><\/li><li style=\"font-style:normal;font-weight:700;text-decoration:underline;\" class=\"wp-block-navigation-item wp-block-navigation-link\"><a class=\"wp-block-navigation-item__content\"  href=\"https:\/\/whatsuprincon.com\/es\/local-business-guide\/real-estate\/\"><span class=\"wp-block-navigation-item__label\">Bienes ra\u00edces<\/span><\/a><\/li><li style=\"font-style:normal;font-weight:700;text-decoration:underline;\" class=\"wp-block-navigation-item wp-block-navigation-link\"><a class=\"wp-block-navigation-item__content\"  href=\"https:\/\/whatsuprincon.com\/es\/local-business-guide\/bienestar\/\"><span class=\"wp-block-navigation-item__label\">Bienestar<\/span><\/a><\/li><li style=\"font-style:normal;font-weight:700;text-decoration:underline;\" class=\"wp-block-navigation-item wp-block-navigation-link\"><a class=\"wp-block-navigation-item__content\"  href=\"https:\/\/whatsuprincon.com\/es\/local-business-guide\/government-services\/\"><span class=\"wp-block-navigation-item__label\">Servicios Gubernamentales<\/span><\/a><\/li><li style=\"font-style:normal;font-weight:700;text-decoration:underline;\" class=\"wp-block-navigation-item wp-block-navigation-link\"><a class=\"wp-block-navigation-item__content\"  href=\"https:\/\/whatsuprincon.com\/es\/local-business-guide\/animals-pets\/\"><span class=\"wp-block-navigation-item__label\">Animales<\/span><\/a><\/li><li style=\"font-style:normal;font-weight:700;text-decoration:underline;\" class=\"wp-block-navigation-item wp-block-navigation-link\"><a class=\"wp-block-navigation-item__content\"  href=\"https:\/\/whatsuprincon.com\/es\/local-business-guide\/local-art-culture\/\"><span class=\"wp-block-navigation-item__label\">Local Art &amp; Culture<\/span><\/a><\/li><li style=\"font-style:normal;font-weight:700;text-decoration:underline;\" class=\"wp-block-navigation-item wp-block-navigation-link\"><a class=\"wp-block-navigation-item__content\"  href=\"https:\/\/whatsuprincon.com\/es\/local-business-guide\/community_family\/\"><span class=\"wp-block-navigation-item__label\">Comunidad y familia<\/span><\/a><\/li><\/ul>\n\t\t\t\t\t\t\t<\/div>\n\t\t\t\t\t\t<\/div>\n\t\t\t\t\t<\/div>\n\t\t\t\t<\/div><\/nav><\/div>\n<\/div>","protected":false},"excerpt":{"rendered":"<p>REAL ESTATE Whether you&#8217;re buying, selling, or exploring the market, connect with experienced realtors and real estate agents in Rinc\u00f3n [&hellip;]<\/p>","protected":false},"author":1,"featured_media":3387,"parent":7725,"menu_order":0,"comment_status":"closed","ping_status":"closed","template":"","meta":{"_coblocks_attr":"","_coblocks_dimensions":"","_coblocks_responsive_height":"","_coblocks_accordion_ie_support":"","_themeisle_gutenberg_block_has_review":false,"iawp_total_views":64,"footnotes":""},"class_list":["post-7896","page","type-page","status-publish","has-post-thumbnail","hentry"],"yoast_head":"<!-- This site is optimized with the Yoast SEO plugin v25.8 - https:\/\/yoast.com\/wordpress\/plugins\/seo\/ -->\n<title>REAL ESTATE - Rinc\u00f3n, PR | What\u2019s Up Rinc\u00f3n and Western Puerto Rico<\/title>\n<meta name=\"description\" content=\"Whether you&#039;re buying, selling, or exploring, connect with experienced realtors and real estate agents in Rinc\u00f3n and Western Puerto Rico.\" \/>\n<meta name=\"robots\" content=\"index, follow, max-snippet:-1, max-image-preview:large, max-video-preview:-1\" \/>\n<link rel=\"canonical\" href=\"https:\/\/whatsuprincon.com\/es\/local-business-guide\/real-estate\/\" \/>\n<meta property=\"og:locale\" content=\"es_ES\" \/>\n<meta property=\"og:type\" content=\"article\" \/>\n<meta property=\"og:title\" content=\"REAL ESTATE - Rinc\u00f3n, PR | What\u2019s Up Rinc\u00f3n and Western Puerto Rico\" \/>\n<meta property=\"og:description\" content=\"Whether you&#039;re buying, selling, or exploring, connect with experienced realtors and real estate agents in Rinc\u00f3n and Western Puerto Rico.\" \/>\n<meta property=\"og:url\" content=\"https:\/\/whatsuprincon.com\/es\/local-business-guide\/real-estate\/\" \/>\n<meta property=\"og:site_name\" content=\"Rinc\u00f3n, PR | What\u2019s Up Rinc\u00f3n and Western Puerto Rico\" \/>\n<meta property=\"article:publisher\" content=\"https:\/\/www.facebook.com\/profile.php?id=61557407721782\" \/>\n<meta property=\"article:modified_time\" content=\"2026-03-12T19:22:27+00:00\" \/>\n<meta property=\"og:image\" content=\"https:\/\/whatsuprincon.com\/wp-content\/uploads\/2024\/07\/qtq80-9kiDav.jpeg\" \/>\n\t<meta property=\"og:image:width\" content=\"2160\" \/>\n\t<meta property=\"og:image:height\" content=\"1440\" \/>\n\t<meta property=\"og:image:type\" content=\"image\/jpeg\" \/>\n<meta name=\"twitter:card\" content=\"summary_large_image\" \/>\n<meta name=\"twitter:label1\" content=\"Est. reading time\" \/>\n\t<meta name=\"twitter:data1\" content=\"2 minutos\" \/>\n<script type=\"application\/ld+json\" class=\"yoast-schema-graph\">{\"@context\":\"https:\/\/schema.org\",\"@graph\":[{\"@type\":\"WebPage\",\"@id\":\"https:\/\/whatsuprincon.com\/local-business-guide\/real-estate\/\",\"url\":\"https:\/\/whatsuprincon.com\/local-business-guide\/real-estate\/\",\"name\":\"REAL ESTATE - Rinc\u00f3n, PR | What\u2019s Up Rinc\u00f3n and Western Puerto Rico\",\"isPartOf\":{\"@id\":\"https:\/\/whatsuprincon.com\/#website\"},\"primaryImageOfPage\":{\"@id\":\"https:\/\/whatsuprincon.com\/local-business-guide\/real-estate\/#primaryimage\"},\"image\":{\"@id\":\"https:\/\/whatsuprincon.com\/local-business-guide\/real-estate\/#primaryimage\"},\"thumbnailUrl\":\"https:\/\/whatsuprincon.com\/wp-content\/uploads\/2024\/07\/qtq80-9kiDav.jpeg\",\"datePublished\":\"2025-08-03T14:15:07+00:00\",\"dateModified\":\"2026-03-12T19:22:27+00:00\",\"description\":\"Whether you're buying, selling, or exploring, connect with experienced realtors and real estate agents in Rinc\u00f3n and Western Puerto Rico.\",\"breadcrumb\":{\"@id\":\"https:\/\/whatsuprincon.com\/local-business-guide\/real-estate\/#breadcrumb\"},\"inLanguage\":\"es\",\"potentialAction\":[{\"@type\":\"ReadAction\",\"target\":[\"https:\/\/whatsuprincon.com\/local-business-guide\/real-estate\/\"]}]},{\"@type\":\"ImageObject\",\"inLanguage\":\"es\",\"@id\":\"https:\/\/whatsuprincon.com\/local-business-guide\/real-estate\/#primaryimage\",\"url\":\"https:\/\/whatsuprincon.com\/wp-content\/uploads\/2024\/07\/qtq80-9kiDav.jpeg\",\"contentUrl\":\"https:\/\/whatsuprincon.com\/wp-content\/uploads\/2024\/07\/qtq80-9kiDav.jpeg\",\"width\":2160,\"height\":1440,\"caption\":\"Realtors and Real Estate\"},{\"@type\":\"BreadcrumbList\",\"@id\":\"https:\/\/whatsuprincon.com\/local-business-guide\/real-estate\/#breadcrumb\",\"itemListElement\":[{\"@type\":\"ListItem\",\"position\":1,\"name\":\"Home\",\"item\":\"https:\/\/whatsuprincon.com\/\"},{\"@type\":\"ListItem\",\"position\":2,\"name\":\"Local Business Guide\",\"item\":\"https:\/\/whatsuprincon.com\/local-business-guide\/\"},{\"@type\":\"ListItem\",\"position\":3,\"name\":\"REAL ESTATE\"}]},{\"@type\":\"WebSite\",\"@id\":\"https:\/\/whatsuprincon.com\/#website\",\"url\":\"https:\/\/whatsuprincon.com\/\",\"name\":\"What's Up Rinc\u00f3n\",\"description\":\"What&#039;s Happening in Rinc\u00f3n and Western Puerto Rico\",\"publisher\":{\"@id\":\"https:\/\/whatsuprincon.com\/#organization\"},\"potentialAction\":[{\"@type\":\"SearchAction\",\"target\":{\"@type\":\"EntryPoint\",\"urlTemplate\":\"https:\/\/whatsuprincon.com\/?s={search_term_string}\"},\"query-input\":{\"@type\":\"PropertyValueSpecification\",\"valueRequired\":true,\"valueName\":\"search_term_string\"}}],\"inLanguage\":\"es\"},{\"@type\":\"Organization\",\"@id\":\"https:\/\/whatsuprincon.com\/#organization\",\"name\":\"What's Up Rinc\u00f3n\",\"url\":\"https:\/\/whatsuprincon.com\/\",\"logo\":{\"@type\":\"ImageObject\",\"inLanguage\":\"es\",\"@id\":\"https:\/\/whatsuprincon.com\/#\/schema\/logo\/image\/\",\"url\":\"https:\/\/whatsuprincon.com\/wp-content\/uploads\/2024\/06\/header-logo-e1771168818936.png\",\"contentUrl\":\"https:\/\/whatsuprincon.com\/wp-content\/uploads\/2024\/06\/header-logo-e1771168818936.png\",\"width\":100,\"height\":100,\"caption\":\"What's Up Rinc\u00f3n\"},\"image\":{\"@id\":\"https:\/\/whatsuprincon.com\/#\/schema\/logo\/image\/\"},\"sameAs\":[\"https:\/\/www.facebook.com\/profile.php?id=61557407721782\",\"https:\/\/www.instagram.com\/whatsuprincon\/\"]}]}<\/script>\n<!-- \/ Yoast SEO plugin. -->","yoast_head_json":{"title":"REAL ESTATE - Rinc\u00f3n, PR | What\u2019s Up Rinc\u00f3n and Western Puerto Rico","description":"Whether you're buying, selling, or exploring, connect with experienced realtors and real estate agents in Rinc\u00f3n and Western Puerto Rico.","robots":{"index":"index","follow":"follow","max-snippet":"max-snippet:-1","max-image-preview":"max-image-preview:large","max-video-preview":"max-video-preview:-1"},"canonical":"https:\/\/whatsuprincon.com\/es\/local-business-guide\/real-estate\/","og_locale":"es_ES","og_type":"article","og_title":"REAL ESTATE - Rinc\u00f3n, PR | What\u2019s Up Rinc\u00f3n and Western Puerto Rico","og_description":"Whether you're buying, selling, or exploring, connect with experienced realtors and real estate agents in Rinc\u00f3n and Western Puerto Rico.","og_url":"https:\/\/whatsuprincon.com\/es\/local-business-guide\/real-estate\/","og_site_name":"Rinc\u00f3n, PR | What\u2019s Up Rinc\u00f3n and Western Puerto Rico","article_publisher":"https:\/\/www.facebook.com\/profile.php?id=61557407721782","article_modified_time":"2026-03-12T19:22:27+00:00","og_image":[{"width":2160,"height":1440,"url":"https:\/\/whatsuprincon.com\/wp-content\/uploads\/2024\/07\/qtq80-9kiDav.jpeg","type":"image\/jpeg"}],"twitter_card":"summary_large_image","twitter_misc":{"Est. reading time":"2 minutos"},"schema":{"@context":"https:\/\/schema.org","@graph":[{"@type":"WebPage","@id":"https:\/\/whatsuprincon.com\/local-business-guide\/real-estate\/","url":"https:\/\/whatsuprincon.com\/local-business-guide\/real-estate\/","name":"REAL ESTATE - Rinc\u00f3n, PR | What\u2019s Up Rinc\u00f3n and Western Puerto Rico","isPartOf":{"@id":"https:\/\/whatsuprincon.com\/#website"},"primaryImageOfPage":{"@id":"https:\/\/whatsuprincon.com\/local-business-guide\/real-estate\/#primaryimage"},"image":{"@id":"https:\/\/whatsuprincon.com\/local-business-guide\/real-estate\/#primaryimage"},"thumbnailUrl":"https:\/\/whatsuprincon.com\/wp-content\/uploads\/2024\/07\/qtq80-9kiDav.jpeg","datePublished":"2025-08-03T14:15:07+00:00","dateModified":"2026-03-12T19:22:27+00:00","description":"Whether you're buying, selling, or exploring, connect with experienced realtors and real estate agents in Rinc\u00f3n and Western Puerto Rico.","breadcrumb":{"@id":"https:\/\/whatsuprincon.com\/local-business-guide\/real-estate\/#breadcrumb"},"inLanguage":"es","potentialAction":[{"@type":"ReadAction","target":["https:\/\/whatsuprincon.com\/local-business-guide\/real-estate\/"]}]},{"@type":"ImageObject","inLanguage":"es","@id":"https:\/\/whatsuprincon.com\/local-business-guide\/real-estate\/#primaryimage","url":"https:\/\/whatsuprincon.com\/wp-content\/uploads\/2024\/07\/qtq80-9kiDav.jpeg","contentUrl":"https:\/\/whatsuprincon.com\/wp-content\/uploads\/2024\/07\/qtq80-9kiDav.jpeg","width":2160,"height":1440,"caption":"Realtors and Real Estate"},{"@type":"BreadcrumbList","@id":"https:\/\/whatsuprincon.com\/local-business-guide\/real-estate\/#breadcrumb","itemListElement":[{"@type":"ListItem","position":1,"name":"Home","item":"https:\/\/whatsuprincon.com\/"},{"@type":"ListItem","position":2,"name":"Local Business Guide","item":"https:\/\/whatsuprincon.com\/local-business-guide\/"},{"@type":"ListItem","position":3,"name":"REAL ESTATE"}]},{"@type":"WebSite","@id":"https:\/\/whatsuprincon.com\/#website","url":"https:\/\/whatsuprincon.com\/","name":"What's Up Rinc\u00f3n","description":"What&#039;s Happening in Rinc\u00f3n and Western Puerto Rico","publisher":{"@id":"https:\/\/whatsuprincon.com\/#organization"},"potentialAction":[{"@type":"SearchAction","target":{"@type":"EntryPoint","urlTemplate":"https:\/\/whatsuprincon.com\/?s={search_term_string}"},"query-input":{"@type":"PropertyValueSpecification","valueRequired":true,"valueName":"search_term_string"}}],"inLanguage":"es"},{"@type":"Organization","@id":"https:\/\/whatsuprincon.com\/#organization","name":"What's Up Rinc\u00f3n","url":"https:\/\/whatsuprincon.com\/","logo":{"@type":"ImageObject","inLanguage":"es","@id":"https:\/\/whatsuprincon.com\/#\/schema\/logo\/image\/","url":"https:\/\/whatsuprincon.com\/wp-content\/uploads\/2024\/06\/header-logo-e1771168818936.png","contentUrl":"https:\/\/whatsuprincon.com\/wp-content\/uploads\/2024\/06\/header-logo-e1771168818936.png","width":100,"height":100,"caption":"What's Up Rinc\u00f3n"},"image":{"@id":"https:\/\/whatsuprincon.com\/#\/schema\/logo\/image\/"},"sameAs":["https:\/\/www.facebook.com\/profile.php?id=61557407721782","https:\/\/www.instagram.com\/whatsuprincon\/"]}]}},"_links":{"self":[{"href":"https:\/\/whatsuprincon.com\/es\/wp-json\/wp\/v2\/pages\/7896","targetHints":{"allow":["GET"]}}],"collection":[{"href":"https:\/\/whatsuprincon.com\/es\/wp-json\/wp\/v2\/pages"}],"about":[{"href":"https:\/\/whatsuprincon.com\/es\/wp-json\/wp\/v2\/types\/page"}],"author":[{"embeddable":true,"href":"https:\/\/whatsuprincon.com\/es\/wp-json\/wp\/v2\/users\/1"}],"replies":[{"embeddable":true,"href":"https:\/\/whatsuprincon.com\/es\/wp-json\/wp\/v2\/comments?post=7896"}],"version-history":[{"count":14,"href":"https:\/\/whatsuprincon.com\/es\/wp-json\/wp\/v2\/pages\/7896\/revisions"}],"predecessor-version":[{"id":11584,"href":"https:\/\/whatsuprincon.com\/es\/wp-json\/wp\/v2\/pages\/7896\/revisions\/11584"}],"up":[{"embeddable":true,"href":"https:\/\/whatsuprincon.com\/es\/wp-json\/wp\/v2\/pages\/7725"}],"wp:featuredmedia":[{"embeddable":true,"href":"https:\/\/whatsuprincon.com\/es\/wp-json\/wp\/v2\/media\/3387"}],"wp:attachment":[{"href":"https:\/\/whatsuprincon.com\/es\/wp-json\/wp\/v2\/media?parent=7896"}],"curies":[{"name":"wp","href":"https:\/\/api.w.org\/{rel}","templated":true}]}}