{"id":8041,"date":"2025-08-04T10:09:08","date_gmt":"2025-08-04T14:09:08","guid":{"rendered":"https:\/\/whatsuprincon.com\/?page_id=8041"},"modified":"2025-08-24T16:56:20","modified_gmt":"2025-08-24T20:56:20","slug":"government-services","status":"publish","type":"page","link":"https:\/\/whatsuprincon.com\/es\/local-business-guide\/government-services\/","title":{"rendered":"SERVICIOS GUBERNAMENTALES"},"content":{"rendered":"<div style=\"height:10px\" aria-hidden=\"true\" class=\"wp-block-spacer\"><\/div>\n\n\n\n<h1 class=\"wp-block-heading has-text-align-center\">SERVICIOS GUBERNAMENTALES<\/h1>\n\n\n\n<div style=\"height:10px\" aria-hidden=\"true\" class=\"wp-block-spacer\"><\/div>\n\n\n\n<p class=\"has-text-align-center has-custom-lineheight\" style=\"line-height:1.65\">Los servicios gubernamentales en Rinc\u00f3n y sus alrededores incluyen seguridad p\u00fablica, recreaci\u00f3n, turismo, manejo de desperdicios y reciclaje, bibliotecas, manejo de emergencias y m\u00e1s. Estas oficinas locales ofrecen recursos esenciales tanto para residentes como para visitantes.<\/p>\n\n\n\n<div style=\"height:25px\" aria-hidden=\"true\" class=\"wp-block-spacer\"><\/div>\n\n\n\n<hr class=\"wp-block-separator aligncenter has-alpha-channel-opacity is-style-wide\"\/>\n\n\n\n<div class=\"wp-block-media-text is-stacked-on-mobile has-white-background-color has-background\" style=\"grid-template-columns:30% auto\"><figure class=\"wp-block-media-text__media\"><img loading=\"lazy\" decoding=\"async\" width=\"673\" height=\"533\" src=\"https:\/\/whatsuprincon.com\/wp-content\/uploads\/2024\/05\/rincon-munic-e1754258602219.jpg\" alt=\"Rincon-local guide\" class=\"wp-image-2143 size-full\" srcset=\"https:\/\/whatsuprincon.com\/wp-content\/uploads\/2024\/05\/rincon-munic-e1754258602219.jpg 673w, https:\/\/whatsuprincon.com\/wp-content\/uploads\/2024\/05\/rincon-munic-e1754258602219-300x238.jpg 300w, https:\/\/whatsuprincon.com\/wp-content\/uploads\/2024\/05\/rincon-munic-e1754258602219-15x12.jpg 15w\" sizes=\"auto, (max-width: 673px) 100vw, 673px\" \/><\/figure><div class=\"wp-block-media-text__content\">\n<p><\/p>\n\n\n\n<div class=\"wp-block-buttons is-horizontal is-content-justification-center is-nowrap is-layout-flex wp-container-core-buttons-is-layout-f937b32f wp-block-buttons-is-layout-flex\">\n<div class=\"wp-block-button is-style-shadow\"><a class=\"wp-block-button__link has-black-color has-luminous-vivid-orange-background-color has-text-color has-background has-link-color wp-element-button\" href=\"https:\/\/whatsuprincon.com\/es\/local-business-guide\/government-services\/municipio-de-rincon\/\" style=\"border-radius:3px\" target=\"_blank\" rel=\"noreferrer noopener\"><strong>M\u00c1S INFORMACI\u00d3N<\/strong><\/a><\/div>\n<\/div>\n<\/div><\/div>\n\n\n\n<div style=\"height:15px\" aria-hidden=\"true\" class=\"wp-block-spacer\"><\/div>\n\n\n\n<hr class=\"wp-block-separator aligncenter has-alpha-channel-opacity is-style-wide\"\/>\n\n\n\n<div class=\"wp-block-media-text is-stacked-on-mobile has-white-background-color has-background\" style=\"grid-template-columns:30% auto\"><figure class=\"wp-block-media-text__media\"><img loading=\"lazy\" decoding=\"async\" width=\"940\" height=\"788\" src=\"https:\/\/whatsuprincon.com\/wp-content\/uploads\/2024\/06\/aguada-shield.jpg\" alt=\"Aguada-local guide\" class=\"wp-image-2814 size-full\" srcset=\"https:\/\/whatsuprincon.com\/wp-content\/uploads\/2024\/06\/aguada-shield.jpg 940w, https:\/\/whatsuprincon.com\/wp-content\/uploads\/2024\/06\/aguada-shield-300x251.jpg 300w, https:\/\/whatsuprincon.com\/wp-content\/uploads\/2024\/06\/aguada-shield-768x644.jpg 768w\" sizes=\"auto, (max-width: 940px) 100vw, 940px\" \/><\/figure><div class=\"wp-block-media-text__content\">\n<p class=\"has-text-align-center\"><\/p>\n\n\n\n<div class=\"wp-block-buttons is-horizontal is-content-justification-center is-nowrap is-layout-flex wp-container-core-buttons-is-layout-f937b32f wp-block-buttons-is-layout-flex\">\n<div class=\"wp-block-button is-style-shadow\"><a class=\"wp-block-button__link has-black-color has-luminous-vivid-orange-background-color has-text-color has-background has-link-color wp-element-button\" href=\"https:\/\/whatsuprincon.com\/es\/local-business-guide\/government-services\/municipio-de-aguada-2\/\" style=\"border-radius:3px\" target=\"_blank\" rel=\"noreferrer noopener\"><strong>M\u00c1S INFORMACI\u00d3N<\/strong><\/a><\/div>\n<\/div>\n<\/div><\/div>\n\n\n\n<div style=\"height:15px\" aria-hidden=\"true\" class=\"wp-block-spacer\"><\/div>\n\n\n\n<hr class=\"wp-block-separator aligncenter has-alpha-channel-opacity is-style-wide\"\/>\n\n\n\n<div class=\"wp-block-media-text is-stacked-on-mobile has-white-background-color has-background\" style=\"grid-template-columns:30% auto\"><figure class=\"wp-block-media-text__media\"><img loading=\"lazy\" decoding=\"async\" width=\"960\" height=\"960\" src=\"https:\/\/whatsuprincon.com\/wp-content\/uploads\/2024\/06\/anasco.jpg\" alt=\"Anasco-local guide\" class=\"wp-image-2958 size-full\" srcset=\"https:\/\/whatsuprincon.com\/wp-content\/uploads\/2024\/06\/anasco.jpg 960w, https:\/\/whatsuprincon.com\/wp-content\/uploads\/2024\/06\/anasco-300x300.jpg 300w, https:\/\/whatsuprincon.com\/wp-content\/uploads\/2024\/06\/anasco-150x150.jpg 150w, https:\/\/whatsuprincon.com\/wp-content\/uploads\/2024\/06\/anasco-768x768.jpg 768w, https:\/\/whatsuprincon.com\/wp-content\/uploads\/2024\/06\/anasco-600x600.jpg 600w\" sizes=\"auto, (max-width: 960px) 100vw, 960px\" \/><\/figure><div class=\"wp-block-media-text__content\">\n<p class=\"has-text-align-center\"><\/p>\n\n\n\n<div class=\"wp-block-buttons is-horizontal is-content-justification-center is-nowrap is-layout-flex wp-container-core-buttons-is-layout-f937b32f wp-block-buttons-is-layout-flex\">\n<div class=\"wp-block-button is-style-shadow\"><a class=\"wp-block-button__link has-black-color has-luminous-vivid-orange-background-color has-text-color has-background has-link-color wp-element-button\" href=\"https:\/\/whatsuprincon.com\/es\/local-business-guide\/government-services\/municipio-de-anasco\/\" style=\"border-radius:3px\" target=\"_blank\" rel=\"noreferrer noopener\"><strong>M\u00c1S INFORMACI\u00d3N<\/strong><\/a><\/div>\n<\/div>\n<\/div><\/div>\n\n\n\n<div style=\"height:15px\" aria-hidden=\"true\" class=\"wp-block-spacer\"><\/div>\n\n\n\n<hr class=\"wp-block-separator aligncenter has-alpha-channel-opacity is-style-wide\"\/>\n\n\n\n<div style=\"height:25px\" aria-hidden=\"true\" class=\"wp-block-spacer\"><\/div>\n\n\n\n<div class=\"wp-block-columns is-layout-flex wp-container-core-columns-is-layout-9d6595d7 wp-block-columns-is-layout-flex\">\n<div class=\"wp-block-column is-layout-flow wp-block-column-is-layout-flow\" style=\"flex-basis:100%\">\n<h3 class=\"wp-block-heading has-text-align-center\">Men\u00fa<\/h3>\n\n\n<nav style=\"text-transform:none;\" class=\"has-text-color has-black-color is-responsive items-justified-center wp-block-navigation is-horizontal is-content-justification-center is-layout-flex wp-container-core-navigation-is-layout-a85bcc9b wp-block-navigation-is-layout-flex\" aria-label=\"Navigation 3\" \n\t\t data-wp-interactive=\"core\/navigation\" data-wp-context='{\"overlayOpenedBy\":{\"click\":false,\"hover\":false,\"focus\":false},\"type\":\"overlay\",\"roleAttribute\":\"\",\"ariaLabel\":\"Men\\u00fa\"}'><button aria-haspopup=\"dialog\" aria-label=\"Open menu\" class=\"wp-block-navigation__responsive-container-open always-shown\" \n\t\t\t\tdata-wp-on--click=\"actions.openMenuOnClick\"\n\t\t\t\tdata-wp-on--keydown=\"actions.handleMenuKeydown\"\n\t\t\t><svg width=\"24\" height=\"24\" xmlns=\"http:\/\/www.w3.org\/2000\/svg\" viewbox=\"0 0 24 24\"><path d=\"M5 5v1.5h14V5H5z\"><\/path><path d=\"M5 12.8h14v-1.5H5v1.5z\"><\/path><path d=\"M5 19h14v-1.5H5V19z\"><\/path><\/svg><\/button>\n\t\t\t\t<div class=\"wp-block-navigation__responsive-container hidden-by-default\"  id=\"modal-1\" \n\t\t\t\tdata-wp-class--has-modal-open=\"state.isMenuOpen\"\n\t\t\t\tdata-wp-class--is-menu-open=\"state.isMenuOpen\"\n\t\t\t\tdata-wp-watch=\"callbacks.initMenu\"\n\t\t\t\tdata-wp-on--keydown=\"actions.handleMenuKeydown\"\n\t\t\t\tdata-wp-on--focusout=\"actions.handleMenuFocusout\"\n\t\t\t\ttabindex=\"-1\"\n\t\t\t>\n\t\t\t\t\t<div class=\"wp-block-navigation__responsive-close\" tabindex=\"-1\">\n\t\t\t\t\t\t<div class=\"wp-block-navigation__responsive-dialog\" \n\t\t\t\tdata-wp-bind--aria-modal=\"state.ariaModal\"\n\t\t\t\tdata-wp-bind--aria-label=\"state.ariaLabel\"\n\t\t\t\tdata-wp-bind--role=\"state.roleAttribute\"\n\t\t\t>\n\t\t\t\t\t\t\t<button aria-label=\"Close menu\" class=\"wp-block-navigation__responsive-container-close\" \n\t\t\t\tdata-wp-on--click=\"actions.closeMenuOnClick\"\n\t\t\t><svg xmlns=\"http:\/\/www.w3.org\/2000\/svg\" viewbox=\"0 0 24 24\" width=\"24\" height=\"24\" aria-hidden=\"true\" focusable=\"false\"><path d=\"m13.06 12 6.47-6.47-1.06-1.06L12 10.94 5.53 4.47 4.47 5.53 10.94 12l-6.47 6.47 1.06 1.06L12 13.06l6.47 6.47 1.06-1.06L13.06 12Z\"><\/path><\/svg><\/button>\n\t\t\t\t\t\t\t<div class=\"wp-block-navigation__responsive-container-content\" \n\t\t\t\tdata-wp-watch=\"callbacks.focusFirstElement\"\n\t\t\t id=\"modal-1-content\">\n\t\t\t\t\t\t\t\t<ul style=\"text-transform:none;\" class=\"wp-block-navigation__container has-text-color has-black-color is-responsive items-justified-center wp-block-navigation\"><li style=\"font-style:normal;font-weight:700;text-decoration:underline;\" class=\"wp-block-navigation-item wp-block-navigation-link\"><a class=\"wp-block-navigation-item__content\"  href=\"https:\/\/whatsuprincon.com\/es\/local-business-guide\/beach-and-water\/\"><span class=\"wp-block-navigation-item__label\">Playa y agua<\/span><\/a><\/li><li style=\"font-style:normal;font-weight:700;text-decoration:underline;\" class=\"wp-block-navigation-item wp-block-navigation-link\"><a class=\"wp-block-navigation-item__content\"  href=\"https:\/\/whatsuprincon.com\/es\/local-business-guide\/eat-and-drink\/\"><span class=\"wp-block-navigation-item__label\">Comida y Bebida<\/span><\/a><\/li><li style=\"font-style:normal;font-weight:700;text-decoration:underline;\" class=\"wp-block-navigation-item wp-block-navigation-link\"><a class=\"wp-block-navigation-item__content\"  href=\"https:\/\/whatsuprincon.com\/es\/local-business-guide\/services\/\"><span class=\"wp-block-navigation-item__label\">Servicios<\/span><\/a><\/li><li style=\"font-style:normal;font-weight:700;text-decoration:underline;\" class=\"wp-block-navigation-item wp-block-navigation-link\"><a class=\"wp-block-navigation-item__content\"  href=\"https:\/\/whatsuprincon.com\/es\/local-business-guide\/hotels-vacation_rentals\/\"><span class=\"wp-block-navigation-item__label\">Hospedajes<\/span><\/a><\/li><li style=\"font-style:normal;font-weight:700;text-decoration:underline;\" class=\"wp-block-navigation-item wp-block-navigation-link\"><a class=\"wp-block-navigation-item__content\"  href=\"https:\/\/whatsuprincon.com\/es\/local-business-guide\/weddings-and-events\/\"><span class=\"wp-block-navigation-item__label\">Bodas y Eventos<\/span><\/a><\/li><li style=\"font-style:normal;font-weight:700;text-decoration:underline;\" class=\"wp-block-navigation-item wp-block-navigation-link\"><a class=\"wp-block-navigation-item__content\"  href=\"https:\/\/whatsuprincon.com\/es\/local-business-guide\/taxis-and-tours\/\"><span class=\"wp-block-navigation-item__label\">Taxis y Tours<\/span><\/a><\/li><li style=\"font-style:normal;font-weight:700;text-decoration:underline;\" class=\"wp-block-navigation-item wp-block-navigation-link\"><a class=\"wp-block-navigation-item__content\"  href=\"https:\/\/whatsuprincon.com\/es\/local-business-guide\/shopping\/\"><span class=\"wp-block-navigation-item__label\">Compras<\/span><\/a><\/li><li style=\"font-style:normal;font-weight:700;text-decoration:underline;\" class=\"wp-block-navigation-item wp-block-navigation-link\"><a class=\"wp-block-navigation-item__content\"  href=\"https:\/\/whatsuprincon.com\/es\/local-business-guide\/real-estate\/\"><span class=\"wp-block-navigation-item__label\">Bienes ra\u00edces<\/span><\/a><\/li><li style=\"font-style:normal;font-weight:700;text-decoration:underline;\" class=\"wp-block-navigation-item wp-block-navigation-link\"><a class=\"wp-block-navigation-item__content\"  href=\"https:\/\/whatsuprincon.com\/es\/local-business-guide\/bienestar\/\"><span class=\"wp-block-navigation-item__label\">Bienestar<\/span><\/a><\/li><li style=\"font-style:normal;font-weight:700;text-decoration:underline;\" class=\"wp-block-navigation-item wp-block-navigation-link\"><a class=\"wp-block-navigation-item__content\"  href=\"https:\/\/whatsuprincon.com\/es\/local-business-guide\/government-services\/\"><span class=\"wp-block-navigation-item__label\">Servicios Gubernamentales<\/span><\/a><\/li><li style=\"font-style:normal;font-weight:700;text-decoration:underline;\" class=\"wp-block-navigation-item wp-block-navigation-link\"><a class=\"wp-block-navigation-item__content\"  href=\"https:\/\/whatsuprincon.com\/es\/local-business-guide\/animals-pets\/\"><span class=\"wp-block-navigation-item__label\">Animales<\/span><\/a><\/li><li style=\"font-style:normal;font-weight:700;text-decoration:underline;\" class=\"wp-block-navigation-item wp-block-navigation-link\"><a class=\"wp-block-navigation-item__content\"  href=\"https:\/\/whatsuprincon.com\/es\/local-business-guide\/local-art-culture\/\"><span class=\"wp-block-navigation-item__label\">Local Art &amp; Culture<\/span><\/a><\/li><li style=\"font-style:normal;font-weight:700;text-decoration:underline;\" class=\"wp-block-navigation-item wp-block-navigation-link\"><a class=\"wp-block-navigation-item__content\"  href=\"https:\/\/whatsuprincon.com\/es\/local-business-guide\/community_family\/\"><span class=\"wp-block-navigation-item__label\">Comunidad y familia<\/span><\/a><\/li><\/ul>\n\t\t\t\t\t\t\t<\/div>\n\t\t\t\t\t\t<\/div>\n\t\t\t\t\t<\/div>\n\t\t\t\t<\/div><\/nav><\/div>\n<\/div>","protected":false},"excerpt":{"rendered":"<p>GOVERNMENT SERVICES Government services in Rinc\u00f3n and surrounding areas include public safety, recreation, tourism, waste and recycling, libraries, emergency management, [&hellip;]<\/p>","protected":false},"author":1,"featured_media":2433,"parent":7725,"menu_order":0,"comment_status":"closed","ping_status":"closed","template":"","meta":{"_coblocks_attr":"","_coblocks_dimensions":"","_coblocks_responsive_height":"","_coblocks_accordion_ie_support":"","_themeisle_gutenberg_block_has_review":false,"iawp_total_views":68,"footnotes":""},"class_list":["post-8041","page","type-page","status-publish","has-post-thumbnail","hentry"],"yoast_head":"<!-- This site is optimized with the Yoast SEO plugin v25.8 - https:\/\/yoast.com\/wordpress\/plugins\/seo\/ -->\n<title>GOVERNMENT SERVICES - Rinc\u00f3n, PR | What\u2019s Up Rinc\u00f3n and Western Puerto Rico<\/title>\n<meta name=\"description\" content=\"Government services in Rinc\u00f3n and surrounding areas include recreation, tourism, waste and recycling, libraries, and more.\" \/>\n<meta name=\"robots\" content=\"index, follow, max-snippet:-1, max-image-preview:large, max-video-preview:-1\" \/>\n<link rel=\"canonical\" href=\"https:\/\/whatsuprincon.com\/es\/local-business-guide\/government-services\/\" \/>\n<meta property=\"og:locale\" content=\"es_ES\" \/>\n<meta property=\"og:type\" content=\"article\" \/>\n<meta property=\"og:title\" content=\"GOVERNMENT SERVICES - Rinc\u00f3n, PR | What\u2019s Up Rinc\u00f3n and Western Puerto Rico\" \/>\n<meta property=\"og:description\" content=\"Government services in Rinc\u00f3n and surrounding areas include recreation, tourism, waste and recycling, libraries, and more.\" \/>\n<meta property=\"og:url\" content=\"https:\/\/whatsuprincon.com\/es\/local-business-guide\/government-services\/\" \/>\n<meta property=\"og:site_name\" content=\"Rinc\u00f3n, PR | What\u2019s Up Rinc\u00f3n and Western Puerto Rico\" \/>\n<meta property=\"article:publisher\" content=\"https:\/\/www.facebook.com\/profile.php?id=61557407721782\" \/>\n<meta property=\"article:modified_time\" content=\"2025-08-24T20:56:20+00:00\" \/>\n<meta property=\"og:image\" content=\"https:\/\/whatsuprincon.com\/wp-content\/uploads\/2024\/06\/qtq80-2Xp4nG.jpeg\" \/>\n\t<meta property=\"og:image:width\" content=\"2160\" \/>\n\t<meta property=\"og:image:height\" content=\"1440\" \/>\n\t<meta property=\"og:image:type\" content=\"image\/jpeg\" \/>\n<meta name=\"twitter:card\" content=\"summary_large_image\" \/>\n<meta name=\"twitter:label1\" content=\"Est. reading time\" \/>\n\t<meta name=\"twitter:data1\" content=\"1 minuto\" \/>\n<script type=\"application\/ld+json\" class=\"yoast-schema-graph\">{\"@context\":\"https:\/\/schema.org\",\"@graph\":[{\"@type\":\"WebPage\",\"@id\":\"https:\/\/whatsuprincon.com\/local-business-guide\/government-services\/\",\"url\":\"https:\/\/whatsuprincon.com\/local-business-guide\/government-services\/\",\"name\":\"GOVERNMENT SERVICES - Rinc\u00f3n, PR | What\u2019s Up Rinc\u00f3n and Western Puerto Rico\",\"isPartOf\":{\"@id\":\"https:\/\/whatsuprincon.com\/#website\"},\"primaryImageOfPage\":{\"@id\":\"https:\/\/whatsuprincon.com\/local-business-guide\/government-services\/#primaryimage\"},\"image\":{\"@id\":\"https:\/\/whatsuprincon.com\/local-business-guide\/government-services\/#primaryimage\"},\"thumbnailUrl\":\"https:\/\/whatsuprincon.com\/wp-content\/uploads\/2024\/06\/qtq80-2Xp4nG.jpeg\",\"datePublished\":\"2025-08-04T14:09:08+00:00\",\"dateModified\":\"2025-08-24T20:56:20+00:00\",\"description\":\"Government services in Rinc\u00f3n and surrounding areas include recreation, tourism, waste and recycling, libraries, and more.\",\"breadcrumb\":{\"@id\":\"https:\/\/whatsuprincon.com\/local-business-guide\/government-services\/#breadcrumb\"},\"inLanguage\":\"es\",\"potentialAction\":[{\"@type\":\"ReadAction\",\"target\":[\"https:\/\/whatsuprincon.com\/local-business-guide\/government-services\/\"]}]},{\"@type\":\"ImageObject\",\"inLanguage\":\"es\",\"@id\":\"https:\/\/whatsuprincon.com\/local-business-guide\/government-services\/#primaryimage\",\"url\":\"https:\/\/whatsuprincon.com\/wp-content\/uploads\/2024\/06\/qtq80-2Xp4nG.jpeg\",\"contentUrl\":\"https:\/\/whatsuprincon.com\/wp-content\/uploads\/2024\/06\/qtq80-2Xp4nG.jpeg\",\"width\":2160,\"height\":1440,\"caption\":\"Government Offices and Services\"},{\"@type\":\"BreadcrumbList\",\"@id\":\"https:\/\/whatsuprincon.com\/local-business-guide\/government-services\/#breadcrumb\",\"itemListElement\":[{\"@type\":\"ListItem\",\"position\":1,\"name\":\"Home\",\"item\":\"https:\/\/whatsuprincon.com\/\"},{\"@type\":\"ListItem\",\"position\":2,\"name\":\"Local Business Guide\",\"item\":\"https:\/\/whatsuprincon.com\/local-business-guide\/\"},{\"@type\":\"ListItem\",\"position\":3,\"name\":\"GOVERNMENT SERVICES\"}]},{\"@type\":\"WebSite\",\"@id\":\"https:\/\/whatsuprincon.com\/#website\",\"url\":\"https:\/\/whatsuprincon.com\/\",\"name\":\"What's Up Rinc\u00f3n\",\"description\":\"What&#039;s Happening in Rinc\u00f3n and Western Puerto Rico\",\"publisher\":{\"@id\":\"https:\/\/whatsuprincon.com\/#organization\"},\"potentialAction\":[{\"@type\":\"SearchAction\",\"target\":{\"@type\":\"EntryPoint\",\"urlTemplate\":\"https:\/\/whatsuprincon.com\/?s={search_term_string}\"},\"query-input\":{\"@type\":\"PropertyValueSpecification\",\"valueRequired\":true,\"valueName\":\"search_term_string\"}}],\"inLanguage\":\"es\"},{\"@type\":\"Organization\",\"@id\":\"https:\/\/whatsuprincon.com\/#organization\",\"name\":\"What's Up Rinc\u00f3n\",\"url\":\"https:\/\/whatsuprincon.com\/\",\"logo\":{\"@type\":\"ImageObject\",\"inLanguage\":\"es\",\"@id\":\"https:\/\/whatsuprincon.com\/#\/schema\/logo\/image\/\",\"url\":\"https:\/\/whatsuprincon.com\/wp-content\/uploads\/2024\/06\/header-logo-e1771168818936.png\",\"contentUrl\":\"https:\/\/whatsuprincon.com\/wp-content\/uploads\/2024\/06\/header-logo-e1771168818936.png\",\"width\":100,\"height\":100,\"caption\":\"What's Up Rinc\u00f3n\"},\"image\":{\"@id\":\"https:\/\/whatsuprincon.com\/#\/schema\/logo\/image\/\"},\"sameAs\":[\"https:\/\/www.facebook.com\/profile.php?id=61557407721782\",\"https:\/\/www.instagram.com\/whatsuprincon\/\"]}]}<\/script>\n<!-- \/ Yoast SEO plugin. -->","yoast_head_json":{"title":"GOVERNMENT SERVICES - Rinc\u00f3n, PR | What\u2019s Up Rinc\u00f3n and Western Puerto Rico","description":"Government services in Rinc\u00f3n and surrounding areas include recreation, tourism, waste and recycling, libraries, and more.","robots":{"index":"index","follow":"follow","max-snippet":"max-snippet:-1","max-image-preview":"max-image-preview:large","max-video-preview":"max-video-preview:-1"},"canonical":"https:\/\/whatsuprincon.com\/es\/local-business-guide\/government-services\/","og_locale":"es_ES","og_type":"article","og_title":"GOVERNMENT SERVICES - Rinc\u00f3n, PR | What\u2019s Up Rinc\u00f3n and Western Puerto Rico","og_description":"Government services in Rinc\u00f3n and surrounding areas include recreation, tourism, waste and recycling, libraries, and more.","og_url":"https:\/\/whatsuprincon.com\/es\/local-business-guide\/government-services\/","og_site_name":"Rinc\u00f3n, PR | What\u2019s Up Rinc\u00f3n and Western Puerto Rico","article_publisher":"https:\/\/www.facebook.com\/profile.php?id=61557407721782","article_modified_time":"2025-08-24T20:56:20+00:00","og_image":[{"width":2160,"height":1440,"url":"https:\/\/whatsuprincon.com\/wp-content\/uploads\/2024\/06\/qtq80-2Xp4nG.jpeg","type":"image\/jpeg"}],"twitter_card":"summary_large_image","twitter_misc":{"Est. reading time":"1 minuto"},"schema":{"@context":"https:\/\/schema.org","@graph":[{"@type":"WebPage","@id":"https:\/\/whatsuprincon.com\/local-business-guide\/government-services\/","url":"https:\/\/whatsuprincon.com\/local-business-guide\/government-services\/","name":"GOVERNMENT SERVICES - Rinc\u00f3n, PR | What\u2019s Up Rinc\u00f3n and Western Puerto Rico","isPartOf":{"@id":"https:\/\/whatsuprincon.com\/#website"},"primaryImageOfPage":{"@id":"https:\/\/whatsuprincon.com\/local-business-guide\/government-services\/#primaryimage"},"image":{"@id":"https:\/\/whatsuprincon.com\/local-business-guide\/government-services\/#primaryimage"},"thumbnailUrl":"https:\/\/whatsuprincon.com\/wp-content\/uploads\/2024\/06\/qtq80-2Xp4nG.jpeg","datePublished":"2025-08-04T14:09:08+00:00","dateModified":"2025-08-24T20:56:20+00:00","description":"Government services in Rinc\u00f3n and surrounding areas include recreation, tourism, waste and recycling, libraries, and more.","breadcrumb":{"@id":"https:\/\/whatsuprincon.com\/local-business-guide\/government-services\/#breadcrumb"},"inLanguage":"es","potentialAction":[{"@type":"ReadAction","target":["https:\/\/whatsuprincon.com\/local-business-guide\/government-services\/"]}]},{"@type":"ImageObject","inLanguage":"es","@id":"https:\/\/whatsuprincon.com\/local-business-guide\/government-services\/#primaryimage","url":"https:\/\/whatsuprincon.com\/wp-content\/uploads\/2024\/06\/qtq80-2Xp4nG.jpeg","contentUrl":"https:\/\/whatsuprincon.com\/wp-content\/uploads\/2024\/06\/qtq80-2Xp4nG.jpeg","width":2160,"height":1440,"caption":"Government Offices and Services"},{"@type":"BreadcrumbList","@id":"https:\/\/whatsuprincon.com\/local-business-guide\/government-services\/#breadcrumb","itemListElement":[{"@type":"ListItem","position":1,"name":"Home","item":"https:\/\/whatsuprincon.com\/"},{"@type":"ListItem","position":2,"name":"Local Business Guide","item":"https:\/\/whatsuprincon.com\/local-business-guide\/"},{"@type":"ListItem","position":3,"name":"GOVERNMENT SERVICES"}]},{"@type":"WebSite","@id":"https:\/\/whatsuprincon.com\/#website","url":"https:\/\/whatsuprincon.com\/","name":"What's Up Rinc\u00f3n","description":"What&#039;s Happening in Rinc\u00f3n and Western Puerto Rico","publisher":{"@id":"https:\/\/whatsuprincon.com\/#organization"},"potentialAction":[{"@type":"SearchAction","target":{"@type":"EntryPoint","urlTemplate":"https:\/\/whatsuprincon.com\/?s={search_term_string}"},"query-input":{"@type":"PropertyValueSpecification","valueRequired":true,"valueName":"search_term_string"}}],"inLanguage":"es"},{"@type":"Organization","@id":"https:\/\/whatsuprincon.com\/#organization","name":"What's Up Rinc\u00f3n","url":"https:\/\/whatsuprincon.com\/","logo":{"@type":"ImageObject","inLanguage":"es","@id":"https:\/\/whatsuprincon.com\/#\/schema\/logo\/image\/","url":"https:\/\/whatsuprincon.com\/wp-content\/uploads\/2024\/06\/header-logo-e1771168818936.png","contentUrl":"https:\/\/whatsuprincon.com\/wp-content\/uploads\/2024\/06\/header-logo-e1771168818936.png","width":100,"height":100,"caption":"What's Up Rinc\u00f3n"},"image":{"@id":"https:\/\/whatsuprincon.com\/#\/schema\/logo\/image\/"},"sameAs":["https:\/\/www.facebook.com\/profile.php?id=61557407721782","https:\/\/www.instagram.com\/whatsuprincon\/"]}]}},"_links":{"self":[{"href":"https:\/\/whatsuprincon.com\/es\/wp-json\/wp\/v2\/pages\/8041","targetHints":{"allow":["GET"]}}],"collection":[{"href":"https:\/\/whatsuprincon.com\/es\/wp-json\/wp\/v2\/pages"}],"about":[{"href":"https:\/\/whatsuprincon.com\/es\/wp-json\/wp\/v2\/types\/page"}],"author":[{"embeddable":true,"href":"https:\/\/whatsuprincon.com\/es\/wp-json\/wp\/v2\/users\/1"}],"replies":[{"embeddable":true,"href":"https:\/\/whatsuprincon.com\/es\/wp-json\/wp\/v2\/comments?post=8041"}],"version-history":[{"count":21,"href":"https:\/\/whatsuprincon.com\/es\/wp-json\/wp\/v2\/pages\/8041\/revisions"}],"predecessor-version":[{"id":9184,"href":"https:\/\/whatsuprincon.com\/es\/wp-json\/wp\/v2\/pages\/8041\/revisions\/9184"}],"up":[{"embeddable":true,"href":"https:\/\/whatsuprincon.com\/es\/wp-json\/wp\/v2\/pages\/7725"}],"wp:featuredmedia":[{"embeddable":true,"href":"https:\/\/whatsuprincon.com\/es\/wp-json\/wp\/v2\/media\/2433"}],"wp:attachment":[{"href":"https:\/\/whatsuprincon.com\/es\/wp-json\/wp\/v2\/media?parent=8041"}],"curies":[{"name":"wp","href":"https:\/\/api.w.org\/{rel}","templated":true}]}}