{"id":8134,"date":"2025-08-04T13:37:32","date_gmt":"2025-08-04T17:37:32","guid":{"rendered":"https:\/\/whatsuprincon.com\/?page_id=8134"},"modified":"2025-12-02T11:49:37","modified_gmt":"2025-12-02T15:49:37","slug":"rincon-beer-company","status":"publish","type":"page","link":"https:\/\/whatsuprincon.com\/es\/local-business-guide\/eat-and-drink\/rincon-beer-company\/","title":{"rendered":"Rinc\u00f3n Beer Company"},"content":{"rendered":"<div style=\"height:10px\" aria-hidden=\"true\" class=\"wp-block-spacer\"><\/div>\n\n\n\n<p class=\"has-text-align-center\">Rinc\u00f3n Beer Co es un espacio donde se crean experiencias diferentes. Desde una buena cerveza, un buen coctel, comida creativa, buen servicio que te har\u00e1 sentir como en casa. Agradecidos siempre del apoyo estos 7 a\u00f1os que llevamos en este hermoso pueblo, quien nos vio nacer y que ahora cargamos su nombre a cada rinc\u00f3n de la isla.<\/p>\n\n\n\n<p class=\"has-text-align-center\"><\/p>\n\n\n\n<p class=\"has-text-align-center\"><strong>Calle Mu\u00f1oz Rivera #15, Rinc\u00f3n, Puerto Rico<\/strong><\/p>\n\n\n\n<p class=\"has-text-align-center has-black-color has-text-color has-link-color wp-elements-cc02893fec794f45f08b672882e9a3a7\"><strong><a href=\"mailto:rinconbeercompany@gmail.com\" target=\"_blank\" rel=\"noreferrer noopener\"><\/a><a href=\"mailto:rinconbeercompany@gmail.com\">rinconbeercompany@gmail.com<\/a><\/strong><\/p>\n\n\n\n<p class=\"has-text-align-center has-black-color has-text-color has-link-color wp-elements-31ef8a46bf82daa30dab4b6adf99fd54\"><\/p>\n\n\n\n<p class=\"has-text-align-center has-black-color has-text-color has-link-color wp-elements-741863b5e5ab05ee8ee428bf11b47cc9\"><strong><a href=\"tel:787-823-1525\" target=\"_blank\" rel=\"noreferrer noopener\"><\/a><a href=\"tel:7873705835\" target=\"_blank\" rel=\"noreferrer noopener\"><br><\/a><a href=\"tel:7878231525\"><\/a><a href=\"tel:787-308-5697\" target=\"_blank\" rel=\"noreferrer noopener\"><\/a><\/strong><a href=\"tel:787-609-6562\" target=\"_blank\" rel=\"noreferrer noopener\"><br><\/a><strong><a href=\"tel:787-823-2450\"><\/a><a href=\"tel:7879813110\" target=\"_blank\" rel=\"noreferrer noopener\"><\/a><a href=\"tel:787-823-0896\" target=\"_blank\" rel=\"noreferrer noopener\"><\/a><a href=\"tel:7872808866\" target=\"_blank\" rel=\"noreferrer noopener\"><\/a><a href=\"tel:7872808866\">787-280-8866<\/a><\/strong><\/p>\n\n\n\n<p class=\"has-text-align-center has-black-color has-text-color has-link-color wp-elements-31ef8a46bf82daa30dab4b6adf99fd54\"><\/p>\n\n\n\n<ul class=\"wp-block-social-links is-content-justification-center is-layout-flex wp-container-core-social-links-is-layout-16018d1d wp-block-social-links-is-layout-flex\"><li class=\"wp-social-link wp-social-link-facebook  wp-block-social-link\"><a rel=\"noopener nofollow\" target=\"_blank\" href=\"https:\/\/www.facebook.com\/RinconBeerCo\" class=\"wp-block-social-link-anchor\"><svg width=\"24\" height=\"24\" viewbox=\"0 0 24 24\" version=\"1.1\" xmlns=\"http:\/\/www.w3.org\/2000\/svg\" aria-hidden=\"true\" focusable=\"false\"><path d=\"M12 2C6.5 2 2 6.5 2 12c0 5 3.7 9.1 8.4 9.9v-7H7.9V12h2.5V9.8c0-2.5 1.5-3.9 3.8-3.9 1.1 0 2.2.2 2.2.2v2.5h-1.3c-1.2 0-1.6.8-1.6 1.6V12h2.8l-.4 2.9h-2.3v7C18.3 21.1 22 17 22 12c0-5.5-4.5-10-10-10z\"><\/path><\/svg><span class=\"wp-block-social-link-label screen-reader-text\">Facebook<\/span><\/a><\/li>\n\n<li class=\"wp-social-link wp-social-link-instagram  wp-block-social-link\"><a rel=\"noopener nofollow\" target=\"_blank\" href=\"https:\/\/www.instagram.com\/rinconbeerco\" class=\"wp-block-social-link-anchor\"><svg width=\"24\" height=\"24\" viewbox=\"0 0 24 24\" version=\"1.1\" xmlns=\"http:\/\/www.w3.org\/2000\/svg\" aria-hidden=\"true\" focusable=\"false\"><path d=\"M12,4.622c2.403,0,2.688,0.009,3.637,0.052c0.877,0.04,1.354,0.187,1.671,0.31c0.42,0.163,0.72,0.358,1.035,0.673 c0.315,0.315,0.51,0.615,0.673,1.035c0.123,0.317,0.27,0.794,0.31,1.671c0.043,0.949,0.052,1.234,0.052,3.637 s-0.009,2.688-0.052,3.637c-0.04,0.877-0.187,1.354-0.31,1.671c-0.163,0.42-0.358,0.72-0.673,1.035 c-0.315,0.315-0.615,0.51-1.035,0.673c-0.317,0.123-0.794,0.27-1.671,0.31c-0.949,0.043-1.233,0.052-3.637,0.052 s-2.688-0.009-3.637-0.052c-0.877-0.04-1.354-0.187-1.671-0.31c-0.42-0.163-0.72-0.358-1.035-0.673 c-0.315-0.315-0.51-0.615-0.673-1.035c-0.123-0.317-0.27-0.794-0.31-1.671C4.631,14.688,4.622,14.403,4.622,12 s0.009-2.688,0.052-3.637c0.04-0.877,0.187-1.354,0.31-1.671c0.163-0.42,0.358-0.72,0.673-1.035 c0.315-0.315,0.615-0.51,1.035-0.673c0.317-0.123,0.794-0.27,1.671-0.31C9.312,4.631,9.597,4.622,12,4.622 M12,3 C9.556,3,9.249,3.01,8.289,3.054C7.331,3.098,6.677,3.25,6.105,3.472C5.513,3.702,5.011,4.01,4.511,4.511 c-0.5,0.5-0.808,1.002-1.038,1.594C3.25,6.677,3.098,7.331,3.054,8.289C3.01,9.249,3,9.556,3,12c0,2.444,0.01,2.751,0.054,3.711 c0.044,0.958,0.196,1.612,0.418,2.185c0.23,0.592,0.538,1.094,1.038,1.594c0.5,0.5,1.002,0.808,1.594,1.038 c0.572,0.222,1.227,0.375,2.185,0.418C9.249,20.99,9.556,21,12,21s2.751-0.01,3.711-0.054c0.958-0.044,1.612-0.196,2.185-0.418 c0.592-0.23,1.094-0.538,1.594-1.038c0.5-0.5,0.808-1.002,1.038-1.594c0.222-0.572,0.375-1.227,0.418-2.185 C20.99,14.751,21,14.444,21,12s-0.01-2.751-0.054-3.711c-0.044-0.958-0.196-1.612-0.418-2.185c-0.23-0.592-0.538-1.094-1.038-1.594 c-0.5-0.5-1.002-0.808-1.594-1.038c-0.572-0.222-1.227-0.375-2.185-0.418C14.751,3.01,14.444,3,12,3L12,3z M12,7.378 c-2.552,0-4.622,2.069-4.622,4.622S9.448,16.622,12,16.622s4.622-2.069,4.622-4.622S14.552,7.378,12,7.378z M12,15 c-1.657,0-3-1.343-3-3s1.343-3,3-3s3,1.343,3,3S13.657,15,12,15z M16.804,6.116c-0.596,0-1.08,0.484-1.08,1.08 s0.484,1.08,1.08,1.08c0.596,0,1.08-0.484,1.08-1.08S17.401,6.116,16.804,6.116z\"><\/path><\/svg><span class=\"wp-block-social-link-label screen-reader-text\">Instagram<\/span><\/a><\/li><\/ul>\n\n\n\n<div style=\"height:25px\" aria-hidden=\"true\" class=\"wp-block-spacer\"><\/div>\n\n\n\n<div class=\"wp-block-columns is-layout-flex wp-container-core-columns-is-layout-9d6595d7 wp-block-columns-is-layout-flex\">\n<div class=\"wp-block-column is-layout-flow wp-block-column-is-layout-flow\" style=\"flex-basis:100%\">\n<h3 class=\"wp-block-heading has-text-align-center\">Men\u00fa<\/h3>\n\n\n<nav style=\"text-transform:none;\" class=\"has-text-color has-black-color is-responsive items-justified-center wp-block-navigation is-horizontal is-content-justification-center is-layout-flex wp-container-core-navigation-is-layout-a85bcc9b wp-block-navigation-is-layout-flex\" aria-label=\"Navigation 3\" \n\t\t data-wp-interactive=\"core\/navigation\" data-wp-context='{\"overlayOpenedBy\":{\"click\":false,\"hover\":false,\"focus\":false},\"type\":\"overlay\",\"roleAttribute\":\"\",\"ariaLabel\":\"Men\\u00fa\"}'><button aria-haspopup=\"dialog\" aria-label=\"Open menu\" class=\"wp-block-navigation__responsive-container-open always-shown\" \n\t\t\t\tdata-wp-on--click=\"actions.openMenuOnClick\"\n\t\t\t\tdata-wp-on--keydown=\"actions.handleMenuKeydown\"\n\t\t\t><svg width=\"24\" height=\"24\" xmlns=\"http:\/\/www.w3.org\/2000\/svg\" viewbox=\"0 0 24 24\"><path d=\"M5 5v1.5h14V5H5z\"><\/path><path d=\"M5 12.8h14v-1.5H5v1.5z\"><\/path><path d=\"M5 19h14v-1.5H5V19z\"><\/path><\/svg><\/button>\n\t\t\t\t<div class=\"wp-block-navigation__responsive-container hidden-by-default\"  id=\"modal-1\" \n\t\t\t\tdata-wp-class--has-modal-open=\"state.isMenuOpen\"\n\t\t\t\tdata-wp-class--is-menu-open=\"state.isMenuOpen\"\n\t\t\t\tdata-wp-watch=\"callbacks.initMenu\"\n\t\t\t\tdata-wp-on--keydown=\"actions.handleMenuKeydown\"\n\t\t\t\tdata-wp-on--focusout=\"actions.handleMenuFocusout\"\n\t\t\t\ttabindex=\"-1\"\n\t\t\t>\n\t\t\t\t\t<div class=\"wp-block-navigation__responsive-close\" tabindex=\"-1\">\n\t\t\t\t\t\t<div class=\"wp-block-navigation__responsive-dialog\" \n\t\t\t\tdata-wp-bind--aria-modal=\"state.ariaModal\"\n\t\t\t\tdata-wp-bind--aria-label=\"state.ariaLabel\"\n\t\t\t\tdata-wp-bind--role=\"state.roleAttribute\"\n\t\t\t>\n\t\t\t\t\t\t\t<button aria-label=\"Close menu\" class=\"wp-block-navigation__responsive-container-close\" \n\t\t\t\tdata-wp-on--click=\"actions.closeMenuOnClick\"\n\t\t\t><svg xmlns=\"http:\/\/www.w3.org\/2000\/svg\" viewbox=\"0 0 24 24\" width=\"24\" height=\"24\" aria-hidden=\"true\" focusable=\"false\"><path d=\"m13.06 12 6.47-6.47-1.06-1.06L12 10.94 5.53 4.47 4.47 5.53 10.94 12l-6.47 6.47 1.06 1.06L12 13.06l6.47 6.47 1.06-1.06L13.06 12Z\"><\/path><\/svg><\/button>\n\t\t\t\t\t\t\t<div class=\"wp-block-navigation__responsive-container-content\" \n\t\t\t\tdata-wp-watch=\"callbacks.focusFirstElement\"\n\t\t\t id=\"modal-1-content\">\n\t\t\t\t\t\t\t\t<ul style=\"text-transform:none;\" class=\"wp-block-navigation__container has-text-color has-black-color is-responsive items-justified-center wp-block-navigation\"><li style=\"font-style:normal;font-weight:700;text-decoration:underline;\" class=\"wp-block-navigation-item wp-block-navigation-link\"><a class=\"wp-block-navigation-item__content\"  href=\"https:\/\/whatsuprincon.com\/es\/local-business-guide\/beach-and-water\/\"><span class=\"wp-block-navigation-item__label\">Playa y agua<\/span><\/a><\/li><li style=\"font-style:normal;font-weight:700;text-decoration:underline;\" class=\"wp-block-navigation-item wp-block-navigation-link\"><a class=\"wp-block-navigation-item__content\"  href=\"https:\/\/whatsuprincon.com\/es\/local-business-guide\/eat-and-drink\/\"><span class=\"wp-block-navigation-item__label\">Comida y Bebida<\/span><\/a><\/li><li style=\"font-style:normal;font-weight:700;text-decoration:underline;\" class=\"wp-block-navigation-item wp-block-navigation-link\"><a class=\"wp-block-navigation-item__content\"  href=\"https:\/\/whatsuprincon.com\/es\/local-business-guide\/services\/\"><span class=\"wp-block-navigation-item__label\">Servicios<\/span><\/a><\/li><li style=\"font-style:normal;font-weight:700;text-decoration:underline;\" class=\"wp-block-navigation-item wp-block-navigation-link\"><a class=\"wp-block-navigation-item__content\"  href=\"https:\/\/whatsuprincon.com\/es\/local-business-guide\/hotels-vacation_rentals\/\"><span class=\"wp-block-navigation-item__label\">Hospedajes<\/span><\/a><\/li><li style=\"font-style:normal;font-weight:700;text-decoration:underline;\" class=\"wp-block-navigation-item wp-block-navigation-link\"><a class=\"wp-block-navigation-item__content\"  href=\"https:\/\/whatsuprincon.com\/es\/local-business-guide\/weddings-and-events\/\"><span class=\"wp-block-navigation-item__label\">Bodas y Eventos<\/span><\/a><\/li><li style=\"font-style:normal;font-weight:700;text-decoration:underline;\" class=\"wp-block-navigation-item wp-block-navigation-link\"><a class=\"wp-block-navigation-item__content\"  href=\"https:\/\/whatsuprincon.com\/es\/local-business-guide\/taxis-and-tours\/\"><span class=\"wp-block-navigation-item__label\">Taxis y Tours<\/span><\/a><\/li><li style=\"font-style:normal;font-weight:700;text-decoration:underline;\" class=\"wp-block-navigation-item wp-block-navigation-link\"><a class=\"wp-block-navigation-item__content\"  href=\"https:\/\/whatsuprincon.com\/es\/local-business-guide\/shopping\/\"><span class=\"wp-block-navigation-item__label\">Compras<\/span><\/a><\/li><li style=\"font-style:normal;font-weight:700;text-decoration:underline;\" class=\"wp-block-navigation-item wp-block-navigation-link\"><a class=\"wp-block-navigation-item__content\"  href=\"https:\/\/whatsuprincon.com\/es\/local-business-guide\/real-estate\/\"><span class=\"wp-block-navigation-item__label\">Bienes ra\u00edces<\/span><\/a><\/li><li style=\"font-style:normal;font-weight:700;text-decoration:underline;\" class=\"wp-block-navigation-item wp-block-navigation-link\"><a class=\"wp-block-navigation-item__content\"  href=\"https:\/\/whatsuprincon.com\/es\/local-business-guide\/bienestar\/\"><span class=\"wp-block-navigation-item__label\">Bienestar<\/span><\/a><\/li><li style=\"font-style:normal;font-weight:700;text-decoration:underline;\" class=\"wp-block-navigation-item wp-block-navigation-link\"><a class=\"wp-block-navigation-item__content\"  href=\"https:\/\/whatsuprincon.com\/es\/local-business-guide\/government-services\/\"><span class=\"wp-block-navigation-item__label\">Servicios Gubernamentales<\/span><\/a><\/li><li style=\"font-style:normal;font-weight:700;text-decoration:underline;\" class=\"wp-block-navigation-item wp-block-navigation-link\"><a class=\"wp-block-navigation-item__content\"  href=\"https:\/\/whatsuprincon.com\/es\/local-business-guide\/animals-pets\/\"><span class=\"wp-block-navigation-item__label\">Animales<\/span><\/a><\/li><li style=\"font-style:normal;font-weight:700;text-decoration:underline;\" class=\"wp-block-navigation-item wp-block-navigation-link\"><a class=\"wp-block-navigation-item__content\"  href=\"https:\/\/whatsuprincon.com\/es\/local-business-guide\/local-art-culture\/\"><span class=\"wp-block-navigation-item__label\">Local Art &amp; Culture<\/span><\/a><\/li><li style=\"font-style:normal;font-weight:700;text-decoration:underline;\" class=\"wp-block-navigation-item wp-block-navigation-link\"><a class=\"wp-block-navigation-item__content\"  href=\"https:\/\/whatsuprincon.com\/es\/local-business-guide\/community_family\/\"><span class=\"wp-block-navigation-item__label\">Comunidad y familia<\/span><\/a><\/li><\/ul>\n\t\t\t\t\t\t\t<\/div>\n\t\t\t\t\t\t<\/div>\n\t\t\t\t\t<\/div>\n\t\t\t\t<\/div><\/nav><\/div>\n<\/div>","protected":false},"excerpt":{"rendered":"<p>Rinc\u00f3n Beer Co is a place where unique experiences are created. From great beer and creative cocktails to inventive food [&hellip;]<\/p>","protected":false},"author":1,"featured_media":4007,"parent":8686,"menu_order":0,"comment_status":"closed","ping_status":"closed","template":"","meta":{"_coblocks_attr":"","_coblocks_dimensions":"","_coblocks_responsive_height":"","_coblocks_accordion_ie_support":"","_themeisle_gutenberg_block_has_review":false,"iawp_total_views":130,"footnotes":""},"class_list":["post-8134","page","type-page","status-publish","has-post-thumbnail","hentry"],"yoast_head":"<!-- This site is optimized with the Yoast SEO plugin v25.8 - https:\/\/yoast.com\/wordpress\/plugins\/seo\/ -->\n<title>Rinc\u00f3n Beer Company - Rinc\u00f3n, PR | What\u2019s Up Rinc\u00f3n and Western Puerto Rico<\/title>\n<meta name=\"description\" content=\"Rinc\u00f3n Beer Company is a microbrewery in the heart of \u200b\u200bRinc\u00f3n. We have a 2.5BBL system providing us with around 15 kegs of fresh beer weekly.\" \/>\n<meta name=\"robots\" content=\"index, follow, max-snippet:-1, max-image-preview:large, max-video-preview:-1\" \/>\n<link rel=\"canonical\" href=\"https:\/\/whatsuprincon.com\/es\/local-business-guide\/eat-and-drink\/rincon-beer-company\/\" \/>\n<meta property=\"og:locale\" content=\"es_ES\" \/>\n<meta property=\"og:type\" content=\"article\" \/>\n<meta property=\"og:title\" content=\"Rinc\u00f3n Beer Company - Rinc\u00f3n, PR | What\u2019s Up Rinc\u00f3n and Western Puerto Rico\" \/>\n<meta property=\"og:description\" content=\"Rinc\u00f3n Beer Company is a microbrewery in the heart of \u200b\u200bRinc\u00f3n. We have a 2.5BBL system providing us with around 15 kegs of fresh beer weekly.\" \/>\n<meta property=\"og:url\" content=\"https:\/\/whatsuprincon.com\/es\/local-business-guide\/eat-and-drink\/rincon-beer-company\/\" \/>\n<meta property=\"og:site_name\" content=\"Rinc\u00f3n, PR | What\u2019s Up Rinc\u00f3n and Western Puerto Rico\" \/>\n<meta property=\"article:publisher\" content=\"https:\/\/www.facebook.com\/profile.php?id=61557407721782\" \/>\n<meta property=\"article:modified_time\" content=\"2025-12-02T15:49:37+00:00\" \/>\n<meta property=\"og:image\" content=\"https:\/\/whatsuprincon.com\/wp-content\/uploads\/2024\/09\/Rincon-Beer-Company.jpg\" \/>\n\t<meta property=\"og:image:width\" content=\"1500\" \/>\n\t<meta property=\"og:image:height\" content=\"1500\" \/>\n\t<meta property=\"og:image:type\" content=\"image\/jpeg\" \/>\n<meta name=\"twitter:card\" content=\"summary_large_image\" \/>\n<meta name=\"twitter:label1\" content=\"Est. reading time\" \/>\n\t<meta name=\"twitter:data1\" content=\"1 minuto\" \/>\n<script type=\"application\/ld+json\" class=\"yoast-schema-graph\">{\"@context\":\"https:\/\/schema.org\",\"@graph\":[{\"@type\":\"WebPage\",\"@id\":\"https:\/\/whatsuprincon.com\/local-business-guide\/eat-and-drink\/rincon-beer-company\/\",\"url\":\"https:\/\/whatsuprincon.com\/local-business-guide\/eat-and-drink\/rincon-beer-company\/\",\"name\":\"Rinc\u00f3n Beer Company - Rinc\u00f3n, PR | What\u2019s Up Rinc\u00f3n and Western Puerto Rico\",\"isPartOf\":{\"@id\":\"https:\/\/whatsuprincon.com\/#website\"},\"primaryImageOfPage\":{\"@id\":\"https:\/\/whatsuprincon.com\/local-business-guide\/eat-and-drink\/rincon-beer-company\/#primaryimage\"},\"image\":{\"@id\":\"https:\/\/whatsuprincon.com\/local-business-guide\/eat-and-drink\/rincon-beer-company\/#primaryimage\"},\"thumbnailUrl\":\"https:\/\/whatsuprincon.com\/wp-content\/uploads\/2024\/09\/Rincon-Beer-Company.jpg\",\"datePublished\":\"2025-08-04T17:37:32+00:00\",\"dateModified\":\"2025-12-02T15:49:37+00:00\",\"description\":\"Rinc\u00f3n Beer Company is a microbrewery in the heart of \u200b\u200bRinc\u00f3n. We have a 2.5BBL system providing us with around 15 kegs of fresh beer weekly.\",\"breadcrumb\":{\"@id\":\"https:\/\/whatsuprincon.com\/local-business-guide\/eat-and-drink\/rincon-beer-company\/#breadcrumb\"},\"inLanguage\":\"es\",\"potentialAction\":[{\"@type\":\"ReadAction\",\"target\":[\"https:\/\/whatsuprincon.com\/local-business-guide\/eat-and-drink\/rincon-beer-company\/\"]}]},{\"@type\":\"ImageObject\",\"inLanguage\":\"es\",\"@id\":\"https:\/\/whatsuprincon.com\/local-business-guide\/eat-and-drink\/rincon-beer-company\/#primaryimage\",\"url\":\"https:\/\/whatsuprincon.com\/wp-content\/uploads\/2024\/09\/Rincon-Beer-Company.jpg\",\"contentUrl\":\"https:\/\/whatsuprincon.com\/wp-content\/uploads\/2024\/09\/Rincon-Beer-Company.jpg\",\"width\":1500,\"height\":1500,\"caption\":\"Rinc\u00f3n Beer Co-Winner Food and Drink\"},{\"@type\":\"BreadcrumbList\",\"@id\":\"https:\/\/whatsuprincon.com\/local-business-guide\/eat-and-drink\/rincon-beer-company\/#breadcrumb\",\"itemListElement\":[{\"@type\":\"ListItem\",\"position\":1,\"name\":\"Home\",\"item\":\"https:\/\/whatsuprincon.com\/\"},{\"@type\":\"ListItem\",\"position\":2,\"name\":\"Local Business Guide\",\"item\":\"https:\/\/whatsuprincon.com\/local-business-guide\/\"},{\"@type\":\"ListItem\",\"position\":3,\"name\":\"EAT AND DRINK\",\"item\":\"https:\/\/whatsuprincon.com\/local-business-guide\/eat-and-drink\/\"},{\"@type\":\"ListItem\",\"position\":4,\"name\":\"Rinc\u00f3n Beer Company\"}]},{\"@type\":\"WebSite\",\"@id\":\"https:\/\/whatsuprincon.com\/#website\",\"url\":\"https:\/\/whatsuprincon.com\/\",\"name\":\"What's Up Rinc\u00f3n\",\"description\":\"What&#039;s Happening in Rinc\u00f3n and Western Puerto Rico\",\"publisher\":{\"@id\":\"https:\/\/whatsuprincon.com\/#organization\"},\"potentialAction\":[{\"@type\":\"SearchAction\",\"target\":{\"@type\":\"EntryPoint\",\"urlTemplate\":\"https:\/\/whatsuprincon.com\/?s={search_term_string}\"},\"query-input\":{\"@type\":\"PropertyValueSpecification\",\"valueRequired\":true,\"valueName\":\"search_term_string\"}}],\"inLanguage\":\"es\"},{\"@type\":\"Organization\",\"@id\":\"https:\/\/whatsuprincon.com\/#organization\",\"name\":\"What's Up Rinc\u00f3n\",\"url\":\"https:\/\/whatsuprincon.com\/\",\"logo\":{\"@type\":\"ImageObject\",\"inLanguage\":\"es\",\"@id\":\"https:\/\/whatsuprincon.com\/#\/schema\/logo\/image\/\",\"url\":\"https:\/\/whatsuprincon.com\/wp-content\/uploads\/2024\/06\/header-logo-e1771168818936.png\",\"contentUrl\":\"https:\/\/whatsuprincon.com\/wp-content\/uploads\/2024\/06\/header-logo-e1771168818936.png\",\"width\":100,\"height\":100,\"caption\":\"What's Up Rinc\u00f3n\"},\"image\":{\"@id\":\"https:\/\/whatsuprincon.com\/#\/schema\/logo\/image\/\"},\"sameAs\":[\"https:\/\/www.facebook.com\/profile.php?id=61557407721782\",\"https:\/\/www.instagram.com\/whatsuprincon\/\"]}]}<\/script>\n<!-- \/ Yoast SEO plugin. -->","yoast_head_json":{"title":"Rinc\u00f3n Beer Company - Rinc\u00f3n, PR | What\u2019s Up Rinc\u00f3n and Western Puerto Rico","description":"Rinc\u00f3n Beer Company is a microbrewery in the heart of \u200b\u200bRinc\u00f3n. We have a 2.5BBL system providing us with around 15 kegs of fresh beer weekly.","robots":{"index":"index","follow":"follow","max-snippet":"max-snippet:-1","max-image-preview":"max-image-preview:large","max-video-preview":"max-video-preview:-1"},"canonical":"https:\/\/whatsuprincon.com\/es\/local-business-guide\/eat-and-drink\/rincon-beer-company\/","og_locale":"es_ES","og_type":"article","og_title":"Rinc\u00f3n Beer Company - Rinc\u00f3n, PR | What\u2019s Up Rinc\u00f3n and Western Puerto Rico","og_description":"Rinc\u00f3n Beer Company is a microbrewery in the heart of \u200b\u200bRinc\u00f3n. We have a 2.5BBL system providing us with around 15 kegs of fresh beer weekly.","og_url":"https:\/\/whatsuprincon.com\/es\/local-business-guide\/eat-and-drink\/rincon-beer-company\/","og_site_name":"Rinc\u00f3n, PR | What\u2019s Up Rinc\u00f3n and Western Puerto Rico","article_publisher":"https:\/\/www.facebook.com\/profile.php?id=61557407721782","article_modified_time":"2025-12-02T15:49:37+00:00","og_image":[{"width":1500,"height":1500,"url":"https:\/\/whatsuprincon.com\/wp-content\/uploads\/2024\/09\/Rincon-Beer-Company.jpg","type":"image\/jpeg"}],"twitter_card":"summary_large_image","twitter_misc":{"Est. reading time":"1 minuto"},"schema":{"@context":"https:\/\/schema.org","@graph":[{"@type":"WebPage","@id":"https:\/\/whatsuprincon.com\/local-business-guide\/eat-and-drink\/rincon-beer-company\/","url":"https:\/\/whatsuprincon.com\/local-business-guide\/eat-and-drink\/rincon-beer-company\/","name":"Rinc\u00f3n Beer Company - Rinc\u00f3n, PR | What\u2019s Up Rinc\u00f3n and Western Puerto Rico","isPartOf":{"@id":"https:\/\/whatsuprincon.com\/#website"},"primaryImageOfPage":{"@id":"https:\/\/whatsuprincon.com\/local-business-guide\/eat-and-drink\/rincon-beer-company\/#primaryimage"},"image":{"@id":"https:\/\/whatsuprincon.com\/local-business-guide\/eat-and-drink\/rincon-beer-company\/#primaryimage"},"thumbnailUrl":"https:\/\/whatsuprincon.com\/wp-content\/uploads\/2024\/09\/Rincon-Beer-Company.jpg","datePublished":"2025-08-04T17:37:32+00:00","dateModified":"2025-12-02T15:49:37+00:00","description":"Rinc\u00f3n Beer Company is a microbrewery in the heart of \u200b\u200bRinc\u00f3n. We have a 2.5BBL system providing us with around 15 kegs of fresh beer weekly.","breadcrumb":{"@id":"https:\/\/whatsuprincon.com\/local-business-guide\/eat-and-drink\/rincon-beer-company\/#breadcrumb"},"inLanguage":"es","potentialAction":[{"@type":"ReadAction","target":["https:\/\/whatsuprincon.com\/local-business-guide\/eat-and-drink\/rincon-beer-company\/"]}]},{"@type":"ImageObject","inLanguage":"es","@id":"https:\/\/whatsuprincon.com\/local-business-guide\/eat-and-drink\/rincon-beer-company\/#primaryimage","url":"https:\/\/whatsuprincon.com\/wp-content\/uploads\/2024\/09\/Rincon-Beer-Company.jpg","contentUrl":"https:\/\/whatsuprincon.com\/wp-content\/uploads\/2024\/09\/Rincon-Beer-Company.jpg","width":1500,"height":1500,"caption":"Rinc\u00f3n Beer Co-Winner Food and Drink"},{"@type":"BreadcrumbList","@id":"https:\/\/whatsuprincon.com\/local-business-guide\/eat-and-drink\/rincon-beer-company\/#breadcrumb","itemListElement":[{"@type":"ListItem","position":1,"name":"Home","item":"https:\/\/whatsuprincon.com\/"},{"@type":"ListItem","position":2,"name":"Local Business Guide","item":"https:\/\/whatsuprincon.com\/local-business-guide\/"},{"@type":"ListItem","position":3,"name":"EAT AND DRINK","item":"https:\/\/whatsuprincon.com\/local-business-guide\/eat-and-drink\/"},{"@type":"ListItem","position":4,"name":"Rinc\u00f3n Beer Company"}]},{"@type":"WebSite","@id":"https:\/\/whatsuprincon.com\/#website","url":"https:\/\/whatsuprincon.com\/","name":"What's Up Rinc\u00f3n","description":"What&#039;s Happening in Rinc\u00f3n and Western Puerto Rico","publisher":{"@id":"https:\/\/whatsuprincon.com\/#organization"},"potentialAction":[{"@type":"SearchAction","target":{"@type":"EntryPoint","urlTemplate":"https:\/\/whatsuprincon.com\/?s={search_term_string}"},"query-input":{"@type":"PropertyValueSpecification","valueRequired":true,"valueName":"search_term_string"}}],"inLanguage":"es"},{"@type":"Organization","@id":"https:\/\/whatsuprincon.com\/#organization","name":"What's Up Rinc\u00f3n","url":"https:\/\/whatsuprincon.com\/","logo":{"@type":"ImageObject","inLanguage":"es","@id":"https:\/\/whatsuprincon.com\/#\/schema\/logo\/image\/","url":"https:\/\/whatsuprincon.com\/wp-content\/uploads\/2024\/06\/header-logo-e1771168818936.png","contentUrl":"https:\/\/whatsuprincon.com\/wp-content\/uploads\/2024\/06\/header-logo-e1771168818936.png","width":100,"height":100,"caption":"What's Up Rinc\u00f3n"},"image":{"@id":"https:\/\/whatsuprincon.com\/#\/schema\/logo\/image\/"},"sameAs":["https:\/\/www.facebook.com\/profile.php?id=61557407721782","https:\/\/www.instagram.com\/whatsuprincon\/"]}]}},"_links":{"self":[{"href":"https:\/\/whatsuprincon.com\/es\/wp-json\/wp\/v2\/pages\/8134","targetHints":{"allow":["GET"]}}],"collection":[{"href":"https:\/\/whatsuprincon.com\/es\/wp-json\/wp\/v2\/pages"}],"about":[{"href":"https:\/\/whatsuprincon.com\/es\/wp-json\/wp\/v2\/types\/page"}],"author":[{"embeddable":true,"href":"https:\/\/whatsuprincon.com\/es\/wp-json\/wp\/v2\/users\/1"}],"replies":[{"embeddable":true,"href":"https:\/\/whatsuprincon.com\/es\/wp-json\/wp\/v2\/comments?post=8134"}],"version-history":[{"count":9,"href":"https:\/\/whatsuprincon.com\/es\/wp-json\/wp\/v2\/pages\/8134\/revisions"}],"predecessor-version":[{"id":10475,"href":"https:\/\/whatsuprincon.com\/es\/wp-json\/wp\/v2\/pages\/8134\/revisions\/10475"}],"up":[{"embeddable":true,"href":"https:\/\/whatsuprincon.com\/es\/wp-json\/wp\/v2\/pages\/8686"}],"wp:featuredmedia":[{"embeddable":true,"href":"https:\/\/whatsuprincon.com\/es\/wp-json\/wp\/v2\/media\/4007"}],"wp:attachment":[{"href":"https:\/\/whatsuprincon.com\/es\/wp-json\/wp\/v2\/media?parent=8134"}],"curies":[{"name":"wp","href":"https:\/\/api.w.org\/{rel}","templated":true}]}}